{"id":87,"date":"2021-07-10T18:24:20","date_gmt":"2021-07-10T18:24:20","guid":{"rendered":"https:\/\/ujlog.ci\/?page_id=87"},"modified":"2023-12-06T10:56:13","modified_gmt":"2023-12-06T10:56:13","slug":"directions-services","status":"publish","type":"page","link":"https:\/\/ujlog.edu.ci\/en\/a-propos\/organisations\/directions-services\/","title":{"rendered":"Directions"},"content":{"rendered":"<h2 class=\"has-white-color has-vivid-red-background-color has-text-color has-background wp-block-heading\"><strong>La Direction du Contr\u00f4le de Gestion et de la Gouvernance<\/strong><\/h2>\n\n\n\n<div class=\"wp-block-columns is-layout-flex wp-container-core-columns-is-layout-9d6595d7 wp-block-columns-is-layout-flex\">\n<div class=\"wp-block-column is-layout-flow wp-block-column-is-layout-flow\" style=\"flex-basis:33.33%\"><div class=\"wp-block-image\">\n<figure class=\"aligncenter size-large\"><img fetchpriority=\"high\" decoding=\"async\" width=\"715\" height=\"1024\" src=\"https:\/\/ujlog.ci\/wp-content\/uploads\/2021\/07\/Photo-Mathurin-KOFFI-715x1024.jpg\" alt=\"\" class=\"wp-image-3304\" srcset=\"https:\/\/ujlog.edu.ci\/wp-content\/uploads\/2021\/07\/Photo-Mathurin-KOFFI-715x1024.jpg 715w, https:\/\/ujlog.edu.ci\/wp-content\/uploads\/2021\/07\/Photo-Mathurin-KOFFI-209x300.jpg 209w, https:\/\/ujlog.edu.ci\/wp-content\/uploads\/2021\/07\/Photo-Mathurin-KOFFI-768x1100.jpg 768w, https:\/\/ujlog.edu.ci\/wp-content\/uploads\/2021\/07\/Photo-Mathurin-KOFFI-1072x1536.jpg 1072w, https:\/\/ujlog.edu.ci\/wp-content\/uploads\/2021\/07\/Photo-Mathurin-KOFFI-1430x2048.jpg 1430w, https:\/\/ujlog.edu.ci\/wp-content\/uploads\/2021\/07\/Photo-Mathurin-KOFFI-1320x1891.jpg 1320w, https:\/\/ujlog.edu.ci\/wp-content\/uploads\/2021\/07\/Photo-Mathurin-KOFFI-600x859.jpg 600w, https:\/\/ujlog.edu.ci\/wp-content\/uploads\/2021\/07\/Photo-Mathurin-KOFFI.jpg 1712w\" sizes=\"(max-width: 715px) 100vw, 715px\" \/><figcaption><strong><em>Dr Mathur<\/em><\/strong><em>i<\/em><strong><em>n KOFFI, Ma\u00eetre de Conf\u00e9rences du CAMES.<\/em><\/strong><\/figcaption><\/figure>\n<\/div>\n\n\n<p><\/p>\n<\/div>\n\n\n\n<div class=\"wp-block-column is-layout-flow wp-block-column-is-layout-flow\" style=\"flex-basis:66.66%\">\n<p>La Direction du Contr\u00f4le de Gestion et de la Gouvernance est responsable de la production et de l\u2019analyse des donn\u00e9es n\u00e9cessaires \u00e0 la mise en \u0153uvre de la politique, de la strat\u00e9gie, de la d\u00e9ontologie et de la qualit\u00e9 des services de l\u2019Universit\u00e9.<\/p>\n<p>Il est Dirig\u00e9 par Dr Mathurin KOFFI, Ma\u00eetre de Conf\u00e9rences du CAMES.<\/p>\n<p>La Direction du Contr\u00f4le de Gestion et de la Gouvernance comprend les services suivants :<\/p>\n<p>&#8211; le Service des Etudes et de la Prospective charg\u00e9 d&rsquo;orienter et de suivre le d\u00e9veloppement de l&rsquo;Universit\u00e9 dans tous les secteurs d&rsquo;activit\u00e9 en fonction des priorit\u00e9s du plan de d\u00e9veloppement national, r\u00e9gional et international ; de pr\u00e9voir et de suivre la capacit\u00e9 d&rsquo;accueil de l&rsquo;Universit\u00e9 en mati\u00e8re d&rsquo;effectifs \u00e9tudiants ; d&rsquo;identifier et de planifier les besoins de l&rsquo;Universit\u00e9 en ressources humaines, mat\u00e9rielles, technologiques et en infrastructures. Il est dirig\u00e9 par Dr Bernardin DRO ;<\/p>\n<p>&#8211; le Service du Suivi et de l\u2019Evaluation charg\u00e9 de produire et de veiller \u00e0 la mise \u00e0 jour des statistiques ; de contr\u00f4ler, de suivre et d\u2019\u00e9valuer l\u2019ex\u00e9cution des activit\u00e9s des services ; de veiller \u00e0 l\u2019\u00e9laboration de manuels de proc\u00e9dures, \u00e0 la mise en \u0153uvre d\u2019une d\u00e9marche qualit\u00e9 et de certification des services ; de produire un rapport annuel sur la gouvernance des services de l\u2019Universit\u00e9.&nbsp;<\/p>\n<\/div>\n<\/div>\n\n\n\n<h2 class=\"has-white-color has-vivid-red-background-color has-text-color has-background wp-block-heading\"><strong>Direction des Ressources Humaines<\/strong><\/h2>\n\n\n\n<div class=\"wp-block-columns is-layout-flex wp-container-core-columns-is-layout-9d6595d7 wp-block-columns-is-layout-flex\">\n<div class=\"wp-block-column is-layout-flow wp-block-column-is-layout-flow\"><div class=\"wp-block-image\">\n<figure class=\"aligncenter size-large\"><img decoding=\"async\" width=\"876\" height=\"1024\" src=\"https:\/\/ujlog.ci\/wp-content\/uploads\/2021\/09\/DSC_0327-scaled-e1631145526100-876x1024.jpg\" alt=\"\" class=\"wp-image-3432\" srcset=\"https:\/\/ujlog.edu.ci\/wp-content\/uploads\/2021\/09\/DSC_0327-scaled-e1631145526100-876x1024.jpg 876w, https:\/\/ujlog.edu.ci\/wp-content\/uploads\/2021\/09\/DSC_0327-scaled-e1631145526100-257x300.jpg 257w, https:\/\/ujlog.edu.ci\/wp-content\/uploads\/2021\/09\/DSC_0327-scaled-e1631145526100-768x897.jpg 768w, https:\/\/ujlog.edu.ci\/wp-content\/uploads\/2021\/09\/DSC_0327-scaled-e1631145526100-1314x1536.jpg 1314w, https:\/\/ujlog.edu.ci\/wp-content\/uploads\/2021\/09\/DSC_0327-scaled-e1631145526100-1320x1543.jpg 1320w, https:\/\/ujlog.edu.ci\/wp-content\/uploads\/2021\/09\/DSC_0327-scaled-e1631145526100-600x701.jpg 600w, https:\/\/ujlog.edu.ci\/wp-content\/uploads\/2021\/09\/DSC_0327-scaled-e1631145526100.jpg 1708w\" sizes=\"(max-width: 876px) 100vw, 876px\" \/><figcaption>EKNE N\u00e9e KAMOU E. MICHELINE<br><em>Directrice des Ressources Humaines<\/em><\/figcaption><\/figure>\n<\/div><\/div>\n\n\n\n<div class=\"wp-block-column is-layout-flow wp-block-column-is-layout-flow\">\n<blockquote>\n<p><strong>Pr\u00e9sentation de la Direction des Ressources Humaines.<\/strong><\/p>\n<\/blockquote>\n<p>La Direction des Ressources Humaines (DRH) est situ\u00e9e dans l\u2019enceinte de l\u2019Universit\u00e9 Jean Lorougnon Gu\u00e9d\u00e9 au quartier Tazibouo de la ville de Daloa. Ses services sont log\u00e9s dans les locaux de l\u2019amphith\u00e9\u00e2tre TIDOU Abiba Sanogo.<\/p>\n<p>Autrefois Unit\u00e9 R\u00e9gionale de l\u2019Enseignement Sup\u00e9rieur (URES) de Daloa et sur la base du D\u00e9cret n\u00b0 2021-981 d\u00e9terminant les attributions, l\u2019organisation et le fonctionnement des Universit\u00e9s, elle est transform\u00e9e en une Universit\u00e9 de pleine exercice par le D\u00e9cret n\u00b0 2012-986 du 10 octobre 22012 portant cr\u00e9ation, attributions, organisation et fonctionnement de l\u2019Universit\u00e9 de Daloa d\u00e9nomm\u00e9e Universit\u00e9 Jean Lorougnon Gu\u00e9d\u00e9 (UJLoG).<\/p>\n<\/div>\n<\/div>\n\n\n\n<div style=\"height:25px\" aria-hidden=\"true\" class=\"wp-block-spacer\"><\/div>\n\n\n\n<div class=\"wp-block-columns is-layout-flex wp-container-core-columns-is-layout-9d6595d7 wp-block-columns-is-layout-flex\">\n<div class=\"wp-block-column is-layout-flow wp-block-column-is-layout-flow\"><div class=\"wp-block-image\">\n<figure class=\"aligncenter size-large is-resized\"><img decoding=\"async\" src=\"https:\/\/ujlog.ci\/wp-content\/uploads\/2021\/09\/DSC_0322-2-scaled-e1631144819322-930x1024.jpg\" alt=\"\" class=\"wp-image-3437\" width=\"355\" height=\"390\" srcset=\"https:\/\/ujlog.edu.ci\/wp-content\/uploads\/2021\/09\/DSC_0322-2-scaled-e1631144819322-930x1024.jpg 930w, https:\/\/ujlog.edu.ci\/wp-content\/uploads\/2021\/09\/DSC_0322-2-scaled-e1631144819322-273x300.jpg 273w, https:\/\/ujlog.edu.ci\/wp-content\/uploads\/2021\/09\/DSC_0322-2-scaled-e1631144819322-768x845.jpg 768w, https:\/\/ujlog.edu.ci\/wp-content\/uploads\/2021\/09\/DSC_0322-2-scaled-e1631144819322-1396x1536.jpg 1396w, https:\/\/ujlog.edu.ci\/wp-content\/uploads\/2021\/09\/DSC_0322-2-scaled-e1631144819322-1320x1453.jpg 1320w, https:\/\/ujlog.edu.ci\/wp-content\/uploads\/2021\/09\/DSC_0322-2-scaled-e1631144819322-600x660.jpg 600w, https:\/\/ujlog.edu.ci\/wp-content\/uploads\/2021\/09\/DSC_0322-2-scaled-e1631144819322.jpg 1709w\" sizes=\"(max-width: 355px) 100vw, 355px\" \/><figcaption><em>M AMANGOUA KOUAOH EMILE<\/em><br><em>Chef de Service du Personnel<\/em><\/figcaption><\/figure>\n<\/div><\/div>\n\n\n\n<div class=\"wp-block-column is-layout-flow wp-block-column-is-layout-flow\"><div class=\"wp-block-image\">\n<figure class=\"aligncenter size-large is-resized\"><img loading=\"lazy\" decoding=\"async\" src=\"https:\/\/ujlog.ci\/wp-content\/uploads\/2021\/09\/DSC_0345-scaled-e1631147919524-802x1024.jpg\" alt=\"\" class=\"wp-image-3449\" width=\"306\" height=\"390\" srcset=\"https:\/\/ujlog.edu.ci\/wp-content\/uploads\/2021\/09\/DSC_0345-scaled-e1631147919524-802x1024.jpg 802w, https:\/\/ujlog.edu.ci\/wp-content\/uploads\/2021\/09\/DSC_0345-scaled-e1631147919524-235x300.jpg 235w, https:\/\/ujlog.edu.ci\/wp-content\/uploads\/2021\/09\/DSC_0345-scaled-e1631147919524-768x980.jpg 768w, https:\/\/ujlog.edu.ci\/wp-content\/uploads\/2021\/09\/DSC_0345-scaled-e1631147919524-600x766.jpg 600w, https:\/\/ujlog.edu.ci\/wp-content\/uploads\/2021\/09\/DSC_0345-scaled-e1631147919524.jpg 1046w\" sizes=\"(max-width: 306px) 100vw, 306px\" \/><figcaption><em>YAKEY BEH JULES<br>Chef de Service de la solde et des traitements<\/em><\/figcaption><\/figure>\n<\/div><\/div>\n<\/div>\n\n\n\n<p>L\u2019UJLoG comprend des directions centrales dont la DRH qui est rattach\u00e9e au Secr\u00e9tariat G\u00e9n\u00e9ral, deuxi\u00e8me entit\u00e9 de la structure.<\/p>\n\n\n\n<p>Elle est compos\u00e9e de deux (02) Services avec rang de Sous-Directions \u00e0 savoir&nbsp;:<\/p>\n\n\n\n<ul class=\"wp-block-list\"><li>Le Service de la Planification et de la Programmation des Personnels&nbsp;;<\/li><li>Le Service de la Solde et des Traitements.<\/li><\/ul>\n\n\n\n<figure class=\"wp-block-image size-large\"><img loading=\"lazy\" decoding=\"async\" width=\"1024\" height=\"683\" src=\"https:\/\/ujlog.ci\/wp-content\/uploads\/2021\/09\/DSC_0353-1024x683.jpg\" alt=\"\" class=\"wp-image-3439\" srcset=\"https:\/\/ujlog.edu.ci\/wp-content\/uploads\/2021\/09\/DSC_0353-1024x683.jpg 1024w, https:\/\/ujlog.edu.ci\/wp-content\/uploads\/2021\/09\/DSC_0353-300x200.jpg 300w, https:\/\/ujlog.edu.ci\/wp-content\/uploads\/2021\/09\/DSC_0353-768x512.jpg 768w, https:\/\/ujlog.edu.ci\/wp-content\/uploads\/2021\/09\/DSC_0353-1536x1024.jpg 1536w, https:\/\/ujlog.edu.ci\/wp-content\/uploads\/2021\/09\/DSC_0353-2048x1365.jpg 2048w, https:\/\/ujlog.edu.ci\/wp-content\/uploads\/2021\/09\/DSC_0353-1320x880.jpg 1320w, https:\/\/ujlog.edu.ci\/wp-content\/uploads\/2021\/09\/DSC_0353-600x400.jpg 600w\" sizes=\"(max-width: 1024px) 100vw, 1024px\" \/><\/figure>\n\n\n<blockquote>\n<h2><strong style=\"color: revert; font-size: revert;\">Missions de la Direction des Ressources Humaines<\/strong><\/h2>\n<\/blockquote>\n<p>La Direction des Ressources Humaines (DRH) a pour mission de mettre en \u0153uvre la politique de la Pr\u00e9sidente en mati\u00e8re de gestion des ressources humaines de l\u2019Universit\u00e9 Jean Lorougnon Gu\u00e9d\u00e9 (UJLoG).<\/p>\n<p>Elle est charg\u00e9e de la gestion administrative des personnels Enseignants, Administratifs et Techniques. A ce titre, elle doit\u00a0:<br \/>&#8211; de g\u00e9rer les ressources humaines de l\u2019UJLoG et de coordonner avec la DRH du Minist\u00e8re;<br \/>&#8211; d\u2019organiser le recrutement des enseignants-chercheurs, chercheurs et des personnels administratifs et techniques ;<br \/>&#8211; d\u2019assurer le renforcement des capacit\u00e9s par la mise en \u0153uvre d\u2019une politique de formation continue des enseignants\u2013chercheurs, des chercheurs et des personnels administratifs et techniques.<\/p>\n<blockquote>\n<h2><strong>Objectifs de <\/strong><strong>la Direction des Ressources Humaines <\/strong><\/h2>\n<\/blockquote>\n<p>La Direction des Ressources Humaines a pour objectifs de :<\/p>\n<ul>\n<li>planifier et de programmer les besoins en personnels ;<\/li>\n<li>recruter les enseignants-chercheurs et chercheurs ;<\/li>\n<li>satisfaire les besoins en personnels administratifs et techniques ;<\/li>\n<li>de la production et de la diffusion d\u2019\u00e9tats statistiques sur les personnel\u00a0;<\/li>\n<li>du suivi de carri\u00e8re des personnels\u00a0;<\/li>\n<li>de la formation continue des personnels.<\/li>\n<li>de l\u2019\u00e9tablissement des documents servant de base au paiement des personnels\u00a0;<\/li>\n<li>contribuer \u00e0 l\u2019apaisement du climat social ;<\/li>\n<li>ma\u00eetriser la gestion des ressources humaines de l\u2019Universit\u00e9 Jean Lorougnon Gu\u00e9d\u00e9.<\/li>\n<\/ul>\n\n\n<p><\/p>","protected":false},"excerpt":{"rendered":"<p>La Direction du Contr\u00f4le de Gestion et de la Gouvernance La Direction du Contr\u00f4le de Gestion et de la Gouvernance est responsable de la production et de l\u2019analyse des donn\u00e9es n\u00e9cessaires \u00e0 la mise en \u0153uvre de la politique, de &hellip; <\/p>","protected":false},"author":2,"featured_media":0,"parent":80,"menu_order":2,"comment_status":"closed","ping_status":"closed","template":"","meta":{"_uag_custom_page_level_css":"","_monsterinsights_skip_tracking":false,"_monsterinsights_sitenote_active":false,"_monsterinsights_sitenote_note":"","_monsterinsights_sitenote_category":0,"_themeisle_gutenberg_block_has_review":false,"footnotes":""},"class_list":["post-87","page","type-page","status-publish","hentry"],"yoast_head":"<!-- This site is optimized with the Yoast SEO plugin v27.6 - https:\/\/yoast.com\/product\/yoast-seo-wordpress\/ -->\n<title>Directions - Universit\u00e9 Jean Lorougnon Gu\u00e9d\u00e9<\/title>\n<meta name=\"robots\" content=\"index, follow, max-snippet:-1, max-image-preview:large, max-video-preview:-1\" \/>\n<link rel=\"canonical\" href=\"https:\/\/ujlog.edu.ci\/en\/a-propos\/organisations\/directions-services\/\" \/>\n<meta property=\"og:locale\" content=\"en_US\" \/>\n<meta property=\"og:type\" content=\"article\" \/>\n<meta property=\"og:title\" content=\"Directions - Universit\u00e9 Jean Lorougnon Gu\u00e9d\u00e9\" \/>\n<meta property=\"og:description\" content=\"La Direction du Contr\u00f4le de Gestion et de la Gouvernance La Direction du Contr\u00f4le de Gestion et de la Gouvernance est responsable de la production et de l\u2019analyse des donn\u00e9es n\u00e9cessaires \u00e0 la mise en \u0153uvre de la politique, de &hellip;\" \/>\n<meta property=\"og:url\" content=\"https:\/\/ujlog.edu.ci\/en\/a-propos\/organisations\/directions-services\/\" \/>\n<meta property=\"og:site_name\" content=\"Universit\u00e9 Jean Lorougnon Gu\u00e9d\u00e9\" \/>\n<meta property=\"article:modified_time\" content=\"2023-12-06T10:56:13+00:00\" \/>\n<meta property=\"og:image\" content=\"https:\/\/ujlog.ci\/wp-content\/uploads\/2021\/07\/Photo-Mathurin-KOFFI-715x1024.jpg\" \/>\n<meta name=\"twitter:card\" content=\"summary_large_image\" \/>\n<meta name=\"twitter:label1\" content=\"Est. reading time\" \/>\n\t<meta name=\"twitter:data1\" content=\"5 minutes\" \/>\n<script type=\"application\/ld+json\" class=\"yoast-schema-graph\">{\"@context\":\"https:\\\/\\\/schema.org\",\"@graph\":[{\"@type\":\"WebPage\",\"@id\":\"https:\\\/\\\/ujlog.edu.ci\\\/a-propos\\\/organisations\\\/directions-services\\\/\",\"url\":\"https:\\\/\\\/ujlog.edu.ci\\\/a-propos\\\/organisations\\\/directions-services\\\/\",\"name\":\"Directions - Universit\u00e9 Jean Lorougnon Gu\u00e9d\u00e9\",\"isPartOf\":{\"@id\":\"https:\\\/\\\/ujlog.edu.ci\\\/#website\"},\"primaryImageOfPage\":{\"@id\":\"https:\\\/\\\/ujlog.edu.ci\\\/a-propos\\\/organisations\\\/directions-services\\\/#primaryimage\"},\"image\":{\"@id\":\"https:\\\/\\\/ujlog.edu.ci\\\/a-propos\\\/organisations\\\/directions-services\\\/#primaryimage\"},\"thumbnailUrl\":\"https:\\\/\\\/ujlog.ci\\\/wp-content\\\/uploads\\\/2021\\\/07\\\/Photo-Mathurin-KOFFI-715x1024.jpg\",\"datePublished\":\"2021-07-10T18:24:20+00:00\",\"dateModified\":\"2023-12-06T10:56:13+00:00\",\"breadcrumb\":{\"@id\":\"https:\\\/\\\/ujlog.edu.ci\\\/a-propos\\\/organisations\\\/directions-services\\\/#breadcrumb\"},\"inLanguage\":\"en-US\",\"potentialAction\":[{\"@type\":\"ReadAction\",\"target\":[\"https:\\\/\\\/ujlog.edu.ci\\\/a-propos\\\/organisations\\\/directions-services\\\/\"]}]},{\"@type\":\"ImageObject\",\"inLanguage\":\"en-US\",\"@id\":\"https:\\\/\\\/ujlog.edu.ci\\\/a-propos\\\/organisations\\\/directions-services\\\/#primaryimage\",\"url\":\"https:\\\/\\\/ujlog.ci\\\/wp-content\\\/uploads\\\/2021\\\/07\\\/Photo-Mathurin-KOFFI-715x1024.jpg\",\"contentUrl\":\"https:\\\/\\\/ujlog.ci\\\/wp-content\\\/uploads\\\/2021\\\/07\\\/Photo-Mathurin-KOFFI-715x1024.jpg\"},{\"@type\":\"BreadcrumbList\",\"@id\":\"https:\\\/\\\/ujlog.edu.ci\\\/a-propos\\\/organisations\\\/directions-services\\\/#breadcrumb\",\"itemListElement\":[{\"@type\":\"ListItem\",\"position\":1,\"name\":\"Accueil\",\"item\":\"https:\\\/\\\/ujlog.edu.ci\\\/\"},{\"@type\":\"ListItem\",\"position\":2,\"name\":\"A PROPOS\",\"item\":\"https:\\\/\\\/ujlog.edu.ci\\\/a-propos\\\/\"},{\"@type\":\"ListItem\",\"position\":3,\"name\":\"Organigramme\",\"item\":\"https:\\\/\\\/ujlog.edu.ci\\\/a-propos\\\/organisations\\\/\"},{\"@type\":\"ListItem\",\"position\":4,\"name\":\"Directions\"}]},{\"@type\":\"WebSite\",\"@id\":\"https:\\\/\\\/ujlog.edu.ci\\\/#website\",\"url\":\"https:\\\/\\\/ujlog.edu.ci\\\/\",\"name\":\"Universit\u00e9 Jean Lorougnon Gu\u00e9d\u00e9\",\"description\":\"Universit\u00e9 Jean Lorougnon Gu\u00e9d\u00e9\",\"potentialAction\":[{\"@type\":\"SearchAction\",\"target\":{\"@type\":\"EntryPoint\",\"urlTemplate\":\"https:\\\/\\\/ujlog.edu.ci\\\/?s={search_term_string}\"},\"query-input\":{\"@type\":\"PropertyValueSpecification\",\"valueRequired\":true,\"valueName\":\"search_term_string\"}}],\"inLanguage\":\"en-US\"}]}<\/script>\n<!-- \/ Yoast SEO plugin. -->","yoast_head_json":{"title":"Directions - Universit\u00e9 Jean Lorougnon Gu\u00e9d\u00e9","robots":{"index":"index","follow":"follow","max-snippet":"max-snippet:-1","max-image-preview":"max-image-preview:large","max-video-preview":"max-video-preview:-1"},"canonical":"https:\/\/ujlog.edu.ci\/en\/a-propos\/organisations\/directions-services\/","og_locale":"en_US","og_type":"article","og_title":"Directions - Universit\u00e9 Jean Lorougnon Gu\u00e9d\u00e9","og_description":"La Direction du Contr\u00f4le de Gestion et de la Gouvernance La Direction du Contr\u00f4le de Gestion et de la Gouvernance est responsable de la production et de l\u2019analyse des donn\u00e9es n\u00e9cessaires \u00e0 la mise en \u0153uvre de la politique, de &hellip;","og_url":"https:\/\/ujlog.edu.ci\/en\/a-propos\/organisations\/directions-services\/","og_site_name":"Universit\u00e9 Jean Lorougnon Gu\u00e9d\u00e9","article_modified_time":"2023-12-06T10:56:13+00:00","og_image":[{"url":"https:\/\/ujlog.ci\/wp-content\/uploads\/2021\/07\/Photo-Mathurin-KOFFI-715x1024.jpg","type":"","width":"","height":""}],"twitter_card":"summary_large_image","twitter_misc":{"Est. reading time":"5 minutes"},"schema":{"@context":"https:\/\/schema.org","@graph":[{"@type":"WebPage","@id":"https:\/\/ujlog.edu.ci\/a-propos\/organisations\/directions-services\/","url":"https:\/\/ujlog.edu.ci\/a-propos\/organisations\/directions-services\/","name":"Directions - Universit\u00e9 Jean Lorougnon Gu\u00e9d\u00e9","isPartOf":{"@id":"https:\/\/ujlog.edu.ci\/#website"},"primaryImageOfPage":{"@id":"https:\/\/ujlog.edu.ci\/a-propos\/organisations\/directions-services\/#primaryimage"},"image":{"@id":"https:\/\/ujlog.edu.ci\/a-propos\/organisations\/directions-services\/#primaryimage"},"thumbnailUrl":"https:\/\/ujlog.ci\/wp-content\/uploads\/2021\/07\/Photo-Mathurin-KOFFI-715x1024.jpg","datePublished":"2021-07-10T18:24:20+00:00","dateModified":"2023-12-06T10:56:13+00:00","breadcrumb":{"@id":"https:\/\/ujlog.edu.ci\/a-propos\/organisations\/directions-services\/#breadcrumb"},"inLanguage":"en-US","potentialAction":[{"@type":"ReadAction","target":["https:\/\/ujlog.edu.ci\/a-propos\/organisations\/directions-services\/"]}]},{"@type":"ImageObject","inLanguage":"en-US","@id":"https:\/\/ujlog.edu.ci\/a-propos\/organisations\/directions-services\/#primaryimage","url":"https:\/\/ujlog.ci\/wp-content\/uploads\/2021\/07\/Photo-Mathurin-KOFFI-715x1024.jpg","contentUrl":"https:\/\/ujlog.ci\/wp-content\/uploads\/2021\/07\/Photo-Mathurin-KOFFI-715x1024.jpg"},{"@type":"BreadcrumbList","@id":"https:\/\/ujlog.edu.ci\/a-propos\/organisations\/directions-services\/#breadcrumb","itemListElement":[{"@type":"ListItem","position":1,"name":"Accueil","item":"https:\/\/ujlog.edu.ci\/"},{"@type":"ListItem","position":2,"name":"A PROPOS","item":"https:\/\/ujlog.edu.ci\/a-propos\/"},{"@type":"ListItem","position":3,"name":"Organigramme","item":"https:\/\/ujlog.edu.ci\/a-propos\/organisations\/"},{"@type":"ListItem","position":4,"name":"Directions"}]},{"@type":"WebSite","@id":"https:\/\/ujlog.edu.ci\/#website","url":"https:\/\/ujlog.edu.ci\/","name":"Universit\u00e9 Jean Lorougnon Gu\u00e9d\u00e9","description":"Universit\u00e9 Jean Lorougnon Gu\u00e9d\u00e9","potentialAction":[{"@type":"SearchAction","target":{"@type":"EntryPoint","urlTemplate":"https:\/\/ujlog.edu.ci\/?s={search_term_string}"},"query-input":{"@type":"PropertyValueSpecification","valueRequired":true,"valueName":"search_term_string"}}],"inLanguage":"en-US"}]}},"uagb_featured_image_src":{"full":false,"thumbnail":false,"medium":false,"medium_large":false,"large":false,"1536x1536":false,"2048x2048":false,"trp-custom-language-flag":false,"course_thumbnail":false,"woocommerce_thumbnail":false,"woocommerce_single":false,"woocommerce_gallery_thumbnail":false},"uagb_author_info":{"display_name":"service communication","author_link":"https:\/\/ujlog.edu.ci\/en\/author\/service-communication\/"},"uagb_comment_info":0,"uagb_excerpt":"La Direction du Contr\u00f4le de Gestion et de la Gouvernance La Direction du Contr\u00f4le de Gestion et de la Gouvernance est responsable de la production et de l\u2019analyse des donn\u00e9es n\u00e9cessaires \u00e0 la mise en \u0153uvre de la politique, de &hellip;","_links":{"self":[{"href":"https:\/\/ujlog.edu.ci\/en\/wp-json\/wp\/v2\/pages\/87","targetHints":{"allow":["GET"]}}],"collection":[{"href":"https:\/\/ujlog.edu.ci\/en\/wp-json\/wp\/v2\/pages"}],"about":[{"href":"https:\/\/ujlog.edu.ci\/en\/wp-json\/wp\/v2\/types\/page"}],"author":[{"embeddable":true,"href":"https:\/\/ujlog.edu.ci\/en\/wp-json\/wp\/v2\/users\/2"}],"replies":[{"embeddable":true,"href":"https:\/\/ujlog.edu.ci\/en\/wp-json\/wp\/v2\/comments?post=87"}],"version-history":[{"count":16,"href":"https:\/\/ujlog.edu.ci\/en\/wp-json\/wp\/v2\/pages\/87\/revisions"}],"predecessor-version":[{"id":4815,"href":"https:\/\/ujlog.edu.ci\/en\/wp-json\/wp\/v2\/pages\/87\/revisions\/4815"}],"up":[{"embeddable":true,"href":"https:\/\/ujlog.edu.ci\/en\/wp-json\/wp\/v2\/pages\/80"}],"wp:attachment":[{"href":"https:\/\/ujlog.edu.ci\/en\/wp-json\/wp\/v2\/media?parent=87"}],"curies":[{"name":"wp","href":"https:\/\/api.w.org\/{rel}","templated":true}]}}