{"id":85,"date":"2021-07-10T18:23:40","date_gmt":"2021-07-10T18:23:40","guid":{"rendered":"https:\/\/ujlog.ci\/?page_id=85"},"modified":"2024-02-19T09:44:57","modified_gmt":"2024-02-19T09:44:57","slug":"secretariat-general","status":"publish","type":"page","link":"https:\/\/ujlog.edu.ci\/en\/a-propos\/organisations\/secretariat-general\/","title":{"rendered":"Secr\u00e9tariat G\u00e9n\u00e9ral"},"content":{"rendered":"<div class=\"wp-block-columns is-layout-flex wp-container-core-columns-is-layout-9d6595d7 wp-block-columns-is-layout-flex\">\n<div class=\"wp-block-column is-layout-flow wp-block-column-is-layout-flow\" style=\"flex-basis:33.33%\"><div class=\"wp-block-image\">\n<figure class=\"aligncenter size-full\"><img fetchpriority=\"high\" decoding=\"async\" width=\"723\" height=\"1024\" src=\"https:\/\/ujlog.edu.ci\/wp-content\/uploads\/2023\/12\/SG.jpg\" alt=\"\" class=\"wp-image-4914\" srcset=\"https:\/\/ujlog.edu.ci\/wp-content\/uploads\/2023\/12\/SG.jpg 723w, https:\/\/ujlog.edu.ci\/wp-content\/uploads\/2023\/12\/SG-212x300.jpg 212w, https:\/\/ujlog.edu.ci\/wp-content\/uploads\/2023\/12\/SG-600x850.jpg 600w\" sizes=\"(max-width: 723px) 100vw, 723px\" \/><figcaption class=\"wp-element-caption\"><strong>M. AKA Kpol\u00e9 J., SG de UJLoG<\/strong><\/figcaption><\/figure>\n<\/div><\/div>\n\n\n\n<div class=\"wp-block-column is-layout-flow wp-block-column-is-layout-flow\" style=\"flex-basis:66.66%\">\n<h3>\u00a0<\/h3>\n<h3><strong>Monsieur AKA Kpol\u00e9 Joseph Longin <\/strong><\/h3>\n<blockquote>\n<h4><strong>Secr\u00e9taire G\u00e9n\u00e9ral<\/strong><\/h4>\n<\/blockquote>\n<p><span style=\"color: #ff6600;\"><b><i>Administrateur Civil<\/i><\/b><\/span><br \/><em><strong><span style=\"color: #ff6600;\">Langues<\/span> :<\/strong> Fran\u00e7ais<\/em><\/p>\n<\/div>\n<\/div>\n\n\n\n<hr class=\"wp-block-separator has-alpha-channel-opacity\"\/>\n\n\n\n<p class=\"has-white-color has-vivid-green-cyan-background-color has-text-color has-background has-link-color wp-elements-612baeb1231f01a95c37b1055a9e0e7e\"><strong>&#8211; 9 novembre 2016 <\/strong>: Secr\u00e9taire g\u00e9n\u00e9ral de l\u2019Universit\u00e9 Jean Lorougnon Gu\u00e9d\u00e9 (UJLoG) ;<\/p>\n\n\n\n<p class=\"has-white-color has-vivid-green-cyan-background-color has-text-color has-background has-link-color wp-elements-afeaa0afa5f3c0719dfd6efa6529c292\"><strong>&#8211; 2004 <\/strong>: Titulaire d\u2019un Dipl\u00f4me d\u2019Etudes Approfondies (DEA) de Droit public des Affaires  \u00e0 l\u2019Universit\u00e9 Paris-X-Nanterre, en France.<\/p>\n\n\n\n<hr class=\"wp-block-separator has-alpha-channel-opacity\"\/>\n\n\n\n<div style=\"height:21px\" aria-hidden=\"true\" class=\"wp-block-spacer\"><\/div>\n\n\n\n<div class=\"wp-block-columns is-layout-flex wp-container-core-columns-is-layout-9d6595d7 wp-block-columns-is-layout-flex\">\n<div class=\"wp-block-column is-layout-flow wp-block-column-is-layout-flow\" style=\"flex-basis:33.33%\"><div class=\"wp-block-image\">\n<figure class=\"aligncenter size-full\"><img decoding=\"async\" width=\"593\" height=\"1024\" src=\"https:\/\/ujlog.edu.ci\/wp-content\/uploads\/2023\/12\/SGA.jpg\" alt=\"\" class=\"wp-image-4918\" srcset=\"https:\/\/ujlog.edu.ci\/wp-content\/uploads\/2023\/12\/SGA.jpg 593w, https:\/\/ujlog.edu.ci\/wp-content\/uploads\/2023\/12\/SGA-174x300.jpg 174w\" sizes=\"(max-width: 593px) 100vw, 593px\" \/><figcaption class=\"wp-element-caption\"><strong>Prof. BAKAYOKO Sidiky, SGA de UJLoG<\/strong><\/figcaption><\/figure>\n<\/div><\/div>\n\n\n\n<div class=\"wp-block-column is-layout-flow wp-block-column-is-layout-flow\" style=\"flex-basis:66.66%\">\n<h3>\u00a0<\/h3>\n<h3>\u00a0<\/h3>\n<h3><strong>Professeur BAKAYOKO Sidiky<\/strong><\/h3>\n<blockquote>\n<h4><strong>Secr\u00e9taire G\u00e9n\u00e9ral Adjoint<\/strong><\/h4>\n<\/blockquote>\n<p><em><span style=\"color: #ff6600;\"><strong>Sp\u00e9cialit\u00e9 :<\/strong><\/span>\u00a0<\/em><i>Agro p\u00e9dologue<\/i><br \/><em><span style=\"color: #ff6600;\"><strong>Grade :<\/strong><\/span> Professeur Titulaire<\/em><br \/><em><span style=\"color: #ff6600;\"><strong>Langues :<\/strong><\/span>\u00a0Fran\u00e7ais, Anglais<\/em><\/p>\n<\/div>\n<\/div>\n\n\n\n<div style=\"height:22px\" aria-hidden=\"true\" class=\"wp-block-spacer\"><\/div>\n\n\n\n<hr class=\"wp-block-separator has-alpha-channel-opacity\"\/>\n\n\n\n<p class=\"has-white-color has-vivid-green-cyan-background-color has-text-color has-background has-link-color wp-elements-ae7e517bcfb8e48b098ca459997ea5a3\">&#8211; <strong>08 octobre 2020<\/strong> : Professeur Titulaire de l&rsquo;Universit\u00e9 Jean Lorougnon Gu\u00e9d\u00e9 ;<\/p>\n\n\n\n<p class=\"has-white-color has-vivid-green-cyan-background-color has-text-color has-background has-link-color wp-elements-7c1bf0fb9171a0eb901e2c424474a3e0\">&#8211; Depuis <strong>09 novembre 2016 :<\/strong> Secr\u00e9taire G\u00e9n\u00e9ral Adjoint de l\u2019Universit\u00e9 Jean Lorougnon Gu\u00e9d\u00e9 ;<\/p>\n\n\n\n<p class=\"has-white-color has-vivid-green-cyan-background-color has-text-color has-background has-link-color wp-elements-5f3ddf5c413ac4839da063e1c5668f58\">&#8211;<strong> De 2013 \u00e0 2016 <\/strong>: Pr\u00e9sident du Conseil p\u00e9dagogique de l\u2019UFR Agroforesterie et le Directeur adjoint de ladite UFR ;<\/p>\n\n\n\n<p class=\"has-white-color has-vivid-green-cyan-background-color has-text-color has-background has-link-color wp-elements-12ecc97ce41ea31fae4648f41f1f00cc\"><strong>&#8211; 2014 : <\/strong>Ma\u00eetre de Conf\u00e9rences du CAMES ; <\/p>\n\n\n\n<p class=\"has-white-color has-vivid-green-cyan-background-color has-text-color has-background has-link-color wp-elements-1a811cdd6e76c175dbcc859fb18f3c3f\"><strong>&#8211; 2010 <\/strong>: Ma\u00eetre-Assistant du CAMES ;<\/p>\n\n\n\n<p class=\"has-white-color has-vivid-green-cyan-background-color has-text-color has-background has-link-color wp-elements-4b9851c75c20e2bcad29aa4dfaa4145c\">&#8211; <strong>02 ao\u00fbt 2007 <\/strong>: recrut\u00e9 entant qu\u2019enseignant-chercheur \u00e0 l\u2019URES de Daloa (actuelle Universit\u00e9 Jean Lorougnon Gu\u00e9d\u00e9) ;<\/p>\n\n\n\n<p class=\"has-white-color has-vivid-green-cyan-background-color has-text-color has-background has-link-color wp-elements-718f99185d762e5e2ec74be14440e434\">&#8211; <strong>24 f\u00e9vrier 2007<\/strong> : est titulaire du Doctorat unique en Agro-p\u00e9dologie \u00e0 l\u2019Universit\u00e9 de Cocody-Abidjan (actuelle Universit\u00e9 F\u00e9lix Houphou\u00ebt Boigny). <\/p>\n\n\n\n<hr class=\"wp-block-separator has-alpha-channel-opacity\"\/>\n\n\n\n<div style=\"height:21px\" aria-hidden=\"true\" class=\"wp-block-spacer\"><\/div>\n\n\n\n<h3 class=\"wp-block-heading\">Les missions du Secr\u00e9taire G\u00e9n\u00e9ral de l&rsquo;Universit\u00e9<\/h3>\n\n\n\n<p><strong>Le Secr\u00e9taire G\u00e9n\u00e9ral<\/strong>&nbsp;est charg\u00e9 d\u2019assurer la coordination des directions administrative, financi\u00e8re et technique, sous l\u2019autorit\u00e9 du Pr\u00e9sident de l\u2019Universit\u00e9.<\/p>\n\n\n\n<p><strong>Le Secr\u00e9taire G\u00e9n\u00e9ral<\/strong>&nbsp;est nomm\u00e9 par d\u00e9cret pris en Conseil des Ministres, apr\u00e8s appel \u00e0 candidatures, parmi les fonctionnaires de la cat\u00e9gorie A justifiant d\u2019une exp\u00e9rience \u00e9tablie en mati\u00e8re de gestion.<\/p>\n\n\n\n<p>Il a rang de Directeur G\u00e9n\u00e9ral Adjoint d\u2019Administration Centrale.<\/p>\n\n\n\n<p>Il est l\u2019ordonnateur secondaire du budget de l\u2019Universit\u00e9.<\/p>","protected":false},"excerpt":{"rendered":"<p>\u00a0 Monsieur AKA Kpol\u00e9 Joseph Longin Secr\u00e9taire G\u00e9n\u00e9ral Administrateur CivilLangues : Fran\u00e7ais &#8211; 9 novembre 2016 : Secr\u00e9taire g\u00e9n\u00e9ral de l\u2019Universit\u00e9 Jean Lorougnon Gu\u00e9d\u00e9 (UJLoG) ; &#8211; 2004 : Titulaire d\u2019un Dipl\u00f4me d\u2019Etudes Approfondies (DEA) de Droit public des Affaires &hellip; <\/p>","protected":false},"author":2,"featured_media":0,"parent":80,"menu_order":1,"comment_status":"closed","ping_status":"closed","template":"","meta":{"_uag_custom_page_level_css":"","_monsterinsights_skip_tracking":false,"_monsterinsights_sitenote_active":false,"_monsterinsights_sitenote_note":"","_monsterinsights_sitenote_category":0,"_themeisle_gutenberg_block_has_review":false,"footnotes":""},"class_list":["post-85","page","type-page","status-publish","hentry"],"yoast_head":"<!-- This site is optimized with the Yoast SEO plugin v27.6 - https:\/\/yoast.com\/product\/yoast-seo-wordpress\/ -->\n<title>Secr\u00e9tariat G\u00e9n\u00e9ral - Universit\u00e9 Jean Lorougnon Gu\u00e9d\u00e9<\/title>\n<meta name=\"robots\" content=\"index, follow, max-snippet:-1, max-image-preview:large, max-video-preview:-1\" \/>\n<link rel=\"canonical\" href=\"https:\/\/ujlog.edu.ci\/en\/a-propos\/organisations\/secretariat-general\/\" \/>\n<meta property=\"og:locale\" content=\"en_US\" \/>\n<meta property=\"og:type\" content=\"article\" \/>\n<meta property=\"og:title\" content=\"Secr\u00e9tariat G\u00e9n\u00e9ral - Universit\u00e9 Jean Lorougnon Gu\u00e9d\u00e9\" \/>\n<meta property=\"og:description\" content=\"\u00a0 Monsieur AKA Kpol\u00e9 Joseph Longin Secr\u00e9taire G\u00e9n\u00e9ral Administrateur CivilLangues : Fran\u00e7ais &#8211; 9 novembre 2016 : Secr\u00e9taire g\u00e9n\u00e9ral de l\u2019Universit\u00e9 Jean Lorougnon Gu\u00e9d\u00e9 (UJLoG) ; &#8211; 2004 : Titulaire d\u2019un Dipl\u00f4me d\u2019Etudes Approfondies (DEA) de Droit public des Affaires &hellip;\" \/>\n<meta property=\"og:url\" content=\"https:\/\/ujlog.edu.ci\/en\/a-propos\/organisations\/secretariat-general\/\" \/>\n<meta property=\"og:site_name\" content=\"Universit\u00e9 Jean Lorougnon Gu\u00e9d\u00e9\" \/>\n<meta property=\"article:modified_time\" content=\"2024-02-19T09:44:57+00:00\" \/>\n<meta property=\"og:image\" content=\"https:\/\/ujlog.edu.ci\/wp-content\/uploads\/2023\/12\/SG.jpg\" \/>\n<meta name=\"twitter:card\" content=\"summary_large_image\" \/>\n<meta name=\"twitter:label1\" content=\"Est. reading time\" \/>\n\t<meta name=\"twitter:data1\" content=\"2 minutes\" \/>\n<script type=\"application\/ld+json\" class=\"yoast-schema-graph\">{\"@context\":\"https:\\\/\\\/schema.org\",\"@graph\":[{\"@type\":\"WebPage\",\"@id\":\"https:\\\/\\\/ujlog.edu.ci\\\/a-propos\\\/organisations\\\/secretariat-general\\\/\",\"url\":\"https:\\\/\\\/ujlog.edu.ci\\\/a-propos\\\/organisations\\\/secretariat-general\\\/\",\"name\":\"Secr\u00e9tariat G\u00e9n\u00e9ral - Universit\u00e9 Jean Lorougnon Gu\u00e9d\u00e9\",\"isPartOf\":{\"@id\":\"https:\\\/\\\/ujlog.edu.ci\\\/#website\"},\"primaryImageOfPage\":{\"@id\":\"https:\\\/\\\/ujlog.edu.ci\\\/a-propos\\\/organisations\\\/secretariat-general\\\/#primaryimage\"},\"image\":{\"@id\":\"https:\\\/\\\/ujlog.edu.ci\\\/a-propos\\\/organisations\\\/secretariat-general\\\/#primaryimage\"},\"thumbnailUrl\":\"https:\\\/\\\/ujlog.edu.ci\\\/wp-content\\\/uploads\\\/2023\\\/12\\\/SG.jpg\",\"datePublished\":\"2021-07-10T18:23:40+00:00\",\"dateModified\":\"2024-02-19T09:44:57+00:00\",\"breadcrumb\":{\"@id\":\"https:\\\/\\\/ujlog.edu.ci\\\/a-propos\\\/organisations\\\/secretariat-general\\\/#breadcrumb\"},\"inLanguage\":\"en-US\",\"potentialAction\":[{\"@type\":\"ReadAction\",\"target\":[\"https:\\\/\\\/ujlog.edu.ci\\\/a-propos\\\/organisations\\\/secretariat-general\\\/\"]}]},{\"@type\":\"ImageObject\",\"inLanguage\":\"en-US\",\"@id\":\"https:\\\/\\\/ujlog.edu.ci\\\/a-propos\\\/organisations\\\/secretariat-general\\\/#primaryimage\",\"url\":\"https:\\\/\\\/ujlog.edu.ci\\\/wp-content\\\/uploads\\\/2023\\\/12\\\/SG.jpg\",\"contentUrl\":\"https:\\\/\\\/ujlog.edu.ci\\\/wp-content\\\/uploads\\\/2023\\\/12\\\/SG.jpg\"},{\"@type\":\"BreadcrumbList\",\"@id\":\"https:\\\/\\\/ujlog.edu.ci\\\/a-propos\\\/organisations\\\/secretariat-general\\\/#breadcrumb\",\"itemListElement\":[{\"@type\":\"ListItem\",\"position\":1,\"name\":\"Accueil\",\"item\":\"https:\\\/\\\/ujlog.edu.ci\\\/\"},{\"@type\":\"ListItem\",\"position\":2,\"name\":\"A PROPOS\",\"item\":\"https:\\\/\\\/ujlog.edu.ci\\\/a-propos\\\/\"},{\"@type\":\"ListItem\",\"position\":3,\"name\":\"Organigramme\",\"item\":\"https:\\\/\\\/ujlog.edu.ci\\\/a-propos\\\/organisations\\\/\"},{\"@type\":\"ListItem\",\"position\":4,\"name\":\"Secr\u00e9tariat G\u00e9n\u00e9ral\"}]},{\"@type\":\"WebSite\",\"@id\":\"https:\\\/\\\/ujlog.edu.ci\\\/#website\",\"url\":\"https:\\\/\\\/ujlog.edu.ci\\\/\",\"name\":\"Universit\u00e9 Jean Lorougnon Gu\u00e9d\u00e9\",\"description\":\"Universit\u00e9 Jean Lorougnon Gu\u00e9d\u00e9\",\"potentialAction\":[{\"@type\":\"SearchAction\",\"target\":{\"@type\":\"EntryPoint\",\"urlTemplate\":\"https:\\\/\\\/ujlog.edu.ci\\\/?s={search_term_string}\"},\"query-input\":{\"@type\":\"PropertyValueSpecification\",\"valueRequired\":true,\"valueName\":\"search_term_string\"}}],\"inLanguage\":\"en-US\"}]}<\/script>\n<!-- \/ Yoast SEO plugin. -->","yoast_head_json":{"title":"Secr\u00e9tariat G\u00e9n\u00e9ral - Universit\u00e9 Jean Lorougnon Gu\u00e9d\u00e9","robots":{"index":"index","follow":"follow","max-snippet":"max-snippet:-1","max-image-preview":"max-image-preview:large","max-video-preview":"max-video-preview:-1"},"canonical":"https:\/\/ujlog.edu.ci\/en\/a-propos\/organisations\/secretariat-general\/","og_locale":"en_US","og_type":"article","og_title":"Secr\u00e9tariat G\u00e9n\u00e9ral - Universit\u00e9 Jean Lorougnon Gu\u00e9d\u00e9","og_description":"\u00a0 Monsieur AKA Kpol\u00e9 Joseph Longin Secr\u00e9taire G\u00e9n\u00e9ral Administrateur CivilLangues : Fran\u00e7ais &#8211; 9 novembre 2016 : Secr\u00e9taire g\u00e9n\u00e9ral de l\u2019Universit\u00e9 Jean Lorougnon Gu\u00e9d\u00e9 (UJLoG) ; &#8211; 2004 : Titulaire d\u2019un Dipl\u00f4me d\u2019Etudes Approfondies (DEA) de Droit public des Affaires &hellip;","og_url":"https:\/\/ujlog.edu.ci\/en\/a-propos\/organisations\/secretariat-general\/","og_site_name":"Universit\u00e9 Jean Lorougnon Gu\u00e9d\u00e9","article_modified_time":"2024-02-19T09:44:57+00:00","og_image":[{"url":"https:\/\/ujlog.edu.ci\/wp-content\/uploads\/2023\/12\/SG.jpg","type":"","width":"","height":""}],"twitter_card":"summary_large_image","twitter_misc":{"Est. reading time":"2 minutes"},"schema":{"@context":"https:\/\/schema.org","@graph":[{"@type":"WebPage","@id":"https:\/\/ujlog.edu.ci\/a-propos\/organisations\/secretariat-general\/","url":"https:\/\/ujlog.edu.ci\/a-propos\/organisations\/secretariat-general\/","name":"Secr\u00e9tariat G\u00e9n\u00e9ral - Universit\u00e9 Jean Lorougnon Gu\u00e9d\u00e9","isPartOf":{"@id":"https:\/\/ujlog.edu.ci\/#website"},"primaryImageOfPage":{"@id":"https:\/\/ujlog.edu.ci\/a-propos\/organisations\/secretariat-general\/#primaryimage"},"image":{"@id":"https:\/\/ujlog.edu.ci\/a-propos\/organisations\/secretariat-general\/#primaryimage"},"thumbnailUrl":"https:\/\/ujlog.edu.ci\/wp-content\/uploads\/2023\/12\/SG.jpg","datePublished":"2021-07-10T18:23:40+00:00","dateModified":"2024-02-19T09:44:57+00:00","breadcrumb":{"@id":"https:\/\/ujlog.edu.ci\/a-propos\/organisations\/secretariat-general\/#breadcrumb"},"inLanguage":"en-US","potentialAction":[{"@type":"ReadAction","target":["https:\/\/ujlog.edu.ci\/a-propos\/organisations\/secretariat-general\/"]}]},{"@type":"ImageObject","inLanguage":"en-US","@id":"https:\/\/ujlog.edu.ci\/a-propos\/organisations\/secretariat-general\/#primaryimage","url":"https:\/\/ujlog.edu.ci\/wp-content\/uploads\/2023\/12\/SG.jpg","contentUrl":"https:\/\/ujlog.edu.ci\/wp-content\/uploads\/2023\/12\/SG.jpg"},{"@type":"BreadcrumbList","@id":"https:\/\/ujlog.edu.ci\/a-propos\/organisations\/secretariat-general\/#breadcrumb","itemListElement":[{"@type":"ListItem","position":1,"name":"Accueil","item":"https:\/\/ujlog.edu.ci\/"},{"@type":"ListItem","position":2,"name":"A PROPOS","item":"https:\/\/ujlog.edu.ci\/a-propos\/"},{"@type":"ListItem","position":3,"name":"Organigramme","item":"https:\/\/ujlog.edu.ci\/a-propos\/organisations\/"},{"@type":"ListItem","position":4,"name":"Secr\u00e9tariat G\u00e9n\u00e9ral"}]},{"@type":"WebSite","@id":"https:\/\/ujlog.edu.ci\/#website","url":"https:\/\/ujlog.edu.ci\/","name":"Universit\u00e9 Jean Lorougnon Gu\u00e9d\u00e9","description":"Universit\u00e9 Jean Lorougnon Gu\u00e9d\u00e9","potentialAction":[{"@type":"SearchAction","target":{"@type":"EntryPoint","urlTemplate":"https:\/\/ujlog.edu.ci\/?s={search_term_string}"},"query-input":{"@type":"PropertyValueSpecification","valueRequired":true,"valueName":"search_term_string"}}],"inLanguage":"en-US"}]}},"uagb_featured_image_src":{"full":false,"thumbnail":false,"medium":false,"medium_large":false,"large":false,"1536x1536":false,"2048x2048":false,"trp-custom-language-flag":false,"course_thumbnail":false,"woocommerce_thumbnail":false,"woocommerce_single":false,"woocommerce_gallery_thumbnail":false},"uagb_author_info":{"display_name":"service communication","author_link":"https:\/\/ujlog.edu.ci\/en\/author\/service-communication\/"},"uagb_comment_info":0,"uagb_excerpt":"\u00a0 Monsieur AKA Kpol\u00e9 Joseph Longin Secr\u00e9taire G\u00e9n\u00e9ral Administrateur CivilLangues : Fran\u00e7ais &#8211; 9 novembre 2016 : Secr\u00e9taire g\u00e9n\u00e9ral de l\u2019Universit\u00e9 Jean Lorougnon Gu\u00e9d\u00e9 (UJLoG) ; &#8211; 2004 : Titulaire d\u2019un Dipl\u00f4me d\u2019Etudes Approfondies (DEA) de Droit public des Affaires &hellip;","_links":{"self":[{"href":"https:\/\/ujlog.edu.ci\/en\/wp-json\/wp\/v2\/pages\/85","targetHints":{"allow":["GET"]}}],"collection":[{"href":"https:\/\/ujlog.edu.ci\/en\/wp-json\/wp\/v2\/pages"}],"about":[{"href":"https:\/\/ujlog.edu.ci\/en\/wp-json\/wp\/v2\/types\/page"}],"author":[{"embeddable":true,"href":"https:\/\/ujlog.edu.ci\/en\/wp-json\/wp\/v2\/users\/2"}],"replies":[{"embeddable":true,"href":"https:\/\/ujlog.edu.ci\/en\/wp-json\/wp\/v2\/comments?post=85"}],"version-history":[{"count":43,"href":"https:\/\/ujlog.edu.ci\/en\/wp-json\/wp\/v2\/pages\/85\/revisions"}],"predecessor-version":[{"id":5348,"href":"https:\/\/ujlog.edu.ci\/en\/wp-json\/wp\/v2\/pages\/85\/revisions\/5348"}],"up":[{"embeddable":true,"href":"https:\/\/ujlog.edu.ci\/en\/wp-json\/wp\/v2\/pages\/80"}],"wp:attachment":[{"href":"https:\/\/ujlog.edu.ci\/en\/wp-json\/wp\/v2\/media?parent=85"}],"curies":[{"name":"wp","href":"https:\/\/api.w.org\/{rel}","templated":true}]}}