{"id":83,"date":"2021-07-10T18:23:10","date_gmt":"2021-07-10T18:23:10","guid":{"rendered":"https:\/\/ujlog.ci\/?page_id=83"},"modified":"2025-03-26T09:23:46","modified_gmt":"2025-03-26T09:23:46","slug":"presidence","status":"publish","type":"page","link":"https:\/\/ujlog.edu.ci\/en\/a-propos\/organisations\/presidence\/","title":{"rendered":"Pr\u00e9sidence"},"content":{"rendered":"<div class=\"wp-block-columns is-layout-flex wp-container-core-columns-is-layout-9d6595d7 wp-block-columns-is-layout-flex\">\n<div class=\"wp-block-column is-layout-flow wp-block-column-is-layout-flow\">\n<figure class=\"wp-block-image size-large is-resized\"><img fetchpriority=\"high\" decoding=\"async\" width=\"756\" height=\"1024\" src=\"https:\/\/ujlog.edu.ci\/wp-content\/uploads\/2023\/12\/PR-REVU-1-756x1024.jpg\" alt=\"\" class=\"wp-image-4857\" style=\"width:416px;height:auto\" srcset=\"https:\/\/ujlog.edu.ci\/wp-content\/uploads\/2023\/12\/PR-REVU-1-756x1024.jpg 756w, https:\/\/ujlog.edu.ci\/wp-content\/uploads\/2023\/12\/PR-REVU-1-221x300.jpg 221w, https:\/\/ujlog.edu.ci\/wp-content\/uploads\/2023\/12\/PR-REVU-1-768x1040.jpg 768w, https:\/\/ujlog.edu.ci\/wp-content\/uploads\/2023\/12\/PR-REVU-1-1134x1536.jpg 1134w, https:\/\/ujlog.edu.ci\/wp-content\/uploads\/2023\/12\/PR-REVU-1-1512x2048.jpg 1512w, https:\/\/ujlog.edu.ci\/wp-content\/uploads\/2023\/12\/PR-REVU-1-600x813.jpg 600w, https:\/\/ujlog.edu.ci\/wp-content\/uploads\/2023\/12\/PR-REVU-1-scaled.jpg 1890w\" sizes=\"(max-width: 756px) 100vw, 756px\" \/><\/figure>\n\n\n\n<p class=\"has-text-align-center\"><strong>Prof. ADOHI KROU Viviane, Pr\u00e9sidente de UJLoG<\/strong><\/p>\n<\/div>\n\n\n\n<div class=\"wp-block-column is-layout-flow wp-block-column-is-layout-flow\">\n<h2>\u00a0<\/h2>\n<h2><strong>Professeur ADOHI KROU Viviane<\/strong><\/h2>\n<blockquote>\n<h3><strong>Pr\u00e9sidente de l&rsquo;Universit\u00e9 Jean Lorougnon Gu\u00e9d\u00e9<\/strong><\/h3>\n<\/blockquote>\n<p><span style=\"color: #ff6600;\"><em><strong><span style=\"color: #ff6600;\">Sp\u00e9cialit\u00e9 :<\/span> <\/strong><\/em><\/span><em>Physique &#8211; Chimie<\/em><br \/><em><span style=\"color: #ff6600;\"><strong>Grade :<\/strong>\u00a0<\/span>Professeur Titulaire<\/em><br \/><em><span style=\"color: #ff6600;\"><strong>Langues :<\/strong><\/span>\u00a0Fran\u00e7ais, Anglais<\/em><\/p>\n<\/div>\n<\/div>\n\n\n\n<div style=\"height:15px\" aria-hidden=\"true\" class=\"wp-block-spacer\"><\/div>\n\n\n\n<hr class=\"wp-block-separator has-alpha-channel-opacity\"\/>\n\n\n\n<ul class=\"wp-block-list has-white-color has-vivid-green-cyan-background-color has-text-color has-background has-link-color wp-elements-a7cb91aadd9caa763fce282564cb7850\">\n<li>&#8211; <strong>Depuis 2023<\/strong>&nbsp;: Pr\u00e9sidente de l\u2019Universit\u00e9 Jean Lorougnon Gu\u00e9d\u00e9 ;<\/li>\n\n\n\n<li>&#8211; <strong>Aout 2021 \u2013 2023&nbsp;:<\/strong> Directeur de cabinet \/ Ministre conseiller sp\u00e9cial du Pr\u00e9sident de la  <\/li>\n\n\n\n<li>R\u00e9publique charg\u00e9 des affaires politiques ;<\/li>\n\n\n\n<li>&#8211; <strong>Avril 2019 \u2013 Mai 2021&nbsp;<\/strong>: Directeur de cabinet \/ Minist\u00e8re aupr\u00e8s du Pr\u00e9sident de la R\u00e9publique charg\u00e9 des affaires politiques ;<\/li>\n\n\n\n<li>&#8211; <strong>Mai 2016 \u2013 Mai 2019&nbsp;:<\/strong> Coordonnateur administratif \/ Conseiller sp\u00e9cial aupr\u00e8s du Pr\u00e9sident de la R\u00e9publique charg\u00e9e des affaires politiques ;<\/li>\n\n\n\n<li>&#8211; <strong>Mai 2014 \u2013 Janvier 2016&nbsp;<\/strong>:<em> <\/em>Directeur de cabinet \/ Minist\u00e8re de la Fonction Publique et de la R\u00e9forme Administrative ;<\/li>\n\n\n\n<li><strong> &#8211; Novembre 2011 \u2013 Mai 2014&nbsp;:<\/strong> Directeur G\u00e9n\u00e9ral de l\u2019Enseignement Sup\u00e9rieur et des \u0152uvres Universitaires ;<\/li>\n\n\n\n<li>&#8211; <strong>Aout 2010 \u2013 Novembre 2011&nbsp;:<\/strong> Doyenne UFR SSMT de l\u2019Universit\u00e9 de Cocody ;<\/li>\n\n\n\n<li>&#8211; <strong>2002 \u2013 Aout 2010&nbsp;:<\/strong> Vice-doyenne charg\u00e9e de la P\u00e9dagogie UFR SSMT (Science des Structures de la Mati\u00e8re et de Technologie ;<\/li>\n\n\n\n<li>&#8211; <strong>2000 \u2013 2010&nbsp;: <\/strong>coordinateur de l\u2019Universit\u00e9 de Vacances pour la fili\u00e8re Sciences Physiques (ENS) ;<\/li>\n\n\n\n<li>&#8211; <strong>2016&nbsp;:<\/strong> professeur Titulaire \u00e0 l\u2019UFR SSMT de l&rsquo;Universit\u00e9 Felix Houphou\u00ebt Boigny Abidjan ;<\/li>\n\n\n\n<li>&#8211; <strong>2005 \u2013 2016&nbsp;: <\/strong>Maitre de Conf\u00e9rences \u00e0 l&rsquo;UFR SSMT de l&rsquo;Universit\u00e9 de Cocody Abidjan ;<\/li>\n\n\n\n<li>&#8211; <strong>1998 \u2013 2005&nbsp;: <\/strong>Maitre \u2013 Assistant \u00e0 l&rsquo;UFR SSMT de l&rsquo;Universit\u00e9 de Cocody Abidjan ;<\/li>\n\n\n\n<li>&#8211; <strong>1992 \u2013 1998&nbsp;:<\/strong> Assistant \u00e0 la facult\u00e9 des Sciences et techniques de l&rsquo;Universit\u00e9 d&rsquo;Abidjan (CI) ;<\/li>\n\n\n\n<li>&#8211; <strong>30 Septembre 1991 <\/strong>: Doctorat de l&rsquo;Universit\u00e9 de Provence, AIX Marseille (France).<\/li>\n<\/ul>\n\n\n\n<hr class=\"wp-block-separator has-alpha-channel-opacity\"\/>\n\n\n\n<div style=\"height:31px\" aria-hidden=\"true\" class=\"wp-block-spacer\"><\/div>\n\n\n\n<p><strong>Sur le plan administratif et financier&nbsp;:<\/strong><\/p>\n\n\n\n<ul class=\"wp-block-list\">\n<li>&#8211; elle pr\u00e9pare les r\u00e9unions du Conseil de gestion et en assure le secr\u00e9tariat&nbsp;;<\/li>\n\n\n\n<li>&#8211; elle pr\u00e9pare les d\u00e9lib\u00e9rations du Conseil d\u2019Universit\u00e9 et assure l\u2019ex\u00e9cution des d\u00e9cisions dudit Conseil ;<\/li>\n\n\n\n<li>&#8211; elle effectue une programmation des activit\u00e9s et des besoins ;<\/li>\n\n\n\n<li>&#8211; elle veille \u00e0 la bonne ex\u00e9cution des engagements d\u00e9finis dans les contrats pluriannuels ;<\/li>\n\n\n\n<li>&#8211; elle repr\u00e9sente l\u2019Universit\u00e9 \u00e0 l\u2019\u00e9gard des tiers ainsi qu\u2019en justice ;<\/li>\n\n\n\n<li>&#8211; elle conclut les accords et les conventions ;<\/li>\n\n\n\n<li>&#8211; elle propose le recrutement des enseignants, des chercheurs et des autres personnels; conform\u00e9ment aux dispositions en vigueur ;<\/li>\n\n\n\n<li>&#8211; elle a autorit\u00e9 sur l\u2019ensemble des personnels de l\u2019Universit\u00e9 ;<\/li>\n\n\n\n<li>&#8211; elle veille \u00e0 la bonne administration des structures de l\u2019Universit\u00e9 ;<\/li>\n\n\n\n<li>&#8211; elle est responsable de la s\u00e9curit\u00e9 et du maintien de l\u2019ordre et il peut faire appel \u00e0 la force publique dans des conditions fix\u00e9es r\u00e9glementairement;<\/li>\n\n\n\n<li>&#8211; elle veille \u00e0 la production et \u00e0 la diffusion des donn\u00e9es statistiques ;<\/li>\n\n\n\n<li>&#8211; elle est responsable de la gestion financi\u00e8re et du patrimoine de l\u2019Universit\u00e9 ;<\/li>\n\n\n\n<li>&#8211; elle est l\u2019ordonnateur principal du budget de l\u2019Universit\u00e9 et est assist\u00e9 d\u2019un ordonnateur secondaire. \u00c0 ce titre, elle est responsable des op\u00e9rations d\u2019engagement, de liquidation et d\u2019ordonnancement des recettes et des d\u00e9penses.<\/li>\n<\/ul>\n\n\n\n<div style=\"height:42px\" aria-hidden=\"true\" class=\"wp-block-spacer\"><\/div>\n\n\n\n<p><strong>Sur le plan acad\u00e9mique et culturel :<\/strong><\/p>\n\n\n\n<ul class=\"wp-block-list\">\n<li>&#8211; elle pr\u00e9pare les d\u00e9lib\u00e9rations du Conseil d\u2019Universit\u00e9 et assure l\u2019ex\u00e9cution des d\u00e9cisions dudit Conseil ;<\/li>\n\n\n\n<li>&#8211; elle nomme les diff\u00e9rents jurys, sur proposition des responsables des structures de Formation et de Recherche concern\u00e9es ;<\/li>\n\n\n\n<li>&#8211; elle assure la collation des grades et des titres et signe avec le Ministre charg\u00e9 de l\u2019Enseignement sup\u00e9rieur, les dipl\u00f4mes d\u00e9livr\u00e9s par l\u2019Universit\u00e9 ;<\/li>\n\n\n\n<li>&#8211; elle veille \u00e0 l\u2019ex\u00e9cution des programmes d\u2019enseignement et de recherche;<\/li>\n\n\n\n<li>&#8211; elle veille au bon d\u00e9roulement de la carri\u00e8re des Enseignants et des Chercheurs et prend les mesures de nature \u00e0 contribuer \u00e0 leur promotion et \u00e0 leur \u00e9panouissement scientifique et professionnel ;<\/li>\n\n\n\n<li>&#8211; elle assure le d\u00e9veloppement de la coop\u00e9ration scientifique ;<\/li>\n\n\n\n<li>&#8211; elle veille au d\u00e9veloppement de relations harmonieuses au sein de l\u2019Universit\u00e9 et avec les partenaires ext\u00e9rieurs ;<\/li>\n\n\n\n<li>&#8211; elle veille \u00e0 l\u2019animation culturelle de l\u2019Universit\u00e9.<\/li>\n<\/ul>\n\n\n\n<p>La Pr\u00e9sidente peut d\u00e9l\u00e9guer sa signature aux Vice-pr\u00e9sidents et au Secr\u00e9taire G\u00e9n\u00e9ral, dans des domaines particuliers.<\/p>\n\n\n\n<p>Il est rattach\u00e9 \u00e0 la Pr\u00e9sidence, le Service Juridique et le Service de la<br>Communication.<\/p>\n\n\n\n<p class=\"has-white-color has-luminous-vivid-orange-background-color has-text-color has-background has-link-color has-medium-font-size wp-elements-1c75c2b9c3f03023ae86e8c2a7f71eb4\"><strong>Le Service Juridique<\/strong><\/p>\n\n\n\n<p><strong>Le Service Juridique est charg\u00e9 :<\/strong><br>\u2013 d\u2019organiser la documentation juridique de l\u2019Universit\u00e9;<br>\u2013 de veiller au respect des textes juridiques;<br>\u2013 de conseiller la Pr\u00e9sidence de l\u2019Universit\u00e9 en mati\u00e8re juridique;<br>\u2013 de faire des propositions dans le sens de l\u2019actualisation de la l\u00e9gislation relative \u00e0 l\u2019Universit\u00e9.<\/p>\n\n\n\n<div style=\"height:17px\" aria-hidden=\"true\" class=\"wp-block-spacer\"><\/div>\n\n\n\n<div class=\"wp-block-columns is-layout-flex wp-container-core-columns-is-layout-9d6595d7 wp-block-columns-is-layout-flex\">\n<div class=\"wp-block-column is-layout-flow wp-block-column-is-layout-flow\">\n<figure class=\"wp-block-image size-large is-style-rounded\"><img decoding=\"async\" width=\"683\" height=\"1024\" src=\"https:\/\/ujlog.edu.ci\/wp-content\/uploads\/2024\/04\/IMG_9784-683x1024.jpg\" alt=\"\" class=\"wp-image-5506\" srcset=\"https:\/\/ujlog.edu.ci\/wp-content\/uploads\/2024\/04\/IMG_9784-683x1024.jpg 683w, https:\/\/ujlog.edu.ci\/wp-content\/uploads\/2024\/04\/IMG_9784-200x300.jpg 200w, https:\/\/ujlog.edu.ci\/wp-content\/uploads\/2024\/04\/IMG_9784-768x1152.jpg 768w, https:\/\/ujlog.edu.ci\/wp-content\/uploads\/2024\/04\/IMG_9784-1024x1536.jpg 1024w, https:\/\/ujlog.edu.ci\/wp-content\/uploads\/2024\/04\/IMG_9784-600x900.jpg 600w, https:\/\/ujlog.edu.ci\/wp-content\/uploads\/2024\/04\/IMG_9784-rotated.jpg 1280w\" sizes=\"(max-width: 683px) 100vw, 683px\" \/><\/figure>\n<\/div>\n\n\n\n<div class=\"wp-block-column is-layout-flow wp-block-column-is-layout-flow\">\n<h3>\u00a0<\/h3>\n<h3>\u00a0<\/h3>\n<h3>\u00a0M. SORO Pognir\u00e9 Logozanni\u00a0<\/h3>\n<blockquote>\n<h4>Chef du service Juridique<\/h4>\n<\/blockquote>\n<\/div>\n<\/div>\n\n\n\n<div style=\"height:24px\" aria-hidden=\"true\" class=\"wp-block-spacer\"><\/div>\n\n\n\n<h2 class=\"wp-block-heading has-white-color has-luminous-vivid-orange-background-color has-text-color has-background has-medium-font-size\"><strong>Le Service de la Communication<\/strong><\/h2>\n\n\n\n<p><strong>Le Service de la Communication est charg\u00e9 :<\/strong><\/p>\n\n\n\n<p>\u2013 de conduire et de mettre en \u0153uvre la strat\u00e9gie de communication de l\u2019Universit\u00e9 ;<\/p>\n\n\n\n<p>\u2013 d\u2019entreprendre toutes actions de communication visant \u00e0 am\u00e9liorer l\u2019image de l\u2019Universit\u00e9 aupr\u00e8s de l\u2019opinion nationale et internationale ;<\/p>\n\n\n\n<p>\u2013 de favoriser la circulation de l\u2019information au sein de l\u2019Institution universitaire ;<\/p>\n\n\n\n<p>\u2013 de faire conna\u00eetre l\u2019Institution universitaire au niveau national, r\u00e9gional et international, \u00e0 travers ses offres de formations, ses activit\u00e9s de recherche, ses offres d\u2019expertise, ses conventions, etc. ;<\/p>\n\n\n\n<p>\u2013 d\u2019organiser la participation de la presse \u00e9crite et audio-visuelle \u00e0 toutes les manifestations organis\u00e9es par l\u2019Universit\u00e9 ;<\/p>\n\n\n\n<p>\u2013 de r\u00e9aliser des documents audiovisuels sur les activit\u00e9s de l\u2019Universit\u00e9.<strong><\/strong><\/p>\n\n\n\n<p><strong>\u2013&nbsp;<\/strong>d\u2019organiser le protocole lors de manifestations de l\u2019Universit\u00e9.<\/p>\n\n\n\n<div style=\"height:82px\" aria-hidden=\"true\" class=\"wp-block-spacer\"><\/div>\n\n\n\n<div class=\"wp-block-columns is-layout-flex wp-container-core-columns-is-layout-9d6595d7 wp-block-columns-is-layout-flex\">\n<div class=\"wp-block-column is-layout-flow wp-block-column-is-layout-flow\">\n<figure class=\"wp-block-gallery aligncenter has-nested-images columns-default is-cropped wp-block-gallery-1 is-layout-flex wp-block-gallery-is-layout-flex\">\n<figure class=\"wp-block-image size-full\"><img decoding=\"async\" width=\"1600\" height=\"1066\" data-id=\"6039\" src=\"https:\/\/ujlog.edu.ci\/wp-content\/uploads\/2025\/03\/WhatsApp-Image-2025-03-26-at-09.10.25.jpeg\" alt=\"\" class=\"wp-image-6039\" srcset=\"https:\/\/ujlog.edu.ci\/wp-content\/uploads\/2025\/03\/WhatsApp-Image-2025-03-26-at-09.10.25.jpeg 1600w, https:\/\/ujlog.edu.ci\/wp-content\/uploads\/2025\/03\/WhatsApp-Image-2025-03-26-at-09.10.25-300x200.jpeg 300w, https:\/\/ujlog.edu.ci\/wp-content\/uploads\/2025\/03\/WhatsApp-Image-2025-03-26-at-09.10.25-1024x682.jpeg 1024w, https:\/\/ujlog.edu.ci\/wp-content\/uploads\/2025\/03\/WhatsApp-Image-2025-03-26-at-09.10.25-768x512.jpeg 768w, https:\/\/ujlog.edu.ci\/wp-content\/uploads\/2025\/03\/WhatsApp-Image-2025-03-26-at-09.10.25-1536x1023.jpeg 1536w, https:\/\/ujlog.edu.ci\/wp-content\/uploads\/2025\/03\/WhatsApp-Image-2025-03-26-at-09.10.25-600x400.jpeg 600w\" sizes=\"(max-width: 1600px) 100vw, 1600px\" \/><\/figure>\n<\/figure>\n<\/div>\n\n\n\n<div class=\"wp-block-column is-layout-flow wp-block-column-is-layout-flow\">\n<h3>\u00a0<\/h3>\n<h3>\u00a0<\/h3>\n<h3><strong>Docteur AKA <\/strong><strong>N&rsquo;DRI <\/strong><strong>ROSEMONDE<\/strong><\/h3>\n<blockquote>\n<p><strong>Chef du Service de la Communication de l\u2019Universit\u00e9 Jean Lorougnon Gu\u00e9d\u00e9\u00a0<\/strong><\/p>\n<\/blockquote>\n<p><strong><br \/><span style=\"color: #ff6600;\">Docteur en Hydrobiologie<\/span><\/strong><\/p>\n<\/div>\n<\/div>\n\n\n\n<p><\/p>","protected":false},"excerpt":{"rendered":"<p>Prof. ADOHI KROU Viviane, Pr\u00e9sidente de UJLoG \u00a0 Professeur ADOHI KROU Viviane Pr\u00e9sidente de l&rsquo;Universit\u00e9 Jean Lorougnon Gu\u00e9d\u00e9 Sp\u00e9cialit\u00e9 : Physique &#8211; ChimieGrade :\u00a0Professeur TitulaireLangues :\u00a0Fran\u00e7ais, Anglais Sur le plan administratif et financier&nbsp;: Sur le plan acad\u00e9mique et culturel : &hellip; <\/p>","protected":false},"author":2,"featured_media":0,"parent":80,"menu_order":0,"comment_status":"closed","ping_status":"closed","template":"","meta":{"_uag_custom_page_level_css":"","_monsterinsights_skip_tracking":false,"_monsterinsights_sitenote_active":false,"_monsterinsights_sitenote_note":"","_monsterinsights_sitenote_category":0,"_themeisle_gutenberg_block_has_review":false,"footnotes":""},"class_list":["post-83","page","type-page","status-publish","hentry"],"yoast_head":"<!-- This site is optimized with the Yoast SEO plugin v27.6 - https:\/\/yoast.com\/product\/yoast-seo-wordpress\/ -->\n<title>Pr\u00e9sidence - Universit\u00e9 Jean Lorougnon Gu\u00e9d\u00e9<\/title>\n<meta name=\"robots\" content=\"index, follow, max-snippet:-1, max-image-preview:large, max-video-preview:-1\" \/>\n<link rel=\"canonical\" href=\"https:\/\/ujlog.edu.ci\/en\/a-propos\/organisations\/presidence\/\" \/>\n<meta property=\"og:locale\" content=\"en_US\" \/>\n<meta property=\"og:type\" content=\"article\" \/>\n<meta property=\"og:title\" content=\"Pr\u00e9sidence - Universit\u00e9 Jean Lorougnon Gu\u00e9d\u00e9\" \/>\n<meta property=\"og:description\" content=\"Prof. ADOHI KROU Viviane, Pr\u00e9sidente de UJLoG \u00a0 Professeur ADOHI KROU Viviane Pr\u00e9sidente de l&rsquo;Universit\u00e9 Jean Lorougnon Gu\u00e9d\u00e9 Sp\u00e9cialit\u00e9 : Physique &#8211; ChimieGrade :\u00a0Professeur TitulaireLangues :\u00a0Fran\u00e7ais, Anglais Sur le plan administratif et financier&nbsp;: Sur le plan acad\u00e9mique et culturel : &hellip;\" \/>\n<meta property=\"og:url\" content=\"https:\/\/ujlog.edu.ci\/en\/a-propos\/organisations\/presidence\/\" \/>\n<meta property=\"og:site_name\" content=\"Universit\u00e9 Jean Lorougnon Gu\u00e9d\u00e9\" \/>\n<meta property=\"article:modified_time\" content=\"2025-03-26T09:23:46+00:00\" \/>\n<meta property=\"og:image\" content=\"https:\/\/ujlog.edu.ci\/wp-content\/uploads\/2023\/12\/PR-REVU-1-756x1024.jpg\" \/>\n<meta name=\"twitter:card\" content=\"summary_large_image\" \/>\n<meta name=\"twitter:label1\" content=\"Est. reading time\" \/>\n\t<meta name=\"twitter:data1\" content=\"5 minutes\" \/>\n<script type=\"application\/ld+json\" class=\"yoast-schema-graph\">{\"@context\":\"https:\\\/\\\/schema.org\",\"@graph\":[{\"@type\":\"WebPage\",\"@id\":\"https:\\\/\\\/ujlog.edu.ci\\\/a-propos\\\/organisations\\\/presidence\\\/\",\"url\":\"https:\\\/\\\/ujlog.edu.ci\\\/a-propos\\\/organisations\\\/presidence\\\/\",\"name\":\"Pr\u00e9sidence - Universit\u00e9 Jean Lorougnon Gu\u00e9d\u00e9\",\"isPartOf\":{\"@id\":\"https:\\\/\\\/ujlog.edu.ci\\\/#website\"},\"primaryImageOfPage\":{\"@id\":\"https:\\\/\\\/ujlog.edu.ci\\\/a-propos\\\/organisations\\\/presidence\\\/#primaryimage\"},\"image\":{\"@id\":\"https:\\\/\\\/ujlog.edu.ci\\\/a-propos\\\/organisations\\\/presidence\\\/#primaryimage\"},\"thumbnailUrl\":\"https:\\\/\\\/ujlog.edu.ci\\\/wp-content\\\/uploads\\\/2023\\\/12\\\/PR-REVU-1-756x1024.jpg\",\"datePublished\":\"2021-07-10T18:23:10+00:00\",\"dateModified\":\"2025-03-26T09:23:46+00:00\",\"breadcrumb\":{\"@id\":\"https:\\\/\\\/ujlog.edu.ci\\\/a-propos\\\/organisations\\\/presidence\\\/#breadcrumb\"},\"inLanguage\":\"en-US\",\"potentialAction\":[{\"@type\":\"ReadAction\",\"target\":[\"https:\\\/\\\/ujlog.edu.ci\\\/a-propos\\\/organisations\\\/presidence\\\/\"]}]},{\"@type\":\"ImageObject\",\"inLanguage\":\"en-US\",\"@id\":\"https:\\\/\\\/ujlog.edu.ci\\\/a-propos\\\/organisations\\\/presidence\\\/#primaryimage\",\"url\":\"https:\\\/\\\/ujlog.edu.ci\\\/wp-content\\\/uploads\\\/2023\\\/12\\\/PR-REVU-1-756x1024.jpg\",\"contentUrl\":\"https:\\\/\\\/ujlog.edu.ci\\\/wp-content\\\/uploads\\\/2023\\\/12\\\/PR-REVU-1-756x1024.jpg\"},{\"@type\":\"BreadcrumbList\",\"@id\":\"https:\\\/\\\/ujlog.edu.ci\\\/a-propos\\\/organisations\\\/presidence\\\/#breadcrumb\",\"itemListElement\":[{\"@type\":\"ListItem\",\"position\":1,\"name\":\"Accueil\",\"item\":\"https:\\\/\\\/ujlog.edu.ci\\\/\"},{\"@type\":\"ListItem\",\"position\":2,\"name\":\"A PROPOS\",\"item\":\"https:\\\/\\\/ujlog.edu.ci\\\/a-propos\\\/\"},{\"@type\":\"ListItem\",\"position\":3,\"name\":\"Organigramme\",\"item\":\"https:\\\/\\\/ujlog.edu.ci\\\/a-propos\\\/organisations\\\/\"},{\"@type\":\"ListItem\",\"position\":4,\"name\":\"Pr\u00e9sidence\"}]},{\"@type\":\"WebSite\",\"@id\":\"https:\\\/\\\/ujlog.edu.ci\\\/#website\",\"url\":\"https:\\\/\\\/ujlog.edu.ci\\\/\",\"name\":\"Universit\u00e9 Jean Lorougnon Gu\u00e9d\u00e9\",\"description\":\"Universit\u00e9 Jean Lorougnon Gu\u00e9d\u00e9\",\"potentialAction\":[{\"@type\":\"SearchAction\",\"target\":{\"@type\":\"EntryPoint\",\"urlTemplate\":\"https:\\\/\\\/ujlog.edu.ci\\\/?s={search_term_string}\"},\"query-input\":{\"@type\":\"PropertyValueSpecification\",\"valueRequired\":true,\"valueName\":\"search_term_string\"}}],\"inLanguage\":\"en-US\"}]}<\/script>\n<!-- \/ Yoast SEO plugin. -->","yoast_head_json":{"title":"Pr\u00e9sidence - Universit\u00e9 Jean Lorougnon Gu\u00e9d\u00e9","robots":{"index":"index","follow":"follow","max-snippet":"max-snippet:-1","max-image-preview":"max-image-preview:large","max-video-preview":"max-video-preview:-1"},"canonical":"https:\/\/ujlog.edu.ci\/en\/a-propos\/organisations\/presidence\/","og_locale":"en_US","og_type":"article","og_title":"Pr\u00e9sidence - Universit\u00e9 Jean Lorougnon Gu\u00e9d\u00e9","og_description":"Prof. ADOHI KROU Viviane, Pr\u00e9sidente de UJLoG \u00a0 Professeur ADOHI KROU Viviane Pr\u00e9sidente de l&rsquo;Universit\u00e9 Jean Lorougnon Gu\u00e9d\u00e9 Sp\u00e9cialit\u00e9 : Physique &#8211; ChimieGrade :\u00a0Professeur TitulaireLangues :\u00a0Fran\u00e7ais, Anglais Sur le plan administratif et financier&nbsp;: Sur le plan acad\u00e9mique et culturel : &hellip;","og_url":"https:\/\/ujlog.edu.ci\/en\/a-propos\/organisations\/presidence\/","og_site_name":"Universit\u00e9 Jean Lorougnon Gu\u00e9d\u00e9","article_modified_time":"2025-03-26T09:23:46+00:00","og_image":[{"url":"https:\/\/ujlog.edu.ci\/wp-content\/uploads\/2023\/12\/PR-REVU-1-756x1024.jpg","type":"","width":"","height":""}],"twitter_card":"summary_large_image","twitter_misc":{"Est. reading time":"5 minutes"},"schema":{"@context":"https:\/\/schema.org","@graph":[{"@type":"WebPage","@id":"https:\/\/ujlog.edu.ci\/a-propos\/organisations\/presidence\/","url":"https:\/\/ujlog.edu.ci\/a-propos\/organisations\/presidence\/","name":"Pr\u00e9sidence - Universit\u00e9 Jean Lorougnon Gu\u00e9d\u00e9","isPartOf":{"@id":"https:\/\/ujlog.edu.ci\/#website"},"primaryImageOfPage":{"@id":"https:\/\/ujlog.edu.ci\/a-propos\/organisations\/presidence\/#primaryimage"},"image":{"@id":"https:\/\/ujlog.edu.ci\/a-propos\/organisations\/presidence\/#primaryimage"},"thumbnailUrl":"https:\/\/ujlog.edu.ci\/wp-content\/uploads\/2023\/12\/PR-REVU-1-756x1024.jpg","datePublished":"2021-07-10T18:23:10+00:00","dateModified":"2025-03-26T09:23:46+00:00","breadcrumb":{"@id":"https:\/\/ujlog.edu.ci\/a-propos\/organisations\/presidence\/#breadcrumb"},"inLanguage":"en-US","potentialAction":[{"@type":"ReadAction","target":["https:\/\/ujlog.edu.ci\/a-propos\/organisations\/presidence\/"]}]},{"@type":"ImageObject","inLanguage":"en-US","@id":"https:\/\/ujlog.edu.ci\/a-propos\/organisations\/presidence\/#primaryimage","url":"https:\/\/ujlog.edu.ci\/wp-content\/uploads\/2023\/12\/PR-REVU-1-756x1024.jpg","contentUrl":"https:\/\/ujlog.edu.ci\/wp-content\/uploads\/2023\/12\/PR-REVU-1-756x1024.jpg"},{"@type":"BreadcrumbList","@id":"https:\/\/ujlog.edu.ci\/a-propos\/organisations\/presidence\/#breadcrumb","itemListElement":[{"@type":"ListItem","position":1,"name":"Accueil","item":"https:\/\/ujlog.edu.ci\/"},{"@type":"ListItem","position":2,"name":"A PROPOS","item":"https:\/\/ujlog.edu.ci\/a-propos\/"},{"@type":"ListItem","position":3,"name":"Organigramme","item":"https:\/\/ujlog.edu.ci\/a-propos\/organisations\/"},{"@type":"ListItem","position":4,"name":"Pr\u00e9sidence"}]},{"@type":"WebSite","@id":"https:\/\/ujlog.edu.ci\/#website","url":"https:\/\/ujlog.edu.ci\/","name":"Universit\u00e9 Jean Lorougnon Gu\u00e9d\u00e9","description":"Universit\u00e9 Jean Lorougnon Gu\u00e9d\u00e9","potentialAction":[{"@type":"SearchAction","target":{"@type":"EntryPoint","urlTemplate":"https:\/\/ujlog.edu.ci\/?s={search_term_string}"},"query-input":{"@type":"PropertyValueSpecification","valueRequired":true,"valueName":"search_term_string"}}],"inLanguage":"en-US"}]}},"uagb_featured_image_src":{"full":false,"thumbnail":false,"medium":false,"medium_large":false,"large":false,"1536x1536":false,"2048x2048":false,"trp-custom-language-flag":false,"course_thumbnail":false,"woocommerce_thumbnail":false,"woocommerce_single":false,"woocommerce_gallery_thumbnail":false},"uagb_author_info":{"display_name":"service communication","author_link":"https:\/\/ujlog.edu.ci\/en\/author\/service-communication\/"},"uagb_comment_info":0,"uagb_excerpt":"Prof. ADOHI KROU Viviane, Pr\u00e9sidente de UJLoG \u00a0 Professeur ADOHI KROU Viviane Pr\u00e9sidente de l&rsquo;Universit\u00e9 Jean Lorougnon Gu\u00e9d\u00e9 Sp\u00e9cialit\u00e9 : Physique &#8211; ChimieGrade :\u00a0Professeur TitulaireLangues :\u00a0Fran\u00e7ais, Anglais Sur le plan administratif et financier&nbsp;: Sur le plan acad\u00e9mique et culturel : &hellip;","_links":{"self":[{"href":"https:\/\/ujlog.edu.ci\/en\/wp-json\/wp\/v2\/pages\/83","targetHints":{"allow":["GET"]}}],"collection":[{"href":"https:\/\/ujlog.edu.ci\/en\/wp-json\/wp\/v2\/pages"}],"about":[{"href":"https:\/\/ujlog.edu.ci\/en\/wp-json\/wp\/v2\/types\/page"}],"author":[{"embeddable":true,"href":"https:\/\/ujlog.edu.ci\/en\/wp-json\/wp\/v2\/users\/2"}],"replies":[{"embeddable":true,"href":"https:\/\/ujlog.edu.ci\/en\/wp-json\/wp\/v2\/comments?post=83"}],"version-history":[{"count":49,"href":"https:\/\/ujlog.edu.ci\/en\/wp-json\/wp\/v2\/pages\/83\/revisions"}],"predecessor-version":[{"id":6040,"href":"https:\/\/ujlog.edu.ci\/en\/wp-json\/wp\/v2\/pages\/83\/revisions\/6040"}],"up":[{"embeddable":true,"href":"https:\/\/ujlog.edu.ci\/en\/wp-json\/wp\/v2\/pages\/80"}],"wp:attachment":[{"href":"https:\/\/ujlog.edu.ci\/en\/wp-json\/wp\/v2\/media?parent=83"}],"curies":[{"name":"wp","href":"https:\/\/api.w.org\/{rel}","templated":true}]}}