{"id":80,"date":"2021-07-10T18:21:47","date_gmt":"2021-07-10T18:21:47","guid":{"rendered":"https:\/\/ujlog.ci\/?page_id=80"},"modified":"2023-12-15T16:11:15","modified_gmt":"2023-12-15T16:11:15","slug":"organisations","status":"publish","type":"page","link":"https:\/\/ujlog.edu.ci\/en\/a-propos\/organisations\/","title":{"rendered":"Organigramme"},"content":{"rendered":"<p>Le d\u00e9cret n\u00b0 2012-986 du 10 octobre 2012, cr\u00e9ant l\u2019Universit\u00e9 Jean Lorougnon Gu\u00e9d\u00e9 (Ujlog), en d\u00e9termine les attributions, l\u2019organisation et le fonctionnement. Ce d\u00e9cret encadre ainsi la \u00ab&nbsp;gouvernance universitaire&nbsp;\u00bb en fixant les modes, les organes et les structures de direction, d\u2019organisation, de gestion et d\u2019exercice du pouvoir \u00e0 l\u2019Universit\u00e9 Jean Lorougnon Gu\u00e9d\u00e9 de Daloa.<\/p>\n\n\n\n<p><\/p>\n\n\n\n<p>Dans le respect de la r\u00e9glementation en vigueur dans les universit\u00e9s publiques en C\u00f4te d\u2019Ivoire et dans le but d\u2019am\u00e9liorer ses performances sur les plans de la formation, de la recherche et de sa gestion administrative et financi\u00e8re, l\u2019Universit\u00e9 Jean Lorougnon Guede &nbsp;(Ujlog) est gouvern\u00e9e par deux (2) organes centraux&nbsp;: le Conseil d\u2019Universit\u00e9 (CU) et le Conseil de Gestion (CG), charg\u00e9s de veiller \u00e0 la bonne gouvernance dans les domaines de la formation, de la recherche et dans la gestion des biens et des ressources humaines.<\/p>\n\n\n\n<div style=\"height:72px\" aria-hidden=\"true\" class=\"wp-block-spacer\"><\/div>\n\n\n\n<figure class=\"wp-block-image size-full\"><img fetchpriority=\"high\" decoding=\"async\" width=\"1024\" height=\"665\" src=\"https:\/\/ujlog.edu.ci\/wp-content\/uploads\/2023\/12\/organigramme.jpg\" alt=\"\" class=\"wp-image-5085\" srcset=\"https:\/\/ujlog.edu.ci\/wp-content\/uploads\/2023\/12\/organigramme.jpg 1024w, https:\/\/ujlog.edu.ci\/wp-content\/uploads\/2023\/12\/organigramme-300x195.jpg 300w, https:\/\/ujlog.edu.ci\/wp-content\/uploads\/2023\/12\/organigramme-768x499.jpg 768w, https:\/\/ujlog.edu.ci\/wp-content\/uploads\/2023\/12\/organigramme-600x390.jpg 600w\" sizes=\"(max-width: 1024px) 100vw, 1024px\" \/><\/figure>","protected":false},"excerpt":{"rendered":"<p>Le d\u00e9cret n\u00b0 2012-986 du 10 octobre 2012, cr\u00e9ant l\u2019Universit\u00e9 Jean Lorougnon Gu\u00e9d\u00e9 (Ujlog), en d\u00e9termine les attributions, l\u2019organisation et le fonctionnement. Ce d\u00e9cret encadre ainsi la \u00ab&nbsp;gouvernance universitaire&nbsp;\u00bb en fixant les modes, les organes et les structures de direction, &hellip; <\/p>","protected":false},"author":2,"featured_media":0,"parent":64,"menu_order":2,"comment_status":"closed","ping_status":"closed","template":"","meta":{"_uag_custom_page_level_css":"","_monsterinsights_skip_tracking":false,"_monsterinsights_sitenote_active":false,"_monsterinsights_sitenote_note":"","_monsterinsights_sitenote_category":0,"_themeisle_gutenberg_block_has_review":false,"footnotes":""},"class_list":["post-80","page","type-page","status-publish","hentry"],"yoast_head":"<!-- This site is optimized with the Yoast SEO plugin v27.6 - https:\/\/yoast.com\/product\/yoast-seo-wordpress\/ -->\n<title>Organigramme - Universit\u00e9 Jean Lorougnon Gu\u00e9d\u00e9<\/title>\n<meta name=\"robots\" content=\"index, follow, max-snippet:-1, max-image-preview:large, max-video-preview:-1\" \/>\n<link rel=\"canonical\" href=\"https:\/\/ujlog.edu.ci\/en\/a-propos\/organisations\/\" \/>\n<meta property=\"og:locale\" content=\"en_US\" \/>\n<meta property=\"og:type\" content=\"article\" \/>\n<meta property=\"og:title\" content=\"Organigramme - Universit\u00e9 Jean Lorougnon Gu\u00e9d\u00e9\" \/>\n<meta property=\"og:description\" content=\"Le d\u00e9cret n\u00b0 2012-986 du 10 octobre 2012, cr\u00e9ant l\u2019Universit\u00e9 Jean Lorougnon Gu\u00e9d\u00e9 (Ujlog), en d\u00e9termine les attributions, l\u2019organisation et le fonctionnement. Ce d\u00e9cret encadre ainsi la \u00ab&nbsp;gouvernance universitaire&nbsp;\u00bb en fixant les modes, les organes et les structures de direction, &hellip;\" \/>\n<meta property=\"og:url\" content=\"https:\/\/ujlog.edu.ci\/en\/a-propos\/organisations\/\" \/>\n<meta property=\"og:site_name\" content=\"Universit\u00e9 Jean Lorougnon Gu\u00e9d\u00e9\" \/>\n<meta property=\"article:modified_time\" content=\"2023-12-15T16:11:15+00:00\" \/>\n<meta property=\"og:image\" content=\"https:\/\/ujlog.edu.ci\/wp-content\/uploads\/2023\/12\/organigramme.jpg\" \/>\n<meta name=\"twitter:card\" content=\"summary_large_image\" \/>\n<meta name=\"twitter:label1\" content=\"Est. reading time\" \/>\n\t<meta name=\"twitter:data1\" content=\"1 minute\" \/>\n<script type=\"application\/ld+json\" class=\"yoast-schema-graph\">{\"@context\":\"https:\\\/\\\/schema.org\",\"@graph\":[{\"@type\":\"WebPage\",\"@id\":\"https:\\\/\\\/ujlog.edu.ci\\\/a-propos\\\/organisations\\\/\",\"url\":\"https:\\\/\\\/ujlog.edu.ci\\\/a-propos\\\/organisations\\\/\",\"name\":\"Organigramme - Universit\u00e9 Jean Lorougnon Gu\u00e9d\u00e9\",\"isPartOf\":{\"@id\":\"https:\\\/\\\/ujlog.edu.ci\\\/#website\"},\"primaryImageOfPage\":{\"@id\":\"https:\\\/\\\/ujlog.edu.ci\\\/a-propos\\\/organisations\\\/#primaryimage\"},\"image\":{\"@id\":\"https:\\\/\\\/ujlog.edu.ci\\\/a-propos\\\/organisations\\\/#primaryimage\"},\"thumbnailUrl\":\"https:\\\/\\\/ujlog.edu.ci\\\/wp-content\\\/uploads\\\/2023\\\/12\\\/organigramme.jpg\",\"datePublished\":\"2021-07-10T18:21:47+00:00\",\"dateModified\":\"2023-12-15T16:11:15+00:00\",\"breadcrumb\":{\"@id\":\"https:\\\/\\\/ujlog.edu.ci\\\/a-propos\\\/organisations\\\/#breadcrumb\"},\"inLanguage\":\"en-US\",\"potentialAction\":[{\"@type\":\"ReadAction\",\"target\":[\"https:\\\/\\\/ujlog.edu.ci\\\/a-propos\\\/organisations\\\/\"]}]},{\"@type\":\"ImageObject\",\"inLanguage\":\"en-US\",\"@id\":\"https:\\\/\\\/ujlog.edu.ci\\\/a-propos\\\/organisations\\\/#primaryimage\",\"url\":\"https:\\\/\\\/ujlog.edu.ci\\\/wp-content\\\/uploads\\\/2023\\\/12\\\/organigramme.jpg\",\"contentUrl\":\"https:\\\/\\\/ujlog.edu.ci\\\/wp-content\\\/uploads\\\/2023\\\/12\\\/organigramme.jpg\"},{\"@type\":\"BreadcrumbList\",\"@id\":\"https:\\\/\\\/ujlog.edu.ci\\\/a-propos\\\/organisations\\\/#breadcrumb\",\"itemListElement\":[{\"@type\":\"ListItem\",\"position\":1,\"name\":\"Accueil\",\"item\":\"https:\\\/\\\/ujlog.edu.ci\\\/\"},{\"@type\":\"ListItem\",\"position\":2,\"name\":\"A PROPOS\",\"item\":\"https:\\\/\\\/ujlog.edu.ci\\\/a-propos\\\/\"},{\"@type\":\"ListItem\",\"position\":3,\"name\":\"Organigramme\"}]},{\"@type\":\"WebSite\",\"@id\":\"https:\\\/\\\/ujlog.edu.ci\\\/#website\",\"url\":\"https:\\\/\\\/ujlog.edu.ci\\\/\",\"name\":\"Universit\u00e9 Jean Lorougnon Gu\u00e9d\u00e9\",\"description\":\"Universit\u00e9 Jean Lorougnon Gu\u00e9d\u00e9\",\"potentialAction\":[{\"@type\":\"SearchAction\",\"target\":{\"@type\":\"EntryPoint\",\"urlTemplate\":\"https:\\\/\\\/ujlog.edu.ci\\\/?s={search_term_string}\"},\"query-input\":{\"@type\":\"PropertyValueSpecification\",\"valueRequired\":true,\"valueName\":\"search_term_string\"}}],\"inLanguage\":\"en-US\"}]}<\/script>\n<!-- \/ Yoast SEO plugin. -->","yoast_head_json":{"title":"Organigramme - Universit\u00e9 Jean Lorougnon Gu\u00e9d\u00e9","robots":{"index":"index","follow":"follow","max-snippet":"max-snippet:-1","max-image-preview":"max-image-preview:large","max-video-preview":"max-video-preview:-1"},"canonical":"https:\/\/ujlog.edu.ci\/en\/a-propos\/organisations\/","og_locale":"en_US","og_type":"article","og_title":"Organigramme - Universit\u00e9 Jean Lorougnon Gu\u00e9d\u00e9","og_description":"Le d\u00e9cret n\u00b0 2012-986 du 10 octobre 2012, cr\u00e9ant l\u2019Universit\u00e9 Jean Lorougnon Gu\u00e9d\u00e9 (Ujlog), en d\u00e9termine les attributions, l\u2019organisation et le fonctionnement. Ce d\u00e9cret encadre ainsi la \u00ab&nbsp;gouvernance universitaire&nbsp;\u00bb en fixant les modes, les organes et les structures de direction, &hellip;","og_url":"https:\/\/ujlog.edu.ci\/en\/a-propos\/organisations\/","og_site_name":"Universit\u00e9 Jean Lorougnon Gu\u00e9d\u00e9","article_modified_time":"2023-12-15T16:11:15+00:00","og_image":[{"url":"https:\/\/ujlog.edu.ci\/wp-content\/uploads\/2023\/12\/organigramme.jpg","type":"","width":"","height":""}],"twitter_card":"summary_large_image","twitter_misc":{"Est. reading time":"1 minute"},"schema":{"@context":"https:\/\/schema.org","@graph":[{"@type":"WebPage","@id":"https:\/\/ujlog.edu.ci\/a-propos\/organisations\/","url":"https:\/\/ujlog.edu.ci\/a-propos\/organisations\/","name":"Organigramme - Universit\u00e9 Jean Lorougnon Gu\u00e9d\u00e9","isPartOf":{"@id":"https:\/\/ujlog.edu.ci\/#website"},"primaryImageOfPage":{"@id":"https:\/\/ujlog.edu.ci\/a-propos\/organisations\/#primaryimage"},"image":{"@id":"https:\/\/ujlog.edu.ci\/a-propos\/organisations\/#primaryimage"},"thumbnailUrl":"https:\/\/ujlog.edu.ci\/wp-content\/uploads\/2023\/12\/organigramme.jpg","datePublished":"2021-07-10T18:21:47+00:00","dateModified":"2023-12-15T16:11:15+00:00","breadcrumb":{"@id":"https:\/\/ujlog.edu.ci\/a-propos\/organisations\/#breadcrumb"},"inLanguage":"en-US","potentialAction":[{"@type":"ReadAction","target":["https:\/\/ujlog.edu.ci\/a-propos\/organisations\/"]}]},{"@type":"ImageObject","inLanguage":"en-US","@id":"https:\/\/ujlog.edu.ci\/a-propos\/organisations\/#primaryimage","url":"https:\/\/ujlog.edu.ci\/wp-content\/uploads\/2023\/12\/organigramme.jpg","contentUrl":"https:\/\/ujlog.edu.ci\/wp-content\/uploads\/2023\/12\/organigramme.jpg"},{"@type":"BreadcrumbList","@id":"https:\/\/ujlog.edu.ci\/a-propos\/organisations\/#breadcrumb","itemListElement":[{"@type":"ListItem","position":1,"name":"Accueil","item":"https:\/\/ujlog.edu.ci\/"},{"@type":"ListItem","position":2,"name":"A PROPOS","item":"https:\/\/ujlog.edu.ci\/a-propos\/"},{"@type":"ListItem","position":3,"name":"Organigramme"}]},{"@type":"WebSite","@id":"https:\/\/ujlog.edu.ci\/#website","url":"https:\/\/ujlog.edu.ci\/","name":"Universit\u00e9 Jean Lorougnon Gu\u00e9d\u00e9","description":"Universit\u00e9 Jean Lorougnon Gu\u00e9d\u00e9","potentialAction":[{"@type":"SearchAction","target":{"@type":"EntryPoint","urlTemplate":"https:\/\/ujlog.edu.ci\/?s={search_term_string}"},"query-input":{"@type":"PropertyValueSpecification","valueRequired":true,"valueName":"search_term_string"}}],"inLanguage":"en-US"}]}},"uagb_featured_image_src":{"full":false,"thumbnail":false,"medium":false,"medium_large":false,"large":false,"1536x1536":false,"2048x2048":false,"trp-custom-language-flag":false,"course_thumbnail":false,"woocommerce_thumbnail":false,"woocommerce_single":false,"woocommerce_gallery_thumbnail":false},"uagb_author_info":{"display_name":"service communication","author_link":"https:\/\/ujlog.edu.ci\/en\/author\/service-communication\/"},"uagb_comment_info":0,"uagb_excerpt":"Le d\u00e9cret n\u00b0 2012-986 du 10 octobre 2012, cr\u00e9ant l\u2019Universit\u00e9 Jean Lorougnon Gu\u00e9d\u00e9 (Ujlog), en d\u00e9termine les attributions, l\u2019organisation et le fonctionnement. Ce d\u00e9cret encadre ainsi la \u00ab&nbsp;gouvernance universitaire&nbsp;\u00bb en fixant les modes, les organes et les structures de direction, &hellip;","_links":{"self":[{"href":"https:\/\/ujlog.edu.ci\/en\/wp-json\/wp\/v2\/pages\/80","targetHints":{"allow":["GET"]}}],"collection":[{"href":"https:\/\/ujlog.edu.ci\/en\/wp-json\/wp\/v2\/pages"}],"about":[{"href":"https:\/\/ujlog.edu.ci\/en\/wp-json\/wp\/v2\/types\/page"}],"author":[{"embeddable":true,"href":"https:\/\/ujlog.edu.ci\/en\/wp-json\/wp\/v2\/users\/2"}],"replies":[{"embeddable":true,"href":"https:\/\/ujlog.edu.ci\/en\/wp-json\/wp\/v2\/comments?post=80"}],"version-history":[{"count":7,"href":"https:\/\/ujlog.edu.ci\/en\/wp-json\/wp\/v2\/pages\/80\/revisions"}],"predecessor-version":[{"id":5086,"href":"https:\/\/ujlog.edu.ci\/en\/wp-json\/wp\/v2\/pages\/80\/revisions\/5086"}],"up":[{"embeddable":true,"href":"https:\/\/ujlog.edu.ci\/en\/wp-json\/wp\/v2\/pages\/64"}],"wp:attachment":[{"href":"https:\/\/ujlog.edu.ci\/en\/wp-json\/wp\/v2\/media?parent=80"}],"curies":[{"name":"wp","href":"https:\/\/api.w.org\/{rel}","templated":true}]}}