{"id":78,"date":"2021-07-10T18:21:26","date_gmt":"2021-07-10T18:21:26","guid":{"rendered":"https:\/\/ujlog.ci\/?page_id=78"},"modified":"2024-02-09T06:19:42","modified_gmt":"2024-02-09T06:19:42","slug":"mot-de-la-presidente","status":"publish","type":"page","link":"https:\/\/ujlog.edu.ci\/en\/a-propos\/mot-de-la-presidente\/","title":{"rendered":"Mot de la Pr\u00e9sidente"},"content":{"rendered":"<blockquote>\n<h2><span style=\"color: #993366;\">MOT DE LA PRESIDENTE, Professeure ADOHI KROU Viviane<\/span><\/h2>\n<\/blockquote>\n\n\n<div class=\"wp-block-columns is-layout-flex wp-container-core-columns-is-layout-9d6595d7 wp-block-columns-is-layout-flex\">\n<div class=\"wp-block-column is-layout-flow wp-block-column-is-layout-flow\">\n<p align=\"justify\"> <font size=\"4,5pt\"> \n\nA l\u2019entame de mes propos, je voudrais tout d\u2019abord t\u00e9moigner ma reconnaissance \u00e0 S.E.M. Alassane OUATTARA, Pr\u00e9sident de la R\u00e9publique dont ma nomination porte le sceau. J\u2019adresse mon infinie gratitude au Ministre de l\u2019Enseignement Sup\u00e9rieur et de la Recherche Scientifique, Professeur Adama DIAWARA, pour l\u2019exaltante mission qu\u2019il a bien voulu me confier. \n<br>\n<br>\nDepuis ma prise de fonction \u00e0 la t\u00eate de l\u2019Universit\u00e9 Jean Lorougnon Gu\u00e9d\u00e9 le 22 juin 2023, je me suis engag\u00e9e \u00e0 p\u00e9renniser et am\u00e9liorer les efforts consentis par mes pr\u00e9d\u00e9cesseurs. \n\n<\/font> <\/p> \n<\/div>\n\n\n\n<div class=\"wp-block-column is-layout-flow wp-block-column-is-layout-flow\">\n<figure class=\"wp-block-image size-full\"><img fetchpriority=\"high\" decoding=\"async\" width=\"682\" height=\"1024\" src=\"https:\/\/ujlog.edu.ci\/wp-content\/uploads\/2024\/02\/image.jpeg\" alt=\"L\u2019attribut alt de cette image est vide, son nom de fichier est Image-4-682x1024.jpg.\" class=\"wp-image-5309\" srcset=\"https:\/\/ujlog.edu.ci\/wp-content\/uploads\/2024\/02\/image.jpeg 682w, https:\/\/ujlog.edu.ci\/wp-content\/uploads\/2024\/02\/image-200x300.jpeg 200w, https:\/\/ujlog.edu.ci\/wp-content\/uploads\/2024\/02\/image-600x901.jpeg 600w\" sizes=\"(max-width: 682px) 100vw, 682px\" \/><\/figure>\n<\/div>\n<\/div>\n\n\n\n<p align=\"justify\"> <font size=\"4,5pt\">\n\nAinsi, la dynamique \u00e9quipe de la Gouvernance et moi-m\u00eame, nous nous attelons chaque jour \u00e0 faire de UJLoG un joyau national de la Formation et de la Recherche au c\u0153ur de la r\u00e9gion du Haut-Sassandra.\n<br>\n<br>\nL\u2019objectif ultime est de hisser notre institution parmi les meilleures au plan continental voire mondial. Pour l\u2019atteinte de ce but, l\u2019Universit\u00e9 dispose de personnels (Enseignants et administratifs) dont l\u2019expertise est sollicit\u00e9e au niveau national et \u00e0 l\u2019international. J\u2019entends avec tous ces acteurs \u0153uvrer \u00e0 instaurer la confiance chez nos apprenants quant aux formations re\u00e7ues en am\u00e9liorant nos offres, nos pratiques p\u00e9dagogiques pour une meilleure employabilit\u00e9 de nos dipl\u00f4m\u00e9s.\n<br>\n<br>\nAu moment o\u00f9 l\u2019Enseignement Sup\u00e9rieur ivoirien est r\u00e9gi par la loi No 2023-429 du 22 mai 2023 propos\u00e9e par le Professeur Adama DIAWARA, notre Universit\u00e9 va renforcer \u00e0 compter de cette ann\u00e9e acad\u00e9mique 2023-2024, en plus du volet de la recherche fondamentale, ceux de la recherche appliqu\u00e9e, dite \u00ab recherche-d\u00e9veloppement \u00bb ou encore \u00ab recherche-action \u00bb. Ainsi, UJLoG se positionnera comme un acteur majeur dans l\u2019accompagnement du d\u00e9veloppement local et national. \n<br>\n<br>\nLa nouvelle loi faisant des Universit\u00e9s des Etablissements Publics Administratifs \u00e0 caract\u00e8re Scientifique et Technologique (EPAST), je m\u2019\u00e9vertuerai \u00e0 tisser pour le compte de UJLoG des partenariats tant avec le secteur public que le priv\u00e9, le monde agricole, le secteur scientifique national et international. \n<br>\n<br>\nA terme, ces approches nous permettront de nous positionner \u00e0 diff\u00e9rents niveaux et offrir des formations en ad\u00e9quation avec le monde de l\u2019emploi, c\u2019est-\u00e0-dire \u00eatre une Universit\u00e9 au service du d\u00e9veloppement durable. Concr\u00e8tement, au plan de la recherche, nous allons contribuer \u00e0 l\u2019atteinte des Objectifs pour le D\u00e9veloppement Durable (ODD) suivants : \n<br>\n<br> &#8211; ODD N\u00b02, Eliminer la faim, assurer la s\u00e9curit\u00e9 alimentaire, am\u00e9liorer la nutrition et promouvoir une \n       agriculture durable ;\n<br> &#8211; ODD N\u00b06, Garantir l\u2019acc\u00e8s de tous \u00e0 l\u2019eau et \u00e0 l\u2019assainissement ; assurer une gestion durable des \n       ressources en eau ;\n<br> &#8211; ODD N\u00b07, Garantir l\u2019acc\u00e8s de tous \u00e0 des services \u00e9nerg\u00e9tiques fiables, durables et modernes, \u00e0 un co\u00fbt \n       abordable ;\n<br> &#8211; ODD N\u00b011, Faire en sorte que les villes et les \u00e9tablissements humains soient ouverts \u00e0 tous, s\u00fbrs, \n       r\u00e9silients et durables ;\n<br> &#8211; ODD N\u00b012, \u00c9tablir des modes de consommation et de production durables ;\n<br> &#8211; ODD N\u00b013, Prendre d\u2019urgence des mesures pour lutter contre les changements climatiques et leurs \n       r\u00e9percussions.\n<br>\n<br>\nAu regard de tout ce qui pr\u00e9c\u00e8de, UJLoG a donc de grands chantiers \u00e0 r\u00e9aliser conform\u00e9ment \u00e0 la vision de  S.E.M. le Pr\u00e9sident de la R\u00e9publique, Docteur Alassane OUATTARA et le programme du gouvernement, auquel nous entendons apporter notre pierre pour le D\u00e9veloppement de notre ch\u00e8re C\u00f4te d\u2019Ivoire. \n<br> Je vous remercie.\n\n<\/font> <\/p>","protected":false},"excerpt":{"rendered":"<p>MOT DE LA PRESIDENTE, Professeure ADOHI KROU Viviane A l\u2019entame de mes propos, je voudrais tout d\u2019abord t\u00e9moigner ma reconnaissance \u00e0 S.E.M. Alassane OUATTARA, Pr\u00e9sident de la R\u00e9publique dont ma nomination porte le sceau. J\u2019adresse mon infinie gratitude au Ministre &hellip; <\/p>","protected":false},"author":2,"featured_media":0,"parent":64,"menu_order":1,"comment_status":"closed","ping_status":"closed","template":"","meta":{"_uag_custom_page_level_css":"","_monsterinsights_skip_tracking":false,"_monsterinsights_sitenote_active":false,"_monsterinsights_sitenote_note":"","_monsterinsights_sitenote_category":0,"_themeisle_gutenberg_block_has_review":false,"footnotes":""},"class_list":["post-78","page","type-page","status-publish","hentry"],"yoast_head":"<!-- This site is optimized with the Yoast SEO plugin v27.6 - https:\/\/yoast.com\/product\/yoast-seo-wordpress\/ -->\n<title>Mot de la Pr\u00e9sidente - Universit\u00e9 Jean Lorougnon Gu\u00e9d\u00e9<\/title>\n<meta name=\"robots\" content=\"index, follow, max-snippet:-1, max-image-preview:large, max-video-preview:-1\" \/>\n<link rel=\"canonical\" href=\"https:\/\/ujlog.edu.ci\/en\/a-propos\/mot-de-la-presidente\/\" \/>\n<meta property=\"og:locale\" content=\"en_US\" \/>\n<meta property=\"og:type\" content=\"article\" \/>\n<meta property=\"og:title\" content=\"Mot de la Pr\u00e9sidente - Universit\u00e9 Jean Lorougnon Gu\u00e9d\u00e9\" \/>\n<meta property=\"og:description\" content=\"MOT DE LA PRESIDENTE, Professeure ADOHI KROU Viviane A l\u2019entame de mes propos, je voudrais tout d\u2019abord t\u00e9moigner ma reconnaissance \u00e0 S.E.M. Alassane OUATTARA, Pr\u00e9sident de la R\u00e9publique dont ma nomination porte le sceau. J\u2019adresse mon infinie gratitude au Ministre &hellip;\" \/>\n<meta property=\"og:url\" content=\"https:\/\/ujlog.edu.ci\/en\/a-propos\/mot-de-la-presidente\/\" \/>\n<meta property=\"og:site_name\" content=\"Universit\u00e9 Jean Lorougnon Gu\u00e9d\u00e9\" \/>\n<meta property=\"article:modified_time\" content=\"2024-02-09T06:19:42+00:00\" \/>\n<meta property=\"og:image\" content=\"https:\/\/ujlog.edu.ci\/wp-content\/uploads\/2024\/02\/image.jpeg\" \/>\n<meta name=\"twitter:card\" content=\"summary_large_image\" \/>\n<meta name=\"twitter:label1\" content=\"Est. reading time\" \/>\n\t<meta name=\"twitter:data1\" content=\"3 minutes\" \/>\n<script type=\"application\/ld+json\" class=\"yoast-schema-graph\">{\"@context\":\"https:\\\/\\\/schema.org\",\"@graph\":[{\"@type\":\"WebPage\",\"@id\":\"https:\\\/\\\/ujlog.edu.ci\\\/a-propos\\\/mot-de-la-presidente\\\/\",\"url\":\"https:\\\/\\\/ujlog.edu.ci\\\/a-propos\\\/mot-de-la-presidente\\\/\",\"name\":\"Mot de la Pr\u00e9sidente - Universit\u00e9 Jean Lorougnon Gu\u00e9d\u00e9\",\"isPartOf\":{\"@id\":\"https:\\\/\\\/ujlog.edu.ci\\\/#website\"},\"primaryImageOfPage\":{\"@id\":\"https:\\\/\\\/ujlog.edu.ci\\\/a-propos\\\/mot-de-la-presidente\\\/#primaryimage\"},\"image\":{\"@id\":\"https:\\\/\\\/ujlog.edu.ci\\\/a-propos\\\/mot-de-la-presidente\\\/#primaryimage\"},\"thumbnailUrl\":\"https:\\\/\\\/ujlog.edu.ci\\\/wp-content\\\/uploads\\\/2024\\\/02\\\/image.jpeg\",\"datePublished\":\"2021-07-10T18:21:26+00:00\",\"dateModified\":\"2024-02-09T06:19:42+00:00\",\"breadcrumb\":{\"@id\":\"https:\\\/\\\/ujlog.edu.ci\\\/a-propos\\\/mot-de-la-presidente\\\/#breadcrumb\"},\"inLanguage\":\"en-US\",\"potentialAction\":[{\"@type\":\"ReadAction\",\"target\":[\"https:\\\/\\\/ujlog.edu.ci\\\/a-propos\\\/mot-de-la-presidente\\\/\"]}]},{\"@type\":\"ImageObject\",\"inLanguage\":\"en-US\",\"@id\":\"https:\\\/\\\/ujlog.edu.ci\\\/a-propos\\\/mot-de-la-presidente\\\/#primaryimage\",\"url\":\"https:\\\/\\\/ujlog.edu.ci\\\/wp-content\\\/uploads\\\/2024\\\/02\\\/image.jpeg\",\"contentUrl\":\"https:\\\/\\\/ujlog.edu.ci\\\/wp-content\\\/uploads\\\/2024\\\/02\\\/image.jpeg\"},{\"@type\":\"BreadcrumbList\",\"@id\":\"https:\\\/\\\/ujlog.edu.ci\\\/a-propos\\\/mot-de-la-presidente\\\/#breadcrumb\",\"itemListElement\":[{\"@type\":\"ListItem\",\"position\":1,\"name\":\"Accueil\",\"item\":\"https:\\\/\\\/ujlog.edu.ci\\\/\"},{\"@type\":\"ListItem\",\"position\":2,\"name\":\"A PROPOS\",\"item\":\"https:\\\/\\\/ujlog.edu.ci\\\/a-propos\\\/\"},{\"@type\":\"ListItem\",\"position\":3,\"name\":\"Mot de la Pr\u00e9sidente\"}]},{\"@type\":\"WebSite\",\"@id\":\"https:\\\/\\\/ujlog.edu.ci\\\/#website\",\"url\":\"https:\\\/\\\/ujlog.edu.ci\\\/\",\"name\":\"Universit\u00e9 Jean Lorougnon Gu\u00e9d\u00e9\",\"description\":\"Universit\u00e9 Jean Lorougnon Gu\u00e9d\u00e9\",\"potentialAction\":[{\"@type\":\"SearchAction\",\"target\":{\"@type\":\"EntryPoint\",\"urlTemplate\":\"https:\\\/\\\/ujlog.edu.ci\\\/?s={search_term_string}\"},\"query-input\":{\"@type\":\"PropertyValueSpecification\",\"valueRequired\":true,\"valueName\":\"search_term_string\"}}],\"inLanguage\":\"en-US\"}]}<\/script>\n<!-- \/ Yoast SEO plugin. -->","yoast_head_json":{"title":"Mot de la Pr\u00e9sidente - Universit\u00e9 Jean Lorougnon Gu\u00e9d\u00e9","robots":{"index":"index","follow":"follow","max-snippet":"max-snippet:-1","max-image-preview":"max-image-preview:large","max-video-preview":"max-video-preview:-1"},"canonical":"https:\/\/ujlog.edu.ci\/en\/a-propos\/mot-de-la-presidente\/","og_locale":"en_US","og_type":"article","og_title":"Mot de la Pr\u00e9sidente - Universit\u00e9 Jean Lorougnon Gu\u00e9d\u00e9","og_description":"MOT DE LA PRESIDENTE, Professeure ADOHI KROU Viviane A l\u2019entame de mes propos, je voudrais tout d\u2019abord t\u00e9moigner ma reconnaissance \u00e0 S.E.M. Alassane OUATTARA, Pr\u00e9sident de la R\u00e9publique dont ma nomination porte le sceau. J\u2019adresse mon infinie gratitude au Ministre &hellip;","og_url":"https:\/\/ujlog.edu.ci\/en\/a-propos\/mot-de-la-presidente\/","og_site_name":"Universit\u00e9 Jean Lorougnon Gu\u00e9d\u00e9","article_modified_time":"2024-02-09T06:19:42+00:00","og_image":[{"url":"https:\/\/ujlog.edu.ci\/wp-content\/uploads\/2024\/02\/image.jpeg","type":"","width":"","height":""}],"twitter_card":"summary_large_image","twitter_misc":{"Est. reading time":"3 minutes"},"schema":{"@context":"https:\/\/schema.org","@graph":[{"@type":"WebPage","@id":"https:\/\/ujlog.edu.ci\/a-propos\/mot-de-la-presidente\/","url":"https:\/\/ujlog.edu.ci\/a-propos\/mot-de-la-presidente\/","name":"Mot de la Pr\u00e9sidente - Universit\u00e9 Jean Lorougnon Gu\u00e9d\u00e9","isPartOf":{"@id":"https:\/\/ujlog.edu.ci\/#website"},"primaryImageOfPage":{"@id":"https:\/\/ujlog.edu.ci\/a-propos\/mot-de-la-presidente\/#primaryimage"},"image":{"@id":"https:\/\/ujlog.edu.ci\/a-propos\/mot-de-la-presidente\/#primaryimage"},"thumbnailUrl":"https:\/\/ujlog.edu.ci\/wp-content\/uploads\/2024\/02\/image.jpeg","datePublished":"2021-07-10T18:21:26+00:00","dateModified":"2024-02-09T06:19:42+00:00","breadcrumb":{"@id":"https:\/\/ujlog.edu.ci\/a-propos\/mot-de-la-presidente\/#breadcrumb"},"inLanguage":"en-US","potentialAction":[{"@type":"ReadAction","target":["https:\/\/ujlog.edu.ci\/a-propos\/mot-de-la-presidente\/"]}]},{"@type":"ImageObject","inLanguage":"en-US","@id":"https:\/\/ujlog.edu.ci\/a-propos\/mot-de-la-presidente\/#primaryimage","url":"https:\/\/ujlog.edu.ci\/wp-content\/uploads\/2024\/02\/image.jpeg","contentUrl":"https:\/\/ujlog.edu.ci\/wp-content\/uploads\/2024\/02\/image.jpeg"},{"@type":"BreadcrumbList","@id":"https:\/\/ujlog.edu.ci\/a-propos\/mot-de-la-presidente\/#breadcrumb","itemListElement":[{"@type":"ListItem","position":1,"name":"Accueil","item":"https:\/\/ujlog.edu.ci\/"},{"@type":"ListItem","position":2,"name":"A PROPOS","item":"https:\/\/ujlog.edu.ci\/a-propos\/"},{"@type":"ListItem","position":3,"name":"Mot de la Pr\u00e9sidente"}]},{"@type":"WebSite","@id":"https:\/\/ujlog.edu.ci\/#website","url":"https:\/\/ujlog.edu.ci\/","name":"Universit\u00e9 Jean Lorougnon Gu\u00e9d\u00e9","description":"Universit\u00e9 Jean Lorougnon Gu\u00e9d\u00e9","potentialAction":[{"@type":"SearchAction","target":{"@type":"EntryPoint","urlTemplate":"https:\/\/ujlog.edu.ci\/?s={search_term_string}"},"query-input":{"@type":"PropertyValueSpecification","valueRequired":true,"valueName":"search_term_string"}}],"inLanguage":"en-US"}]}},"uagb_featured_image_src":{"full":false,"thumbnail":false,"medium":false,"medium_large":false,"large":false,"1536x1536":false,"2048x2048":false,"trp-custom-language-flag":false,"course_thumbnail":false,"woocommerce_thumbnail":false,"woocommerce_single":false,"woocommerce_gallery_thumbnail":false},"uagb_author_info":{"display_name":"service communication","author_link":"https:\/\/ujlog.edu.ci\/en\/author\/service-communication\/"},"uagb_comment_info":0,"uagb_excerpt":"MOT DE LA PRESIDENTE, Professeure ADOHI KROU Viviane A l\u2019entame de mes propos, je voudrais tout d\u2019abord t\u00e9moigner ma reconnaissance \u00e0 S.E.M. Alassane OUATTARA, Pr\u00e9sident de la R\u00e9publique dont ma nomination porte le sceau. J\u2019adresse mon infinie gratitude au Ministre &hellip;","_links":{"self":[{"href":"https:\/\/ujlog.edu.ci\/en\/wp-json\/wp\/v2\/pages\/78","targetHints":{"allow":["GET"]}}],"collection":[{"href":"https:\/\/ujlog.edu.ci\/en\/wp-json\/wp\/v2\/pages"}],"about":[{"href":"https:\/\/ujlog.edu.ci\/en\/wp-json\/wp\/v2\/types\/page"}],"author":[{"embeddable":true,"href":"https:\/\/ujlog.edu.ci\/en\/wp-json\/wp\/v2\/users\/2"}],"replies":[{"embeddable":true,"href":"https:\/\/ujlog.edu.ci\/en\/wp-json\/wp\/v2\/comments?post=78"}],"version-history":[{"count":23,"href":"https:\/\/ujlog.edu.ci\/en\/wp-json\/wp\/v2\/pages\/78\/revisions"}],"predecessor-version":[{"id":5315,"href":"https:\/\/ujlog.edu.ci\/en\/wp-json\/wp\/v2\/pages\/78\/revisions\/5315"}],"up":[{"embeddable":true,"href":"https:\/\/ujlog.edu.ci\/en\/wp-json\/wp\/v2\/pages\/64"}],"wp:attachment":[{"href":"https:\/\/ujlog.edu.ci\/en\/wp-json\/wp\/v2\/media?parent=78"}],"curies":[{"name":"wp","href":"https:\/\/api.w.org\/{rel}","templated":true}]}}