{"id":76,"date":"2021-07-10T18:21:00","date_gmt":"2021-07-10T18:21:00","guid":{"rendered":"https:\/\/ujlog.ci\/?page_id=76"},"modified":"2024-02-09T06:31:36","modified_gmt":"2024-02-09T06:31:36","slug":"historique","status":"publish","type":"page","link":"https:\/\/ujlog.edu.ci\/en\/a-propos\/historique\/","title":{"rendered":"Historique"},"content":{"rendered":"<div class=\"wp-block-columns is-layout-flex wp-container-core-columns-is-layout-9d6595d7 wp-block-columns-is-layout-flex\">\n<div class=\"wp-block-column is-layout-flow wp-block-column-is-layout-flow\">\n<figure class=\"wp-block-image size-full is-resized\"><img fetchpriority=\"high\" decoding=\"async\" width=\"480\" height=\"480\" src=\"https:\/\/ujlog.edu.ci\/wp-content\/uploads\/2023\/12\/giphy-2.gif\" alt=\"\" class=\"wp-image-4849\" style=\"width:88px;height:auto\"\/><\/figure>\n\n\n\n<div class=\"wp-block-buttons is-layout-flex wp-container-core-buttons-is-layout-c07eda73 wp-block-buttons-is-layout-flex\">\n<div class=\"wp-block-button is-style-outline is-style-outline--1\"><a class=\"wp-block-button__link wp-element-button\" href=\"https:\/\/ujlog.edu.ci\/wp-content\/uploads\/2024\/02\/Decret-UJLoG-2023_.pdf\" target=\"_blank\" rel=\"noreferrer noopener\"><mark style=\"background-color:rgba(0, 0, 0, 0)\" class=\"has-inline-color has-vivid-red-color\">TELECHARGER LE DECRET<\/mark><\/a><\/div>\n<\/div>\n<\/div>\n\n\n\n<div class=\"wp-block-column is-layout-flow wp-block-column-is-layout-flow\"><\/div>\n<\/div>\n\n\n\n<div class=\"wp-block-columns is-layout-flex wp-container-core-columns-is-layout-9d6595d7 wp-block-columns-is-layout-flex\">\n<div class=\"wp-block-column is-layout-flow wp-block-column-is-layout-flow\">\n<figure class=\"wp-block-image size-large\"><img decoding=\"async\" width=\"1024\" height=\"461\" src=\"https:\/\/ujlog.edu.ci\/wp-content\/uploads\/2023\/12\/Image1-1024x461.jpg\" alt=\"\" class=\"wp-image-4771\" srcset=\"https:\/\/ujlog.edu.ci\/wp-content\/uploads\/2023\/12\/Image1-1024x461.jpg 1024w, https:\/\/ujlog.edu.ci\/wp-content\/uploads\/2023\/12\/Image1-300x135.jpg 300w, https:\/\/ujlog.edu.ci\/wp-content\/uploads\/2023\/12\/Image1-768x346.jpg 768w, https:\/\/ujlog.edu.ci\/wp-content\/uploads\/2023\/12\/Image1-600x270.jpg 600w, https:\/\/ujlog.edu.ci\/wp-content\/uploads\/2023\/12\/Image1.jpg 1386w\" sizes=\"(max-width: 1024px) 100vw, 1024px\" \/><\/figure>\n<\/div>\n<\/div>\n\n\n\n<div style=\"height:25px\" aria-hidden=\"true\" class=\"wp-block-spacer\"><\/div>\n\n\n<p class=\"has-text-align-left\"><strong>L\u2019Universit\u00e9 Jean Lorougnon Gu\u00e9d\u00e9<\/strong>, est une Universit\u00e9 ivoirienne situ\u00e9 dans la R\u00e9gion du Haut-Sassandra, plus pr\u00e9cis\u00e9ment dans la ville de Daloa.<\/p>\n<\/p>\n<p>Cr\u00e9e en 1996, sous le statut d\u2019URES de Daloa, cette institution est devenue depuis le 10 octobre 2012, Universit\u00e9 Jean Lorougnon Gu\u00e9d\u00e9 (<a href=\"https:\/\/ujlog.edu.ci\/en\/a-propos\/qui-est-jean-lorougnon-g\/\">Qui est Jean Lorougnon Gu\u00e9d\u00e9<\/a>), selon le d\u00e9cret N\u00b0 2012-986 DU 10 octobre 2012.<\/p>\n<\/p>\n<p class=\"has-text-align-left\">Elle \u00e9tait pr\u00e9c\u00e9demment un d\u00e9membrement de l\u2019Universit\u00e9 Abobo-Adjam\u00e9 en vue d\u2019approfondir les activit\u00e9s de formations et de recherches en\u00a0<strong>Science Environnementale<\/strong>\u00a0et en\u00a0<strong>Science de la Nature<\/strong>.\u00a0<strong>L\u2019URES de Daloa<\/strong>\u00a0avait des structures de formation et de recherche qui assuraient les missions qui leurs \u00e9taient attribu\u00e9es. Chacune d\u2019entre elles \u00e9laboraient son propre r\u00e8glement int\u00e9rieur qui est soumis au Conseil de\u00a0<strong>l\u2019URES de Daloa<\/strong>\u00a0pour approbation.<\/p>\n<p>Elles comprenaient cinq (5) Unit\u00e9s P\u00e9dagogiques et de Recherche, \u00e0 savoir :<\/p>\n<p>L\u2019Unit\u00e9 P\u00e9dagogique et de Recherche de Biologie et Physiologie Animale ;<\/p>\n<p>L\u2019Unit\u00e9 P\u00e9dagogique et de Recherche de Biologie et Physiologie V\u00e9g\u00e9tales ;<\/p>\n<p>L\u2019Unit\u00e9 P\u00e9dagogique et de Recherche des Sciences de la Terre ;<\/p>\n<p>L\u2019Unit\u00e9 P\u00e9dagogique et de Recherche de Biochimie et Microbiologie ; L\u2019Unit\u00e9 P\u00e9dagogique et de Recherche de chimie, Physique et Math\u00e9matiques ;<\/p>\n\n\n<div style=\"height:50px\" aria-hidden=\"true\" class=\"wp-block-spacer\"><\/div>\n\n\n<p>En 2012, elle est devenue une universit\u00e9 de pleine exercice, comportant cinq(5) UFR et une \u00e9cole de formation continue. Sa mission principale est d&rsquo;assurer la formation des cadres sp\u00e9cialistes du d\u00e9veloppement local, rural et communautaire.<\/p>\n<p>Dans le cadre de ses missions, l&rsquo;Universit\u00e9 Jean Lorougnon Gu\u00e9d\u00e9 peut \u00eatre amen\u00e9 \u00e0 r\u00e9aliser les formations :\u00a0<\/p>\n<p>&#8211;\u00a0 dans les fili\u00e8res agro-foresti\u00e8re et agro-alimentaire ;<\/p>\n<p>&#8211; dans la fili\u00e8res de la didactique en Sciences de la nature ;<\/p>\n<p>&#8211; en sciences physique ;<\/p>\n<p>&#8211; dans les sciences et Technologies ;<\/p>\n<p>&#8211; dans les fili\u00e8res de gestion de l&rsquo;environnement et l&rsquo;ing\u00e9nierie \u00e9cologique ;<\/p>\n<p>&#8211; dans les sciences sociales et \u00e9conomiques ;<\/p>\n\n\n<div style=\"height:79px\" aria-hidden=\"true\" class=\"wp-block-spacer\"><\/div>\n\n\n<p>T\u00e9l\u00e9chargez<em><strong><a href=\"https:\/\/ujlog.edu.ci\/wp-content\/uploads\/2024\/02\/Decret-UJLoG-2023_.pdf\"> ici <\/a><\/strong><\/em>le d\u00e9cret de l&rsquo;Universit\u00e9 Jean Lorougnon Gu\u00e9d\u00e9.<\/p>","protected":false},"excerpt":{"rendered":"<p>L\u2019Universit\u00e9 Jean Lorougnon Gu\u00e9d\u00e9, est une Universit\u00e9 ivoirienne situ\u00e9 dans la R\u00e9gion du Haut-Sassandra, plus pr\u00e9cis\u00e9ment dans la ville de Daloa. Cr\u00e9e en 1996, sous le statut d\u2019URES de Daloa, cette institution est devenue depuis le 10 octobre 2012, Universit\u00e9 &hellip; <\/p>","protected":false},"author":2,"featured_media":0,"parent":64,"menu_order":0,"comment_status":"closed","ping_status":"closed","template":"","meta":{"_uag_custom_page_level_css":"","_monsterinsights_skip_tracking":false,"_monsterinsights_sitenote_active":false,"_monsterinsights_sitenote_note":"","_monsterinsights_sitenote_category":0,"_themeisle_gutenberg_block_has_review":false,"footnotes":""},"class_list":["post-76","page","type-page","status-publish","hentry"],"yoast_head":"<!-- This site is optimized with the Yoast SEO plugin v27.6 - https:\/\/yoast.com\/product\/yoast-seo-wordpress\/ -->\n<title>Historique - Universit\u00e9 Jean Lorougnon Gu\u00e9d\u00e9<\/title>\n<meta name=\"robots\" content=\"index, follow, max-snippet:-1, max-image-preview:large, max-video-preview:-1\" \/>\n<link rel=\"canonical\" href=\"https:\/\/ujlog.edu.ci\/en\/a-propos\/historique\/\" \/>\n<meta property=\"og:locale\" content=\"en_US\" \/>\n<meta property=\"og:type\" content=\"article\" \/>\n<meta property=\"og:title\" content=\"Historique - Universit\u00e9 Jean Lorougnon Gu\u00e9d\u00e9\" \/>\n<meta property=\"og:description\" content=\"L\u2019Universit\u00e9 Jean Lorougnon Gu\u00e9d\u00e9, est une Universit\u00e9 ivoirienne situ\u00e9 dans la R\u00e9gion du Haut-Sassandra, plus pr\u00e9cis\u00e9ment dans la ville de Daloa. Cr\u00e9e en 1996, sous le statut d\u2019URES de Daloa, cette institution est devenue depuis le 10 octobre 2012, Universit\u00e9 &hellip;\" \/>\n<meta property=\"og:url\" content=\"https:\/\/ujlog.edu.ci\/en\/a-propos\/historique\/\" \/>\n<meta property=\"og:site_name\" content=\"Universit\u00e9 Jean Lorougnon Gu\u00e9d\u00e9\" \/>\n<meta property=\"article:modified_time\" content=\"2024-02-09T06:31:36+00:00\" \/>\n<meta property=\"og:image\" content=\"https:\/\/ujlog.edu.ci\/wp-content\/uploads\/2023\/12\/giphy-2.gif\" \/>\n<meta name=\"twitter:card\" content=\"summary_large_image\" \/>\n<meta name=\"twitter:label1\" content=\"Est. reading time\" \/>\n\t<meta name=\"twitter:data1\" content=\"2 minutes\" \/>\n<script type=\"application\/ld+json\" class=\"yoast-schema-graph\">{\"@context\":\"https:\\\/\\\/schema.org\",\"@graph\":[{\"@type\":\"WebPage\",\"@id\":\"https:\\\/\\\/ujlog.edu.ci\\\/a-propos\\\/historique\\\/\",\"url\":\"https:\\\/\\\/ujlog.edu.ci\\\/a-propos\\\/historique\\\/\",\"name\":\"Historique - Universit\u00e9 Jean Lorougnon Gu\u00e9d\u00e9\",\"isPartOf\":{\"@id\":\"https:\\\/\\\/ujlog.edu.ci\\\/#website\"},\"primaryImageOfPage\":{\"@id\":\"https:\\\/\\\/ujlog.edu.ci\\\/a-propos\\\/historique\\\/#primaryimage\"},\"image\":{\"@id\":\"https:\\\/\\\/ujlog.edu.ci\\\/a-propos\\\/historique\\\/#primaryimage\"},\"thumbnailUrl\":\"https:\\\/\\\/ujlog.edu.ci\\\/wp-content\\\/uploads\\\/2023\\\/12\\\/giphy-2.gif\",\"datePublished\":\"2021-07-10T18:21:00+00:00\",\"dateModified\":\"2024-02-09T06:31:36+00:00\",\"breadcrumb\":{\"@id\":\"https:\\\/\\\/ujlog.edu.ci\\\/a-propos\\\/historique\\\/#breadcrumb\"},\"inLanguage\":\"en-US\",\"potentialAction\":[{\"@type\":\"ReadAction\",\"target\":[\"https:\\\/\\\/ujlog.edu.ci\\\/a-propos\\\/historique\\\/\"]}]},{\"@type\":\"ImageObject\",\"inLanguage\":\"en-US\",\"@id\":\"https:\\\/\\\/ujlog.edu.ci\\\/a-propos\\\/historique\\\/#primaryimage\",\"url\":\"https:\\\/\\\/ujlog.edu.ci\\\/wp-content\\\/uploads\\\/2023\\\/12\\\/giphy-2.gif\",\"contentUrl\":\"https:\\\/\\\/ujlog.edu.ci\\\/wp-content\\\/uploads\\\/2023\\\/12\\\/giphy-2.gif\"},{\"@type\":\"BreadcrumbList\",\"@id\":\"https:\\\/\\\/ujlog.edu.ci\\\/a-propos\\\/historique\\\/#breadcrumb\",\"itemListElement\":[{\"@type\":\"ListItem\",\"position\":1,\"name\":\"Accueil\",\"item\":\"https:\\\/\\\/ujlog.edu.ci\\\/\"},{\"@type\":\"ListItem\",\"position\":2,\"name\":\"A PROPOS\",\"item\":\"https:\\\/\\\/ujlog.edu.ci\\\/a-propos\\\/\"},{\"@type\":\"ListItem\",\"position\":3,\"name\":\"Historique\"}]},{\"@type\":\"WebSite\",\"@id\":\"https:\\\/\\\/ujlog.edu.ci\\\/#website\",\"url\":\"https:\\\/\\\/ujlog.edu.ci\\\/\",\"name\":\"Universit\u00e9 Jean Lorougnon Gu\u00e9d\u00e9\",\"description\":\"Universit\u00e9 Jean Lorougnon Gu\u00e9d\u00e9\",\"potentialAction\":[{\"@type\":\"SearchAction\",\"target\":{\"@type\":\"EntryPoint\",\"urlTemplate\":\"https:\\\/\\\/ujlog.edu.ci\\\/?s={search_term_string}\"},\"query-input\":{\"@type\":\"PropertyValueSpecification\",\"valueRequired\":true,\"valueName\":\"search_term_string\"}}],\"inLanguage\":\"en-US\"}]}<\/script>\n<!-- \/ Yoast SEO plugin. -->","yoast_head_json":{"title":"Historique - Universit\u00e9 Jean Lorougnon Gu\u00e9d\u00e9","robots":{"index":"index","follow":"follow","max-snippet":"max-snippet:-1","max-image-preview":"max-image-preview:large","max-video-preview":"max-video-preview:-1"},"canonical":"https:\/\/ujlog.edu.ci\/en\/a-propos\/historique\/","og_locale":"en_US","og_type":"article","og_title":"Historique - Universit\u00e9 Jean Lorougnon Gu\u00e9d\u00e9","og_description":"L\u2019Universit\u00e9 Jean Lorougnon Gu\u00e9d\u00e9, est une Universit\u00e9 ivoirienne situ\u00e9 dans la R\u00e9gion du Haut-Sassandra, plus pr\u00e9cis\u00e9ment dans la ville de Daloa. Cr\u00e9e en 1996, sous le statut d\u2019URES de Daloa, cette institution est devenue depuis le 10 octobre 2012, Universit\u00e9 &hellip;","og_url":"https:\/\/ujlog.edu.ci\/en\/a-propos\/historique\/","og_site_name":"Universit\u00e9 Jean Lorougnon Gu\u00e9d\u00e9","article_modified_time":"2024-02-09T06:31:36+00:00","og_image":[{"url":"https:\/\/ujlog.edu.ci\/wp-content\/uploads\/2023\/12\/giphy-2.gif","type":"","width":"","height":""}],"twitter_card":"summary_large_image","twitter_misc":{"Est. reading time":"2 minutes"},"schema":{"@context":"https:\/\/schema.org","@graph":[{"@type":"WebPage","@id":"https:\/\/ujlog.edu.ci\/a-propos\/historique\/","url":"https:\/\/ujlog.edu.ci\/a-propos\/historique\/","name":"Historique - Universit\u00e9 Jean Lorougnon Gu\u00e9d\u00e9","isPartOf":{"@id":"https:\/\/ujlog.edu.ci\/#website"},"primaryImageOfPage":{"@id":"https:\/\/ujlog.edu.ci\/a-propos\/historique\/#primaryimage"},"image":{"@id":"https:\/\/ujlog.edu.ci\/a-propos\/historique\/#primaryimage"},"thumbnailUrl":"https:\/\/ujlog.edu.ci\/wp-content\/uploads\/2023\/12\/giphy-2.gif","datePublished":"2021-07-10T18:21:00+00:00","dateModified":"2024-02-09T06:31:36+00:00","breadcrumb":{"@id":"https:\/\/ujlog.edu.ci\/a-propos\/historique\/#breadcrumb"},"inLanguage":"en-US","potentialAction":[{"@type":"ReadAction","target":["https:\/\/ujlog.edu.ci\/a-propos\/historique\/"]}]},{"@type":"ImageObject","inLanguage":"en-US","@id":"https:\/\/ujlog.edu.ci\/a-propos\/historique\/#primaryimage","url":"https:\/\/ujlog.edu.ci\/wp-content\/uploads\/2023\/12\/giphy-2.gif","contentUrl":"https:\/\/ujlog.edu.ci\/wp-content\/uploads\/2023\/12\/giphy-2.gif"},{"@type":"BreadcrumbList","@id":"https:\/\/ujlog.edu.ci\/a-propos\/historique\/#breadcrumb","itemListElement":[{"@type":"ListItem","position":1,"name":"Accueil","item":"https:\/\/ujlog.edu.ci\/"},{"@type":"ListItem","position":2,"name":"A PROPOS","item":"https:\/\/ujlog.edu.ci\/a-propos\/"},{"@type":"ListItem","position":3,"name":"Historique"}]},{"@type":"WebSite","@id":"https:\/\/ujlog.edu.ci\/#website","url":"https:\/\/ujlog.edu.ci\/","name":"Universit\u00e9 Jean Lorougnon Gu\u00e9d\u00e9","description":"Universit\u00e9 Jean Lorougnon Gu\u00e9d\u00e9","potentialAction":[{"@type":"SearchAction","target":{"@type":"EntryPoint","urlTemplate":"https:\/\/ujlog.edu.ci\/?s={search_term_string}"},"query-input":{"@type":"PropertyValueSpecification","valueRequired":true,"valueName":"search_term_string"}}],"inLanguage":"en-US"}]}},"uagb_featured_image_src":{"full":false,"thumbnail":false,"medium":false,"medium_large":false,"large":false,"1536x1536":false,"2048x2048":false,"trp-custom-language-flag":false,"course_thumbnail":false,"woocommerce_thumbnail":false,"woocommerce_single":false,"woocommerce_gallery_thumbnail":false},"uagb_author_info":{"display_name":"service communication","author_link":"https:\/\/ujlog.edu.ci\/en\/author\/service-communication\/"},"uagb_comment_info":0,"uagb_excerpt":"L\u2019Universit\u00e9 Jean Lorougnon Gu\u00e9d\u00e9, est une Universit\u00e9 ivoirienne situ\u00e9 dans la R\u00e9gion du Haut-Sassandra, plus pr\u00e9cis\u00e9ment dans la ville de Daloa. Cr\u00e9e en 1996, sous le statut d\u2019URES de Daloa, cette institution est devenue depuis le 10 octobre 2012, Universit\u00e9 &hellip;","_links":{"self":[{"href":"https:\/\/ujlog.edu.ci\/en\/wp-json\/wp\/v2\/pages\/76","targetHints":{"allow":["GET"]}}],"collection":[{"href":"https:\/\/ujlog.edu.ci\/en\/wp-json\/wp\/v2\/pages"}],"about":[{"href":"https:\/\/ujlog.edu.ci\/en\/wp-json\/wp\/v2\/types\/page"}],"author":[{"embeddable":true,"href":"https:\/\/ujlog.edu.ci\/en\/wp-json\/wp\/v2\/users\/2"}],"replies":[{"embeddable":true,"href":"https:\/\/ujlog.edu.ci\/en\/wp-json\/wp\/v2\/comments?post=76"}],"version-history":[{"count":21,"href":"https:\/\/ujlog.edu.ci\/en\/wp-json\/wp\/v2\/pages\/76\/revisions"}],"predecessor-version":[{"id":5321,"href":"https:\/\/ujlog.edu.ci\/en\/wp-json\/wp\/v2\/pages\/76\/revisions\/5321"}],"up":[{"embeddable":true,"href":"https:\/\/ujlog.edu.ci\/en\/wp-json\/wp\/v2\/pages\/64"}],"wp:attachment":[{"href":"https:\/\/ujlog.edu.ci\/en\/wp-json\/wp\/v2\/media?parent=76"}],"curies":[{"name":"wp","href":"https:\/\/api.w.org\/{rel}","templated":true}]}}