{"id":6254,"date":"2025-12-10T09:55:25","date_gmt":"2025-12-10T09:55:25","guid":{"rendered":"https:\/\/ujlog.edu.ci\/?page_id=6254"},"modified":"2025-12-11T06:23:14","modified_gmt":"2025-12-11T06:23:14","slug":"galerie-jsedd","status":"publish","type":"page","link":"https:\/\/ujlog.edu.ci\/en\/galerie-jsedd\/","title":{"rendered":"GALERIE JSEDD"},"content":{"rendered":"<figure class=\"wp-block-image size-large\"><img fetchpriority=\"high\" decoding=\"async\" width=\"1024\" height=\"162\" src=\"https:\/\/ujlog.edu.ci\/wp-content\/uploads\/2025\/12\/COVER-JSEDD--1024x162.jpg\" alt=\"\" class=\"wp-image-6258\" srcset=\"https:\/\/ujlog.edu.ci\/wp-content\/uploads\/2025\/12\/COVER-JSEDD--1024x162.jpg 1024w, https:\/\/ujlog.edu.ci\/wp-content\/uploads\/2025\/12\/COVER-JSEDD--300x48.jpg 300w, https:\/\/ujlog.edu.ci\/wp-content\/uploads\/2025\/12\/COVER-JSEDD--768x122.jpg 768w, https:\/\/ujlog.edu.ci\/wp-content\/uploads\/2025\/12\/COVER-JSEDD--1536x244.jpg 1536w, https:\/\/ujlog.edu.ci\/wp-content\/uploads\/2025\/12\/COVER-JSEDD--2048x325.jpg 2048w, https:\/\/ujlog.edu.ci\/wp-content\/uploads\/2025\/12\/COVER-JSEDD--600x95.jpg 600w\" sizes=\"(max-width: 1024px) 100vw, 1024px\" \/><\/figure>\n\n\n\n<figure class=\"wp-block-gallery has-nested-images columns-default is-cropped wp-block-gallery-1 is-layout-flex wp-block-gallery-is-layout-flex\">\n<figure class=\"wp-block-image size-large\"><img decoding=\"async\" width=\"1024\" height=\"565\" data-id=\"6261\" src=\"https:\/\/ujlog.edu.ci\/wp-content\/uploads\/2025\/12\/JSEDD-ENSEMBLE-1024x565.jpg\" alt=\"\" class=\"wp-image-6261\" srcset=\"https:\/\/ujlog.edu.ci\/wp-content\/uploads\/2025\/12\/JSEDD-ENSEMBLE-1024x565.jpg 1024w, https:\/\/ujlog.edu.ci\/wp-content\/uploads\/2025\/12\/JSEDD-ENSEMBLE-300x166.jpg 300w, https:\/\/ujlog.edu.ci\/wp-content\/uploads\/2025\/12\/JSEDD-ENSEMBLE-768x424.jpg 768w, https:\/\/ujlog.edu.ci\/wp-content\/uploads\/2025\/12\/JSEDD-ENSEMBLE-1536x848.jpg 1536w, https:\/\/ujlog.edu.ci\/wp-content\/uploads\/2025\/12\/JSEDD-ENSEMBLE-600x331.jpg 600w, https:\/\/ujlog.edu.ci\/wp-content\/uploads\/2025\/12\/JSEDD-ENSEMBLE.jpg 1920w\" sizes=\"(max-width: 1024px) 100vw, 1024px\" \/><\/figure>\n<\/figure>\n\n\n\n<div class=\"wp-block-buttons is-layout-flex wp-block-buttons-is-layout-flex\">\n<div class=\"wp-block-button is-style-fill\"><a class=\"wp-block-button__link has-vivid-green-cyan-background-color has-background has-large-font-size has-custom-font-size wp-element-button\" href=\"https:\/\/drive.google.com\/drive\/folders\/1OArtFe8kCoppMxIWt10MzqILBB8eWovP?usp=sharing\" style=\"border-top-left-radius:24px;border-top-right-radius:24px;border-bottom-left-radius:24px;border-bottom-right-radius:24px\" target=\"_blank\" rel=\"noreferrer noopener\">TELECHARGER LES IMAGES DE LA JSEDD 2025<\/a><\/div>\n<\/div>","protected":false},"excerpt":{"rendered":"","protected":false},"author":2,"featured_media":6255,"parent":0,"menu_order":0,"comment_status":"closed","ping_status":"closed","template":"","meta":{"_uag_custom_page_level_css":"","_monsterinsights_skip_tracking":false,"_monsterinsights_sitenote_active":false,"_monsterinsights_sitenote_note":"","_monsterinsights_sitenote_category":0,"_themeisle_gutenberg_block_has_review":false,"footnotes":""},"class_list":["post-6254","page","type-page","status-publish","has-post-thumbnail","hentry"],"yoast_head":"<!-- This site is optimized with the Yoast SEO plugin v27.6 - https:\/\/yoast.com\/product\/yoast-seo-wordpress\/ -->\n<title>GALERIE JSEDD - Universit\u00e9 Jean Lorougnon Gu\u00e9d\u00e9<\/title>\n<meta name=\"robots\" content=\"index, follow, max-snippet:-1, max-image-preview:large, max-video-preview:-1\" \/>\n<link rel=\"canonical\" href=\"https:\/\/ujlog.edu.ci\/en\/galerie-jsedd\/\" \/>\n<meta property=\"og:locale\" content=\"en_US\" \/>\n<meta property=\"og:type\" content=\"article\" \/>\n<meta property=\"og:title\" content=\"GALERIE JSEDD - Universit\u00e9 Jean Lorougnon Gu\u00e9d\u00e9\" \/>\n<meta property=\"og:url\" content=\"https:\/\/ujlog.edu.ci\/en\/galerie-jsedd\/\" \/>\n<meta property=\"og:site_name\" content=\"Universit\u00e9 Jean Lorougnon Gu\u00e9d\u00e9\" \/>\n<meta property=\"article:modified_time\" content=\"2025-12-11T06:23:14+00:00\" \/>\n<meta property=\"og:image\" content=\"https:\/\/ujlog.edu.ci\/wp-content\/uploads\/2025\/12\/AFFICHE-JSEDD--scaled.jpg\" \/>\n\t<meta property=\"og:image:width\" content=\"2560\" \/>\n\t<meta property=\"og:image:height\" content=\"1244\" \/>\n\t<meta property=\"og:image:type\" content=\"image\/jpeg\" \/>\n<meta name=\"twitter:card\" content=\"summary_large_image\" \/>\n<meta name=\"twitter:label1\" content=\"Est. reading time\" \/>\n\t<meta name=\"twitter:data1\" content=\"1 minute\" \/>\n<script type=\"application\/ld+json\" class=\"yoast-schema-graph\">{\"@context\":\"https:\\\/\\\/schema.org\",\"@graph\":[{\"@type\":\"WebPage\",\"@id\":\"https:\\\/\\\/ujlog.edu.ci\\\/galerie-jsedd\\\/\",\"url\":\"https:\\\/\\\/ujlog.edu.ci\\\/galerie-jsedd\\\/\",\"name\":\"GALERIE JSEDD - Universit\u00e9 Jean Lorougnon Gu\u00e9d\u00e9\",\"isPartOf\":{\"@id\":\"https:\\\/\\\/ujlog.edu.ci\\\/#website\"},\"primaryImageOfPage\":{\"@id\":\"https:\\\/\\\/ujlog.edu.ci\\\/galerie-jsedd\\\/#primaryimage\"},\"image\":{\"@id\":\"https:\\\/\\\/ujlog.edu.ci\\\/galerie-jsedd\\\/#primaryimage\"},\"thumbnailUrl\":\"https:\\\/\\\/ujlog.edu.ci\\\/wp-content\\\/uploads\\\/2025\\\/12\\\/AFFICHE-JSEDD--scaled.jpg\",\"datePublished\":\"2025-12-10T09:55:25+00:00\",\"dateModified\":\"2025-12-11T06:23:14+00:00\",\"breadcrumb\":{\"@id\":\"https:\\\/\\\/ujlog.edu.ci\\\/galerie-jsedd\\\/#breadcrumb\"},\"inLanguage\":\"en-US\",\"potentialAction\":[{\"@type\":\"ReadAction\",\"target\":[\"https:\\\/\\\/ujlog.edu.ci\\\/galerie-jsedd\\\/\"]}]},{\"@type\":\"ImageObject\",\"inLanguage\":\"en-US\",\"@id\":\"https:\\\/\\\/ujlog.edu.ci\\\/galerie-jsedd\\\/#primaryimage\",\"url\":\"https:\\\/\\\/ujlog.edu.ci\\\/wp-content\\\/uploads\\\/2025\\\/12\\\/AFFICHE-JSEDD--scaled.jpg\",\"contentUrl\":\"https:\\\/\\\/ujlog.edu.ci\\\/wp-content\\\/uploads\\\/2025\\\/12\\\/AFFICHE-JSEDD--scaled.jpg\",\"width\":2560,\"height\":1244},{\"@type\":\"BreadcrumbList\",\"@id\":\"https:\\\/\\\/ujlog.edu.ci\\\/galerie-jsedd\\\/#breadcrumb\",\"itemListElement\":[{\"@type\":\"ListItem\",\"position\":1,\"name\":\"Accueil\",\"item\":\"https:\\\/\\\/ujlog.edu.ci\\\/\"},{\"@type\":\"ListItem\",\"position\":2,\"name\":\"GALERIE JSEDD\"}]},{\"@type\":\"WebSite\",\"@id\":\"https:\\\/\\\/ujlog.edu.ci\\\/#website\",\"url\":\"https:\\\/\\\/ujlog.edu.ci\\\/\",\"name\":\"Universit\u00e9 Jean Lorougnon Gu\u00e9d\u00e9\",\"description\":\"Universit\u00e9 Jean Lorougnon Gu\u00e9d\u00e9\",\"potentialAction\":[{\"@type\":\"SearchAction\",\"target\":{\"@type\":\"EntryPoint\",\"urlTemplate\":\"https:\\\/\\\/ujlog.edu.ci\\\/?s={search_term_string}\"},\"query-input\":{\"@type\":\"PropertyValueSpecification\",\"valueRequired\":true,\"valueName\":\"search_term_string\"}}],\"inLanguage\":\"en-US\"}]}<\/script>\n<!-- \/ Yoast SEO plugin. -->","yoast_head_json":{"title":"GALERIE JSEDD - Universit\u00e9 Jean Lorougnon Gu\u00e9d\u00e9","robots":{"index":"index","follow":"follow","max-snippet":"max-snippet:-1","max-image-preview":"max-image-preview:large","max-video-preview":"max-video-preview:-1"},"canonical":"https:\/\/ujlog.edu.ci\/en\/galerie-jsedd\/","og_locale":"en_US","og_type":"article","og_title":"GALERIE JSEDD - Universit\u00e9 Jean Lorougnon Gu\u00e9d\u00e9","og_url":"https:\/\/ujlog.edu.ci\/en\/galerie-jsedd\/","og_site_name":"Universit\u00e9 Jean Lorougnon Gu\u00e9d\u00e9","article_modified_time":"2025-12-11T06:23:14+00:00","og_image":[{"width":2560,"height":1244,"url":"https:\/\/ujlog.edu.ci\/wp-content\/uploads\/2025\/12\/AFFICHE-JSEDD--scaled.jpg","type":"image\/jpeg"}],"twitter_card":"summary_large_image","twitter_misc":{"Est. reading time":"1 minute"},"schema":{"@context":"https:\/\/schema.org","@graph":[{"@type":"WebPage","@id":"https:\/\/ujlog.edu.ci\/galerie-jsedd\/","url":"https:\/\/ujlog.edu.ci\/galerie-jsedd\/","name":"GALERIE JSEDD - Universit\u00e9 Jean Lorougnon Gu\u00e9d\u00e9","isPartOf":{"@id":"https:\/\/ujlog.edu.ci\/#website"},"primaryImageOfPage":{"@id":"https:\/\/ujlog.edu.ci\/galerie-jsedd\/#primaryimage"},"image":{"@id":"https:\/\/ujlog.edu.ci\/galerie-jsedd\/#primaryimage"},"thumbnailUrl":"https:\/\/ujlog.edu.ci\/wp-content\/uploads\/2025\/12\/AFFICHE-JSEDD--scaled.jpg","datePublished":"2025-12-10T09:55:25+00:00","dateModified":"2025-12-11T06:23:14+00:00","breadcrumb":{"@id":"https:\/\/ujlog.edu.ci\/galerie-jsedd\/#breadcrumb"},"inLanguage":"en-US","potentialAction":[{"@type":"ReadAction","target":["https:\/\/ujlog.edu.ci\/galerie-jsedd\/"]}]},{"@type":"ImageObject","inLanguage":"en-US","@id":"https:\/\/ujlog.edu.ci\/galerie-jsedd\/#primaryimage","url":"https:\/\/ujlog.edu.ci\/wp-content\/uploads\/2025\/12\/AFFICHE-JSEDD--scaled.jpg","contentUrl":"https:\/\/ujlog.edu.ci\/wp-content\/uploads\/2025\/12\/AFFICHE-JSEDD--scaled.jpg","width":2560,"height":1244},{"@type":"BreadcrumbList","@id":"https:\/\/ujlog.edu.ci\/galerie-jsedd\/#breadcrumb","itemListElement":[{"@type":"ListItem","position":1,"name":"Accueil","item":"https:\/\/ujlog.edu.ci\/"},{"@type":"ListItem","position":2,"name":"GALERIE JSEDD"}]},{"@type":"WebSite","@id":"https:\/\/ujlog.edu.ci\/#website","url":"https:\/\/ujlog.edu.ci\/","name":"Universit\u00e9 Jean Lorougnon Gu\u00e9d\u00e9","description":"Universit\u00e9 Jean Lorougnon Gu\u00e9d\u00e9","potentialAction":[{"@type":"SearchAction","target":{"@type":"EntryPoint","urlTemplate":"https:\/\/ujlog.edu.ci\/?s={search_term_string}"},"query-input":{"@type":"PropertyValueSpecification","valueRequired":true,"valueName":"search_term_string"}}],"inLanguage":"en-US"}]}},"uagb_featured_image_src":{"full":["https:\/\/ujlog.edu.ci\/wp-content\/uploads\/2025\/12\/AFFICHE-JSEDD--scaled.jpg",2560,1244,false],"thumbnail":["https:\/\/ujlog.edu.ci\/wp-content\/uploads\/2025\/12\/AFFICHE-JSEDD--150x150.jpg",150,150,true],"medium":["https:\/\/ujlog.edu.ci\/wp-content\/uploads\/2025\/12\/AFFICHE-JSEDD--300x146.jpg",300,146,true],"medium_large":["https:\/\/ujlog.edu.ci\/wp-content\/uploads\/2025\/12\/AFFICHE-JSEDD--768x373.jpg",640,311,true],"large":["https:\/\/ujlog.edu.ci\/wp-content\/uploads\/2025\/12\/AFFICHE-JSEDD--1024x498.jpg",640,311,true],"1536x1536":["https:\/\/ujlog.edu.ci\/wp-content\/uploads\/2025\/12\/AFFICHE-JSEDD--1536x746.jpg",1536,746,true],"2048x2048":["https:\/\/ujlog.edu.ci\/wp-content\/uploads\/2025\/12\/AFFICHE-JSEDD--2048x995.jpg",2048,995,true],"trp-custom-language-flag":["https:\/\/ujlog.edu.ci\/wp-content\/uploads\/2025\/12\/AFFICHE-JSEDD--scaled.jpg",18,9,false],"course_thumbnail":["https:\/\/ujlog.edu.ci\/wp-content\/uploads\/2025\/12\/AFFICHE-JSEDD--scaled.jpg",400,194,false],"woocommerce_thumbnail":["https:\/\/ujlog.edu.ci\/wp-content\/uploads\/2025\/12\/AFFICHE-JSEDD--300x300.jpg",300,300,true],"woocommerce_single":["https:\/\/ujlog.edu.ci\/wp-content\/uploads\/2025\/12\/AFFICHE-JSEDD--scaled-600x292.jpg",600,292,true],"woocommerce_gallery_thumbnail":["https:\/\/ujlog.edu.ci\/wp-content\/uploads\/2025\/12\/AFFICHE-JSEDD--100x100.jpg",100,100,true]},"uagb_author_info":{"display_name":"service communication","author_link":"https:\/\/ujlog.edu.ci\/en\/author\/service-communication\/"},"uagb_comment_info":0,"uagb_excerpt":null,"_links":{"self":[{"href":"https:\/\/ujlog.edu.ci\/en\/wp-json\/wp\/v2\/pages\/6254","targetHints":{"allow":["GET"]}}],"collection":[{"href":"https:\/\/ujlog.edu.ci\/en\/wp-json\/wp\/v2\/pages"}],"about":[{"href":"https:\/\/ujlog.edu.ci\/en\/wp-json\/wp\/v2\/types\/page"}],"author":[{"embeddable":true,"href":"https:\/\/ujlog.edu.ci\/en\/wp-json\/wp\/v2\/users\/2"}],"replies":[{"embeddable":true,"href":"https:\/\/ujlog.edu.ci\/en\/wp-json\/wp\/v2\/comments?post=6254"}],"version-history":[{"count":3,"href":"https:\/\/ujlog.edu.ci\/en\/wp-json\/wp\/v2\/pages\/6254\/revisions"}],"predecessor-version":[{"id":6263,"href":"https:\/\/ujlog.edu.ci\/en\/wp-json\/wp\/v2\/pages\/6254\/revisions\/6263"}],"wp:featuredmedia":[{"embeddable":true,"href":"https:\/\/ujlog.edu.ci\/en\/wp-json\/wp\/v2\/media\/6255"}],"wp:attachment":[{"href":"https:\/\/ujlog.edu.ci\/en\/wp-json\/wp\/v2\/media?parent=6254"}],"curies":[{"name":"wp","href":"https:\/\/api.w.org\/{rel}","templated":true}]}}