{"id":6143,"date":"2025-09-08T11:15:09","date_gmt":"2025-09-08T11:15:09","guid":{"rendered":"https:\/\/ujlog.edu.ci\/?page_id=6143"},"modified":"2025-09-12T11:25:37","modified_gmt":"2025-09-12T11:25:37","slug":"finalisation-dinscription","status":"publish","type":"page","link":"https:\/\/ujlog.edu.ci\/en\/finalisation-dinscription\/","title":{"rendered":"Finalisation d&rsquo;inscription"},"content":{"rendered":"<h2 class=\"wp-block-heading\"><strong>Finalisez votre inscription et obtenez votre carte d\u2019\u00e9tudiant !<\/strong><\/h2>\n\n\n\n<p>F\u00e9licitations pour votre admission ! Pour finaliser votre inscription administrative et recevoir votre <strong>carte d\u2019\u00e9tudiant officielle<\/strong>, veuillez suivre les \u00e9tapes essentielles ci-dessous.<\/p>\n\n\n\n<p><strong>\u00c9tape 1<\/strong>\u00a0: Aller sur Tr\u00e9sor Pay pour le paiement des frais d\u2019inscription avec l\u2019Identifiant Permanent (se trouvant sur la fiche d\u2019orientation)<\/p>\n\n\n\n<p><strong>Etape 2<\/strong>&nbsp;: Imprimer le re\u00e7u de Tr\u00e9sor Pay<\/p>\n\n\n\n<p><strong>\u00c9tape 3<\/strong>\u00a0:\u00a0Aller sur le site du Minist\u00e8re de l\u2019Enseignement Sup\u00e9rieur pour imprimer la <strong><em>fiche d\u2019inscription<\/em><\/strong> \u00e0 partir de\u00a0l\u2019Identifiant Permanent, la r\u00e9f\u00e9rence de paiement et le num\u00e9ro de t\u00e9l\u00e9phone ayant servi au paiement<\/p>\n\n\n\n<p><strong>\u00c9tape 4<\/strong>\u00a0: S\u2019enregistrer et imprimer la fiche d\u2019enregistrement sur le site d\u2019UJLoG\u00a0: <strong><em>https:\/\/ujlog.edu.ci\/finalisation-dinscription\/<\/em><\/strong><\/p>\n\n\n\n<p><strong>\u00c9tape 5<\/strong>\u00a0: Se rendre \u00e0 la scolarit\u00e9 Centrale UJLoG\u00a0:<\/p>\n\n\n\n<ul class=\"wp-block-list\">\n<li>Pour les<strong><em> anciens \u00e9tudiants<\/em><\/strong>, <strong><em>se<\/em><\/strong> <strong><em>munir de la fiche d\u2019enregistrement<\/em><\/strong> <strong><em>et de<\/em> la carte d\u2019\u00e9tudiant<\/strong><\/li>\n\n\n\n<li>Pour les <strong><em>nouveaux bacheliers<\/em><\/strong>, <strong><em>se munir de la fiche d\u2019enregistrement<\/em><\/strong> <strong><em>et du dossier\u00a0 d\u2019inscription <\/em><\/strong>\u00e0 fournir pour la finalisation. Liste ci-dessous.<\/li>\n\n\n\n<li>(01) photocopie l\u00e9galis\u00e9e de la collante du BAC<\/li>\n\n\n\n<li>(01) photocopie de la carte CMU (Couverture Maladie Universelle)<\/li>\n\n\n\n<li>(01) photocopie lisible de la carte d\u2019identit\u00e9 ou re\u00e7u de la demande de carte d\u2019identit\u00e9<\/li>\n\n\n\n<li>(01) copie d\u2019autorisation parentale \u00e0 retirer \u00e0 la scolarit\u00e9 (moins de 18 ans)<\/li>\n\n\n\n<li>(01) copie de l\u2019extrait de naissance de moins d\u2019un (1) an<\/li>\n<\/ul>\n\n\n\n<p>Bonne rentr\u00e9e et bienvenue parmi nous !<\/p>\n\n\n\n<div class=\"wp-block-zoho-zoho-forms\"><iframe height=\"600px\" width=\"100%\" frameborder=\"0\" allowtransparency=\"true\" scrolling=\"auto\" src=\"https:\/\/forms.zohopublic.com\/ujlog\/form\/PrinscriptionUJLoG\/formperma\/ZuEpabCuQexiCyf2lwM9wD1tjEXbsUd9GRCvzDQPQKU\"> <\/iframe><\/div>","protected":false},"excerpt":{"rendered":"<p>Finalisez votre inscription et obtenez votre carte d\u2019\u00e9tudiant ! F\u00e9licitations pour votre admission ! Pour finaliser votre inscription administrative et recevoir votre carte d\u2019\u00e9tudiant officielle, veuillez suivre les \u00e9tapes essentielles ci-dessous. \u00c9tape 1\u00a0: Aller sur Tr\u00e9sor Pay pour le paiement &hellip; <\/p>","protected":false},"author":7,"featured_media":0,"parent":0,"menu_order":0,"comment_status":"closed","ping_status":"closed","template":"","meta":{"_uag_custom_page_level_css":"","_monsterinsights_skip_tracking":false,"_monsterinsights_sitenote_active":false,"_monsterinsights_sitenote_note":"","_monsterinsights_sitenote_category":0,"_themeisle_gutenberg_block_has_review":false,"footnotes":""},"class_list":["post-6143","page","type-page","status-publish","hentry"],"yoast_head":"<!-- This site is optimized with the Yoast SEO plugin v27.6 - https:\/\/yoast.com\/product\/yoast-seo-wordpress\/ -->\n<title>Finalisation d&#039;inscription - Universit\u00e9 Jean Lorougnon Gu\u00e9d\u00e9<\/title>\n<meta name=\"robots\" content=\"index, follow, max-snippet:-1, max-image-preview:large, max-video-preview:-1\" \/>\n<link rel=\"canonical\" href=\"https:\/\/ujlog.edu.ci\/en\/finalisation-dinscription\/\" \/>\n<meta property=\"og:locale\" content=\"en_US\" \/>\n<meta property=\"og:type\" content=\"article\" \/>\n<meta property=\"og:title\" content=\"Finalisation d&#039;inscription - Universit\u00e9 Jean Lorougnon Gu\u00e9d\u00e9\" \/>\n<meta property=\"og:description\" content=\"Finalisez votre inscription et obtenez votre carte d\u2019\u00e9tudiant ! F\u00e9licitations pour votre admission ! Pour finaliser votre inscription administrative et recevoir votre carte d\u2019\u00e9tudiant officielle, veuillez suivre les \u00e9tapes essentielles ci-dessous. \u00c9tape 1\u00a0: Aller sur Tr\u00e9sor Pay pour le paiement &hellip;\" \/>\n<meta property=\"og:url\" content=\"https:\/\/ujlog.edu.ci\/en\/finalisation-dinscription\/\" \/>\n<meta property=\"og:site_name\" content=\"Universit\u00e9 Jean Lorougnon Gu\u00e9d\u00e9\" \/>\n<meta property=\"article:modified_time\" content=\"2025-09-12T11:25:37+00:00\" \/>\n<meta name=\"twitter:card\" content=\"summary_large_image\" \/>\n<meta name=\"twitter:label1\" content=\"Est. reading time\" \/>\n\t<meta name=\"twitter:data1\" content=\"2 minutes\" \/>\n<script type=\"application\/ld+json\" class=\"yoast-schema-graph\">{\"@context\":\"https:\\\/\\\/schema.org\",\"@graph\":[{\"@type\":\"WebPage\",\"@id\":\"https:\\\/\\\/ujlog.edu.ci\\\/finalisation-dinscription\\\/\",\"url\":\"https:\\\/\\\/ujlog.edu.ci\\\/finalisation-dinscription\\\/\",\"name\":\"Finalisation d'inscription - Universit\u00e9 Jean Lorougnon Gu\u00e9d\u00e9\",\"isPartOf\":{\"@id\":\"https:\\\/\\\/ujlog.edu.ci\\\/#website\"},\"datePublished\":\"2025-09-08T11:15:09+00:00\",\"dateModified\":\"2025-09-12T11:25:37+00:00\",\"breadcrumb\":{\"@id\":\"https:\\\/\\\/ujlog.edu.ci\\\/finalisation-dinscription\\\/#breadcrumb\"},\"inLanguage\":\"en-US\",\"potentialAction\":[{\"@type\":\"ReadAction\",\"target\":[\"https:\\\/\\\/ujlog.edu.ci\\\/finalisation-dinscription\\\/\"]}]},{\"@type\":\"BreadcrumbList\",\"@id\":\"https:\\\/\\\/ujlog.edu.ci\\\/finalisation-dinscription\\\/#breadcrumb\",\"itemListElement\":[{\"@type\":\"ListItem\",\"position\":1,\"name\":\"Accueil\",\"item\":\"https:\\\/\\\/ujlog.edu.ci\\\/\"},{\"@type\":\"ListItem\",\"position\":2,\"name\":\"Finalisation d&rsquo;inscription\"}]},{\"@type\":\"WebSite\",\"@id\":\"https:\\\/\\\/ujlog.edu.ci\\\/#website\",\"url\":\"https:\\\/\\\/ujlog.edu.ci\\\/\",\"name\":\"Universit\u00e9 Jean Lorougnon Gu\u00e9d\u00e9\",\"description\":\"Universit\u00e9 Jean Lorougnon Gu\u00e9d\u00e9\",\"potentialAction\":[{\"@type\":\"SearchAction\",\"target\":{\"@type\":\"EntryPoint\",\"urlTemplate\":\"https:\\\/\\\/ujlog.edu.ci\\\/?s={search_term_string}\"},\"query-input\":{\"@type\":\"PropertyValueSpecification\",\"valueRequired\":true,\"valueName\":\"search_term_string\"}}],\"inLanguage\":\"en-US\"}]}<\/script>\n<!-- \/ Yoast SEO plugin. -->","yoast_head_json":{"title":"Finalisation d'inscription - Universit\u00e9 Jean Lorougnon Gu\u00e9d\u00e9","robots":{"index":"index","follow":"follow","max-snippet":"max-snippet:-1","max-image-preview":"max-image-preview:large","max-video-preview":"max-video-preview:-1"},"canonical":"https:\/\/ujlog.edu.ci\/en\/finalisation-dinscription\/","og_locale":"en_US","og_type":"article","og_title":"Finalisation d'inscription - Universit\u00e9 Jean Lorougnon Gu\u00e9d\u00e9","og_description":"Finalisez votre inscription et obtenez votre carte d\u2019\u00e9tudiant ! F\u00e9licitations pour votre admission ! Pour finaliser votre inscription administrative et recevoir votre carte d\u2019\u00e9tudiant officielle, veuillez suivre les \u00e9tapes essentielles ci-dessous. \u00c9tape 1\u00a0: Aller sur Tr\u00e9sor Pay pour le paiement &hellip;","og_url":"https:\/\/ujlog.edu.ci\/en\/finalisation-dinscription\/","og_site_name":"Universit\u00e9 Jean Lorougnon Gu\u00e9d\u00e9","article_modified_time":"2025-09-12T11:25:37+00:00","twitter_card":"summary_large_image","twitter_misc":{"Est. reading time":"2 minutes"},"schema":{"@context":"https:\/\/schema.org","@graph":[{"@type":"WebPage","@id":"https:\/\/ujlog.edu.ci\/finalisation-dinscription\/","url":"https:\/\/ujlog.edu.ci\/finalisation-dinscription\/","name":"Finalisation d'inscription - Universit\u00e9 Jean Lorougnon Gu\u00e9d\u00e9","isPartOf":{"@id":"https:\/\/ujlog.edu.ci\/#website"},"datePublished":"2025-09-08T11:15:09+00:00","dateModified":"2025-09-12T11:25:37+00:00","breadcrumb":{"@id":"https:\/\/ujlog.edu.ci\/finalisation-dinscription\/#breadcrumb"},"inLanguage":"en-US","potentialAction":[{"@type":"ReadAction","target":["https:\/\/ujlog.edu.ci\/finalisation-dinscription\/"]}]},{"@type":"BreadcrumbList","@id":"https:\/\/ujlog.edu.ci\/finalisation-dinscription\/#breadcrumb","itemListElement":[{"@type":"ListItem","position":1,"name":"Accueil","item":"https:\/\/ujlog.edu.ci\/"},{"@type":"ListItem","position":2,"name":"Finalisation d&rsquo;inscription"}]},{"@type":"WebSite","@id":"https:\/\/ujlog.edu.ci\/#website","url":"https:\/\/ujlog.edu.ci\/","name":"Universit\u00e9 Jean Lorougnon Gu\u00e9d\u00e9","description":"Universit\u00e9 Jean Lorougnon Gu\u00e9d\u00e9","potentialAction":[{"@type":"SearchAction","target":{"@type":"EntryPoint","urlTemplate":"https:\/\/ujlog.edu.ci\/?s={search_term_string}"},"query-input":{"@type":"PropertyValueSpecification","valueRequired":true,"valueName":"search_term_string"}}],"inLanguage":"en-US"}]}},"uagb_featured_image_src":{"full":false,"thumbnail":false,"medium":false,"medium_large":false,"large":false,"1536x1536":false,"2048x2048":false,"trp-custom-language-flag":false,"course_thumbnail":false,"woocommerce_thumbnail":false,"woocommerce_single":false,"woocommerce_gallery_thumbnail":false},"uagb_author_info":{"display_name":"Elyass Kouam\u00e9","author_link":"https:\/\/ujlog.edu.ci\/en\/author\/elyass-kouame\/"},"uagb_comment_info":0,"uagb_excerpt":"Finalisez votre inscription et obtenez votre carte d\u2019\u00e9tudiant ! F\u00e9licitations pour votre admission ! Pour finaliser votre inscription administrative et recevoir votre carte d\u2019\u00e9tudiant officielle, veuillez suivre les \u00e9tapes essentielles ci-dessous. \u00c9tape 1\u00a0: Aller sur Tr\u00e9sor Pay pour le paiement &hellip;","_links":{"self":[{"href":"https:\/\/ujlog.edu.ci\/en\/wp-json\/wp\/v2\/pages\/6143","targetHints":{"allow":["GET"]}}],"collection":[{"href":"https:\/\/ujlog.edu.ci\/en\/wp-json\/wp\/v2\/pages"}],"about":[{"href":"https:\/\/ujlog.edu.ci\/en\/wp-json\/wp\/v2\/types\/page"}],"author":[{"embeddable":true,"href":"https:\/\/ujlog.edu.ci\/en\/wp-json\/wp\/v2\/users\/7"}],"replies":[{"embeddable":true,"href":"https:\/\/ujlog.edu.ci\/en\/wp-json\/wp\/v2\/comments?post=6143"}],"version-history":[{"count":6,"href":"https:\/\/ujlog.edu.ci\/en\/wp-json\/wp\/v2\/pages\/6143\/revisions"}],"predecessor-version":[{"id":6190,"href":"https:\/\/ujlog.edu.ci\/en\/wp-json\/wp\/v2\/pages\/6143\/revisions\/6190"}],"wp:attachment":[{"href":"https:\/\/ujlog.edu.ci\/en\/wp-json\/wp\/v2\/media?parent=6143"}],"curies":[{"name":"wp","href":"https:\/\/api.w.org\/{rel}","templated":true}]}}