{"id":6137,"date":"2025-09-05T20:26:13","date_gmt":"2025-09-05T20:26:13","guid":{"rendered":"https:\/\/ujlog.edu.ci\/?page_id=6137"},"modified":"2026-04-30T10:35:55","modified_gmt":"2026-04-30T10:35:55","slug":"recherches-et-decouvertes","status":"publish","type":"page","link":"https:\/\/ujlog.edu.ci\/en\/recherches-et-decouvertes\/","title":{"rendered":"Recherches et D\u00e9couvertes"},"content":{"rendered":"<p class=\"has-white-color has-luminous-vivid-orange-background-color has-text-color has-background has-link-color wp-elements-65c43de50849194d49249b66fc91810d\"><strong>Orientations de la recherche (proposition \u00e0 am\u00e9liorer)<\/strong><\/p>\n\n\n\n<p>UJLoG veut \u00eatre un acteur scientifique structur\u00e9, cr\u00e9dible et moteur du<br>d\u00e9veloppement territorial.<br>UJLoG vise \u00e0 promouvoir une recherche pluridisciplinaire, inclusive e<br>contextualis\u00e9 orient\u00e9e vers la valorisation des r\u00e9sultats de recherche et<br>l\u2019innovation technologique. Les r\u00e9sultats de recherche de UJLoG doivent<br>capable d\u2019apporter des solutions innovantes et durables aux probl\u00e8mes<br>socio\u00e9conomiques locaux, r\u00e9gionaux et nationaux.<\/p>\n\n\n\n<p>En outre, UJLoG b\u00e9n\u00e9ficie d\u2019un potentiel de comp\u00e9tences internes vari\u00e9es<br>et d\u2019un positionnement g\u00e9ographique strat\u00e9gique pour conduire des<br>recherches sur la biodiversit\u00e9, l\u2019agriculture durable, la gestion des<br>ressources naturelles, la gouvernance locale, la sant\u00e9 communautaire, les<br>langues et cultures ivoiriennes, entre autres. Cependant, pour lib\u00e9rer<br>pleinement ce potentiel, il est n\u00e9cessaire de renforcer les capacit\u00e9s des<br>laboratoires, de structurer les \u00e9quipes de recherche, de promouvoir les<br>collaborations interinstitutionnelles et surtout, de favoriser la valorisation<br>des r\u00e9sultats par des m\u00e9canismes de transfert technologique, de<br>vulgarisation et d\u2019innovation entrepreneuriale.<\/p>\n\n\n\n<div class=\"wp-block-columns is-layout-flex wp-container-core-columns-is-layout-9d6595d7 wp-block-columns-is-layout-flex\">\n<div class=\"wp-block-column is-layout-flow wp-block-column-is-layout-flow\">\n<p class=\"has-white-color has-vivid-purple-background-color has-text-color has-background has-link-color wp-elements-2e9beca0c3c890538df100ac62a116f4\"><strong>UFR AGROFORESTERIE<\/strong><\/p>\n\n\n\n<p>LAB. Agrovalorisation (6). Prof. Beugre Maxwell\u00a0<\/p>\n<\/div>\n\n\n\n<div class=\"wp-block-column is-layout-flow wp-block-column-is-layout-flow\">\n<p class=\"has-white-color has-vivid-cyan-blue-background-color has-text-color has-background has-link-color wp-elements-3bd8f82551a348d280e9985189208118\"><strong>UFR ENVIRONNEMENT<\/strong><\/p>\n\n\n\n<p>Laboratoire de Biologie et Ecologie Tropicale (Laboratoire BioEcoTrop) (6)<br><strong>Responsable\u00a0: KOFFI B\u00e9n\u00e9 Jean-Claude.<\/strong><\/p>\n\n\n\n<p><strong>Groupe de recherche\u00a0: GRIEPE (1)<\/strong><br>Laboratoire des Sciences et Technologie de l\u2019Environnement (LSTE) (11)<br><strong>Responsable\u00a0: DIBI Brou\u00a0<\/strong><\/p>\n<\/div>\n<\/div>\n\n\n\n<div class=\"wp-block-columns is-layout-flex wp-container-core-columns-is-layout-9d6595d7 wp-block-columns-is-layout-flex\">\n<div class=\"wp-block-column is-layout-flow wp-block-column-is-layout-flow\">\n<p class=\"has-white-color has-vivid-green-cyan-background-color has-text-color has-background has-link-color wp-elements-63996ed110023ee6cf5c003f25f3bb52\"><strong>UFR SCIENCES SOCIALES ET HUMAINES<\/strong><\/p>\n\n\n\n<p>Laboratoire des Dynamiques Sociales et Territoriales (LADYSTER) (4)<br><strong>Responsable\u00a0: OUNNEBO Marc<\/strong><\/p>\n<\/div>\n\n\n\n<div class=\"wp-block-column is-layout-flow wp-block-column-is-layout-flow\">\n<p class=\"has-white-color has-luminous-vivid-amber-background-color has-text-color has-background has-link-color wp-elements-abf26d40cb1ba4965384d3a369811f9f\"><strong>UFR SCIENCES ECONOMIQUES ET DE GESTION <\/strong><\/p>\n\n\n\n<p>Laboratoire de Recherche en Economie et Gestion (LaREG)<br><strong>Responsable\u00a0: KOUAKOU Auguste<\/strong><\/p>\n<\/div>\n<\/div>\n\n\n\n<div class=\"wp-block-columns is-layout-flex wp-container-core-columns-is-layout-9d6595d7 wp-block-columns-is-layout-flex\">\n<div class=\"wp-block-column is-layout-flow wp-block-column-is-layout-flow\">\n<p class=\"has-white-color has-pale-pink-background-color has-text-color has-background has-link-color wp-elements-fb7c7ca5af1aeb6724eeeedcecf7e013\"><strong>UFR SCIENCES JURIDIQUES<\/strong><\/p>\n\n\n\n<p>Laboratoire d\u00e9nomm\u00e9 \u00ab\u00a0DROIT ET POLITIQUES PUBLIQUES\u00a0\u00bb.<br><strong>Responsable\u00a0: Dr(MCA) YEO Nawa\u00a0<\/strong><\/p>\n<\/div>\n\n\n\n<div class=\"wp-block-column is-layout-flow wp-block-column-is-layout-flow\">\n<p class=\"has-white-color has-light-green-cyan-background-color has-text-color has-background has-link-color wp-elements-c21a2620725b56a7618177799b41fa4f\"><strong>INSTITUT UNIVERSITAIRE EN INGENIERIE DU PAYSAGE ET DU BOIS<\/strong><\/p>\n\n\n\n<p><\/p>\n<\/div>\n<\/div>","protected":false},"excerpt":{"rendered":"<p>Orientations de la recherche (proposition \u00e0 am\u00e9liorer) UJLoG veut \u00eatre un acteur scientifique structur\u00e9, cr\u00e9dible et moteur dud\u00e9veloppement territorial.UJLoG vise \u00e0 promouvoir une recherche pluridisciplinaire, inclusive econtextualis\u00e9 orient\u00e9e vers la valorisation des r\u00e9sultats de recherche etl\u2019innovation technologique. Les r\u00e9sultats de &hellip; <\/p>","protected":false},"author":2,"featured_media":0,"parent":0,"menu_order":0,"comment_status":"closed","ping_status":"closed","template":"","meta":{"_uag_custom_page_level_css":"","_monsterinsights_skip_tracking":false,"_monsterinsights_sitenote_active":false,"_monsterinsights_sitenote_note":"","_monsterinsights_sitenote_category":0,"_themeisle_gutenberg_block_has_review":false,"footnotes":""},"class_list":["post-6137","page","type-page","status-publish","hentry"],"yoast_head":"<!-- This site is optimized with the Yoast SEO plugin v27.6 - https:\/\/yoast.com\/product\/yoast-seo-wordpress\/ -->\n<title>Recherches et D\u00e9couvertes - Universit\u00e9 Jean Lorougnon Gu\u00e9d\u00e9<\/title>\n<meta name=\"robots\" content=\"index, follow, max-snippet:-1, max-image-preview:large, max-video-preview:-1\" \/>\n<link rel=\"canonical\" href=\"https:\/\/ujlog.edu.ci\/en\/recherches-et-decouvertes\/\" \/>\n<meta property=\"og:locale\" content=\"en_US\" \/>\n<meta property=\"og:type\" content=\"article\" \/>\n<meta property=\"og:title\" content=\"Recherches et D\u00e9couvertes - Universit\u00e9 Jean Lorougnon Gu\u00e9d\u00e9\" \/>\n<meta property=\"og:description\" content=\"Orientations de la recherche (proposition \u00e0 am\u00e9liorer) UJLoG veut \u00eatre un acteur scientifique structur\u00e9, cr\u00e9dible et moteur dud\u00e9veloppement territorial.UJLoG vise \u00e0 promouvoir une recherche pluridisciplinaire, inclusive econtextualis\u00e9 orient\u00e9e vers la valorisation des r\u00e9sultats de recherche etl\u2019innovation technologique. Les r\u00e9sultats de &hellip;\" \/>\n<meta property=\"og:url\" content=\"https:\/\/ujlog.edu.ci\/en\/recherches-et-decouvertes\/\" \/>\n<meta property=\"og:site_name\" content=\"Universit\u00e9 Jean Lorougnon Gu\u00e9d\u00e9\" \/>\n<meta property=\"article:modified_time\" content=\"2026-04-30T10:35:55+00:00\" \/>\n<meta name=\"twitter:card\" content=\"summary_large_image\" \/>\n<meta name=\"twitter:label1\" content=\"Est. reading time\" \/>\n\t<meta name=\"twitter:data1\" content=\"2 minutes\" \/>\n<script type=\"application\/ld+json\" class=\"yoast-schema-graph\">{\"@context\":\"https:\\\/\\\/schema.org\",\"@graph\":[{\"@type\":\"WebPage\",\"@id\":\"https:\\\/\\\/ujlog.edu.ci\\\/recherches-et-decouvertes\\\/\",\"url\":\"https:\\\/\\\/ujlog.edu.ci\\\/recherches-et-decouvertes\\\/\",\"name\":\"Recherches et D\u00e9couvertes - Universit\u00e9 Jean Lorougnon Gu\u00e9d\u00e9\",\"isPartOf\":{\"@id\":\"https:\\\/\\\/ujlog.edu.ci\\\/#website\"},\"datePublished\":\"2025-09-05T20:26:13+00:00\",\"dateModified\":\"2026-04-30T10:35:55+00:00\",\"breadcrumb\":{\"@id\":\"https:\\\/\\\/ujlog.edu.ci\\\/recherches-et-decouvertes\\\/#breadcrumb\"},\"inLanguage\":\"en-US\",\"potentialAction\":[{\"@type\":\"ReadAction\",\"target\":[\"https:\\\/\\\/ujlog.edu.ci\\\/recherches-et-decouvertes\\\/\"]}]},{\"@type\":\"BreadcrumbList\",\"@id\":\"https:\\\/\\\/ujlog.edu.ci\\\/recherches-et-decouvertes\\\/#breadcrumb\",\"itemListElement\":[{\"@type\":\"ListItem\",\"position\":1,\"name\":\"Accueil\",\"item\":\"https:\\\/\\\/ujlog.edu.ci\\\/\"},{\"@type\":\"ListItem\",\"position\":2,\"name\":\"Recherches et D\u00e9couvertes\"}]},{\"@type\":\"WebSite\",\"@id\":\"https:\\\/\\\/ujlog.edu.ci\\\/#website\",\"url\":\"https:\\\/\\\/ujlog.edu.ci\\\/\",\"name\":\"Universit\u00e9 Jean Lorougnon Gu\u00e9d\u00e9\",\"description\":\"Universit\u00e9 Jean Lorougnon Gu\u00e9d\u00e9\",\"potentialAction\":[{\"@type\":\"SearchAction\",\"target\":{\"@type\":\"EntryPoint\",\"urlTemplate\":\"https:\\\/\\\/ujlog.edu.ci\\\/?s={search_term_string}\"},\"query-input\":{\"@type\":\"PropertyValueSpecification\",\"valueRequired\":true,\"valueName\":\"search_term_string\"}}],\"inLanguage\":\"en-US\"}]}<\/script>\n<!-- \/ Yoast SEO plugin. -->","yoast_head_json":{"title":"Recherches et D\u00e9couvertes - Universit\u00e9 Jean Lorougnon Gu\u00e9d\u00e9","robots":{"index":"index","follow":"follow","max-snippet":"max-snippet:-1","max-image-preview":"max-image-preview:large","max-video-preview":"max-video-preview:-1"},"canonical":"https:\/\/ujlog.edu.ci\/en\/recherches-et-decouvertes\/","og_locale":"en_US","og_type":"article","og_title":"Recherches et D\u00e9couvertes - Universit\u00e9 Jean Lorougnon Gu\u00e9d\u00e9","og_description":"Orientations de la recherche (proposition \u00e0 am\u00e9liorer) UJLoG veut \u00eatre un acteur scientifique structur\u00e9, cr\u00e9dible et moteur dud\u00e9veloppement territorial.UJLoG vise \u00e0 promouvoir une recherche pluridisciplinaire, inclusive econtextualis\u00e9 orient\u00e9e vers la valorisation des r\u00e9sultats de recherche etl\u2019innovation technologique. Les r\u00e9sultats de &hellip;","og_url":"https:\/\/ujlog.edu.ci\/en\/recherches-et-decouvertes\/","og_site_name":"Universit\u00e9 Jean Lorougnon Gu\u00e9d\u00e9","article_modified_time":"2026-04-30T10:35:55+00:00","twitter_card":"summary_large_image","twitter_misc":{"Est. reading time":"2 minutes"},"schema":{"@context":"https:\/\/schema.org","@graph":[{"@type":"WebPage","@id":"https:\/\/ujlog.edu.ci\/recherches-et-decouvertes\/","url":"https:\/\/ujlog.edu.ci\/recherches-et-decouvertes\/","name":"Recherches et D\u00e9couvertes - Universit\u00e9 Jean Lorougnon Gu\u00e9d\u00e9","isPartOf":{"@id":"https:\/\/ujlog.edu.ci\/#website"},"datePublished":"2025-09-05T20:26:13+00:00","dateModified":"2026-04-30T10:35:55+00:00","breadcrumb":{"@id":"https:\/\/ujlog.edu.ci\/recherches-et-decouvertes\/#breadcrumb"},"inLanguage":"en-US","potentialAction":[{"@type":"ReadAction","target":["https:\/\/ujlog.edu.ci\/recherches-et-decouvertes\/"]}]},{"@type":"BreadcrumbList","@id":"https:\/\/ujlog.edu.ci\/recherches-et-decouvertes\/#breadcrumb","itemListElement":[{"@type":"ListItem","position":1,"name":"Accueil","item":"https:\/\/ujlog.edu.ci\/"},{"@type":"ListItem","position":2,"name":"Recherches et D\u00e9couvertes"}]},{"@type":"WebSite","@id":"https:\/\/ujlog.edu.ci\/#website","url":"https:\/\/ujlog.edu.ci\/","name":"Universit\u00e9 Jean Lorougnon Gu\u00e9d\u00e9","description":"Universit\u00e9 Jean Lorougnon Gu\u00e9d\u00e9","potentialAction":[{"@type":"SearchAction","target":{"@type":"EntryPoint","urlTemplate":"https:\/\/ujlog.edu.ci\/?s={search_term_string}"},"query-input":{"@type":"PropertyValueSpecification","valueRequired":true,"valueName":"search_term_string"}}],"inLanguage":"en-US"}]}},"uagb_featured_image_src":{"full":false,"thumbnail":false,"medium":false,"medium_large":false,"large":false,"1536x1536":false,"2048x2048":false,"trp-custom-language-flag":false,"course_thumbnail":false,"woocommerce_thumbnail":false,"woocommerce_single":false,"woocommerce_gallery_thumbnail":false},"uagb_author_info":{"display_name":"service communication","author_link":"https:\/\/ujlog.edu.ci\/en\/author\/service-communication\/"},"uagb_comment_info":0,"uagb_excerpt":"Orientations de la recherche (proposition \u00e0 am\u00e9liorer) UJLoG veut \u00eatre un acteur scientifique structur\u00e9, cr\u00e9dible et moteur dud\u00e9veloppement territorial.UJLoG vise \u00e0 promouvoir une recherche pluridisciplinaire, inclusive econtextualis\u00e9 orient\u00e9e vers la valorisation des r\u00e9sultats de recherche etl\u2019innovation technologique. Les r\u00e9sultats de &hellip;","_links":{"self":[{"href":"https:\/\/ujlog.edu.ci\/en\/wp-json\/wp\/v2\/pages\/6137","targetHints":{"allow":["GET"]}}],"collection":[{"href":"https:\/\/ujlog.edu.ci\/en\/wp-json\/wp\/v2\/pages"}],"about":[{"href":"https:\/\/ujlog.edu.ci\/en\/wp-json\/wp\/v2\/types\/page"}],"author":[{"embeddable":true,"href":"https:\/\/ujlog.edu.ci\/en\/wp-json\/wp\/v2\/users\/2"}],"replies":[{"embeddable":true,"href":"https:\/\/ujlog.edu.ci\/en\/wp-json\/wp\/v2\/comments?post=6137"}],"version-history":[{"count":2,"href":"https:\/\/ujlog.edu.ci\/en\/wp-json\/wp\/v2\/pages\/6137\/revisions"}],"predecessor-version":[{"id":6141,"href":"https:\/\/ujlog.edu.ci\/en\/wp-json\/wp\/v2\/pages\/6137\/revisions\/6141"}],"wp:attachment":[{"href":"https:\/\/ujlog.edu.ci\/en\/wp-json\/wp\/v2\/media?parent=6137"}],"curies":[{"name":"wp","href":"https:\/\/api.w.org\/{rel}","templated":true}]}}