{"id":5017,"date":"2023-12-12T15:07:48","date_gmt":"2023-12-12T15:07:48","guid":{"rendered":"https:\/\/ujlog.edu.ci\/?page_id=5017"},"modified":"2023-12-13T16:44:14","modified_gmt":"2023-12-13T16:44:14","slug":"foad-geosciences-et-environnement","status":"publish","type":"page","link":"https:\/\/ujlog.edu.ci\/en\/ufr-efc\/formation-ouverte-a-distance\/foad-geosciences-et-environnement\/","title":{"rendered":"FOAD G\u00e9osciences et Environnement"},"content":{"rendered":"<p><strong>La FOAD G\u00e9osciences et Environnement (GEE) concerne :<\/strong><\/p>\n\n\n\n<p><strong>le titulaire d\u2019un Baccalaur\u00e9at Scientifique (C, D) ou le professionnel d\u00e9sireux de renforcer ses capacit\u00e9s.<\/strong><\/p>\n\n\n\n<p><strong>Elle forme aux m\u00e9tiers d\u2019animateur ou responsable des services <\/strong><\/p>\n\n\n\n<ul class=\"wp-block-list\">\n<li>\n<ul class=\"wp-block-list\">\n<li><strong>Qualit\u00e9<\/strong> ;<\/li>\n\n\n\n<li><strong> Hygi\u00e8ne<\/strong> ;<\/li>\n\n\n\n<li><strong>S\u00e9curit\u00e9<\/strong> ;<\/li>\n\n\n\n<li><strong>Environnement (QHSE)<\/strong> ;<\/li>\n\n\n\n<li><strong>assistant ing\u00e9nieur ou technicien sup\u00e9rieur en pr\u00e9vention des risques ;<\/strong><\/li>\n\n\n\n<li><strong>Environnement minier, etc.<\/strong><\/li>\n<\/ul>\n<\/li>\n<\/ul>\n\n\n\n<p><strong>Plus de d\u00e9tails\u00a0ici \u27a1\u00a0<\/strong><a href=\"https:\/\/ujlog.net\/wp-content\/uploads\/2022\/06\/Flyer-FOAD-GEE-2022-2023.pdf\" target=\"_blank\" rel=\"noreferrer noopener\">Conditions et dossiers de candidature<\/a><\/p>\n\n\n\n<div style=\"height:43px\" aria-hidden=\"true\" class=\"wp-block-spacer\"><\/div>\n\n\n\n<div class=\"wp-block-zoho-zoho-forms\"><iframe height=\"600px\" width=\"100%\" frameborder=\"0\" allowtransparency=\"true\" scrolling=\"auto\" src=\"https:\/\/forms.zohopublic.com\/ujlog\/form\/preinscription\/formperma\/RnhjENxPg2qGDyJ4_ucxko98zcw77mbffuXOfEtqz8k\"> <\/iframe><\/div>\n\n\n\n<p><\/p>","protected":false},"excerpt":{"rendered":"<p>La FOAD G\u00e9osciences et Environnement (GEE) concerne : le titulaire d\u2019un Baccalaur\u00e9at Scientifique (C, D) ou le professionnel d\u00e9sireux de renforcer ses capacit\u00e9s. Elle forme aux m\u00e9tiers d\u2019animateur ou responsable des services Plus de d\u00e9tails\u00a0ici \u27a1\u00a0Conditions et dossiers de candidature<\/p>","protected":false},"author":2,"featured_media":0,"parent":3908,"menu_order":0,"comment_status":"closed","ping_status":"closed","template":"","meta":{"_uag_custom_page_level_css":"","_monsterinsights_skip_tracking":false,"_monsterinsights_sitenote_active":false,"_monsterinsights_sitenote_note":"","_monsterinsights_sitenote_category":0,"_themeisle_gutenberg_block_has_review":false,"footnotes":""},"class_list":["post-5017","page","type-page","status-publish","hentry"],"yoast_head":"<!-- This site is optimized with the Yoast SEO plugin v27.6 - https:\/\/yoast.com\/product\/yoast-seo-wordpress\/ -->\n<title>FOAD G\u00e9osciences et Environnement - Universit\u00e9 Jean Lorougnon Gu\u00e9d\u00e9<\/title>\n<meta name=\"robots\" content=\"index, follow, max-snippet:-1, max-image-preview:large, max-video-preview:-1\" \/>\n<link rel=\"canonical\" href=\"https:\/\/ujlog.edu.ci\/en\/ufr-efc\/formation-ouverte-a-distance\/foad-geosciences-et-environnement\/\" \/>\n<meta property=\"og:locale\" content=\"en_US\" \/>\n<meta property=\"og:type\" content=\"article\" \/>\n<meta property=\"og:title\" content=\"FOAD G\u00e9osciences et Environnement - Universit\u00e9 Jean Lorougnon Gu\u00e9d\u00e9\" \/>\n<meta property=\"og:description\" content=\"La FOAD G\u00e9osciences et Environnement (GEE) concerne : le titulaire d\u2019un Baccalaur\u00e9at Scientifique (C, D) ou le professionnel d\u00e9sireux de renforcer ses capacit\u00e9s. Elle forme aux m\u00e9tiers d\u2019animateur ou responsable des services Plus de d\u00e9tails\u00a0ici \u27a1\u00a0Conditions et dossiers de candidature\" \/>\n<meta property=\"og:url\" content=\"https:\/\/ujlog.edu.ci\/en\/ufr-efc\/formation-ouverte-a-distance\/foad-geosciences-et-environnement\/\" \/>\n<meta property=\"og:site_name\" content=\"Universit\u00e9 Jean Lorougnon Gu\u00e9d\u00e9\" \/>\n<meta property=\"article:modified_time\" content=\"2023-12-13T16:44:14+00:00\" \/>\n<meta name=\"twitter:card\" content=\"summary_large_image\" \/>\n<meta name=\"twitter:label1\" content=\"Est. reading time\" \/>\n\t<meta name=\"twitter:data1\" content=\"1 minute\" \/>\n<script type=\"application\/ld+json\" class=\"yoast-schema-graph\">{\"@context\":\"https:\\\/\\\/schema.org\",\"@graph\":[{\"@type\":\"WebPage\",\"@id\":\"https:\\\/\\\/ujlog.edu.ci\\\/ufr-efc\\\/formation-ouverte-a-distance\\\/foad-geosciences-et-environnement\\\/\",\"url\":\"https:\\\/\\\/ujlog.edu.ci\\\/ufr-efc\\\/formation-ouverte-a-distance\\\/foad-geosciences-et-environnement\\\/\",\"name\":\"FOAD G\u00e9osciences et Environnement - Universit\u00e9 Jean Lorougnon Gu\u00e9d\u00e9\",\"isPartOf\":{\"@id\":\"https:\\\/\\\/ujlog.edu.ci\\\/#website\"},\"datePublished\":\"2023-12-12T15:07:48+00:00\",\"dateModified\":\"2023-12-13T16:44:14+00:00\",\"breadcrumb\":{\"@id\":\"https:\\\/\\\/ujlog.edu.ci\\\/ufr-efc\\\/formation-ouverte-a-distance\\\/foad-geosciences-et-environnement\\\/#breadcrumb\"},\"inLanguage\":\"en-US\",\"potentialAction\":[{\"@type\":\"ReadAction\",\"target\":[\"https:\\\/\\\/ujlog.edu.ci\\\/ufr-efc\\\/formation-ouverte-a-distance\\\/foad-geosciences-et-environnement\\\/\"]}]},{\"@type\":\"BreadcrumbList\",\"@id\":\"https:\\\/\\\/ujlog.edu.ci\\\/ufr-efc\\\/formation-ouverte-a-distance\\\/foad-geosciences-et-environnement\\\/#breadcrumb\",\"itemListElement\":[{\"@type\":\"ListItem\",\"position\":1,\"name\":\"Accueil\",\"item\":\"https:\\\/\\\/ujlog.edu.ci\\\/\"},{\"@type\":\"ListItem\",\"position\":2,\"name\":\"VIE ACADEMIQUE\",\"item\":\"https:\\\/\\\/ujlog.edu.ci\\\/ufr-efc\\\/\"},{\"@type\":\"ListItem\",\"position\":3,\"name\":\"Formation Ouverte A Distance\",\"item\":\"https:\\\/\\\/ujlog.edu.ci\\\/ufr-efc\\\/formation-ouverte-a-distance\\\/\"},{\"@type\":\"ListItem\",\"position\":4,\"name\":\"FOAD G\u00e9osciences et Environnement\"}]},{\"@type\":\"WebSite\",\"@id\":\"https:\\\/\\\/ujlog.edu.ci\\\/#website\",\"url\":\"https:\\\/\\\/ujlog.edu.ci\\\/\",\"name\":\"Universit\u00e9 Jean Lorougnon Gu\u00e9d\u00e9\",\"description\":\"Universit\u00e9 Jean Lorougnon Gu\u00e9d\u00e9\",\"potentialAction\":[{\"@type\":\"SearchAction\",\"target\":{\"@type\":\"EntryPoint\",\"urlTemplate\":\"https:\\\/\\\/ujlog.edu.ci\\\/?s={search_term_string}\"},\"query-input\":{\"@type\":\"PropertyValueSpecification\",\"valueRequired\":true,\"valueName\":\"search_term_string\"}}],\"inLanguage\":\"en-US\"}]}<\/script>\n<!-- \/ Yoast SEO plugin. -->","yoast_head_json":{"title":"FOAD G\u00e9osciences et Environnement - Universit\u00e9 Jean Lorougnon Gu\u00e9d\u00e9","robots":{"index":"index","follow":"follow","max-snippet":"max-snippet:-1","max-image-preview":"max-image-preview:large","max-video-preview":"max-video-preview:-1"},"canonical":"https:\/\/ujlog.edu.ci\/en\/ufr-efc\/formation-ouverte-a-distance\/foad-geosciences-et-environnement\/","og_locale":"en_US","og_type":"article","og_title":"FOAD G\u00e9osciences et Environnement - Universit\u00e9 Jean Lorougnon Gu\u00e9d\u00e9","og_description":"La FOAD G\u00e9osciences et Environnement (GEE) concerne : le titulaire d\u2019un Baccalaur\u00e9at Scientifique (C, D) ou le professionnel d\u00e9sireux de renforcer ses capacit\u00e9s. Elle forme aux m\u00e9tiers d\u2019animateur ou responsable des services Plus de d\u00e9tails\u00a0ici \u27a1\u00a0Conditions et dossiers de candidature","og_url":"https:\/\/ujlog.edu.ci\/en\/ufr-efc\/formation-ouverte-a-distance\/foad-geosciences-et-environnement\/","og_site_name":"Universit\u00e9 Jean Lorougnon Gu\u00e9d\u00e9","article_modified_time":"2023-12-13T16:44:14+00:00","twitter_card":"summary_large_image","twitter_misc":{"Est. reading time":"1 minute"},"schema":{"@context":"https:\/\/schema.org","@graph":[{"@type":"WebPage","@id":"https:\/\/ujlog.edu.ci\/ufr-efc\/formation-ouverte-a-distance\/foad-geosciences-et-environnement\/","url":"https:\/\/ujlog.edu.ci\/ufr-efc\/formation-ouverte-a-distance\/foad-geosciences-et-environnement\/","name":"FOAD G\u00e9osciences et Environnement - Universit\u00e9 Jean Lorougnon Gu\u00e9d\u00e9","isPartOf":{"@id":"https:\/\/ujlog.edu.ci\/#website"},"datePublished":"2023-12-12T15:07:48+00:00","dateModified":"2023-12-13T16:44:14+00:00","breadcrumb":{"@id":"https:\/\/ujlog.edu.ci\/ufr-efc\/formation-ouverte-a-distance\/foad-geosciences-et-environnement\/#breadcrumb"},"inLanguage":"en-US","potentialAction":[{"@type":"ReadAction","target":["https:\/\/ujlog.edu.ci\/ufr-efc\/formation-ouverte-a-distance\/foad-geosciences-et-environnement\/"]}]},{"@type":"BreadcrumbList","@id":"https:\/\/ujlog.edu.ci\/ufr-efc\/formation-ouverte-a-distance\/foad-geosciences-et-environnement\/#breadcrumb","itemListElement":[{"@type":"ListItem","position":1,"name":"Accueil","item":"https:\/\/ujlog.edu.ci\/"},{"@type":"ListItem","position":2,"name":"VIE ACADEMIQUE","item":"https:\/\/ujlog.edu.ci\/ufr-efc\/"},{"@type":"ListItem","position":3,"name":"Formation Ouverte A Distance","item":"https:\/\/ujlog.edu.ci\/ufr-efc\/formation-ouverte-a-distance\/"},{"@type":"ListItem","position":4,"name":"FOAD G\u00e9osciences et Environnement"}]},{"@type":"WebSite","@id":"https:\/\/ujlog.edu.ci\/#website","url":"https:\/\/ujlog.edu.ci\/","name":"Universit\u00e9 Jean Lorougnon Gu\u00e9d\u00e9","description":"Universit\u00e9 Jean Lorougnon Gu\u00e9d\u00e9","potentialAction":[{"@type":"SearchAction","target":{"@type":"EntryPoint","urlTemplate":"https:\/\/ujlog.edu.ci\/?s={search_term_string}"},"query-input":{"@type":"PropertyValueSpecification","valueRequired":true,"valueName":"search_term_string"}}],"inLanguage":"en-US"}]}},"uagb_featured_image_src":{"full":false,"thumbnail":false,"medium":false,"medium_large":false,"large":false,"1536x1536":false,"2048x2048":false,"trp-custom-language-flag":false,"course_thumbnail":false,"woocommerce_thumbnail":false,"woocommerce_single":false,"woocommerce_gallery_thumbnail":false},"uagb_author_info":{"display_name":"service communication","author_link":"https:\/\/ujlog.edu.ci\/en\/author\/service-communication\/"},"uagb_comment_info":0,"uagb_excerpt":"La FOAD G\u00e9osciences et Environnement (GEE) concerne : le titulaire d\u2019un Baccalaur\u00e9at Scientifique (C, D) ou le professionnel d\u00e9sireux de renforcer ses capacit\u00e9s. Elle forme aux m\u00e9tiers d\u2019animateur ou responsable des services Plus de d\u00e9tails\u00a0ici \u27a1\u00a0Conditions et dossiers de candidature","_links":{"self":[{"href":"https:\/\/ujlog.edu.ci\/en\/wp-json\/wp\/v2\/pages\/5017","targetHints":{"allow":["GET"]}}],"collection":[{"href":"https:\/\/ujlog.edu.ci\/en\/wp-json\/wp\/v2\/pages"}],"about":[{"href":"https:\/\/ujlog.edu.ci\/en\/wp-json\/wp\/v2\/types\/page"}],"author":[{"embeddable":true,"href":"https:\/\/ujlog.edu.ci\/en\/wp-json\/wp\/v2\/users\/2"}],"replies":[{"embeddable":true,"href":"https:\/\/ujlog.edu.ci\/en\/wp-json\/wp\/v2\/comments?post=5017"}],"version-history":[{"count":4,"href":"https:\/\/ujlog.edu.ci\/en\/wp-json\/wp\/v2\/pages\/5017\/revisions"}],"predecessor-version":[{"id":5078,"href":"https:\/\/ujlog.edu.ci\/en\/wp-json\/wp\/v2\/pages\/5017\/revisions\/5078"}],"up":[{"embeddable":true,"href":"https:\/\/ujlog.edu.ci\/en\/wp-json\/wp\/v2\/pages\/3908"}],"wp:attachment":[{"href":"https:\/\/ujlog.edu.ci\/en\/wp-json\/wp\/v2\/media?parent=5017"}],"curies":[{"name":"wp","href":"https:\/\/api.w.org\/{rel}","templated":true}]}}