{"id":4907,"date":"2023-12-11T14:18:35","date_gmt":"2023-12-11T14:18:35","guid":{"rendered":"https:\/\/ujlog.edu.ci\/?page_id=4907"},"modified":"2024-02-21T10:32:17","modified_gmt":"2024-02-21T10:32:17","slug":"vice-presidence-chargee-de-l-inovation-technologique-et-des-relations-exterieures","status":"publish","type":"page","link":"https:\/\/ujlog.edu.ci\/en\/vice-presidences\/vice-presidence-chargee-de-l-inovation-technologique-et-des-relations-exterieures\/","title":{"rendered":"Vice-Pr\u00e9sidence charg\u00e9e de la recherche, de l&rsquo;Innovation technologique et des Relations Ext\u00e9rieures"},"content":{"rendered":"<div class=\"wp-block-columns is-layout-flex wp-container-core-columns-is-layout-9d6595d7 wp-block-columns-is-layout-flex\">\n<div class=\"wp-block-column is-layout-flow wp-block-column-is-layout-flow\"><div class=\"wp-block-image\">\n<figure class=\"aligncenter size-large\"><img fetchpriority=\"high\" decoding=\"async\" width=\"740\" height=\"1024\" src=\"https:\/\/ujlog.edu.ci\/wp-content\/uploads\/2023\/12\/IMG-20220227-WA0000-740x1024.jpg\" alt=\"\" class=\"wp-image-5067\" srcset=\"https:\/\/ujlog.edu.ci\/wp-content\/uploads\/2023\/12\/IMG-20220227-WA0000-740x1024.jpg 740w, https:\/\/ujlog.edu.ci\/wp-content\/uploads\/2023\/12\/IMG-20220227-WA0000-217x300.jpg 217w, https:\/\/ujlog.edu.ci\/wp-content\/uploads\/2023\/12\/IMG-20220227-WA0000-600x830.jpg 600w, https:\/\/ujlog.edu.ci\/wp-content\/uploads\/2023\/12\/IMG-20220227-WA0000.jpg 768w\" sizes=\"(max-width: 740px) 100vw, 740px\" \/><figcaption class=\"wp-element-caption\"><strong><em>Prof. KONE Issiaka, VP de UJLoG<\/em><\/strong><\/figcaption><\/figure>\n<\/div><\/div>\n\n\n\n<div class=\"wp-block-column is-layout-flow wp-block-column-is-layout-flow\">\n<h2>\u00a0<\/h2>\n<h2>\u00a0<\/h2>\n<h2><strong>Professeur KONE Issiaka<\/strong><\/h2>\n<blockquote>\n<h4><strong>Vice-pr\u00e9sident de l&rsquo;Universit\u00e9 Jean Lorougnon Gu\u00e9d\u00e9<\/strong><\/h4>\n<\/blockquote>\n<p><span style=\"color: #ff6600;\"><em><strong>Sp\u00e9cialit\u00e9 :<\/strong>\u00a0<\/em><\/span><i>Sociologue<\/i><br \/><em><span style=\"color: #ff6600;\"><strong>Grade :<\/strong>\u00a0<\/span>Professeur Titulaire<\/em><br \/><em><span style=\"color: #ff6600;\"><strong>Langues :<\/strong><\/span>\u00a0Fran\u00e7ais, Anglais<\/em><\/p>\n<\/div>\n<\/div>\n\n\n\n<div style=\"height:11px\" aria-hidden=\"true\" class=\"wp-block-spacer\"><\/div>\n\n\n\n<ul class=\"has-white-color has-vivid-green-cyan-background-color has-text-color has-background has-link-color wp-block-list wp-elements-8e1f5f22c25f2a47723d94002a05f0ef\">\n<li>&#8211; <strong>Juin 2023\u00a0: <\/strong>Vice-pr\u00e9sident en charge de la Recherche, de l&rsquo;innovation Technologique et des Relations Ext\u00e9rieures de l\u2019Universit\u00e9 Jean Lorougnon Gu\u00e9d\u00e9 de Daloa<\/li>\n\n\n\n<li><strong>&#8211; 24 juillet 2015&nbsp;:<\/strong> <strong>Professeur Titulaire des Universit\u00e9s du CAMES \u00e0 <\/strong>Libreville (GABON)<\/li>\n\n\n\n<li><strong>&#8211; Depuis le 12 D\u00e9cembre 2012&nbsp;:<\/strong> Directeur G\u00e9n\u00e9ral du Laboratoire des Sciences Sociales et des&nbsp;Organisations (LASSO)<\/li>\n\n\n\n<li><strong>&#8211; 29 septembre 2011&nbsp;:<\/strong> Ma\u00eetre de Conf\u00e9rences des Universit\u00e9s du CAMES \u00e0<strong> <\/strong>Brazzaville (CONGO)<\/li>\n\n\n\n<li><strong>&#8211; 10 Octobre 2006&nbsp;:<\/strong> Ma\u00eetre-Assistant des Universit\u00e9s du CAMES \u00e0 Bangui (R\u00e9publique de Centrafrique)<\/li>\n\n\n\n<li><strong>&#8211; 2003&nbsp;:<\/strong> Certificat de&nbsp;qualification des comp\u00e9tences&nbsp;en Communication\/ Publicit\u00e9 au<strong> <\/strong>Cabinet 2IF Abidjan(C\u00f4te d\u2019Ivoire)<\/li>\n\n\n\n<li><strong>&#8211; 2003&nbsp;: <\/strong>Certificat de&nbsp;qualification de Comp\u00e9tence&nbsp;en Management des Projets au Cabinet 2IF Abidjan(C\u00f4te d\u2019Ivoire)<\/li>\n\n\n\n<li><strong>&#8211; 2003&nbsp;:<\/strong> Certificat de&nbsp;qualification de comp\u00e9tences&nbsp;en Gestion des Ressources&nbsp;Humaines au Cabinet 2IF Abidjan(C\u00f4te d\u2019Ivoire)<\/li>\n\n\n\n<li><strong>&#8211; 2003&nbsp;:<\/strong> Certificat de&nbsp;qualification de comp\u00e9tence&nbsp;en D\u00e9veloppement du Capital&nbsp;Humain au Cabinet 2IF Abidjan(C\u00f4te d\u2019Ivoire)<\/li>\n\n\n\n<li><strong>&#8211; 1989&nbsp;:&nbsp;<\/strong>Titularisation Professeur&nbsp;Licenci\u00e9 de Lettres Modernes au<strong> <\/strong>Coll\u00e8ge Moderne&nbsp;d\u2019Abengourou (C\u00f4te&nbsp;d\u2019Ivoire)<\/li>\n\n\n\n<li><strong>&#8211; 1993 \u00e0 1997&nbsp;: <\/strong>Doctorat d\u2019Anthropologie&nbsp;Sociale et Culturelle \u00e0<strong> l\u2019<\/strong>Universit\u00e9 de Bordeaux II France)<\/li>\n<\/ul>\n\n\n\n<div style=\"height:19px\" aria-hidden=\"true\" class=\"wp-block-spacer\"><\/div>\n\n\n\n<h3 class=\"wp-block-heading\">Les missions de la Vice-Pr\u00e9sidence<\/h3>\n\n\n\n<p>Le Vice-pr\u00e9sident en charge de la Recherche, de l&rsquo;innovation Technologique et des Relations Ext\u00e9rieures coordonne les services suivants :<\/p>\n\n\n\n<ul class=\"wp-block-list\">\n<li><strong>&#8211; le Service de la Recherche et de l&rsquo;Innovation Technologique ;<\/strong><\/li>\n\n\n\n<li><strong>&#8211; le Service de la Valorisation des R\u00e9sultats de la Recherche et de l&rsquo;innovation Technologique ;<\/strong><\/li>\n\n\n\n<li><strong>&#8211; le Service de la Documentation, de l&rsquo;information Scientifique et Technique et du Num\u00e9rique ;<\/strong><\/li>\n\n\n\n<li><strong>&#8211; le Service de la Coop\u00e9ration Interuniversitaire et des Relations Ext\u00e9rieures.<\/strong><\/li>\n<\/ul>\n\n\n\n<div style=\"height:28px\" aria-hidden=\"true\" class=\"wp-block-spacer\"><\/div>\n\n\n\n<p class=\"has-white-color has-luminous-vivid-orange-background-color has-text-color has-background has-link-color has-medium-font-size wp-elements-f0b4c1152fb1d995f2ee8caea7b9f9e0\"><strong>Service de la Recherche et de l&rsquo;Innovation Technologique <\/strong><\/p>\n\n\n\n<p class=\"has-medium-font-size\"><strong>Le Service de la Recherche et de l&rsquo;innovation Technologique<\/strong> est charg\u00e9 d&rsquo;animer l\u2019ensemble des activit\u00e9s de recherche et d&rsquo;innovation technologique de l&rsquo;Universit\u00e9. Il assure, notamment :<\/p>\n\n\n\n<ul class=\"wp-block-list\">\n<li class=\"has-medium-font-size\">&#8211; la structuration et la coordination des activit\u00e9s de recherche et d&rsquo;innovation technologique ;<\/li>\n\n\n\n<li class=\"has-medium-font-size\">&#8211; la rationalisation de l&rsquo;acquisition et de la gestion des \u00e9quipements scientifiques ;<\/li>\n\n\n\n<li class=\"has-medium-font-size\">&#8211; le d\u00e9veloppement des partenariats ;<\/li>\n\n\n\n<li class=\"has-medium-font-size\">&#8211; le renforcement du r\u00f4le de l&rsquo;universit\u00e9 au sein des r\u00e9seaux de recherche et d&rsquo;innovation technologique nationaux et internationaux.<\/li>\n<\/ul>\n\n\n\n<div style=\"height:23px\" aria-hidden=\"true\" class=\"wp-block-spacer\"><\/div>\n\n\n\n<p class=\"has-white-color has-luminous-vivid-orange-background-color has-text-color has-background has-link-color has-medium-font-size wp-elements-5374a50170ccc953ff6a0560f93648af\"><strong>Service de la Valorisation des R\u00e9sultats de la Recherche et de l&rsquo;innovation Technologique<\/strong><\/p>\n\n\n\n<p class=\"has-medium-font-size\"><strong>Le Service de la Valorisation des R\u00e9sultats de la Recherche et de l&rsquo;Innovation Technologique<\/strong> est charg\u00e9 de stimuler et d&rsquo;accompagner l&rsquo;innovation technologique. |l assure, notamment :<\/p>\n\n\n\n<ul class=\"wp-block-list\">\n<li class=\"has-medium-font-size\">&#8211; la valorisation des r\u00e9sultats de la Recherche et de l&rsquo;Innovation Technologique ;<\/li>\n\n\n\n<li class=\"has-medium-font-size\">&#8211; la mise en place d\u2019une politique de la propri\u00e9t\u00e9 intellectuelle ;<\/li>\n\n\n\n<li class=\"has-medium-font-size\">&#8211; la mise en place d\u2019une strat\u00e9gie d&rsquo;innovation ;<\/li>\n\n\n\n<li class=\"has-medium-font-size\">&#8211; la transformation des prototypes issus de la recherche en produits et services ;<\/li>\n\n\n\n<li class=\"has-medium-font-size\">&#8211; le renforcement des liens recherche- industrie.<\/li>\n<\/ul>\n\n\n\n<div style=\"height:37px\" aria-hidden=\"true\" class=\"wp-block-spacer\"><\/div>\n\n\n\n<p class=\"has-white-color has-luminous-vivid-orange-background-color has-text-color has-background has-link-color has-medium-font-size wp-elements-6ca3a81d01096c09c1d1e13bb1c6ee30\"><strong>Service de la Documentation, de l&rsquo;information Scientifique et Technique et du Num\u00e9rique <\/strong><\/p>\n\n\n\n<p class=\"has-medium-font-size\"><strong>Le Service de la Documentation, de l&rsquo;Information Scientifique et Technique et du Num\u00e9rique<\/strong> est charg\u00e9 de la conduite de la politique documentaire. Il assure, \u00e0 cet effet :<\/p>\n\n\n\n<ul class=\"wp-block-list\">\n<li class=\"has-medium-font-size\">&#8211; la coordination des biblioth\u00e8ques et des centres de documentation ;<\/li>\n\n\n\n<li class=\"has-medium-font-size\">&#8211; l&rsquo;organisation de la formation du personnel des biblioth\u00e8ques et des centres documentaires ;<\/li>\n\n\n\n<li class=\"has-medium-font-size\">&#8211; l&rsquo;acc\u00e8s \u00e0 la documentation n\u00e9cessaire aux activit\u00e9s p\u00e9dagogiques et scientifiques des enseignants-chercheurs, des chercheurs et des apprenants ;<\/li>\n\n\n\n<li class=\"has-medium-font-size\">&#8211; la veille scientifique, en s&rsquo;appuyant sur diff\u00e9rentes ressources telles que les revues scientifiques, les ouvrages, les bases de donn\u00e9es bibliographiques et les sites internet ;<\/li>\n\n\n\n<li class=\"has-medium-font-size\">&#8211; la diffusion de l&rsquo;information scientifique et technique aupr\u00e8s de la communaut\u00e9 universitaire et des populations ;<\/li>\n\n\n\n<li class=\"has-medium-font-size\">&#8211; l&rsquo;acc\u00e8s au num\u00e9rique de la communaut\u00e9 universitaire.<\/li>\n<\/ul>\n\n\n\n<div style=\"height:31px\" aria-hidden=\"true\" class=\"wp-block-spacer\"><\/div>\n\n\n\n<p class=\"has-white-color has-luminous-vivid-orange-background-color has-text-color has-background has-link-color has-medium-font-size wp-elements-aec48d039f0e13d6e9802bfb06129b72\"><strong>Service de la Coop\u00e9ration Interuniversitaire et des Relations Ext\u00e9rieures<\/strong><\/p>\n\n\n\n<p class=\"has-medium-font-size\"><strong>Le Service de la Coop\u00e9ration Interuniversitaire et des Relations Ext\u00e9rieures<\/strong> est charg\u00e9 :<\/p>\n\n\n\n<ul class=\"wp-block-list\">\n<li class=\"has-medium-font-size\">&#8211; de l&rsquo;\u00e9laboration et de la programmation des conf\u00e9rences internationales et missions en C\u00f4te d&rsquo;Ivoire et \u00e0 l&rsquo;\u00e9tranger ;<br>&#8211; de la pr\u00e9paration et de l&rsquo;organisation des conf\u00e9rences et missions en C\u00f4te d&rsquo;Ivoire et \u00e0 l&rsquo;\u00e9tranger ;<br>&#8211; de l&rsquo;\u00e9laboration des accords et conventions de partenariats avec les Institutions partenaires, en liaison avec le service juridique ;<br>&#8211; du suivi de la mise en \u0153uvre et de l&rsquo;application des termes des accords et des conventions approuv\u00e9s par le service juridique ;<br>&#8211; du suivi et de la gestion des relations avec les Institutions d&rsquo;enseignement sup\u00e9rieur et de recherche, et les organisations nationales et internationales.<\/li>\n<\/ul>","protected":false},"excerpt":{"rendered":"<p>\u00a0 \u00a0 Professeur KONE Issiaka Vice-pr\u00e9sident de l&rsquo;Universit\u00e9 Jean Lorougnon Gu\u00e9d\u00e9 Sp\u00e9cialit\u00e9 :\u00a0SociologueGrade :\u00a0Professeur TitulaireLangues :\u00a0Fran\u00e7ais, Anglais Les missions de la Vice-Pr\u00e9sidence Le Vice-pr\u00e9sident en charge de la Recherche, de l&rsquo;innovation Technologique et des Relations Ext\u00e9rieures coordonne les services suivants &hellip; <\/p>","protected":false},"author":2,"featured_media":0,"parent":4828,"menu_order":0,"comment_status":"closed","ping_status":"closed","template":"","meta":{"_uag_custom_page_level_css":"","_monsterinsights_skip_tracking":false,"_monsterinsights_sitenote_active":false,"_monsterinsights_sitenote_note":"","_monsterinsights_sitenote_category":0,"_themeisle_gutenberg_block_has_review":false,"footnotes":""},"class_list":["post-4907","page","type-page","status-publish","hentry"],"yoast_head":"<!-- This site is optimized with the Yoast SEO plugin v27.6 - https:\/\/yoast.com\/product\/yoast-seo-wordpress\/ -->\n<title>Vice-Pr\u00e9sidence charg\u00e9e de la recherche, de l&#039;Innovation technologique et des Relations Ext\u00e9rieures - Universit\u00e9 Jean Lorougnon Gu\u00e9d\u00e9<\/title>\n<meta name=\"robots\" content=\"index, follow, max-snippet:-1, max-image-preview:large, max-video-preview:-1\" \/>\n<link rel=\"canonical\" href=\"https:\/\/ujlog.edu.ci\/en\/vice-presidences\/vice-presidence-chargee-de-l-inovation-technologique-et-des-relations-exterieures\/\" \/>\n<meta property=\"og:locale\" content=\"en_US\" \/>\n<meta property=\"og:type\" content=\"article\" \/>\n<meta property=\"og:title\" content=\"Vice-Pr\u00e9sidence charg\u00e9e de la recherche, de l&#039;Innovation technologique et des Relations Ext\u00e9rieures - Universit\u00e9 Jean Lorougnon Gu\u00e9d\u00e9\" \/>\n<meta property=\"og:description\" content=\"\u00a0 \u00a0 Professeur KONE Issiaka Vice-pr\u00e9sident de l&rsquo;Universit\u00e9 Jean Lorougnon Gu\u00e9d\u00e9 Sp\u00e9cialit\u00e9 :\u00a0SociologueGrade :\u00a0Professeur TitulaireLangues :\u00a0Fran\u00e7ais, Anglais Les missions de la Vice-Pr\u00e9sidence Le Vice-pr\u00e9sident en charge de la Recherche, de l&rsquo;innovation Technologique et des Relations Ext\u00e9rieures coordonne les services suivants &hellip;\" \/>\n<meta property=\"og:url\" content=\"https:\/\/ujlog.edu.ci\/en\/vice-presidences\/vice-presidence-chargee-de-l-inovation-technologique-et-des-relations-exterieures\/\" \/>\n<meta property=\"og:site_name\" content=\"Universit\u00e9 Jean Lorougnon Gu\u00e9d\u00e9\" \/>\n<meta property=\"article:modified_time\" content=\"2024-02-21T10:32:17+00:00\" \/>\n<meta property=\"og:image\" content=\"https:\/\/ujlog.edu.ci\/wp-content\/uploads\/2023\/12\/IMG-20220227-WA0000-740x1024.jpg\" \/>\n<meta name=\"twitter:card\" content=\"summary_large_image\" \/>\n<meta name=\"twitter:label1\" content=\"Est. reading time\" \/>\n\t<meta name=\"twitter:data1\" content=\"4 minutes\" \/>\n<script type=\"application\/ld+json\" class=\"yoast-schema-graph\">{\"@context\":\"https:\\\/\\\/schema.org\",\"@graph\":[{\"@type\":\"WebPage\",\"@id\":\"https:\\\/\\\/ujlog.edu.ci\\\/vice-presidences\\\/vice-presidence-chargee-de-l-inovation-technologique-et-des-relations-exterieures\\\/\",\"url\":\"https:\\\/\\\/ujlog.edu.ci\\\/vice-presidences\\\/vice-presidence-chargee-de-l-inovation-technologique-et-des-relations-exterieures\\\/\",\"name\":\"Vice-Pr\u00e9sidence charg\u00e9e de la recherche, de l'Innovation technologique et des Relations Ext\u00e9rieures - Universit\u00e9 Jean Lorougnon Gu\u00e9d\u00e9\",\"isPartOf\":{\"@id\":\"https:\\\/\\\/ujlog.edu.ci\\\/#website\"},\"primaryImageOfPage\":{\"@id\":\"https:\\\/\\\/ujlog.edu.ci\\\/vice-presidences\\\/vice-presidence-chargee-de-l-inovation-technologique-et-des-relations-exterieures\\\/#primaryimage\"},\"image\":{\"@id\":\"https:\\\/\\\/ujlog.edu.ci\\\/vice-presidences\\\/vice-presidence-chargee-de-l-inovation-technologique-et-des-relations-exterieures\\\/#primaryimage\"},\"thumbnailUrl\":\"https:\\\/\\\/ujlog.edu.ci\\\/wp-content\\\/uploads\\\/2023\\\/12\\\/IMG-20220227-WA0000-740x1024.jpg\",\"datePublished\":\"2023-12-11T14:18:35+00:00\",\"dateModified\":\"2024-02-21T10:32:17+00:00\",\"breadcrumb\":{\"@id\":\"https:\\\/\\\/ujlog.edu.ci\\\/vice-presidences\\\/vice-presidence-chargee-de-l-inovation-technologique-et-des-relations-exterieures\\\/#breadcrumb\"},\"inLanguage\":\"en-US\",\"potentialAction\":[{\"@type\":\"ReadAction\",\"target\":[\"https:\\\/\\\/ujlog.edu.ci\\\/vice-presidences\\\/vice-presidence-chargee-de-l-inovation-technologique-et-des-relations-exterieures\\\/\"]}]},{\"@type\":\"ImageObject\",\"inLanguage\":\"en-US\",\"@id\":\"https:\\\/\\\/ujlog.edu.ci\\\/vice-presidences\\\/vice-presidence-chargee-de-l-inovation-technologique-et-des-relations-exterieures\\\/#primaryimage\",\"url\":\"https:\\\/\\\/ujlog.edu.ci\\\/wp-content\\\/uploads\\\/2023\\\/12\\\/IMG-20220227-WA0000-740x1024.jpg\",\"contentUrl\":\"https:\\\/\\\/ujlog.edu.ci\\\/wp-content\\\/uploads\\\/2023\\\/12\\\/IMG-20220227-WA0000-740x1024.jpg\"},{\"@type\":\"BreadcrumbList\",\"@id\":\"https:\\\/\\\/ujlog.edu.ci\\\/vice-presidences\\\/vice-presidence-chargee-de-l-inovation-technologique-et-des-relations-exterieures\\\/#breadcrumb\",\"itemListElement\":[{\"@type\":\"ListItem\",\"position\":1,\"name\":\"Accueil\",\"item\":\"https:\\\/\\\/ujlog.edu.ci\\\/\"},{\"@type\":\"ListItem\",\"position\":2,\"name\":\"Vice-pr\u00e9sidences\",\"item\":\"https:\\\/\\\/ujlog.edu.ci\\\/vice-presidences\\\/\"},{\"@type\":\"ListItem\",\"position\":3,\"name\":\"Vice-Pr\u00e9sidence charg\u00e9e de la recherche, de l&rsquo;Innovation technologique et des Relations Ext\u00e9rieures\"}]},{\"@type\":\"WebSite\",\"@id\":\"https:\\\/\\\/ujlog.edu.ci\\\/#website\",\"url\":\"https:\\\/\\\/ujlog.edu.ci\\\/\",\"name\":\"Universit\u00e9 Jean Lorougnon Gu\u00e9d\u00e9\",\"description\":\"Universit\u00e9 Jean Lorougnon Gu\u00e9d\u00e9\",\"potentialAction\":[{\"@type\":\"SearchAction\",\"target\":{\"@type\":\"EntryPoint\",\"urlTemplate\":\"https:\\\/\\\/ujlog.edu.ci\\\/?s={search_term_string}\"},\"query-input\":{\"@type\":\"PropertyValueSpecification\",\"valueRequired\":true,\"valueName\":\"search_term_string\"}}],\"inLanguage\":\"en-US\"}]}<\/script>\n<!-- \/ Yoast SEO plugin. -->","yoast_head_json":{"title":"Vice-Pr\u00e9sidence charg\u00e9e de la recherche, de l'Innovation technologique et des Relations Ext\u00e9rieures - Universit\u00e9 Jean Lorougnon Gu\u00e9d\u00e9","robots":{"index":"index","follow":"follow","max-snippet":"max-snippet:-1","max-image-preview":"max-image-preview:large","max-video-preview":"max-video-preview:-1"},"canonical":"https:\/\/ujlog.edu.ci\/en\/vice-presidences\/vice-presidence-chargee-de-l-inovation-technologique-et-des-relations-exterieures\/","og_locale":"en_US","og_type":"article","og_title":"Vice-Pr\u00e9sidence charg\u00e9e de la recherche, de l'Innovation technologique et des Relations Ext\u00e9rieures - Universit\u00e9 Jean Lorougnon Gu\u00e9d\u00e9","og_description":"\u00a0 \u00a0 Professeur KONE Issiaka Vice-pr\u00e9sident de l&rsquo;Universit\u00e9 Jean Lorougnon Gu\u00e9d\u00e9 Sp\u00e9cialit\u00e9 :\u00a0SociologueGrade :\u00a0Professeur TitulaireLangues :\u00a0Fran\u00e7ais, Anglais Les missions de la Vice-Pr\u00e9sidence Le Vice-pr\u00e9sident en charge de la Recherche, de l&rsquo;innovation Technologique et des Relations Ext\u00e9rieures coordonne les services suivants &hellip;","og_url":"https:\/\/ujlog.edu.ci\/en\/vice-presidences\/vice-presidence-chargee-de-l-inovation-technologique-et-des-relations-exterieures\/","og_site_name":"Universit\u00e9 Jean Lorougnon Gu\u00e9d\u00e9","article_modified_time":"2024-02-21T10:32:17+00:00","og_image":[{"url":"https:\/\/ujlog.edu.ci\/wp-content\/uploads\/2023\/12\/IMG-20220227-WA0000-740x1024.jpg","type":"","width":"","height":""}],"twitter_card":"summary_large_image","twitter_misc":{"Est. reading time":"4 minutes"},"schema":{"@context":"https:\/\/schema.org","@graph":[{"@type":"WebPage","@id":"https:\/\/ujlog.edu.ci\/vice-presidences\/vice-presidence-chargee-de-l-inovation-technologique-et-des-relations-exterieures\/","url":"https:\/\/ujlog.edu.ci\/vice-presidences\/vice-presidence-chargee-de-l-inovation-technologique-et-des-relations-exterieures\/","name":"Vice-Pr\u00e9sidence charg\u00e9e de la recherche, de l'Innovation technologique et des Relations Ext\u00e9rieures - Universit\u00e9 Jean Lorougnon Gu\u00e9d\u00e9","isPartOf":{"@id":"https:\/\/ujlog.edu.ci\/#website"},"primaryImageOfPage":{"@id":"https:\/\/ujlog.edu.ci\/vice-presidences\/vice-presidence-chargee-de-l-inovation-technologique-et-des-relations-exterieures\/#primaryimage"},"image":{"@id":"https:\/\/ujlog.edu.ci\/vice-presidences\/vice-presidence-chargee-de-l-inovation-technologique-et-des-relations-exterieures\/#primaryimage"},"thumbnailUrl":"https:\/\/ujlog.edu.ci\/wp-content\/uploads\/2023\/12\/IMG-20220227-WA0000-740x1024.jpg","datePublished":"2023-12-11T14:18:35+00:00","dateModified":"2024-02-21T10:32:17+00:00","breadcrumb":{"@id":"https:\/\/ujlog.edu.ci\/vice-presidences\/vice-presidence-chargee-de-l-inovation-technologique-et-des-relations-exterieures\/#breadcrumb"},"inLanguage":"en-US","potentialAction":[{"@type":"ReadAction","target":["https:\/\/ujlog.edu.ci\/vice-presidences\/vice-presidence-chargee-de-l-inovation-technologique-et-des-relations-exterieures\/"]}]},{"@type":"ImageObject","inLanguage":"en-US","@id":"https:\/\/ujlog.edu.ci\/vice-presidences\/vice-presidence-chargee-de-l-inovation-technologique-et-des-relations-exterieures\/#primaryimage","url":"https:\/\/ujlog.edu.ci\/wp-content\/uploads\/2023\/12\/IMG-20220227-WA0000-740x1024.jpg","contentUrl":"https:\/\/ujlog.edu.ci\/wp-content\/uploads\/2023\/12\/IMG-20220227-WA0000-740x1024.jpg"},{"@type":"BreadcrumbList","@id":"https:\/\/ujlog.edu.ci\/vice-presidences\/vice-presidence-chargee-de-l-inovation-technologique-et-des-relations-exterieures\/#breadcrumb","itemListElement":[{"@type":"ListItem","position":1,"name":"Accueil","item":"https:\/\/ujlog.edu.ci\/"},{"@type":"ListItem","position":2,"name":"Vice-pr\u00e9sidences","item":"https:\/\/ujlog.edu.ci\/vice-presidences\/"},{"@type":"ListItem","position":3,"name":"Vice-Pr\u00e9sidence charg\u00e9e de la recherche, de l&rsquo;Innovation technologique et des Relations Ext\u00e9rieures"}]},{"@type":"WebSite","@id":"https:\/\/ujlog.edu.ci\/#website","url":"https:\/\/ujlog.edu.ci\/","name":"Universit\u00e9 Jean Lorougnon Gu\u00e9d\u00e9","description":"Universit\u00e9 Jean Lorougnon Gu\u00e9d\u00e9","potentialAction":[{"@type":"SearchAction","target":{"@type":"EntryPoint","urlTemplate":"https:\/\/ujlog.edu.ci\/?s={search_term_string}"},"query-input":{"@type":"PropertyValueSpecification","valueRequired":true,"valueName":"search_term_string"}}],"inLanguage":"en-US"}]}},"uagb_featured_image_src":{"full":false,"thumbnail":false,"medium":false,"medium_large":false,"large":false,"1536x1536":false,"2048x2048":false,"trp-custom-language-flag":false,"course_thumbnail":false,"woocommerce_thumbnail":false,"woocommerce_single":false,"woocommerce_gallery_thumbnail":false},"uagb_author_info":{"display_name":"service communication","author_link":"https:\/\/ujlog.edu.ci\/en\/author\/service-communication\/"},"uagb_comment_info":0,"uagb_excerpt":"\u00a0 \u00a0 Professeur KONE Issiaka Vice-pr\u00e9sident de l&rsquo;Universit\u00e9 Jean Lorougnon Gu\u00e9d\u00e9 Sp\u00e9cialit\u00e9 :\u00a0SociologueGrade :\u00a0Professeur TitulaireLangues :\u00a0Fran\u00e7ais, Anglais Les missions de la Vice-Pr\u00e9sidence Le Vice-pr\u00e9sident en charge de la Recherche, de l&rsquo;innovation Technologique et des Relations Ext\u00e9rieures coordonne les services suivants &hellip;","_links":{"self":[{"href":"https:\/\/ujlog.edu.ci\/en\/wp-json\/wp\/v2\/pages\/4907","targetHints":{"allow":["GET"]}}],"collection":[{"href":"https:\/\/ujlog.edu.ci\/en\/wp-json\/wp\/v2\/pages"}],"about":[{"href":"https:\/\/ujlog.edu.ci\/en\/wp-json\/wp\/v2\/types\/page"}],"author":[{"embeddable":true,"href":"https:\/\/ujlog.edu.ci\/en\/wp-json\/wp\/v2\/users\/2"}],"replies":[{"embeddable":true,"href":"https:\/\/ujlog.edu.ci\/en\/wp-json\/wp\/v2\/comments?post=4907"}],"version-history":[{"count":28,"href":"https:\/\/ujlog.edu.ci\/en\/wp-json\/wp\/v2\/pages\/4907\/revisions"}],"predecessor-version":[{"id":5378,"href":"https:\/\/ujlog.edu.ci\/en\/wp-json\/wp\/v2\/pages\/4907\/revisions\/5378"}],"up":[{"embeddable":true,"href":"https:\/\/ujlog.edu.ci\/en\/wp-json\/wp\/v2\/pages\/4828"}],"wp:attachment":[{"href":"https:\/\/ujlog.edu.ci\/en\/wp-json\/wp\/v2\/media?parent=4907"}],"curies":[{"name":"wp","href":"https:\/\/api.w.org\/{rel}","templated":true}]}}