{"id":4871,"date":"2023-12-11T13:13:32","date_gmt":"2023-12-11T13:13:32","guid":{"rendered":"https:\/\/ujlog.edu.ci\/?page_id=4871"},"modified":"2024-02-21T10:32:37","modified_gmt":"2024-02-21T10:32:37","slug":"vice-presidence-chargee-de-la-pedagogie-et-de-la-vie-universitaire","status":"publish","type":"page","link":"https:\/\/ujlog.edu.ci\/en\/vice-presidences\/vice-presidence-chargee-de-la-pedagogie-et-de-la-vie-universitaire\/","title":{"rendered":"Vice-Pr\u00e9sidence charg\u00e9e de la P\u00e9dagogie et de la Vie Universitaire"},"content":{"rendered":"<div class=\"wp-block-columns is-layout-flex wp-container-core-columns-is-layout-9d6595d7 wp-block-columns-is-layout-flex\">\n<div class=\"wp-block-column is-layout-flow wp-block-column-is-layout-flow\"><div class=\"wp-block-image\">\n<figure class=\"aligncenter size-large\"><img fetchpriority=\"high\" decoding=\"async\" width=\"741\" height=\"1024\" src=\"https:\/\/ujlog.edu.ci\/wp-content\/uploads\/2024\/01\/DSC_4026-copy-741x1024.jpg\" alt=\"\" class=\"wp-image-5189\" srcset=\"https:\/\/ujlog.edu.ci\/wp-content\/uploads\/2024\/01\/DSC_4026-copy-741x1024.jpg 741w, https:\/\/ujlog.edu.ci\/wp-content\/uploads\/2024\/01\/DSC_4026-copy-217x300.jpg 217w, https:\/\/ujlog.edu.ci\/wp-content\/uploads\/2024\/01\/DSC_4026-copy-768x1061.jpg 768w, https:\/\/ujlog.edu.ci\/wp-content\/uploads\/2024\/01\/DSC_4026-copy-1112x1536.jpg 1112w, https:\/\/ujlog.edu.ci\/wp-content\/uploads\/2024\/01\/DSC_4026-copy-600x829.jpg 600w, https:\/\/ujlog.edu.ci\/wp-content\/uploads\/2024\/01\/DSC_4026-copy-rotated.jpg 1197w\" sizes=\"(max-width: 741px) 100vw, 741px\" \/><figcaption class=\"wp-element-caption\"><strong>Prof. SORO  Dognimeton, VP de UJLoG<\/strong><\/figcaption><\/figure>\n<\/div><\/div>\n\n\n\n<div class=\"wp-block-column is-layout-flow wp-block-column-is-layout-flow\">\n<h2>\u00a0<\/h2>\n<h2>\u00a0<\/h2>\n<h2 class=\"wp-block-heading\"><strong>Professeur SORO Dognimeton<\/strong><\/h2>\n<blockquote>\n<h4><strong>Vice-Pr\u00e9sident de l\u2019Universit\u00e9 Jean Lorougnon Gu\u00e9d\u00e9<\/strong><\/h4>\n<\/blockquote>\n<p><em><span style=\"color: #ff6600;\"><strong>Sp\u00e9cialit\u00e9 :<\/strong><\/span>\u00a0Agro-p\u00e9dologue (sp\u00e9cialiste de l\u2019igname et du transfert de technologies en agriculture)<\/em><br \/><em><span style=\"color: #ff6600;\"><strong>Grade :<\/strong><\/span> Professeur Titulaire<\/em><em>\u00a0<\/em><br \/><em><span style=\"color: #ff6600;\"><strong>Langues :<\/strong>\u00a0<\/span>Fran\u00e7ais, Anglais<\/em><\/p>\n<\/div>\n<\/div>\n\n\n\n<div style=\"height:24px\" aria-hidden=\"true\" class=\"wp-block-spacer\"><\/div>\n\n\n\n<hr class=\"wp-block-separator has-alpha-channel-opacity\"\/>\n\n\n\n<p class=\"has-white-color has-vivid-green-cyan-background-color has-text-color has-background has-link-color wp-elements-45ca7f2a9d54217353cdc51f7601c50c\"><strong>&#8211; 2023 :<\/strong> Vice-Pr\u00e9sident charg\u00e9 de la P\u00e9dagogie et de la Vie Universitaire ;<\/p>\n\n\n\n<p class=\"has-white-color has-vivid-green-cyan-background-color has-text-color has-background has-link-color wp-elements-d99fd8921acac50929b51354d8617d6c\"><strong>&#8211; 2016 \u00e0 juillet 2023<\/strong> : Chef du service p\u00e9dagogique et de la vie universitaire ;<\/p>\n\n\n\n<p class=\"has-white-color has-vivid-green-cyan-background-color has-text-color has-background has-link-color wp-elements-d1939092d5434956cbd8b05217b2f8b6\"><strong>&#8211; Avril 2007 :<\/strong>&nbsp;Titulaire d\u2019un doctorat unique en agro-p\u00e9dologie et transfert de technologies en agriculture de l\u2019Universit\u00e9 F\u00e9lix Houphou\u00ebt-Boigny ;<\/p>\n\n\n\n<p class=\"has-white-color has-vivid-green-cyan-background-color has-text-color has-background has-link-color wp-elements-68f7fb3efe387de165eb7e67a114700f\"><strong>&#8211; Juillet 2007 :&nbsp;<\/strong>recrut\u00e9 en qualit\u00e9 d\u2019assistant des Universit\u00e9s pour le compte de l\u2019Universit\u00e9 Jean LOROUGNON GUEDE alors URES-Daloa ;<\/p>\n\n\n\n<p class=\"has-white-color has-vivid-green-cyan-background-color has-text-color has-background has-link-color wp-elements-4f436c18a78d59a561b330b225308237\"><strong>&#8211; Depuis 2009 :<\/strong>&nbsp;membre de l\u2019Association Ivoirienne des Sciences Agronomiques (AISA).<\/p>\n\n\n\n<hr class=\"wp-block-separator has-alpha-channel-opacity\"\/>\n\n\n\n<div style=\"height:0px\" aria-hidden=\"true\" class=\"wp-block-spacer\"><\/div>\n\n\n\n<p class=\"has-medium-font-size\">Le Vice-pr\u00e9sident \u00a0charg\u00e9 \u00a0de \u00a0la \u00a0p\u00e9dagogie, \u00a0de \u00a0la \u00a0vie \u00a0universitaire, \u00a0de \u00a0la Recherche et de l\u2019Innovation Technologique, coordonne les services suivants :<br><strong>\u2013 le Service de la P\u00e9dagogie ;<\/strong><br><strong>\u2013 le Service de la Vie Universitaire ;<\/strong><br><strong>\u2013 <strong>Le Service des Stages et de l\u2019Insertion Professionnelle<\/strong> ;<\/strong><\/p>\n\n\n\n<div style=\"height:24px\" aria-hidden=\"true\" class=\"wp-block-spacer\"><\/div>\n\n\n\n<p class=\"has-white-color has-luminous-vivid-orange-background-color has-text-color has-background has-link-color has-medium-font-size wp-elements-b284b29f530ba9b828941f1cebd3e75d\"><strong>Le Service de la P\u00e9dagogie <\/strong><\/p>\n\n\n\n<p class=\"has-medium-font-size\"><strong>Le Service de la P\u00e9dagogie et de la vie universitaire<\/strong>\u00a0est charg\u00e9 de mettre en place une action transversale d\u2019administration des \u00e9tudes pour :<br>\u2013 le renforcement de la gestion de la p\u00e9dagogie \u00e0 l\u2019Universit\u00e9 ;<br>\u2013 une meilleure visibilit\u00e9 des offres de formation ;<br>\u2013 une meilleure connaissance des apprenants et de la gestion du cursus des \u00e9tudiants ;<br>\u2013 le d\u00e9veloppement des fili\u00e8res professionnelles ;<\/p>\n\n\n\n<div style=\"height:35px\" aria-hidden=\"true\" class=\"wp-block-spacer\"><\/div>\n\n\n\n<p class=\"has-white-color has-luminous-vivid-orange-background-color has-text-color has-background has-link-color has-medium-font-size wp-elements-557dc9689d9a028c5b071a8576693904\"><strong>Le Service de la vie universitaire<\/strong>\u00a0<\/p>\n\n\n\n<p class=\"has-medium-font-size\"><strong>Le Service de la vie Universitaire<\/strong>\u00a0est charg\u00e9 de :<br>\u2013 l\u2019organisation de la vie associative ;<br>\u2013 d\u2019ins\u00e9rer dans l\u2019universit\u00e9 les enseignants, les \u00e9tudiants et le personnel<br>administratif et technique ;<br>\u2013 de veiller \u00e0 l\u2019\u00e9panouissement de tous les acteurs de l\u2019Universit\u00e9 ;<br>\u2013 de favoriser la r\u00e9ussite des \u00e9tudiants ;<br>\u2013 cr\u00e9er un observatoire de la vie universitaire.<\/p>\n\n\n\n<div style=\"height:36px\" aria-hidden=\"true\" class=\"wp-block-spacer\"><\/div>\n\n\n\n<p class=\"has-white-color has-luminous-vivid-orange-background-color has-text-color has-background has-link-color has-medium-font-size wp-elements-6d9d84b66542ab35a50cad8945be9a59\"><strong>Le Service des Stages et de l\u2019Insertion Professionnelle<\/strong><\/p>\n\n\n\n<p class=\"has-medium-font-size\"><strong>Le Service des Stages et de l\u2019Insertion Professionnelle<\/strong>\u00a0est charg\u00e9 de :<br>\u2013 d\u00e9velopper les partenariats avec le monde \u00e9conomique ;<br>\u2013 d\u00e9velopper les stages en entreprises;<br>\u2013 faciliter l\u2019insertion professionnelle des dipl\u00f4m\u00e9s.<\/p>","protected":false},"excerpt":{"rendered":"<p>\u00a0 \u00a0 Professeur SORO Dognimeton Vice-Pr\u00e9sident de l\u2019Universit\u00e9 Jean Lorougnon Gu\u00e9d\u00e9 Sp\u00e9cialit\u00e9 :\u00a0Agro-p\u00e9dologue (sp\u00e9cialiste de l\u2019igname et du transfert de technologies en agriculture)Grade : Professeur Titulaire\u00a0Langues :\u00a0Fran\u00e7ais, Anglais &#8211; 2023 : Vice-Pr\u00e9sident charg\u00e9 de la P\u00e9dagogie et de la Vie &hellip; <\/p>","protected":false},"author":2,"featured_media":0,"parent":4828,"menu_order":0,"comment_status":"closed","ping_status":"closed","template":"","meta":{"_uag_custom_page_level_css":"","_monsterinsights_skip_tracking":false,"_monsterinsights_sitenote_active":false,"_monsterinsights_sitenote_note":"","_monsterinsights_sitenote_category":0,"_themeisle_gutenberg_block_has_review":false,"footnotes":""},"class_list":["post-4871","page","type-page","status-publish","hentry"],"yoast_head":"<!-- This site is optimized with the Yoast SEO plugin v27.6 - https:\/\/yoast.com\/product\/yoast-seo-wordpress\/ -->\n<title>Vice-Pr\u00e9sidence charg\u00e9e de la P\u00e9dagogie et de la Vie Universitaire - Universit\u00e9 Jean Lorougnon Gu\u00e9d\u00e9<\/title>\n<meta name=\"robots\" content=\"index, follow, max-snippet:-1, max-image-preview:large, max-video-preview:-1\" \/>\n<link rel=\"canonical\" href=\"https:\/\/ujlog.edu.ci\/en\/vice-presidences\/vice-presidence-chargee-de-la-pedagogie-et-de-la-vie-universitaire\/\" \/>\n<meta property=\"og:locale\" content=\"en_US\" \/>\n<meta property=\"og:type\" content=\"article\" \/>\n<meta property=\"og:title\" content=\"Vice-Pr\u00e9sidence charg\u00e9e de la P\u00e9dagogie et de la Vie Universitaire - Universit\u00e9 Jean Lorougnon Gu\u00e9d\u00e9\" \/>\n<meta property=\"og:description\" content=\"\u00a0 \u00a0 Professeur SORO Dognimeton Vice-Pr\u00e9sident de l\u2019Universit\u00e9 Jean Lorougnon Gu\u00e9d\u00e9 Sp\u00e9cialit\u00e9 :\u00a0Agro-p\u00e9dologue (sp\u00e9cialiste de l\u2019igname et du transfert de technologies en agriculture)Grade : Professeur Titulaire\u00a0Langues :\u00a0Fran\u00e7ais, Anglais &#8211; 2023 : Vice-Pr\u00e9sident charg\u00e9 de la P\u00e9dagogie et de la Vie &hellip;\" \/>\n<meta property=\"og:url\" content=\"https:\/\/ujlog.edu.ci\/en\/vice-presidences\/vice-presidence-chargee-de-la-pedagogie-et-de-la-vie-universitaire\/\" \/>\n<meta property=\"og:site_name\" content=\"Universit\u00e9 Jean Lorougnon Gu\u00e9d\u00e9\" \/>\n<meta property=\"article:modified_time\" content=\"2024-02-21T10:32:37+00:00\" \/>\n<meta property=\"og:image\" content=\"https:\/\/ujlog.edu.ci\/wp-content\/uploads\/2024\/01\/DSC_4026-copy-741x1024.jpg\" \/>\n<meta name=\"twitter:card\" content=\"summary_large_image\" \/>\n<meta name=\"twitter:label1\" content=\"Est. reading time\" \/>\n\t<meta name=\"twitter:data1\" content=\"2 minutes\" \/>\n<script type=\"application\/ld+json\" class=\"yoast-schema-graph\">{\"@context\":\"https:\\\/\\\/schema.org\",\"@graph\":[{\"@type\":\"WebPage\",\"@id\":\"https:\\\/\\\/ujlog.edu.ci\\\/vice-presidences\\\/vice-presidence-chargee-de-la-pedagogie-et-de-la-vie-universitaire\\\/\",\"url\":\"https:\\\/\\\/ujlog.edu.ci\\\/vice-presidences\\\/vice-presidence-chargee-de-la-pedagogie-et-de-la-vie-universitaire\\\/\",\"name\":\"Vice-Pr\u00e9sidence charg\u00e9e de la P\u00e9dagogie et de la Vie Universitaire - Universit\u00e9 Jean Lorougnon Gu\u00e9d\u00e9\",\"isPartOf\":{\"@id\":\"https:\\\/\\\/ujlog.edu.ci\\\/#website\"},\"primaryImageOfPage\":{\"@id\":\"https:\\\/\\\/ujlog.edu.ci\\\/vice-presidences\\\/vice-presidence-chargee-de-la-pedagogie-et-de-la-vie-universitaire\\\/#primaryimage\"},\"image\":{\"@id\":\"https:\\\/\\\/ujlog.edu.ci\\\/vice-presidences\\\/vice-presidence-chargee-de-la-pedagogie-et-de-la-vie-universitaire\\\/#primaryimage\"},\"thumbnailUrl\":\"https:\\\/\\\/ujlog.edu.ci\\\/wp-content\\\/uploads\\\/2024\\\/01\\\/DSC_4026-copy-741x1024.jpg\",\"datePublished\":\"2023-12-11T13:13:32+00:00\",\"dateModified\":\"2024-02-21T10:32:37+00:00\",\"breadcrumb\":{\"@id\":\"https:\\\/\\\/ujlog.edu.ci\\\/vice-presidences\\\/vice-presidence-chargee-de-la-pedagogie-et-de-la-vie-universitaire\\\/#breadcrumb\"},\"inLanguage\":\"en-US\",\"potentialAction\":[{\"@type\":\"ReadAction\",\"target\":[\"https:\\\/\\\/ujlog.edu.ci\\\/vice-presidences\\\/vice-presidence-chargee-de-la-pedagogie-et-de-la-vie-universitaire\\\/\"]}]},{\"@type\":\"ImageObject\",\"inLanguage\":\"en-US\",\"@id\":\"https:\\\/\\\/ujlog.edu.ci\\\/vice-presidences\\\/vice-presidence-chargee-de-la-pedagogie-et-de-la-vie-universitaire\\\/#primaryimage\",\"url\":\"https:\\\/\\\/ujlog.edu.ci\\\/wp-content\\\/uploads\\\/2024\\\/01\\\/DSC_4026-copy-741x1024.jpg\",\"contentUrl\":\"https:\\\/\\\/ujlog.edu.ci\\\/wp-content\\\/uploads\\\/2024\\\/01\\\/DSC_4026-copy-741x1024.jpg\"},{\"@type\":\"BreadcrumbList\",\"@id\":\"https:\\\/\\\/ujlog.edu.ci\\\/vice-presidences\\\/vice-presidence-chargee-de-la-pedagogie-et-de-la-vie-universitaire\\\/#breadcrumb\",\"itemListElement\":[{\"@type\":\"ListItem\",\"position\":1,\"name\":\"Accueil\",\"item\":\"https:\\\/\\\/ujlog.edu.ci\\\/\"},{\"@type\":\"ListItem\",\"position\":2,\"name\":\"Vice-pr\u00e9sidences\",\"item\":\"https:\\\/\\\/ujlog.edu.ci\\\/vice-presidences\\\/\"},{\"@type\":\"ListItem\",\"position\":3,\"name\":\"Vice-Pr\u00e9sidence charg\u00e9e de la P\u00e9dagogie et de la Vie Universitaire\"}]},{\"@type\":\"WebSite\",\"@id\":\"https:\\\/\\\/ujlog.edu.ci\\\/#website\",\"url\":\"https:\\\/\\\/ujlog.edu.ci\\\/\",\"name\":\"Universit\u00e9 Jean Lorougnon Gu\u00e9d\u00e9\",\"description\":\"Universit\u00e9 Jean Lorougnon Gu\u00e9d\u00e9\",\"potentialAction\":[{\"@type\":\"SearchAction\",\"target\":{\"@type\":\"EntryPoint\",\"urlTemplate\":\"https:\\\/\\\/ujlog.edu.ci\\\/?s={search_term_string}\"},\"query-input\":{\"@type\":\"PropertyValueSpecification\",\"valueRequired\":true,\"valueName\":\"search_term_string\"}}],\"inLanguage\":\"en-US\"}]}<\/script>\n<!-- \/ Yoast SEO plugin. -->","yoast_head_json":{"title":"Vice-Pr\u00e9sidence charg\u00e9e de la P\u00e9dagogie et de la Vie Universitaire - Universit\u00e9 Jean Lorougnon Gu\u00e9d\u00e9","robots":{"index":"index","follow":"follow","max-snippet":"max-snippet:-1","max-image-preview":"max-image-preview:large","max-video-preview":"max-video-preview:-1"},"canonical":"https:\/\/ujlog.edu.ci\/en\/vice-presidences\/vice-presidence-chargee-de-la-pedagogie-et-de-la-vie-universitaire\/","og_locale":"en_US","og_type":"article","og_title":"Vice-Pr\u00e9sidence charg\u00e9e de la P\u00e9dagogie et de la Vie Universitaire - Universit\u00e9 Jean Lorougnon Gu\u00e9d\u00e9","og_description":"\u00a0 \u00a0 Professeur SORO Dognimeton Vice-Pr\u00e9sident de l\u2019Universit\u00e9 Jean Lorougnon Gu\u00e9d\u00e9 Sp\u00e9cialit\u00e9 :\u00a0Agro-p\u00e9dologue (sp\u00e9cialiste de l\u2019igname et du transfert de technologies en agriculture)Grade : Professeur Titulaire\u00a0Langues :\u00a0Fran\u00e7ais, Anglais &#8211; 2023 : Vice-Pr\u00e9sident charg\u00e9 de la P\u00e9dagogie et de la Vie &hellip;","og_url":"https:\/\/ujlog.edu.ci\/en\/vice-presidences\/vice-presidence-chargee-de-la-pedagogie-et-de-la-vie-universitaire\/","og_site_name":"Universit\u00e9 Jean Lorougnon Gu\u00e9d\u00e9","article_modified_time":"2024-02-21T10:32:37+00:00","og_image":[{"url":"https:\/\/ujlog.edu.ci\/wp-content\/uploads\/2024\/01\/DSC_4026-copy-741x1024.jpg","type":"","width":"","height":""}],"twitter_card":"summary_large_image","twitter_misc":{"Est. reading time":"2 minutes"},"schema":{"@context":"https:\/\/schema.org","@graph":[{"@type":"WebPage","@id":"https:\/\/ujlog.edu.ci\/vice-presidences\/vice-presidence-chargee-de-la-pedagogie-et-de-la-vie-universitaire\/","url":"https:\/\/ujlog.edu.ci\/vice-presidences\/vice-presidence-chargee-de-la-pedagogie-et-de-la-vie-universitaire\/","name":"Vice-Pr\u00e9sidence charg\u00e9e de la P\u00e9dagogie et de la Vie Universitaire - Universit\u00e9 Jean Lorougnon Gu\u00e9d\u00e9","isPartOf":{"@id":"https:\/\/ujlog.edu.ci\/#website"},"primaryImageOfPage":{"@id":"https:\/\/ujlog.edu.ci\/vice-presidences\/vice-presidence-chargee-de-la-pedagogie-et-de-la-vie-universitaire\/#primaryimage"},"image":{"@id":"https:\/\/ujlog.edu.ci\/vice-presidences\/vice-presidence-chargee-de-la-pedagogie-et-de-la-vie-universitaire\/#primaryimage"},"thumbnailUrl":"https:\/\/ujlog.edu.ci\/wp-content\/uploads\/2024\/01\/DSC_4026-copy-741x1024.jpg","datePublished":"2023-12-11T13:13:32+00:00","dateModified":"2024-02-21T10:32:37+00:00","breadcrumb":{"@id":"https:\/\/ujlog.edu.ci\/vice-presidences\/vice-presidence-chargee-de-la-pedagogie-et-de-la-vie-universitaire\/#breadcrumb"},"inLanguage":"en-US","potentialAction":[{"@type":"ReadAction","target":["https:\/\/ujlog.edu.ci\/vice-presidences\/vice-presidence-chargee-de-la-pedagogie-et-de-la-vie-universitaire\/"]}]},{"@type":"ImageObject","inLanguage":"en-US","@id":"https:\/\/ujlog.edu.ci\/vice-presidences\/vice-presidence-chargee-de-la-pedagogie-et-de-la-vie-universitaire\/#primaryimage","url":"https:\/\/ujlog.edu.ci\/wp-content\/uploads\/2024\/01\/DSC_4026-copy-741x1024.jpg","contentUrl":"https:\/\/ujlog.edu.ci\/wp-content\/uploads\/2024\/01\/DSC_4026-copy-741x1024.jpg"},{"@type":"BreadcrumbList","@id":"https:\/\/ujlog.edu.ci\/vice-presidences\/vice-presidence-chargee-de-la-pedagogie-et-de-la-vie-universitaire\/#breadcrumb","itemListElement":[{"@type":"ListItem","position":1,"name":"Accueil","item":"https:\/\/ujlog.edu.ci\/"},{"@type":"ListItem","position":2,"name":"Vice-pr\u00e9sidences","item":"https:\/\/ujlog.edu.ci\/vice-presidences\/"},{"@type":"ListItem","position":3,"name":"Vice-Pr\u00e9sidence charg\u00e9e de la P\u00e9dagogie et de la Vie Universitaire"}]},{"@type":"WebSite","@id":"https:\/\/ujlog.edu.ci\/#website","url":"https:\/\/ujlog.edu.ci\/","name":"Universit\u00e9 Jean Lorougnon Gu\u00e9d\u00e9","description":"Universit\u00e9 Jean Lorougnon Gu\u00e9d\u00e9","potentialAction":[{"@type":"SearchAction","target":{"@type":"EntryPoint","urlTemplate":"https:\/\/ujlog.edu.ci\/?s={search_term_string}"},"query-input":{"@type":"PropertyValueSpecification","valueRequired":true,"valueName":"search_term_string"}}],"inLanguage":"en-US"}]}},"uagb_featured_image_src":{"full":false,"thumbnail":false,"medium":false,"medium_large":false,"large":false,"1536x1536":false,"2048x2048":false,"trp-custom-language-flag":false,"course_thumbnail":false,"woocommerce_thumbnail":false,"woocommerce_single":false,"woocommerce_gallery_thumbnail":false},"uagb_author_info":{"display_name":"service communication","author_link":"https:\/\/ujlog.edu.ci\/en\/author\/service-communication\/"},"uagb_comment_info":0,"uagb_excerpt":"\u00a0 \u00a0 Professeur SORO Dognimeton Vice-Pr\u00e9sident de l\u2019Universit\u00e9 Jean Lorougnon Gu\u00e9d\u00e9 Sp\u00e9cialit\u00e9 :\u00a0Agro-p\u00e9dologue (sp\u00e9cialiste de l\u2019igname et du transfert de technologies en agriculture)Grade : Professeur Titulaire\u00a0Langues :\u00a0Fran\u00e7ais, Anglais &#8211; 2023 : Vice-Pr\u00e9sident charg\u00e9 de la P\u00e9dagogie et de la Vie &hellip;","_links":{"self":[{"href":"https:\/\/ujlog.edu.ci\/en\/wp-json\/wp\/v2\/pages\/4871","targetHints":{"allow":["GET"]}}],"collection":[{"href":"https:\/\/ujlog.edu.ci\/en\/wp-json\/wp\/v2\/pages"}],"about":[{"href":"https:\/\/ujlog.edu.ci\/en\/wp-json\/wp\/v2\/types\/page"}],"author":[{"embeddable":true,"href":"https:\/\/ujlog.edu.ci\/en\/wp-json\/wp\/v2\/users\/2"}],"replies":[{"embeddable":true,"href":"https:\/\/ujlog.edu.ci\/en\/wp-json\/wp\/v2\/comments?post=4871"}],"version-history":[{"count":43,"href":"https:\/\/ujlog.edu.ci\/en\/wp-json\/wp\/v2\/pages\/4871\/revisions"}],"predecessor-version":[{"id":5380,"href":"https:\/\/ujlog.edu.ci\/en\/wp-json\/wp\/v2\/pages\/4871\/revisions\/5380"}],"up":[{"embeddable":true,"href":"https:\/\/ujlog.edu.ci\/en\/wp-json\/wp\/v2\/pages\/4828"}],"wp:attachment":[{"href":"https:\/\/ujlog.edu.ci\/en\/wp-json\/wp\/v2\/media?parent=4871"}],"curies":[{"name":"wp","href":"https:\/\/api.w.org\/{rel}","templated":true}]}}