{"id":4838,"date":"2023-12-06T15:57:37","date_gmt":"2023-12-06T15:57:37","guid":{"rendered":"https:\/\/ujlog.edu.ci\/?page_id=4838"},"modified":"2023-12-19T06:51:32","modified_gmt":"2023-12-19T06:51:32","slug":"direction-de-la-scolarite","status":"publish","type":"page","link":"https:\/\/ujlog.edu.ci\/en\/a-propos\/organisations\/directions-services\/direction-de-la-scolarite\/","title":{"rendered":"Direction de la Scolarit\u00e9"},"content":{"rendered":"<div class=\"wp-block-columns is-layout-flex wp-container-core-columns-is-layout-9d6595d7 wp-block-columns-is-layout-flex\">\n<div class=\"wp-block-column is-layout-flow wp-block-column-is-layout-flow\">\n<figure class=\"wp-block-gallery aligncenter has-nested-images columns-default is-cropped wp-block-gallery-1 is-layout-flex wp-block-gallery-is-layout-flex\">\n<figure class=\"wp-block-image size-full\"><img fetchpriority=\"high\" decoding=\"async\" width=\"292\" height=\"467\" data-id=\"4983\" src=\"https:\/\/ujlog.edu.ci\/wp-content\/uploads\/2023\/12\/dr-scol-edited.jpg\" alt=\"\" class=\"wp-image-4983\" srcset=\"https:\/\/ujlog.edu.ci\/wp-content\/uploads\/2023\/12\/dr-scol-edited.jpg 292w, https:\/\/ujlog.edu.ci\/wp-content\/uploads\/2023\/12\/dr-scol-edited-188x300.jpg 188w\" sizes=\"(max-width: 292px) 100vw, 292px\" \/><figcaption class=\"wp-element-caption\"><strong><em>Dr KOUAME Kouam\u00e9 Victor, Directeur de la scolarit\u00e9<\/em><\/strong><\/figcaption><\/figure>\n<\/figure>\n<\/div>\n\n\n\n<div class=\"wp-block-column is-layout-flow wp-block-column-is-layout-flow\">\n<h3>\u00a0<\/h3>\n<h3>\u00a0<\/h3>\n<h3><strong>Dr KOUAME Kouam\u00e9 Victor<\/strong><\/h3>\n<blockquote>\n<h4>Directeur de la Scolarit\u00e9 Centrale de l&rsquo;Universit\u00e9 Jean Lorougnon Gu\u00e9d\u00e9<\/h4>\n<\/blockquote>\n<p><em><strong><span style=\"color: #ff6600;\">Sp\u00e9cialit\u00e9<\/span> : <\/strong>Chimie de l\u2019Environnement (chimie des eaux), Ecotoxicologie des milieux aquatiques<\/em><br \/><em><strong><span style=\"color: #ff6600;\">Grade<\/span> : <\/strong>Ma\u00eetre de conf\u00e9rence<\/em><br \/><em><strong><span style=\"color: #ff6600;\">Langues<\/span> :<\/strong>\u00a0Fran\u00e7ais, Anglais<\/em><\/p>\n<\/div>\n<\/div>\n\n\n\n<div style=\"height:27px\" aria-hidden=\"true\" class=\"wp-block-spacer\"><\/div>\n\n\n\n<p><strong>La Direction de la Scolarit\u00e9 Centrale<\/strong>&nbsp;a la responsabilit\u00e9 de l\u2019inscription administrative des \u00e9tudiants, du pilotage op\u00e9rationnel des scolarit\u00e9s p\u00e9dagogiques, de la gestion des salles et de l\u2019\u00e9dition de l\u2019ensemble des dipl\u00f4mes d\u00e9livr\u00e9s par l\u2019Universit\u00e9.<\/p>\n\n\n\n<p>Elle est charg\u00e9e de l\u2019accueil des \u00e9tudiants et g\u00e8re \u00e9galement le traitement des bourses en collaboration avec le service du CROU, le remboursement des droits d\u2019inscription et l\u2019organisation des transferts.<\/p>\n\n\n\n<p><strong>Le Directeur de la Scolarit\u00e9 Centrale<\/strong>&nbsp;est nomm\u00e9 par d\u00e9cret sur proposition du Ministre charg\u00e9 de l\u2019Enseignement Sup\u00e9rieur.<\/p>\n\n\n\n<p><strong>La Direction de la Scolarit\u00e9 Centrale<\/strong>&nbsp;comprend les services suivants :<\/p>\n\n\n\n<p><strong>\u2013 le Service d\u2019Information et d\u2019Orientation des Etudiants ;<\/strong><br><strong>\u2013 le Service de la Gestion des Effectifs ;<\/strong><br><strong>\u2013 le Service des Cursus et des Dipl\u00f4mes.<\/strong><\/p>\n\n\n\n<div style=\"height:29px\" aria-hidden=\"true\" class=\"wp-block-spacer\"><\/div>\n\n\n\n<p class=\"has-white-color has-luminous-vivid-orange-background-color has-text-color has-background has-link-color has-medium-font-size wp-elements-03a5bacc09200666af93588e793f1573\"><strong>Le Service d\u2019Information et d\u2019Orientation des Etudiants<\/strong><\/p>\n\n\n\n<p><strong>Le Service d\u2019Information et d\u2019Orientation des Etudiants est charg\u00e9 d\u2019informer sur :<\/strong><\/p>\n\n\n\n<p>\u2013 les fili\u00e8res de formation ;<br>\u2013 les parcours et la mobilit\u00e9 des \u00e9tudiants ;<br>\u2013 les d\u00e9bouch\u00e9s.<\/p>\n\n\n\n<div style=\"height:38px\" aria-hidden=\"true\" class=\"wp-block-spacer\"><\/div>\n\n\n\n<p class=\"has-white-color has-luminous-vivid-orange-background-color has-text-color has-background has-link-color has-medium-font-size wp-elements-1ee9c82ede29c6497c59764070430161\"><strong>Le Service de la Gestion des Effectifs <\/strong><\/p>\n\n\n\n<p><strong>Le Service de la Gestion des Effectifs est charg\u00e9 de:<\/strong><\/p>\n\n\n\n<p>\u2013 l\u2019inscription des \u00e9tudiants ;<br>\u2013 la d\u00e9livrance des cartes d\u2019\u00e9tudiants ;<br>\u2013 l\u2019\u00e9laboration des statistiques.<\/p>\n\n\n\n<div style=\"height:36px\" aria-hidden=\"true\" class=\"wp-block-spacer\"><\/div>\n\n\n\n<p class=\"has-white-color has-luminous-vivid-orange-background-color has-text-color has-background has-link-color has-medium-font-size wp-elements-22fd5567f29194fa95211040c30599ce\"><strong>Le Service des Cursus et des Dipl\u00f4mes <\/strong><\/p>\n\n\n\n<p><strong>Le Service des Cursus et des Dipl\u00f4mes est charg\u00e9 :<\/strong><\/p>\n\n\n\n<p>\u2013 de la gestion des cursus ;<br>\u2013 de la d\u00e9livrance des dipl\u00f4mes ;<br>\u2013 de l\u2019instruction des demandes d\u2019\u00e9quivalence.<\/p>","protected":false},"excerpt":{"rendered":"<p>\u00a0 \u00a0 Dr KOUAME Kouam\u00e9 Victor Directeur de la Scolarit\u00e9 Centrale de l&rsquo;Universit\u00e9 Jean Lorougnon Gu\u00e9d\u00e9 Sp\u00e9cialit\u00e9 : Chimie de l\u2019Environnement (chimie des eaux), Ecotoxicologie des milieux aquatiquesGrade : Ma\u00eetre de conf\u00e9renceLangues :\u00a0Fran\u00e7ais, Anglais La Direction de la Scolarit\u00e9 Centrale&nbsp;a &hellip; <\/p>","protected":false},"author":2,"featured_media":0,"parent":87,"menu_order":0,"comment_status":"closed","ping_status":"closed","template":"","meta":{"_uag_custom_page_level_css":"","_monsterinsights_skip_tracking":false,"_monsterinsights_sitenote_active":false,"_monsterinsights_sitenote_note":"","_monsterinsights_sitenote_category":0,"_themeisle_gutenberg_block_has_review":false,"footnotes":""},"class_list":["post-4838","page","type-page","status-publish","hentry"],"yoast_head":"<!-- This site is optimized with the Yoast SEO plugin v27.6 - https:\/\/yoast.com\/product\/yoast-seo-wordpress\/ -->\n<title>Direction de la Scolarit\u00e9 - Universit\u00e9 Jean Lorougnon Gu\u00e9d\u00e9<\/title>\n<meta name=\"robots\" content=\"index, follow, max-snippet:-1, max-image-preview:large, max-video-preview:-1\" \/>\n<link rel=\"canonical\" href=\"https:\/\/ujlog.edu.ci\/en\/a-propos\/organisations\/directions-services\/direction-de-la-scolarite\/\" \/>\n<meta property=\"og:locale\" content=\"en_US\" \/>\n<meta property=\"og:type\" content=\"article\" \/>\n<meta property=\"og:title\" content=\"Direction de la Scolarit\u00e9 - Universit\u00e9 Jean Lorougnon Gu\u00e9d\u00e9\" \/>\n<meta property=\"og:description\" content=\"\u00a0 \u00a0 Dr KOUAME Kouam\u00e9 Victor Directeur de la Scolarit\u00e9 Centrale de l&rsquo;Universit\u00e9 Jean Lorougnon Gu\u00e9d\u00e9 Sp\u00e9cialit\u00e9 : Chimie de l\u2019Environnement (chimie des eaux), Ecotoxicologie des milieux aquatiquesGrade : Ma\u00eetre de conf\u00e9renceLangues :\u00a0Fran\u00e7ais, Anglais La Direction de la Scolarit\u00e9 Centrale&nbsp;a &hellip;\" \/>\n<meta property=\"og:url\" content=\"https:\/\/ujlog.edu.ci\/en\/a-propos\/organisations\/directions-services\/direction-de-la-scolarite\/\" \/>\n<meta property=\"og:site_name\" content=\"Universit\u00e9 Jean Lorougnon Gu\u00e9d\u00e9\" \/>\n<meta property=\"article:modified_time\" content=\"2023-12-19T06:51:32+00:00\" \/>\n<meta property=\"og:image\" content=\"https:\/\/ujlog.edu.ci\/wp-content\/uploads\/2023\/12\/dr-scol-edited.jpg\" \/>\n<meta name=\"twitter:card\" content=\"summary_large_image\" \/>\n<meta name=\"twitter:label1\" content=\"Est. reading time\" \/>\n\t<meta name=\"twitter:data1\" content=\"2 minutes\" \/>\n<script type=\"application\/ld+json\" class=\"yoast-schema-graph\">{\"@context\":\"https:\\\/\\\/schema.org\",\"@graph\":[{\"@type\":\"WebPage\",\"@id\":\"https:\\\/\\\/ujlog.edu.ci\\\/a-propos\\\/organisations\\\/directions-services\\\/direction-de-la-scolarite\\\/\",\"url\":\"https:\\\/\\\/ujlog.edu.ci\\\/a-propos\\\/organisations\\\/directions-services\\\/direction-de-la-scolarite\\\/\",\"name\":\"Direction de la Scolarit\u00e9 - Universit\u00e9 Jean Lorougnon Gu\u00e9d\u00e9\",\"isPartOf\":{\"@id\":\"https:\\\/\\\/ujlog.edu.ci\\\/#website\"},\"primaryImageOfPage\":{\"@id\":\"https:\\\/\\\/ujlog.edu.ci\\\/a-propos\\\/organisations\\\/directions-services\\\/direction-de-la-scolarite\\\/#primaryimage\"},\"image\":{\"@id\":\"https:\\\/\\\/ujlog.edu.ci\\\/a-propos\\\/organisations\\\/directions-services\\\/direction-de-la-scolarite\\\/#primaryimage\"},\"thumbnailUrl\":\"https:\\\/\\\/ujlog.edu.ci\\\/wp-content\\\/uploads\\\/2023\\\/12\\\/dr-scol-edited.jpg\",\"datePublished\":\"2023-12-06T15:57:37+00:00\",\"dateModified\":\"2023-12-19T06:51:32+00:00\",\"breadcrumb\":{\"@id\":\"https:\\\/\\\/ujlog.edu.ci\\\/a-propos\\\/organisations\\\/directions-services\\\/direction-de-la-scolarite\\\/#breadcrumb\"},\"inLanguage\":\"en-US\",\"potentialAction\":[{\"@type\":\"ReadAction\",\"target\":[\"https:\\\/\\\/ujlog.edu.ci\\\/a-propos\\\/organisations\\\/directions-services\\\/direction-de-la-scolarite\\\/\"]}]},{\"@type\":\"ImageObject\",\"inLanguage\":\"en-US\",\"@id\":\"https:\\\/\\\/ujlog.edu.ci\\\/a-propos\\\/organisations\\\/directions-services\\\/direction-de-la-scolarite\\\/#primaryimage\",\"url\":\"https:\\\/\\\/ujlog.edu.ci\\\/wp-content\\\/uploads\\\/2023\\\/12\\\/dr-scol-edited.jpg\",\"contentUrl\":\"https:\\\/\\\/ujlog.edu.ci\\\/wp-content\\\/uploads\\\/2023\\\/12\\\/dr-scol-edited.jpg\"},{\"@type\":\"BreadcrumbList\",\"@id\":\"https:\\\/\\\/ujlog.edu.ci\\\/a-propos\\\/organisations\\\/directions-services\\\/direction-de-la-scolarite\\\/#breadcrumb\",\"itemListElement\":[{\"@type\":\"ListItem\",\"position\":1,\"name\":\"Accueil\",\"item\":\"https:\\\/\\\/ujlog.edu.ci\\\/\"},{\"@type\":\"ListItem\",\"position\":2,\"name\":\"A PROPOS\",\"item\":\"https:\\\/\\\/ujlog.edu.ci\\\/a-propos\\\/\"},{\"@type\":\"ListItem\",\"position\":3,\"name\":\"Organigramme\",\"item\":\"https:\\\/\\\/ujlog.edu.ci\\\/a-propos\\\/organisations\\\/\"},{\"@type\":\"ListItem\",\"position\":4,\"name\":\"Directions\",\"item\":\"https:\\\/\\\/ujlog.edu.ci\\\/a-propos\\\/organisations\\\/directions-services\\\/\"},{\"@type\":\"ListItem\",\"position\":5,\"name\":\"Direction de la Scolarit\u00e9\"}]},{\"@type\":\"WebSite\",\"@id\":\"https:\\\/\\\/ujlog.edu.ci\\\/#website\",\"url\":\"https:\\\/\\\/ujlog.edu.ci\\\/\",\"name\":\"Universit\u00e9 Jean Lorougnon Gu\u00e9d\u00e9\",\"description\":\"Universit\u00e9 Jean Lorougnon Gu\u00e9d\u00e9\",\"potentialAction\":[{\"@type\":\"SearchAction\",\"target\":{\"@type\":\"EntryPoint\",\"urlTemplate\":\"https:\\\/\\\/ujlog.edu.ci\\\/?s={search_term_string}\"},\"query-input\":{\"@type\":\"PropertyValueSpecification\",\"valueRequired\":true,\"valueName\":\"search_term_string\"}}],\"inLanguage\":\"en-US\"}]}<\/script>\n<!-- \/ Yoast SEO plugin. -->","yoast_head_json":{"title":"Direction de la Scolarit\u00e9 - Universit\u00e9 Jean Lorougnon Gu\u00e9d\u00e9","robots":{"index":"index","follow":"follow","max-snippet":"max-snippet:-1","max-image-preview":"max-image-preview:large","max-video-preview":"max-video-preview:-1"},"canonical":"https:\/\/ujlog.edu.ci\/en\/a-propos\/organisations\/directions-services\/direction-de-la-scolarite\/","og_locale":"en_US","og_type":"article","og_title":"Direction de la Scolarit\u00e9 - Universit\u00e9 Jean Lorougnon Gu\u00e9d\u00e9","og_description":"\u00a0 \u00a0 Dr KOUAME Kouam\u00e9 Victor Directeur de la Scolarit\u00e9 Centrale de l&rsquo;Universit\u00e9 Jean Lorougnon Gu\u00e9d\u00e9 Sp\u00e9cialit\u00e9 : Chimie de l\u2019Environnement (chimie des eaux), Ecotoxicologie des milieux aquatiquesGrade : Ma\u00eetre de conf\u00e9renceLangues :\u00a0Fran\u00e7ais, Anglais La Direction de la Scolarit\u00e9 Centrale&nbsp;a &hellip;","og_url":"https:\/\/ujlog.edu.ci\/en\/a-propos\/organisations\/directions-services\/direction-de-la-scolarite\/","og_site_name":"Universit\u00e9 Jean Lorougnon Gu\u00e9d\u00e9","article_modified_time":"2023-12-19T06:51:32+00:00","og_image":[{"url":"https:\/\/ujlog.edu.ci\/wp-content\/uploads\/2023\/12\/dr-scol-edited.jpg","type":"","width":"","height":""}],"twitter_card":"summary_large_image","twitter_misc":{"Est. reading time":"2 minutes"},"schema":{"@context":"https:\/\/schema.org","@graph":[{"@type":"WebPage","@id":"https:\/\/ujlog.edu.ci\/a-propos\/organisations\/directions-services\/direction-de-la-scolarite\/","url":"https:\/\/ujlog.edu.ci\/a-propos\/organisations\/directions-services\/direction-de-la-scolarite\/","name":"Direction de la Scolarit\u00e9 - Universit\u00e9 Jean Lorougnon Gu\u00e9d\u00e9","isPartOf":{"@id":"https:\/\/ujlog.edu.ci\/#website"},"primaryImageOfPage":{"@id":"https:\/\/ujlog.edu.ci\/a-propos\/organisations\/directions-services\/direction-de-la-scolarite\/#primaryimage"},"image":{"@id":"https:\/\/ujlog.edu.ci\/a-propos\/organisations\/directions-services\/direction-de-la-scolarite\/#primaryimage"},"thumbnailUrl":"https:\/\/ujlog.edu.ci\/wp-content\/uploads\/2023\/12\/dr-scol-edited.jpg","datePublished":"2023-12-06T15:57:37+00:00","dateModified":"2023-12-19T06:51:32+00:00","breadcrumb":{"@id":"https:\/\/ujlog.edu.ci\/a-propos\/organisations\/directions-services\/direction-de-la-scolarite\/#breadcrumb"},"inLanguage":"en-US","potentialAction":[{"@type":"ReadAction","target":["https:\/\/ujlog.edu.ci\/a-propos\/organisations\/directions-services\/direction-de-la-scolarite\/"]}]},{"@type":"ImageObject","inLanguage":"en-US","@id":"https:\/\/ujlog.edu.ci\/a-propos\/organisations\/directions-services\/direction-de-la-scolarite\/#primaryimage","url":"https:\/\/ujlog.edu.ci\/wp-content\/uploads\/2023\/12\/dr-scol-edited.jpg","contentUrl":"https:\/\/ujlog.edu.ci\/wp-content\/uploads\/2023\/12\/dr-scol-edited.jpg"},{"@type":"BreadcrumbList","@id":"https:\/\/ujlog.edu.ci\/a-propos\/organisations\/directions-services\/direction-de-la-scolarite\/#breadcrumb","itemListElement":[{"@type":"ListItem","position":1,"name":"Accueil","item":"https:\/\/ujlog.edu.ci\/"},{"@type":"ListItem","position":2,"name":"A PROPOS","item":"https:\/\/ujlog.edu.ci\/a-propos\/"},{"@type":"ListItem","position":3,"name":"Organigramme","item":"https:\/\/ujlog.edu.ci\/a-propos\/organisations\/"},{"@type":"ListItem","position":4,"name":"Directions","item":"https:\/\/ujlog.edu.ci\/a-propos\/organisations\/directions-services\/"},{"@type":"ListItem","position":5,"name":"Direction de la Scolarit\u00e9"}]},{"@type":"WebSite","@id":"https:\/\/ujlog.edu.ci\/#website","url":"https:\/\/ujlog.edu.ci\/","name":"Universit\u00e9 Jean Lorougnon Gu\u00e9d\u00e9","description":"Universit\u00e9 Jean Lorougnon Gu\u00e9d\u00e9","potentialAction":[{"@type":"SearchAction","target":{"@type":"EntryPoint","urlTemplate":"https:\/\/ujlog.edu.ci\/?s={search_term_string}"},"query-input":{"@type":"PropertyValueSpecification","valueRequired":true,"valueName":"search_term_string"}}],"inLanguage":"en-US"}]}},"uagb_featured_image_src":{"full":false,"thumbnail":false,"medium":false,"medium_large":false,"large":false,"1536x1536":false,"2048x2048":false,"trp-custom-language-flag":false,"course_thumbnail":false,"woocommerce_thumbnail":false,"woocommerce_single":false,"woocommerce_gallery_thumbnail":false},"uagb_author_info":{"display_name":"service communication","author_link":"https:\/\/ujlog.edu.ci\/en\/author\/service-communication\/"},"uagb_comment_info":0,"uagb_excerpt":"\u00a0 \u00a0 Dr KOUAME Kouam\u00e9 Victor Directeur de la Scolarit\u00e9 Centrale de l&rsquo;Universit\u00e9 Jean Lorougnon Gu\u00e9d\u00e9 Sp\u00e9cialit\u00e9 : Chimie de l\u2019Environnement (chimie des eaux), Ecotoxicologie des milieux aquatiquesGrade : Ma\u00eetre de conf\u00e9renceLangues :\u00a0Fran\u00e7ais, Anglais La Direction de la Scolarit\u00e9 Centrale&nbsp;a &hellip;","_links":{"self":[{"href":"https:\/\/ujlog.edu.ci\/en\/wp-json\/wp\/v2\/pages\/4838","targetHints":{"allow":["GET"]}}],"collection":[{"href":"https:\/\/ujlog.edu.ci\/en\/wp-json\/wp\/v2\/pages"}],"about":[{"href":"https:\/\/ujlog.edu.ci\/en\/wp-json\/wp\/v2\/types\/page"}],"author":[{"embeddable":true,"href":"https:\/\/ujlog.edu.ci\/en\/wp-json\/wp\/v2\/users\/2"}],"replies":[{"embeddable":true,"href":"https:\/\/ujlog.edu.ci\/en\/wp-json\/wp\/v2\/comments?post=4838"}],"version-history":[{"count":9,"href":"https:\/\/ujlog.edu.ci\/en\/wp-json\/wp\/v2\/pages\/4838\/revisions"}],"predecessor-version":[{"id":5163,"href":"https:\/\/ujlog.edu.ci\/en\/wp-json\/wp\/v2\/pages\/4838\/revisions\/5163"}],"up":[{"embeddable":true,"href":"https:\/\/ujlog.edu.ci\/en\/wp-json\/wp\/v2\/pages\/87"}],"wp:attachment":[{"href":"https:\/\/ujlog.edu.ci\/en\/wp-json\/wp\/v2\/media?parent=4838"}],"curies":[{"name":"wp","href":"https:\/\/api.w.org\/{rel}","templated":true}]}}