{"id":4835,"date":"2023-12-06T15:56:59","date_gmt":"2023-12-06T15:56:59","guid":{"rendered":"https:\/\/ujlog.edu.ci\/?page_id=4835"},"modified":"2024-04-02T10:36:52","modified_gmt":"2024-04-02T10:36:52","slug":"direction-des-ressources-humaines","status":"publish","type":"page","link":"https:\/\/ujlog.edu.ci\/en\/a-propos\/organisations\/directions-services\/direction-des-ressources-humaines\/","title":{"rendered":"Direction des Ressources Humaines"},"content":{"rendered":"<div style=\"height:36px\" aria-hidden=\"true\" class=\"wp-block-spacer\"><\/div>\n\n\n\n<div class=\"wp-block-columns is-layout-flex wp-container-core-columns-is-layout-9d6595d7 wp-block-columns-is-layout-flex\">\n<div class=\"wp-block-column is-layout-flow wp-block-column-is-layout-flow\">\n<figure class=\"wp-block-image size-full\"><img fetchpriority=\"high\" decoding=\"async\" width=\"876\" height=\"1024\" src=\"https:\/\/ujlog.edu.ci\/wp-content\/uploads\/2023\/12\/image-5.png\" alt=\"\" class=\"wp-image-4846\" srcset=\"https:\/\/ujlog.edu.ci\/wp-content\/uploads\/2023\/12\/image-5.png 876w, https:\/\/ujlog.edu.ci\/wp-content\/uploads\/2023\/12\/image-5-257x300.png 257w, https:\/\/ujlog.edu.ci\/wp-content\/uploads\/2023\/12\/image-5-768x898.png 768w, https:\/\/ujlog.edu.ci\/wp-content\/uploads\/2023\/12\/image-5-600x701.png 600w\" sizes=\"(max-width: 876px) 100vw, 876px\" \/><\/figure>\n<\/div>\n\n\n\n<div class=\"wp-block-column is-layout-flow wp-block-column-is-layout-flow\">\n<h3>Madame EKNE n\u00e9e KAMOU Essibra Micheline\u00a0<\/h3>\n<blockquote>\n<h4>Directrice des Ressources Humaines de l\u2019Universit\u00e9 Jean Lorougnon Gu\u00e9d\u00e9<\/h4>\n<\/blockquote>\n<p><strong><span style=\"color: #ff6600;\">Inspecteur en chef Option Orientation<\/span><\/strong><strong><span style=\"color: #ff6600;\"><br \/><\/span><\/strong><span style=\"color: #000000;\"><em><strong><span style=\"color: #ff6600;\">Langues<\/span><\/strong> :\u00a0<\/em><em>Fran\u00e7ais, Anglais<\/em><\/span><\/p>\n<\/div>\n<\/div>\n\n\n\n<hr class=\"wp-block-separator has-alpha-channel-opacity\"\/>\n\n\n\n<ul class=\"has-white-color has-vivid-green-cyan-background-color has-text-color has-background has-link-color wp-block-list wp-elements-076e36fd8673351297e2b8388147732d\">\n<li class=\"has-medium-font-size\">&#8211;<strong> Depuis 12 octobre 2016 : <\/strong>Directrice des Ressources Humaines de l\u2019Universit\u00e9 Jean Lorougnon Gu\u00e9d\u00e9&nbsp;;<\/li>\n\n\n\n<li class=\"has-medium-font-size\">&#8211; <strong>03 janvier 2022<\/strong> : Inspecteur en Chef Option Orientation&nbsp;;<\/li>\n\n\n\n<li class=\"has-medium-font-size\">&#8211; <strong>02 janvier 2018 :<\/strong> Inspecteur Principal Option Orientation&nbsp;;<\/li>\n\n\n\n<li class=\"has-medium-font-size\">&#8211; <strong>2009 :<\/strong>&nbsp; Inspecteur d\u2019Orientation ;<\/li>\n\n\n\n<li class=\"has-medium-font-size\">&#8211; <strong>De 2013 \u00e0 2016 :<\/strong> Chef de Service Prospective et Suivi des Projets (SPSP) \u00e0 la Direction des Ressources humaines (DRH) du Minist\u00e8re de l\u2019Enseignement Sup\u00e9rieur et de la Recherche Scientifique&nbsp;;<\/li>\n\n\n\n<li class=\"has-medium-font-size\">&#8211; <strong>De 2008 \u00e0 2010 <\/strong>Responsable du Service Information Scientifique et Technique (IST) de la Direction de l\u2019Information Scientifique et Technologique (DIST) du Minist\u00e8re de l\u2019Enseignement Sup\u00e9rieur et de la Recherche Scientifique&nbsp;;<\/li>\n\n\n\n<li class=\"has-medium-font-size\">&#8211; <strong>2007 <\/strong>: Certificat d\u2019Aptitude \u00e0 la Fonction de Conseiller d\u2019Orientation (CAFCO) \u00e0 l\u2019Ecole Normale Sup\u00e9rieure (ENS) ;<\/li>\n\n\n\n<li class=\"has-medium-font-size\">&#8211; <strong>2002<\/strong> : Ma\u00eetrise en Philosophie \u00e0 l\u2019Universit\u00e9 de Cocody ;<\/li>\n<\/ul>\n\n\n\n<hr class=\"wp-block-separator has-alpha-channel-opacity\"\/>\n\n\n\n<div style=\"height:47px\" aria-hidden=\"true\" class=\"wp-block-spacer\"><\/div>\n\n\n\n<p class=\"has-medium-font-size\"><strong>La Direction des Ressources humaines<\/strong>&nbsp;est charg\u00e9e de la gestion administrative des personnels enseignants, administratifs et techniques.<\/p>\n\n\n\n<p class=\"has-medium-font-size\">Le Directeur des Ressources humaines est nomm\u00e9 par d\u00e9cret pris en Conseil des<br>Ministres, sur proposition du Ministre charg\u00e9 de l\u2019Enseignement Sup\u00e9rieur.<\/p>\n\n\n\n<p class=\"has-medium-font-size\">La Direction des Ressources Humaines comprend les services suivants :<br>\u2013 Le Service de la planification et de la programmation des personnels,<br>\u2013 Le Service de la Solde et des Traitements.<\/p>\n\n\n\n<div style=\"height:39px\" aria-hidden=\"true\" class=\"wp-block-spacer\"><\/div>\n\n\n\n<p class=\"has-white-color has-luminous-vivid-orange-background-color has-text-color has-background has-link-color has-medium-font-size wp-elements-86e6892ef3da1c6b4c03fac051f7c6db\"><strong>Le Service de la Planification et de la Programmation des Personnels<\/strong><\/p>\n\n\n\n<p class=\"has-medium-font-size\"><strong>Le Service de la Planification et de la Programmation des Personnels est charg\u00e9 :<\/strong><\/p>\n\n\n\n<p class=\"has-medium-font-size\">\u2013 de la planification, de la programmation et du recrutement des personnels ;<br>\u2013 du suivi de carri\u00e8re des personnels;<br>\u2013 de la production et de la diffusion d\u2019\u00e9tats statistiques sur le personnel ;<br>\u2013 de la formation continue des personnels.<\/p>\n\n\n\n<div class=\"wp-block-columns is-layout-flex wp-container-core-columns-is-layout-9d6595d7 wp-block-columns-is-layout-flex\">\n<div class=\"wp-block-column is-layout-flow wp-block-column-is-layout-flow\">\n<figure class=\"wp-block-image size-large\"><img decoding=\"async\" width=\"1024\" height=\"683\" src=\"https:\/\/ujlog.edu.ci\/wp-content\/uploads\/2024\/04\/IMG_9881-1024x683.jpg\" alt=\"\" class=\"wp-image-5504\" srcset=\"https:\/\/ujlog.edu.ci\/wp-content\/uploads\/2024\/04\/IMG_9881-1024x683.jpg 1024w, https:\/\/ujlog.edu.ci\/wp-content\/uploads\/2024\/04\/IMG_9881-300x200.jpg 300w, https:\/\/ujlog.edu.ci\/wp-content\/uploads\/2024\/04\/IMG_9881-768x512.jpg 768w, https:\/\/ujlog.edu.ci\/wp-content\/uploads\/2024\/04\/IMG_9881-1536x1024.jpg 1536w, https:\/\/ujlog.edu.ci\/wp-content\/uploads\/2024\/04\/IMG_9881-600x400.jpg 600w, https:\/\/ujlog.edu.ci\/wp-content\/uploads\/2024\/04\/IMG_9881.jpg 1920w\" sizes=\"(max-width: 1024px) 100vw, 1024px\" \/><\/figure>\n<\/div>\n\n\n\n<div class=\"wp-block-column is-layout-flow wp-block-column-is-layout-flow\">\n<h3>\u00a0<\/h3>\n<h3>\u00a0M. SABIDEU G. Dagobert<\/h3>\n<blockquote>\n<h4>Chef du Service de la Planification et de la Programmation des Personnels<\/h4>\n<\/blockquote>\n<p><strong><span style=\"color: #ff6600;\">PL<\/span><\/strong><\/p>\n<\/div>\n<\/div>\n\n\n\n<div style=\"height:20px\" aria-hidden=\"true\" class=\"wp-block-spacer\"><\/div>\n\n\n\n<p class=\"has-white-color has-luminous-vivid-orange-background-color has-text-color has-background has-link-color has-medium-font-size wp-elements-671649d29ca68ab45eed3a4dd5432667\"><strong>Le Service de la Solde et des Traitements<\/strong>&nbsp;<\/p>\n\n\n\n<p class=\"has-medium-font-size\"><strong>Le Service de la Solde et des Traitements<\/strong>&nbsp;<strong>est charg\u00e9 <\/strong>de l\u2019\u00e9tablissement des documents servant de base au paiement des personnels.<\/p>\n\n\n\n<div class=\"wp-block-columns is-layout-flex wp-container-core-columns-is-layout-9d6595d7 wp-block-columns-is-layout-flex\">\n<div class=\"wp-block-column is-layout-flow wp-block-column-is-layout-flow\"><div class=\"wp-block-image\">\n<figure class=\"aligncenter size-large is-resized\"><img decoding=\"async\" width=\"683\" height=\"1024\" src=\"https:\/\/ujlog.edu.ci\/wp-content\/uploads\/2023\/12\/M-GNAKRE-683x1024.jpg\" alt=\"\" class=\"wp-image-5118\" style=\"width:236px;height:auto\" srcset=\"https:\/\/ujlog.edu.ci\/wp-content\/uploads\/2023\/12\/M-GNAKRE-683x1024.jpg 683w, https:\/\/ujlog.edu.ci\/wp-content\/uploads\/2023\/12\/M-GNAKRE-200x300.jpg 200w, https:\/\/ujlog.edu.ci\/wp-content\/uploads\/2023\/12\/M-GNAKRE-768x1152.jpg 768w, https:\/\/ujlog.edu.ci\/wp-content\/uploads\/2023\/12\/M-GNAKRE-1024x1536.jpg 1024w, https:\/\/ujlog.edu.ci\/wp-content\/uploads\/2023\/12\/M-GNAKRE-1365x2048.jpg 1365w, https:\/\/ujlog.edu.ci\/wp-content\/uploads\/2023\/12\/M-GNAKRE-600x900.jpg 600w, https:\/\/ujlog.edu.ci\/wp-content\/uploads\/2023\/12\/M-GNAKRE-scaled.jpg 1707w\" sizes=\"(max-width: 683px) 100vw, 683px\" \/><figcaption class=\"wp-element-caption\"><strong><em>M YAKE B. Jules, chef du <br>service solde<\/em><\/strong><\/figcaption><\/figure>\n<\/div><\/div>\n\n\n\n<div class=\"wp-block-column is-layout-flow wp-block-column-is-layout-flow\">\n<h3>\u00a0<\/h3>\n<h3>YAKE B. Jules<\/h3>\n<blockquote>\n<h4>Chef du service de la Solde et des Traitements<\/h4>\n<\/blockquote>\n<p><strong><span style=\"color: #ff6600;\">Inspecteur Principal, Option Math\u00e9matique<\/span><\/strong><\/p>\n<\/div>\n<\/div>","protected":false},"excerpt":{"rendered":"<p>Madame EKNE n\u00e9e KAMOU Essibra Micheline\u00a0 Directrice des Ressources Humaines de l\u2019Universit\u00e9 Jean Lorougnon Gu\u00e9d\u00e9 Inspecteur en chef Option OrientationLangues :\u00a0Fran\u00e7ais, Anglais La Direction des Ressources humaines&nbsp;est charg\u00e9e de la gestion administrative des personnels enseignants, administratifs et techniques. Le Directeur &hellip; <\/p>","protected":false},"author":2,"featured_media":0,"parent":87,"menu_order":0,"comment_status":"closed","ping_status":"closed","template":"","meta":{"_uag_custom_page_level_css":"","_monsterinsights_skip_tracking":false,"_monsterinsights_sitenote_active":false,"_monsterinsights_sitenote_note":"","_monsterinsights_sitenote_category":0,"_themeisle_gutenberg_block_has_review":false,"footnotes":""},"class_list":["post-4835","page","type-page","status-publish","hentry"],"yoast_head":"<!-- This site is optimized with the Yoast SEO plugin v27.6 - https:\/\/yoast.com\/product\/yoast-seo-wordpress\/ -->\n<title>Direction des Ressources Humaines - Universit\u00e9 Jean Lorougnon Gu\u00e9d\u00e9<\/title>\n<meta name=\"robots\" content=\"index, follow, max-snippet:-1, max-image-preview:large, max-video-preview:-1\" \/>\n<link rel=\"canonical\" href=\"https:\/\/ujlog.edu.ci\/en\/a-propos\/organisations\/directions-services\/direction-des-ressources-humaines\/\" \/>\n<meta property=\"og:locale\" content=\"en_US\" \/>\n<meta property=\"og:type\" content=\"article\" \/>\n<meta property=\"og:title\" content=\"Direction des Ressources Humaines - Universit\u00e9 Jean Lorougnon Gu\u00e9d\u00e9\" \/>\n<meta property=\"og:description\" content=\"Madame EKNE n\u00e9e KAMOU Essibra Micheline\u00a0 Directrice des Ressources Humaines de l\u2019Universit\u00e9 Jean Lorougnon Gu\u00e9d\u00e9 Inspecteur en chef Option OrientationLangues :\u00a0Fran\u00e7ais, Anglais La Direction des Ressources humaines&nbsp;est charg\u00e9e de la gestion administrative des personnels enseignants, administratifs et techniques. Le Directeur &hellip;\" \/>\n<meta property=\"og:url\" content=\"https:\/\/ujlog.edu.ci\/en\/a-propos\/organisations\/directions-services\/direction-des-ressources-humaines\/\" \/>\n<meta property=\"og:site_name\" content=\"Universit\u00e9 Jean Lorougnon Gu\u00e9d\u00e9\" \/>\n<meta property=\"article:modified_time\" content=\"2024-04-02T10:36:52+00:00\" \/>\n<meta property=\"og:image\" content=\"https:\/\/ujlog.edu.ci\/wp-content\/uploads\/2023\/12\/image-5.png\" \/>\n<meta name=\"twitter:card\" content=\"summary_large_image\" \/>\n<meta name=\"twitter:label1\" content=\"Est. reading time\" \/>\n\t<meta name=\"twitter:data1\" content=\"3 minutes\" \/>\n<script type=\"application\/ld+json\" class=\"yoast-schema-graph\">{\"@context\":\"https:\\\/\\\/schema.org\",\"@graph\":[{\"@type\":\"WebPage\",\"@id\":\"https:\\\/\\\/ujlog.edu.ci\\\/a-propos\\\/organisations\\\/directions-services\\\/direction-des-ressources-humaines\\\/\",\"url\":\"https:\\\/\\\/ujlog.edu.ci\\\/a-propos\\\/organisations\\\/directions-services\\\/direction-des-ressources-humaines\\\/\",\"name\":\"Direction des Ressources Humaines - Universit\u00e9 Jean Lorougnon Gu\u00e9d\u00e9\",\"isPartOf\":{\"@id\":\"https:\\\/\\\/ujlog.edu.ci\\\/#website\"},\"primaryImageOfPage\":{\"@id\":\"https:\\\/\\\/ujlog.edu.ci\\\/a-propos\\\/organisations\\\/directions-services\\\/direction-des-ressources-humaines\\\/#primaryimage\"},\"image\":{\"@id\":\"https:\\\/\\\/ujlog.edu.ci\\\/a-propos\\\/organisations\\\/directions-services\\\/direction-des-ressources-humaines\\\/#primaryimage\"},\"thumbnailUrl\":\"https:\\\/\\\/ujlog.edu.ci\\\/wp-content\\\/uploads\\\/2023\\\/12\\\/image-5.png\",\"datePublished\":\"2023-12-06T15:56:59+00:00\",\"dateModified\":\"2024-04-02T10:36:52+00:00\",\"breadcrumb\":{\"@id\":\"https:\\\/\\\/ujlog.edu.ci\\\/a-propos\\\/organisations\\\/directions-services\\\/direction-des-ressources-humaines\\\/#breadcrumb\"},\"inLanguage\":\"en-US\",\"potentialAction\":[{\"@type\":\"ReadAction\",\"target\":[\"https:\\\/\\\/ujlog.edu.ci\\\/a-propos\\\/organisations\\\/directions-services\\\/direction-des-ressources-humaines\\\/\"]}]},{\"@type\":\"ImageObject\",\"inLanguage\":\"en-US\",\"@id\":\"https:\\\/\\\/ujlog.edu.ci\\\/a-propos\\\/organisations\\\/directions-services\\\/direction-des-ressources-humaines\\\/#primaryimage\",\"url\":\"https:\\\/\\\/ujlog.edu.ci\\\/wp-content\\\/uploads\\\/2023\\\/12\\\/image-5.png\",\"contentUrl\":\"https:\\\/\\\/ujlog.edu.ci\\\/wp-content\\\/uploads\\\/2023\\\/12\\\/image-5.png\"},{\"@type\":\"BreadcrumbList\",\"@id\":\"https:\\\/\\\/ujlog.edu.ci\\\/a-propos\\\/organisations\\\/directions-services\\\/direction-des-ressources-humaines\\\/#breadcrumb\",\"itemListElement\":[{\"@type\":\"ListItem\",\"position\":1,\"name\":\"Accueil\",\"item\":\"https:\\\/\\\/ujlog.edu.ci\\\/\"},{\"@type\":\"ListItem\",\"position\":2,\"name\":\"A PROPOS\",\"item\":\"https:\\\/\\\/ujlog.edu.ci\\\/a-propos\\\/\"},{\"@type\":\"ListItem\",\"position\":3,\"name\":\"Organigramme\",\"item\":\"https:\\\/\\\/ujlog.edu.ci\\\/a-propos\\\/organisations\\\/\"},{\"@type\":\"ListItem\",\"position\":4,\"name\":\"Directions\",\"item\":\"https:\\\/\\\/ujlog.edu.ci\\\/a-propos\\\/organisations\\\/directions-services\\\/\"},{\"@type\":\"ListItem\",\"position\":5,\"name\":\"Direction des Ressources Humaines\"}]},{\"@type\":\"WebSite\",\"@id\":\"https:\\\/\\\/ujlog.edu.ci\\\/#website\",\"url\":\"https:\\\/\\\/ujlog.edu.ci\\\/\",\"name\":\"Universit\u00e9 Jean Lorougnon Gu\u00e9d\u00e9\",\"description\":\"Universit\u00e9 Jean Lorougnon Gu\u00e9d\u00e9\",\"potentialAction\":[{\"@type\":\"SearchAction\",\"target\":{\"@type\":\"EntryPoint\",\"urlTemplate\":\"https:\\\/\\\/ujlog.edu.ci\\\/?s={search_term_string}\"},\"query-input\":{\"@type\":\"PropertyValueSpecification\",\"valueRequired\":true,\"valueName\":\"search_term_string\"}}],\"inLanguage\":\"en-US\"}]}<\/script>\n<!-- \/ Yoast SEO plugin. -->","yoast_head_json":{"title":"Direction des Ressources Humaines - Universit\u00e9 Jean Lorougnon Gu\u00e9d\u00e9","robots":{"index":"index","follow":"follow","max-snippet":"max-snippet:-1","max-image-preview":"max-image-preview:large","max-video-preview":"max-video-preview:-1"},"canonical":"https:\/\/ujlog.edu.ci\/en\/a-propos\/organisations\/directions-services\/direction-des-ressources-humaines\/","og_locale":"en_US","og_type":"article","og_title":"Direction des Ressources Humaines - Universit\u00e9 Jean Lorougnon Gu\u00e9d\u00e9","og_description":"Madame EKNE n\u00e9e KAMOU Essibra Micheline\u00a0 Directrice des Ressources Humaines de l\u2019Universit\u00e9 Jean Lorougnon Gu\u00e9d\u00e9 Inspecteur en chef Option OrientationLangues :\u00a0Fran\u00e7ais, Anglais La Direction des Ressources humaines&nbsp;est charg\u00e9e de la gestion administrative des personnels enseignants, administratifs et techniques. Le Directeur &hellip;","og_url":"https:\/\/ujlog.edu.ci\/en\/a-propos\/organisations\/directions-services\/direction-des-ressources-humaines\/","og_site_name":"Universit\u00e9 Jean Lorougnon Gu\u00e9d\u00e9","article_modified_time":"2024-04-02T10:36:52+00:00","og_image":[{"url":"https:\/\/ujlog.edu.ci\/wp-content\/uploads\/2023\/12\/image-5.png","type":"","width":"","height":""}],"twitter_card":"summary_large_image","twitter_misc":{"Est. reading time":"3 minutes"},"schema":{"@context":"https:\/\/schema.org","@graph":[{"@type":"WebPage","@id":"https:\/\/ujlog.edu.ci\/a-propos\/organisations\/directions-services\/direction-des-ressources-humaines\/","url":"https:\/\/ujlog.edu.ci\/a-propos\/organisations\/directions-services\/direction-des-ressources-humaines\/","name":"Direction des Ressources Humaines - Universit\u00e9 Jean Lorougnon Gu\u00e9d\u00e9","isPartOf":{"@id":"https:\/\/ujlog.edu.ci\/#website"},"primaryImageOfPage":{"@id":"https:\/\/ujlog.edu.ci\/a-propos\/organisations\/directions-services\/direction-des-ressources-humaines\/#primaryimage"},"image":{"@id":"https:\/\/ujlog.edu.ci\/a-propos\/organisations\/directions-services\/direction-des-ressources-humaines\/#primaryimage"},"thumbnailUrl":"https:\/\/ujlog.edu.ci\/wp-content\/uploads\/2023\/12\/image-5.png","datePublished":"2023-12-06T15:56:59+00:00","dateModified":"2024-04-02T10:36:52+00:00","breadcrumb":{"@id":"https:\/\/ujlog.edu.ci\/a-propos\/organisations\/directions-services\/direction-des-ressources-humaines\/#breadcrumb"},"inLanguage":"en-US","potentialAction":[{"@type":"ReadAction","target":["https:\/\/ujlog.edu.ci\/a-propos\/organisations\/directions-services\/direction-des-ressources-humaines\/"]}]},{"@type":"ImageObject","inLanguage":"en-US","@id":"https:\/\/ujlog.edu.ci\/a-propos\/organisations\/directions-services\/direction-des-ressources-humaines\/#primaryimage","url":"https:\/\/ujlog.edu.ci\/wp-content\/uploads\/2023\/12\/image-5.png","contentUrl":"https:\/\/ujlog.edu.ci\/wp-content\/uploads\/2023\/12\/image-5.png"},{"@type":"BreadcrumbList","@id":"https:\/\/ujlog.edu.ci\/a-propos\/organisations\/directions-services\/direction-des-ressources-humaines\/#breadcrumb","itemListElement":[{"@type":"ListItem","position":1,"name":"Accueil","item":"https:\/\/ujlog.edu.ci\/"},{"@type":"ListItem","position":2,"name":"A PROPOS","item":"https:\/\/ujlog.edu.ci\/a-propos\/"},{"@type":"ListItem","position":3,"name":"Organigramme","item":"https:\/\/ujlog.edu.ci\/a-propos\/organisations\/"},{"@type":"ListItem","position":4,"name":"Directions","item":"https:\/\/ujlog.edu.ci\/a-propos\/organisations\/directions-services\/"},{"@type":"ListItem","position":5,"name":"Direction des Ressources Humaines"}]},{"@type":"WebSite","@id":"https:\/\/ujlog.edu.ci\/#website","url":"https:\/\/ujlog.edu.ci\/","name":"Universit\u00e9 Jean Lorougnon Gu\u00e9d\u00e9","description":"Universit\u00e9 Jean Lorougnon Gu\u00e9d\u00e9","potentialAction":[{"@type":"SearchAction","target":{"@type":"EntryPoint","urlTemplate":"https:\/\/ujlog.edu.ci\/?s={search_term_string}"},"query-input":{"@type":"PropertyValueSpecification","valueRequired":true,"valueName":"search_term_string"}}],"inLanguage":"en-US"}]}},"uagb_featured_image_src":{"full":false,"thumbnail":false,"medium":false,"medium_large":false,"large":false,"1536x1536":false,"2048x2048":false,"trp-custom-language-flag":false,"course_thumbnail":false,"woocommerce_thumbnail":false,"woocommerce_single":false,"woocommerce_gallery_thumbnail":false},"uagb_author_info":{"display_name":"service communication","author_link":"https:\/\/ujlog.edu.ci\/en\/author\/service-communication\/"},"uagb_comment_info":0,"uagb_excerpt":"Madame EKNE n\u00e9e KAMOU Essibra Micheline\u00a0 Directrice des Ressources Humaines de l\u2019Universit\u00e9 Jean Lorougnon Gu\u00e9d\u00e9 Inspecteur en chef Option OrientationLangues :\u00a0Fran\u00e7ais, Anglais La Direction des Ressources humaines&nbsp;est charg\u00e9e de la gestion administrative des personnels enseignants, administratifs et techniques. Le Directeur &hellip;","_links":{"self":[{"href":"https:\/\/ujlog.edu.ci\/en\/wp-json\/wp\/v2\/pages\/4835","targetHints":{"allow":["GET"]}}],"collection":[{"href":"https:\/\/ujlog.edu.ci\/en\/wp-json\/wp\/v2\/pages"}],"about":[{"href":"https:\/\/ujlog.edu.ci\/en\/wp-json\/wp\/v2\/types\/page"}],"author":[{"embeddable":true,"href":"https:\/\/ujlog.edu.ci\/en\/wp-json\/wp\/v2\/users\/2"}],"replies":[{"embeddable":true,"href":"https:\/\/ujlog.edu.ci\/en\/wp-json\/wp\/v2\/comments?post=4835"}],"version-history":[{"count":24,"href":"https:\/\/ujlog.edu.ci\/en\/wp-json\/wp\/v2\/pages\/4835\/revisions"}],"predecessor-version":[{"id":5505,"href":"https:\/\/ujlog.edu.ci\/en\/wp-json\/wp\/v2\/pages\/4835\/revisions\/5505"}],"up":[{"embeddable":true,"href":"https:\/\/ujlog.edu.ci\/en\/wp-json\/wp\/v2\/pages\/87"}],"wp:attachment":[{"href":"https:\/\/ujlog.edu.ci\/en\/wp-json\/wp\/v2\/media?parent=4835"}],"curies":[{"name":"wp","href":"https:\/\/api.w.org\/{rel}","templated":true}]}}