{"id":4832,"date":"2023-12-06T15:55:23","date_gmt":"2023-12-06T15:55:23","guid":{"rendered":"https:\/\/ujlog.edu.ci\/?page_id=4832"},"modified":"2024-03-05T08:50:58","modified_gmt":"2024-03-05T08:50:58","slug":"direction-du-controle-de-gestion-et-de-la-gouvernance","status":"publish","type":"page","link":"https:\/\/ujlog.edu.ci\/en\/a-propos\/organisations\/directions-services\/direction-du-controle-de-gestion-et-de-la-gouvernance\/","title":{"rendered":"Direction de la Planification, du Suivi et de l&rsquo;Evaluation"},"content":{"rendered":"<div style=\"height:22px\" aria-hidden=\"true\" class=\"wp-block-spacer\"><\/div>\n\n\n\n<hr class=\"wp-block-separator has-alpha-channel-opacity\"\/>\n\n\n\n<p class=\"has-white-color has-vivid-green-cyan-background-color has-text-color has-background has-link-color wp-elements-1e222a71096321dbdfd8b1ff0c38788c\"><\/p>\n\n\n\n<hr class=\"wp-block-separator has-alpha-channel-opacity\"\/>\n\n\n\n<div style=\"height:31px\" aria-hidden=\"true\" class=\"wp-block-spacer\"><\/div>\n\n\n\n<p class=\"has-large-font-size\"><strong>Les missions de DPSE<\/strong><\/p>\n\n\n\n<p><\/p>\n\n\n\n<p class=\"has-medium-font-size\"><strong>La Direction de la Planification, du Suivi et de l&rsquo;Evaluation<\/strong> est responsable de la production et de l&rsquo;analyse des donn\u00e9es n\u00e9cessaires \u00e0 la mise en \u0153uvre de la politique, de la strat\u00e9gie, de la d\u00e9ontologie et de la qualit\u00e9 des services de l&rsquo;Universit\u00e9.<\/p>\n\n\n\n<p class=\"has-medium-font-size\">Elle fournit aux d\u00e9cideurs les informations n\u00e9cessaires au pilotage de l&rsquo;Universit\u00e9, notamment des tableaux de bord, des indicateurs de gestion, des entrep\u00f4ts de donn\u00e9es et des \u00e9tudes transversales.<\/p>\n\n\n\n<p class=\"has-medium-font-size\">Elle s&rsquo;assure de la disponibilit\u00e9, de la qualit\u00e9 et de la fiabilit\u00e9 des donn\u00e9es, en relation avec les services gestionnaires de l&rsquo;Universit\u00e9.<\/p>\n\n\n\n<p class=\"has-medium-font-size\">Le Directeur de la Planification, du Suivi et de l&rsquo;Evaluation est nomm\u00e9 par d\u00e9cret pris en Conseil des Ministres, sur proposition du Ministre charg\u00e9 de l&rsquo;Enseignement Sup\u00e9rieur, parmi les fonctionnaires de<br>cat\u00e9gorie A justifiant d&rsquo;exp\u00e9rience professionnelle en mati\u00e8re de planification, de statistiques et de politique de gestion du syst\u00e8me \u00e9ducatif. Il a rang de Directeur d&rsquo;Administration Centrale.<\/p>\n\n\n\n<p class=\"has-medium-font-size\">La Direction de la Planification, du Suivi et de l&rsquo;Evaluation comprend les<br>services suivants :<\/p>\n\n\n\n<ul class=\"wp-block-list\">\n<li class=\"has-medium-font-size\"><strong>&#8211; le Service des Etudes, de la Planification et de la Programmation ;<\/strong><\/li>\n\n\n\n<li class=\"has-medium-font-size\"><strong>&#8211; le Service des Statistiques ;<\/strong><\/li>\n\n\n\n<li class=\"has-medium-font-size\"><strong>&#8211; le Service du Suivi et de l&rsquo;Evaluation.<\/strong><\/li>\n<\/ul>\n\n\n\n<div style=\"height:29px\" aria-hidden=\"true\" class=\"wp-block-spacer\"><\/div>\n\n\n\n<p class=\"has-white-color has-luminous-vivid-orange-background-color has-text-color has-background has-link-color has-medium-font-size wp-elements-c5b54566b714cdf256f97b5134ddfe6d\"><strong>Le Service des Etudes, de la Planification et de la Programmation <\/strong><\/p>\n\n\n\n<p class=\"has-medium-font-size\"><strong>Le Service des Etudes, de la Planification et de la Programmation<\/strong> est<br>charg\u00e9 :<\/p>\n\n\n\n<ul class=\"wp-block-list\">\n<li class=\"has-medium-font-size\">&#8211; d&rsquo;orienter et de suivre le d\u00e9veloppement de l&rsquo;Universit\u00e9 dans tous les secteurs d&rsquo;activit\u00e9s, en fonction des priorit\u00e9s du plan de d\u00e9veloppement national, r\u00e9gional et international ;<\/li>\n\n\n\n<li class=\"has-medium-font-size\">&#8211; de planifier les actions de l\u2019Universit\u00e9 ;<\/li>\n\n\n\n<li class=\"has-medium-font-size\">&#8211; de coordonner, en relation avec les services concern\u00e9s, les n\u00e9gociations des contrats de performance entre l&rsquo;Etat et l&rsquo;Universit\u00e9 ;<\/li>\n\n\n\n<li class=\"has-medium-font-size\">&#8211; d&rsquo;\u00e9laborer et d&rsquo;actualiser, en relation avec les services concern\u00e9s, le sch\u00e9ma directeur de l&rsquo;Universit\u00e9 ;<\/li>\n\n\n\n<li class=\"has-medium-font-size\">&#8211; de coordonner, en relation avec les services concern\u00e9s, la conception du Programme d&rsquo;investissement Public triennal et la programmation budg\u00e9taire de l&rsquo;Universit\u00e9 ;<\/li>\n\n\n\n<li class=\"has-medium-font-size\">&#8211; de pr\u00e9voir et de suivre la capacit\u00e9 d&rsquo;accueil de l&rsquo;Universit\u00e9 en mati\u00e8re d&rsquo;effectifs apprenants ;<\/li>\n\n\n\n<li class=\"has-medium-font-size\">&#8211; d&rsquo;identifier et de planifier les besoins de l&rsquo;Universit\u00e9 en ressources humaines, mat\u00e9rielles, technologiques et en infrastructures.<\/li>\n<\/ul>\n\n\n\n<div style=\"height:26px\" aria-hidden=\"true\" class=\"wp-block-spacer\"><\/div>\n\n\n\n<p class=\"has-white-color has-luminous-vivid-orange-background-color has-text-color has-background has-link-color has-medium-font-size wp-elements-2d13a8d87b39871df0436df318c20402\"><strong>Le Service des Statistiques<\/strong><\/p>\n\n\n\n<p class=\"has-medium-font-size\"><strong>Le Service des Statistiques <\/strong>est charg\u00e9 <strong>:<\/strong><\/p>\n\n\n\n<ul class=\"wp-block-list\">\n<li class=\"has-medium-font-size\">&#8211; de d\u00e9velopper, de g\u00e9rer et de maintenir les bases de donn\u00e9es sur l&rsquo;Enseignement et la Recherche ;<\/li>\n\n\n\n<li class=\"has-medium-font-size\">&#8211; de produire et de veiller \u00e0 la mise \u00e0 jour des statistiques du l&rsquo;Universit\u00e9 ;<\/li>\n\n\n\n<li class=\"has-medium-font-size\">&#8211; de produire les tableaux de bord n\u00e9cessaires au pilotage de l&rsquo;Universit\u00e9.<\/li>\n<\/ul>\n\n\n\n<p class=\"has-white-color has-luminous-vivid-orange-background-color has-text-color has-background has-link-color has-medium-font-size wp-elements-43b887130fedb3b4852d7928b98df10b\"><strong>Le Service du Suivi et de l&rsquo;Evaluation<\/strong><\/p>\n\n\n\n<p class=\"has-medium-font-size\"><strong>Le Service du Suivi et de l&rsquo;Evaluation<\/strong> est charg\u00e9 :<\/p>\n\n\n\n<ul class=\"wp-block-list\">\n<li class=\"has-medium-font-size\">&#8211; de suivre la mise en \u0153uvre des contrats de performance entre l&rsquo;Etat et l&rsquo;Universit\u00e9 ;<\/li>\n\n\n\n<li class=\"has-medium-font-size\">&#8211; de contr\u00f4ler, de suivre et d&rsquo;\u00e9valuer l&rsquo;ex\u00e9cution des activit\u00e9s des services ;<\/li>\n\n\n\n<li class=\"has-medium-font-size\">&#8211; de veiller \u00e0 l&rsquo;\u00e9laboration de manuels de proc\u00e9dures, \u00e0 la mise en \u0153uvre d&rsquo;une d\u00e9marche qualit\u00e9 et \u00e0 la certification des services ;<\/li>\n\n\n\n<li class=\"has-medium-font-size\">&#8211; de produire un rapport annuel d&rsquo;activit\u00e9s et de gouvernance des services de l&rsquo;Universit\u00e9.<\/li>\n<\/ul>","protected":false},"excerpt":{"rendered":"<p>Les missions de DPSE La Direction de la Planification, du Suivi et de l&rsquo;Evaluation est responsable de la production et de l&rsquo;analyse des donn\u00e9es n\u00e9cessaires \u00e0 la mise en \u0153uvre de la politique, de la strat\u00e9gie, de la d\u00e9ontologie et &hellip; <\/p>","protected":false},"author":2,"featured_media":0,"parent":87,"menu_order":0,"comment_status":"closed","ping_status":"closed","template":"","meta":{"_uag_custom_page_level_css":"","_monsterinsights_skip_tracking":false,"_monsterinsights_sitenote_active":false,"_monsterinsights_sitenote_note":"","_monsterinsights_sitenote_category":0,"_themeisle_gutenberg_block_has_review":false,"footnotes":""},"class_list":["post-4832","page","type-page","status-publish","hentry"],"yoast_head":"<!-- This site is optimized with the Yoast SEO plugin v27.6 - https:\/\/yoast.com\/product\/yoast-seo-wordpress\/ -->\n<title>Direction de la Planification, du Suivi et de l&#039;Evaluation - Universit\u00e9 Jean Lorougnon Gu\u00e9d\u00e9<\/title>\n<meta name=\"robots\" content=\"index, follow, max-snippet:-1, max-image-preview:large, max-video-preview:-1\" \/>\n<link rel=\"canonical\" href=\"https:\/\/ujlog.edu.ci\/en\/a-propos\/organisations\/directions-services\/direction-du-controle-de-gestion-et-de-la-gouvernance\/\" \/>\n<meta property=\"og:locale\" content=\"en_US\" \/>\n<meta property=\"og:type\" content=\"article\" \/>\n<meta property=\"og:title\" content=\"Direction de la Planification, du Suivi et de l&#039;Evaluation - Universit\u00e9 Jean Lorougnon Gu\u00e9d\u00e9\" \/>\n<meta property=\"og:description\" content=\"Les missions de DPSE La Direction de la Planification, du Suivi et de l&rsquo;Evaluation est responsable de la production et de l&rsquo;analyse des donn\u00e9es n\u00e9cessaires \u00e0 la mise en \u0153uvre de la politique, de la strat\u00e9gie, de la d\u00e9ontologie et &hellip;\" \/>\n<meta property=\"og:url\" content=\"https:\/\/ujlog.edu.ci\/en\/a-propos\/organisations\/directions-services\/direction-du-controle-de-gestion-et-de-la-gouvernance\/\" \/>\n<meta property=\"og:site_name\" content=\"Universit\u00e9 Jean Lorougnon Gu\u00e9d\u00e9\" \/>\n<meta property=\"article:modified_time\" content=\"2024-03-05T08:50:58+00:00\" \/>\n<meta name=\"twitter:card\" content=\"summary_large_image\" \/>\n<meta name=\"twitter:label1\" content=\"Est. reading time\" \/>\n\t<meta name=\"twitter:data1\" content=\"3 minutes\" \/>\n<script type=\"application\/ld+json\" class=\"yoast-schema-graph\">{\"@context\":\"https:\\\/\\\/schema.org\",\"@graph\":[{\"@type\":\"WebPage\",\"@id\":\"https:\\\/\\\/ujlog.edu.ci\\\/a-propos\\\/organisations\\\/directions-services\\\/direction-du-controle-de-gestion-et-de-la-gouvernance\\\/\",\"url\":\"https:\\\/\\\/ujlog.edu.ci\\\/a-propos\\\/organisations\\\/directions-services\\\/direction-du-controle-de-gestion-et-de-la-gouvernance\\\/\",\"name\":\"Direction de la Planification, du Suivi et de l'Evaluation - Universit\u00e9 Jean Lorougnon Gu\u00e9d\u00e9\",\"isPartOf\":{\"@id\":\"https:\\\/\\\/ujlog.edu.ci\\\/#website\"},\"datePublished\":\"2023-12-06T15:55:23+00:00\",\"dateModified\":\"2024-03-05T08:50:58+00:00\",\"breadcrumb\":{\"@id\":\"https:\\\/\\\/ujlog.edu.ci\\\/a-propos\\\/organisations\\\/directions-services\\\/direction-du-controle-de-gestion-et-de-la-gouvernance\\\/#breadcrumb\"},\"inLanguage\":\"en-US\",\"potentialAction\":[{\"@type\":\"ReadAction\",\"target\":[\"https:\\\/\\\/ujlog.edu.ci\\\/a-propos\\\/organisations\\\/directions-services\\\/direction-du-controle-de-gestion-et-de-la-gouvernance\\\/\"]}]},{\"@type\":\"BreadcrumbList\",\"@id\":\"https:\\\/\\\/ujlog.edu.ci\\\/a-propos\\\/organisations\\\/directions-services\\\/direction-du-controle-de-gestion-et-de-la-gouvernance\\\/#breadcrumb\",\"itemListElement\":[{\"@type\":\"ListItem\",\"position\":1,\"name\":\"Accueil\",\"item\":\"https:\\\/\\\/ujlog.edu.ci\\\/\"},{\"@type\":\"ListItem\",\"position\":2,\"name\":\"A PROPOS\",\"item\":\"https:\\\/\\\/ujlog.edu.ci\\\/a-propos\\\/\"},{\"@type\":\"ListItem\",\"position\":3,\"name\":\"Organigramme\",\"item\":\"https:\\\/\\\/ujlog.edu.ci\\\/a-propos\\\/organisations\\\/\"},{\"@type\":\"ListItem\",\"position\":4,\"name\":\"Directions\",\"item\":\"https:\\\/\\\/ujlog.edu.ci\\\/a-propos\\\/organisations\\\/directions-services\\\/\"},{\"@type\":\"ListItem\",\"position\":5,\"name\":\"Direction de la Planification, du Suivi et de l&rsquo;Evaluation\"}]},{\"@type\":\"WebSite\",\"@id\":\"https:\\\/\\\/ujlog.edu.ci\\\/#website\",\"url\":\"https:\\\/\\\/ujlog.edu.ci\\\/\",\"name\":\"Universit\u00e9 Jean Lorougnon Gu\u00e9d\u00e9\",\"description\":\"Universit\u00e9 Jean Lorougnon Gu\u00e9d\u00e9\",\"potentialAction\":[{\"@type\":\"SearchAction\",\"target\":{\"@type\":\"EntryPoint\",\"urlTemplate\":\"https:\\\/\\\/ujlog.edu.ci\\\/?s={search_term_string}\"},\"query-input\":{\"@type\":\"PropertyValueSpecification\",\"valueRequired\":true,\"valueName\":\"search_term_string\"}}],\"inLanguage\":\"en-US\"}]}<\/script>\n<!-- \/ Yoast SEO plugin. -->","yoast_head_json":{"title":"Direction de la Planification, du Suivi et de l'Evaluation - Universit\u00e9 Jean Lorougnon Gu\u00e9d\u00e9","robots":{"index":"index","follow":"follow","max-snippet":"max-snippet:-1","max-image-preview":"max-image-preview:large","max-video-preview":"max-video-preview:-1"},"canonical":"https:\/\/ujlog.edu.ci\/en\/a-propos\/organisations\/directions-services\/direction-du-controle-de-gestion-et-de-la-gouvernance\/","og_locale":"en_US","og_type":"article","og_title":"Direction de la Planification, du Suivi et de l'Evaluation - Universit\u00e9 Jean Lorougnon Gu\u00e9d\u00e9","og_description":"Les missions de DPSE La Direction de la Planification, du Suivi et de l&rsquo;Evaluation est responsable de la production et de l&rsquo;analyse des donn\u00e9es n\u00e9cessaires \u00e0 la mise en \u0153uvre de la politique, de la strat\u00e9gie, de la d\u00e9ontologie et &hellip;","og_url":"https:\/\/ujlog.edu.ci\/en\/a-propos\/organisations\/directions-services\/direction-du-controle-de-gestion-et-de-la-gouvernance\/","og_site_name":"Universit\u00e9 Jean Lorougnon Gu\u00e9d\u00e9","article_modified_time":"2024-03-05T08:50:58+00:00","twitter_card":"summary_large_image","twitter_misc":{"Est. reading time":"3 minutes"},"schema":{"@context":"https:\/\/schema.org","@graph":[{"@type":"WebPage","@id":"https:\/\/ujlog.edu.ci\/a-propos\/organisations\/directions-services\/direction-du-controle-de-gestion-et-de-la-gouvernance\/","url":"https:\/\/ujlog.edu.ci\/a-propos\/organisations\/directions-services\/direction-du-controle-de-gestion-et-de-la-gouvernance\/","name":"Direction de la Planification, du Suivi et de l'Evaluation - Universit\u00e9 Jean Lorougnon Gu\u00e9d\u00e9","isPartOf":{"@id":"https:\/\/ujlog.edu.ci\/#website"},"datePublished":"2023-12-06T15:55:23+00:00","dateModified":"2024-03-05T08:50:58+00:00","breadcrumb":{"@id":"https:\/\/ujlog.edu.ci\/a-propos\/organisations\/directions-services\/direction-du-controle-de-gestion-et-de-la-gouvernance\/#breadcrumb"},"inLanguage":"en-US","potentialAction":[{"@type":"ReadAction","target":["https:\/\/ujlog.edu.ci\/a-propos\/organisations\/directions-services\/direction-du-controle-de-gestion-et-de-la-gouvernance\/"]}]},{"@type":"BreadcrumbList","@id":"https:\/\/ujlog.edu.ci\/a-propos\/organisations\/directions-services\/direction-du-controle-de-gestion-et-de-la-gouvernance\/#breadcrumb","itemListElement":[{"@type":"ListItem","position":1,"name":"Accueil","item":"https:\/\/ujlog.edu.ci\/"},{"@type":"ListItem","position":2,"name":"A PROPOS","item":"https:\/\/ujlog.edu.ci\/a-propos\/"},{"@type":"ListItem","position":3,"name":"Organigramme","item":"https:\/\/ujlog.edu.ci\/a-propos\/organisations\/"},{"@type":"ListItem","position":4,"name":"Directions","item":"https:\/\/ujlog.edu.ci\/a-propos\/organisations\/directions-services\/"},{"@type":"ListItem","position":5,"name":"Direction de la Planification, du Suivi et de l&rsquo;Evaluation"}]},{"@type":"WebSite","@id":"https:\/\/ujlog.edu.ci\/#website","url":"https:\/\/ujlog.edu.ci\/","name":"Universit\u00e9 Jean Lorougnon Gu\u00e9d\u00e9","description":"Universit\u00e9 Jean Lorougnon Gu\u00e9d\u00e9","potentialAction":[{"@type":"SearchAction","target":{"@type":"EntryPoint","urlTemplate":"https:\/\/ujlog.edu.ci\/?s={search_term_string}"},"query-input":{"@type":"PropertyValueSpecification","valueRequired":true,"valueName":"search_term_string"}}],"inLanguage":"en-US"}]}},"uagb_featured_image_src":{"full":false,"thumbnail":false,"medium":false,"medium_large":false,"large":false,"1536x1536":false,"2048x2048":false,"trp-custom-language-flag":false,"course_thumbnail":false,"woocommerce_thumbnail":false,"woocommerce_single":false,"woocommerce_gallery_thumbnail":false},"uagb_author_info":{"display_name":"service communication","author_link":"https:\/\/ujlog.edu.ci\/en\/author\/service-communication\/"},"uagb_comment_info":0,"uagb_excerpt":"Les missions de DPSE La Direction de la Planification, du Suivi et de l&rsquo;Evaluation est responsable de la production et de l&rsquo;analyse des donn\u00e9es n\u00e9cessaires \u00e0 la mise en \u0153uvre de la politique, de la strat\u00e9gie, de la d\u00e9ontologie et &hellip;","_links":{"self":[{"href":"https:\/\/ujlog.edu.ci\/en\/wp-json\/wp\/v2\/pages\/4832","targetHints":{"allow":["GET"]}}],"collection":[{"href":"https:\/\/ujlog.edu.ci\/en\/wp-json\/wp\/v2\/pages"}],"about":[{"href":"https:\/\/ujlog.edu.ci\/en\/wp-json\/wp\/v2\/types\/page"}],"author":[{"embeddable":true,"href":"https:\/\/ujlog.edu.ci\/en\/wp-json\/wp\/v2\/users\/2"}],"replies":[{"embeddable":true,"href":"https:\/\/ujlog.edu.ci\/en\/wp-json\/wp\/v2\/comments?post=4832"}],"version-history":[{"count":27,"href":"https:\/\/ujlog.edu.ci\/en\/wp-json\/wp\/v2\/pages\/4832\/revisions"}],"predecessor-version":[{"id":5414,"href":"https:\/\/ujlog.edu.ci\/en\/wp-json\/wp\/v2\/pages\/4832\/revisions\/5414"}],"up":[{"embeddable":true,"href":"https:\/\/ujlog.edu.ci\/en\/wp-json\/wp\/v2\/pages\/87"}],"wp:attachment":[{"href":"https:\/\/ujlog.edu.ci\/en\/wp-json\/wp\/v2\/media?parent=4832"}],"curies":[{"name":"wp","href":"https:\/\/api.w.org\/{rel}","templated":true}]}}