{"id":4816,"date":"2023-12-06T10:58:20","date_gmt":"2023-12-06T10:58:20","guid":{"rendered":"https:\/\/ujlog.edu.ci\/?page_id=4816"},"modified":"2024-03-05T09:02:54","modified_gmt":"2024-03-05T09:02:54","slug":"direction-des-affaires-financieres-et-des-moyens-generaux","status":"publish","type":"page","link":"https:\/\/ujlog.edu.ci\/en\/a-propos\/organisations\/directions-services\/direction-des-affaires-financieres-et-des-moyens-generaux\/","title":{"rendered":"Direction des Affaires Financi\u00e8res et des Moyens G\u00e9n\u00e9raux"},"content":{"rendered":"<div class=\"wp-block-columns is-layout-flex wp-container-core-columns-is-layout-9d6595d7 wp-block-columns-is-layout-flex\">\n<div class=\"wp-block-column is-layout-flow wp-block-column-is-layout-flow\"><div class=\"wp-block-image\">\n<figure class=\"aligncenter size-full is-resized\"><img fetchpriority=\"high\" decoding=\"async\" width=\"447\" height=\"612\" src=\"https:\/\/ujlog.edu.ci\/wp-content\/uploads\/2023\/12\/daf-ujlog.jpg\" alt=\"\" class=\"wp-image-4955\" style=\"width:307px;height:auto\" srcset=\"https:\/\/ujlog.edu.ci\/wp-content\/uploads\/2023\/12\/daf-ujlog.jpg 447w, https:\/\/ujlog.edu.ci\/wp-content\/uploads\/2023\/12\/daf-ujlog-219x300.jpg 219w\" sizes=\"(max-width: 447px) 100vw, 447px\" \/><figcaption class=\"wp-element-caption\">&nbsp;<br><em>M. <strong>DIABY GAOUSSOU<br>DAFMG de UJLoG<\/strong><\/em><br><\/figcaption><\/figure>\n<\/div><\/div>\n\n\n\n<div class=\"wp-block-column is-layout-flow wp-block-column-is-layout-flow\">\n<h3>\u00a0<\/h3>\n<h3><strong>M. DIABY GAOUSSOU<\/strong><\/h3>\n<blockquote>\n<h4><strong>DAFMG de l&rsquo;Universit\u00e9 Jean Lorougnon Gu\u00e9d\u00e9 <\/strong><\/h4>\n<\/blockquote>\n<p><strong><span style=\"color: #ff6600;\">Administrateur des Services Financiers<\/span><\/strong><\/p>\n<p><em><strong><span style=\"color: #ff6600;\">Langues<\/span> :<\/strong>\u00a0Fran\u00e7ais, Anglais<\/em><\/p>\n<\/div>\n<\/div>\n\n\n\n<div style=\"height:24px\" aria-hidden=\"true\" class=\"wp-block-spacer\"><\/div>\n\n\n\n<p class=\"has-white-color has-vivid-green-cyan-background-color has-text-color has-background has-link-color wp-elements-faea557bf7cfecb9c7645f34c4543223\">Depuis 2022 il est nomm\u00e9 Directeur des Affaires Financi\u00e8res et des Moyens G\u00e9n\u00e9raux (DAFMG) de l\u2019Universit\u00e9 Jean Lorougnon Gu\u00e9d\u00e9. <\/p>\n\n\n\n<div style=\"height:28px\" aria-hidden=\"true\" class=\"wp-block-spacer\"><\/div>\n\n\n\n<p><strong>Les missions du DAFMG de l&rsquo;Universit\u00e9 Jean Lorougnon Gu\u00e9d\u00e9<\/strong><\/p>\n\n\n\n<p><strong>La Direction des Affaires Financi\u00e8res et des Moyens G\u00e9n\u00e9raux<\/strong>&nbsp;a pour mission la gestion, financi\u00e8re logistique et technique de l\u2019Universit\u00e9.<\/p>\n\n\n\n<p><strong>Le Directeur des Affaires Financi\u00e8res et des Moyens G\u00e9n\u00e9raux<\/strong>&nbsp;est nomm\u00e9 par d\u00e9cret pris en Conseil des Ministres, sur proposition du Ministre charg\u00e9 de l\u2019Enseignement Sup\u00e9rieur.<\/p>\n\n\n\n<p><strong>La Direction des Affaires Financi\u00e8res et des Moyens G\u00e9n\u00e9raux<\/strong>&nbsp;comprend les services suivants :<\/p>\n\n\n\n<p>\u2013 le Service de la Comptabilit\u00e9 ;<br>\u2013 le Service du Budget ;<br>\u2013 le Service du Patrimoine et de la Maintenance ;<br>\u2013 le Service des Ressources Informatiques et Technologiques ;<br>\u2013 le Service de l\u2019Edition.<\/p>\n\n\n\n<div style=\"height:33px\" aria-hidden=\"true\" class=\"wp-block-spacer\"><\/div>\n\n\n\n<p class=\"has-white-color has-luminous-vivid-orange-background-color has-text-color has-background has-link-color has-medium-font-size wp-elements-d0fd4824a12a02c876bf75b324e9ada9\"><strong>Le Service de la Comptabilit\u00e9<\/strong><\/p>\n\n\n\n<p class=\"has-medium-font-size\"><strong>Le Service de la Comptabilit\u00e9 est charg\u00e9 :<\/strong><\/p>\n\n\n\n<p class=\"has-medium-font-size\">\u2013 de tenir la comptabilit\u00e9 administrative de l\u2019ordonnateur et la comptabilit\u00e9 analytique ;<br>\u2013 d\u2019\u00e9laborer les documents des march\u00e9s, des contrats et des conventions et de proc\u00e9der au suivi de leur ex\u00e9cution.<\/p>\n\n\n\n<div style=\"height:23px\" aria-hidden=\"true\" class=\"wp-block-spacer\"><\/div>\n\n\n\n<p class=\"has-white-color has-luminous-vivid-orange-background-color has-text-color has-background has-link-color has-medium-font-size wp-elements-ca2a17f15065b5a720f4a2bc1fb59ba1\"><strong>Le Service du Budget <\/strong><\/p>\n\n\n\n<p class=\"has-medium-font-size\"><strong>Le Service du Budget est charg\u00e9 :<\/strong><\/p>\n\n\n\n<p class=\"has-black-color has-text-color has-link-color has-medium-font-size wp-elements-a0ec58316db951aeae50e913053d8631\">\u2013 de pr\u00e9parer le budget ;<br>\u2013 de r\u00e9partir les ressources budg\u00e9taires ;<br>\u2013 de suivre l\u2019ex\u00e9cution du budget.<\/p>\n\n\n\n<div style=\"height:32px\" aria-hidden=\"true\" class=\"wp-block-spacer\"><\/div>\n\n\n\n<p class=\"has-white-color has-luminous-vivid-orange-background-color has-text-color has-background has-link-color has-medium-font-size wp-elements-4fd5582812db33b206ee166a6e702cfa\"><strong>Le Service du Patrimoine et de la Maintenance est charg\u00e9 de la gestion du patrimoine&nbsp;<\/strong><\/p>\n\n\n\n<p class=\"has-medium-font-size\"><strong>Le Service du Patrimoine et de la Maintenance est charg\u00e9 de la gestion du patrimoine&nbsp;assure :<\/strong><\/p>\n\n\n\n<p class=\"has-medium-font-size\">\u2013 la r\u00e9alisation des op\u00e9rations de maintenance et de s\u00e9curisation des installations communes ainsi que l\u2019\u00e9laboration et le suivi des contrats de maintenance de ces installations;<br>\u2013 l\u2019organisation et le suivi de la maintenance des \u00e9quipements scientifiques et p\u00e9dagogiques en relation avec les structures de formation et de recherche;<br>\u2013 le suivi des travaux d\u2019entretien et de r\u00e9habilitation;<br>\u2013 la gestion du mat\u00e9riel roulant.<\/p>\n\n\n\n<div style=\"height:24px\" aria-hidden=\"true\" class=\"wp-block-spacer\"><\/div>\n\n\n\n<p class=\"has-white-color has-luminous-vivid-orange-background-color has-text-color has-background has-link-color has-medium-font-size wp-elements-2d0e2015a52652aa73576d68683a2fb8\"><strong>Le Service des ressources Informatiques et technologiques <\/strong><\/p>\n\n\n\n<p class=\"has-medium-font-size\"><strong>Le Service des ressources Informatiques et technologiques est charg\u00e9 :<\/strong><\/p>\n\n\n\n<p class=\"has-black-color has-white-background-color has-text-color has-background has-medium-font-size\">\u2013 du renforcement de la gouvernance num\u00e9rique de l\u2019administration et des structures d\u2019enseignement et de recherche ;<br>\u2013 du renforcement des capacit\u00e9s des utilisateurs ;<br>\u2013 du d\u00e9veloppement des syst\u00e8mes d\u2019information et d\u2019aide \u00e0 la d\u00e9cision ;<br>\u2013 du d\u00e9veloppement de la maintenance et de la s\u00e9curit\u00e9 des infrastructures des technologies de l\u2019information et de la communication, en abr\u00e9g\u00e9 TIC.<\/p>\n\n\n\n<div style=\"height:28px\" aria-hidden=\"true\" class=\"wp-block-spacer\"><\/div>\n\n\n\n<p class=\"has-white-color has-luminous-vivid-orange-background-color has-text-color has-background has-link-color has-medium-font-size wp-elements-c09cb6f9fbf39836f33cd4ca8a7ac917\"><strong>Le Service de l\u2019Edition <\/strong><\/p>\n\n\n\n<p class=\"has-medium-font-size\"><strong>Le Service de l\u2019Edition est charg\u00e9 de la conduite de la politique d\u2019\u00e9dition de l\u2019Universit\u00e9&nbsp;assure :<\/strong><\/p>\n\n\n\n<p class=\"has-black-color has-white-background-color has-text-color has-background has-medium-font-size\">\u2013 la reprographie ;<br>\u2013 l\u2019\u00e9dition ;<br>\u2013 l\u2019acc\u00e8s aux r\u00e9seaux nationaux et internationaux d\u2019information.<\/p>","protected":false},"excerpt":{"rendered":"<p>\u00a0 M. DIABY GAOUSSOU DAFMG de l&rsquo;Universit\u00e9 Jean Lorougnon Gu\u00e9d\u00e9 Administrateur des Services Financiers Langues :\u00a0Fran\u00e7ais, Anglais Depuis 2022 il est nomm\u00e9 Directeur des Affaires Financi\u00e8res et des Moyens G\u00e9n\u00e9raux (DAFMG) de l\u2019Universit\u00e9 Jean Lorougnon Gu\u00e9d\u00e9. Les missions du DAFMG &hellip; <\/p>","protected":false},"author":2,"featured_media":0,"parent":87,"menu_order":0,"comment_status":"closed","ping_status":"closed","template":"","meta":{"_uag_custom_page_level_css":"","_monsterinsights_skip_tracking":false,"_monsterinsights_sitenote_active":false,"_monsterinsights_sitenote_note":"","_monsterinsights_sitenote_category":0,"_themeisle_gutenberg_block_has_review":false,"footnotes":""},"class_list":["post-4816","page","type-page","status-publish","hentry"],"yoast_head":"<!-- This site is optimized with the Yoast SEO plugin v27.6 - https:\/\/yoast.com\/product\/yoast-seo-wordpress\/ -->\n<title>Direction des Affaires Financi\u00e8res et des Moyens G\u00e9n\u00e9raux - Universit\u00e9 Jean Lorougnon Gu\u00e9d\u00e9<\/title>\n<meta name=\"robots\" content=\"index, follow, max-snippet:-1, max-image-preview:large, max-video-preview:-1\" \/>\n<link rel=\"canonical\" href=\"https:\/\/ujlog.edu.ci\/en\/a-propos\/organisations\/directions-services\/direction-des-affaires-financieres-et-des-moyens-generaux\/\" \/>\n<meta property=\"og:locale\" content=\"en_US\" \/>\n<meta property=\"og:type\" content=\"article\" \/>\n<meta property=\"og:title\" content=\"Direction des Affaires Financi\u00e8res et des Moyens G\u00e9n\u00e9raux - Universit\u00e9 Jean Lorougnon Gu\u00e9d\u00e9\" \/>\n<meta property=\"og:description\" content=\"\u00a0 M. DIABY GAOUSSOU DAFMG de l&rsquo;Universit\u00e9 Jean Lorougnon Gu\u00e9d\u00e9 Administrateur des Services Financiers Langues :\u00a0Fran\u00e7ais, Anglais Depuis 2022 il est nomm\u00e9 Directeur des Affaires Financi\u00e8res et des Moyens G\u00e9n\u00e9raux (DAFMG) de l\u2019Universit\u00e9 Jean Lorougnon Gu\u00e9d\u00e9. Les missions du DAFMG &hellip;\" \/>\n<meta property=\"og:url\" content=\"https:\/\/ujlog.edu.ci\/en\/a-propos\/organisations\/directions-services\/direction-des-affaires-financieres-et-des-moyens-generaux\/\" \/>\n<meta property=\"og:site_name\" content=\"Universit\u00e9 Jean Lorougnon Gu\u00e9d\u00e9\" \/>\n<meta property=\"article:modified_time\" content=\"2024-03-05T09:02:54+00:00\" \/>\n<meta property=\"og:image\" content=\"https:\/\/ujlog.edu.ci\/wp-content\/uploads\/2023\/12\/daf-ujlog.jpg\" \/>\n<meta name=\"twitter:card\" content=\"summary_large_image\" \/>\n<meta name=\"twitter:label1\" content=\"Est. reading time\" \/>\n\t<meta name=\"twitter:data1\" content=\"3 minutes\" \/>\n<script type=\"application\/ld+json\" class=\"yoast-schema-graph\">{\"@context\":\"https:\\\/\\\/schema.org\",\"@graph\":[{\"@type\":\"WebPage\",\"@id\":\"https:\\\/\\\/ujlog.edu.ci\\\/a-propos\\\/organisations\\\/directions-services\\\/direction-des-affaires-financieres-et-des-moyens-generaux\\\/\",\"url\":\"https:\\\/\\\/ujlog.edu.ci\\\/a-propos\\\/organisations\\\/directions-services\\\/direction-des-affaires-financieres-et-des-moyens-generaux\\\/\",\"name\":\"Direction des Affaires Financi\u00e8res et des Moyens G\u00e9n\u00e9raux - Universit\u00e9 Jean Lorougnon Gu\u00e9d\u00e9\",\"isPartOf\":{\"@id\":\"https:\\\/\\\/ujlog.edu.ci\\\/#website\"},\"primaryImageOfPage\":{\"@id\":\"https:\\\/\\\/ujlog.edu.ci\\\/a-propos\\\/organisations\\\/directions-services\\\/direction-des-affaires-financieres-et-des-moyens-generaux\\\/#primaryimage\"},\"image\":{\"@id\":\"https:\\\/\\\/ujlog.edu.ci\\\/a-propos\\\/organisations\\\/directions-services\\\/direction-des-affaires-financieres-et-des-moyens-generaux\\\/#primaryimage\"},\"thumbnailUrl\":\"https:\\\/\\\/ujlog.edu.ci\\\/wp-content\\\/uploads\\\/2023\\\/12\\\/daf-ujlog.jpg\",\"datePublished\":\"2023-12-06T10:58:20+00:00\",\"dateModified\":\"2024-03-05T09:02:54+00:00\",\"breadcrumb\":{\"@id\":\"https:\\\/\\\/ujlog.edu.ci\\\/a-propos\\\/organisations\\\/directions-services\\\/direction-des-affaires-financieres-et-des-moyens-generaux\\\/#breadcrumb\"},\"inLanguage\":\"en-US\",\"potentialAction\":[{\"@type\":\"ReadAction\",\"target\":[\"https:\\\/\\\/ujlog.edu.ci\\\/a-propos\\\/organisations\\\/directions-services\\\/direction-des-affaires-financieres-et-des-moyens-generaux\\\/\"]}]},{\"@type\":\"ImageObject\",\"inLanguage\":\"en-US\",\"@id\":\"https:\\\/\\\/ujlog.edu.ci\\\/a-propos\\\/organisations\\\/directions-services\\\/direction-des-affaires-financieres-et-des-moyens-generaux\\\/#primaryimage\",\"url\":\"https:\\\/\\\/ujlog.edu.ci\\\/wp-content\\\/uploads\\\/2023\\\/12\\\/daf-ujlog.jpg\",\"contentUrl\":\"https:\\\/\\\/ujlog.edu.ci\\\/wp-content\\\/uploads\\\/2023\\\/12\\\/daf-ujlog.jpg\"},{\"@type\":\"BreadcrumbList\",\"@id\":\"https:\\\/\\\/ujlog.edu.ci\\\/a-propos\\\/organisations\\\/directions-services\\\/direction-des-affaires-financieres-et-des-moyens-generaux\\\/#breadcrumb\",\"itemListElement\":[{\"@type\":\"ListItem\",\"position\":1,\"name\":\"Accueil\",\"item\":\"https:\\\/\\\/ujlog.edu.ci\\\/\"},{\"@type\":\"ListItem\",\"position\":2,\"name\":\"A PROPOS\",\"item\":\"https:\\\/\\\/ujlog.edu.ci\\\/a-propos\\\/\"},{\"@type\":\"ListItem\",\"position\":3,\"name\":\"Organigramme\",\"item\":\"https:\\\/\\\/ujlog.edu.ci\\\/a-propos\\\/organisations\\\/\"},{\"@type\":\"ListItem\",\"position\":4,\"name\":\"Directions\",\"item\":\"https:\\\/\\\/ujlog.edu.ci\\\/a-propos\\\/organisations\\\/directions-services\\\/\"},{\"@type\":\"ListItem\",\"position\":5,\"name\":\"Direction des Affaires Financi\u00e8res et des Moyens G\u00e9n\u00e9raux\"}]},{\"@type\":\"WebSite\",\"@id\":\"https:\\\/\\\/ujlog.edu.ci\\\/#website\",\"url\":\"https:\\\/\\\/ujlog.edu.ci\\\/\",\"name\":\"Universit\u00e9 Jean Lorougnon Gu\u00e9d\u00e9\",\"description\":\"Universit\u00e9 Jean Lorougnon Gu\u00e9d\u00e9\",\"potentialAction\":[{\"@type\":\"SearchAction\",\"target\":{\"@type\":\"EntryPoint\",\"urlTemplate\":\"https:\\\/\\\/ujlog.edu.ci\\\/?s={search_term_string}\"},\"query-input\":{\"@type\":\"PropertyValueSpecification\",\"valueRequired\":true,\"valueName\":\"search_term_string\"}}],\"inLanguage\":\"en-US\"}]}<\/script>\n<!-- \/ Yoast SEO plugin. -->","yoast_head_json":{"title":"Direction des Affaires Financi\u00e8res et des Moyens G\u00e9n\u00e9raux - Universit\u00e9 Jean Lorougnon Gu\u00e9d\u00e9","robots":{"index":"index","follow":"follow","max-snippet":"max-snippet:-1","max-image-preview":"max-image-preview:large","max-video-preview":"max-video-preview:-1"},"canonical":"https:\/\/ujlog.edu.ci\/en\/a-propos\/organisations\/directions-services\/direction-des-affaires-financieres-et-des-moyens-generaux\/","og_locale":"en_US","og_type":"article","og_title":"Direction des Affaires Financi\u00e8res et des Moyens G\u00e9n\u00e9raux - Universit\u00e9 Jean Lorougnon Gu\u00e9d\u00e9","og_description":"\u00a0 M. DIABY GAOUSSOU DAFMG de l&rsquo;Universit\u00e9 Jean Lorougnon Gu\u00e9d\u00e9 Administrateur des Services Financiers Langues :\u00a0Fran\u00e7ais, Anglais Depuis 2022 il est nomm\u00e9 Directeur des Affaires Financi\u00e8res et des Moyens G\u00e9n\u00e9raux (DAFMG) de l\u2019Universit\u00e9 Jean Lorougnon Gu\u00e9d\u00e9. Les missions du DAFMG &hellip;","og_url":"https:\/\/ujlog.edu.ci\/en\/a-propos\/organisations\/directions-services\/direction-des-affaires-financieres-et-des-moyens-generaux\/","og_site_name":"Universit\u00e9 Jean Lorougnon Gu\u00e9d\u00e9","article_modified_time":"2024-03-05T09:02:54+00:00","og_image":[{"url":"https:\/\/ujlog.edu.ci\/wp-content\/uploads\/2023\/12\/daf-ujlog.jpg","type":"","width":"","height":""}],"twitter_card":"summary_large_image","twitter_misc":{"Est. reading time":"3 minutes"},"schema":{"@context":"https:\/\/schema.org","@graph":[{"@type":"WebPage","@id":"https:\/\/ujlog.edu.ci\/a-propos\/organisations\/directions-services\/direction-des-affaires-financieres-et-des-moyens-generaux\/","url":"https:\/\/ujlog.edu.ci\/a-propos\/organisations\/directions-services\/direction-des-affaires-financieres-et-des-moyens-generaux\/","name":"Direction des Affaires Financi\u00e8res et des Moyens G\u00e9n\u00e9raux - Universit\u00e9 Jean Lorougnon Gu\u00e9d\u00e9","isPartOf":{"@id":"https:\/\/ujlog.edu.ci\/#website"},"primaryImageOfPage":{"@id":"https:\/\/ujlog.edu.ci\/a-propos\/organisations\/directions-services\/direction-des-affaires-financieres-et-des-moyens-generaux\/#primaryimage"},"image":{"@id":"https:\/\/ujlog.edu.ci\/a-propos\/organisations\/directions-services\/direction-des-affaires-financieres-et-des-moyens-generaux\/#primaryimage"},"thumbnailUrl":"https:\/\/ujlog.edu.ci\/wp-content\/uploads\/2023\/12\/daf-ujlog.jpg","datePublished":"2023-12-06T10:58:20+00:00","dateModified":"2024-03-05T09:02:54+00:00","breadcrumb":{"@id":"https:\/\/ujlog.edu.ci\/a-propos\/organisations\/directions-services\/direction-des-affaires-financieres-et-des-moyens-generaux\/#breadcrumb"},"inLanguage":"en-US","potentialAction":[{"@type":"ReadAction","target":["https:\/\/ujlog.edu.ci\/a-propos\/organisations\/directions-services\/direction-des-affaires-financieres-et-des-moyens-generaux\/"]}]},{"@type":"ImageObject","inLanguage":"en-US","@id":"https:\/\/ujlog.edu.ci\/a-propos\/organisations\/directions-services\/direction-des-affaires-financieres-et-des-moyens-generaux\/#primaryimage","url":"https:\/\/ujlog.edu.ci\/wp-content\/uploads\/2023\/12\/daf-ujlog.jpg","contentUrl":"https:\/\/ujlog.edu.ci\/wp-content\/uploads\/2023\/12\/daf-ujlog.jpg"},{"@type":"BreadcrumbList","@id":"https:\/\/ujlog.edu.ci\/a-propos\/organisations\/directions-services\/direction-des-affaires-financieres-et-des-moyens-generaux\/#breadcrumb","itemListElement":[{"@type":"ListItem","position":1,"name":"Accueil","item":"https:\/\/ujlog.edu.ci\/"},{"@type":"ListItem","position":2,"name":"A PROPOS","item":"https:\/\/ujlog.edu.ci\/a-propos\/"},{"@type":"ListItem","position":3,"name":"Organigramme","item":"https:\/\/ujlog.edu.ci\/a-propos\/organisations\/"},{"@type":"ListItem","position":4,"name":"Directions","item":"https:\/\/ujlog.edu.ci\/a-propos\/organisations\/directions-services\/"},{"@type":"ListItem","position":5,"name":"Direction des Affaires Financi\u00e8res et des Moyens G\u00e9n\u00e9raux"}]},{"@type":"WebSite","@id":"https:\/\/ujlog.edu.ci\/#website","url":"https:\/\/ujlog.edu.ci\/","name":"Universit\u00e9 Jean Lorougnon Gu\u00e9d\u00e9","description":"Universit\u00e9 Jean Lorougnon Gu\u00e9d\u00e9","potentialAction":[{"@type":"SearchAction","target":{"@type":"EntryPoint","urlTemplate":"https:\/\/ujlog.edu.ci\/?s={search_term_string}"},"query-input":{"@type":"PropertyValueSpecification","valueRequired":true,"valueName":"search_term_string"}}],"inLanguage":"en-US"}]}},"uagb_featured_image_src":{"full":false,"thumbnail":false,"medium":false,"medium_large":false,"large":false,"1536x1536":false,"2048x2048":false,"trp-custom-language-flag":false,"course_thumbnail":false,"woocommerce_thumbnail":false,"woocommerce_single":false,"woocommerce_gallery_thumbnail":false},"uagb_author_info":{"display_name":"service communication","author_link":"https:\/\/ujlog.edu.ci\/en\/author\/service-communication\/"},"uagb_comment_info":0,"uagb_excerpt":"\u00a0 M. DIABY GAOUSSOU DAFMG de l&rsquo;Universit\u00e9 Jean Lorougnon Gu\u00e9d\u00e9 Administrateur des Services Financiers Langues :\u00a0Fran\u00e7ais, Anglais Depuis 2022 il est nomm\u00e9 Directeur des Affaires Financi\u00e8res et des Moyens G\u00e9n\u00e9raux (DAFMG) de l\u2019Universit\u00e9 Jean Lorougnon Gu\u00e9d\u00e9. Les missions du DAFMG &hellip;","_links":{"self":[{"href":"https:\/\/ujlog.edu.ci\/en\/wp-json\/wp\/v2\/pages\/4816","targetHints":{"allow":["GET"]}}],"collection":[{"href":"https:\/\/ujlog.edu.ci\/en\/wp-json\/wp\/v2\/pages"}],"about":[{"href":"https:\/\/ujlog.edu.ci\/en\/wp-json\/wp\/v2\/types\/page"}],"author":[{"embeddable":true,"href":"https:\/\/ujlog.edu.ci\/en\/wp-json\/wp\/v2\/users\/2"}],"replies":[{"embeddable":true,"href":"https:\/\/ujlog.edu.ci\/en\/wp-json\/wp\/v2\/comments?post=4816"}],"version-history":[{"count":18,"href":"https:\/\/ujlog.edu.ci\/en\/wp-json\/wp\/v2\/pages\/4816\/revisions"}],"predecessor-version":[{"id":5420,"href":"https:\/\/ujlog.edu.ci\/en\/wp-json\/wp\/v2\/pages\/4816\/revisions\/5420"}],"up":[{"embeddable":true,"href":"https:\/\/ujlog.edu.ci\/en\/wp-json\/wp\/v2\/pages\/87"}],"wp:attachment":[{"href":"https:\/\/ujlog.edu.ci\/en\/wp-json\/wp\/v2\/media?parent=4816"}],"curies":[{"name":"wp","href":"https:\/\/api.w.org\/{rel}","templated":true}]}}