{"id":4774,"date":"2023-12-04T09:34:56","date_gmt":"2023-12-04T09:34:56","guid":{"rendered":"https:\/\/ujlog.edu.ci\/?page_id=4774"},"modified":"2023-12-04T09:51:06","modified_gmt":"2023-12-04T09:51:06","slug":"qui-est-jean-lorougnon-g","status":"publish","type":"page","link":"https:\/\/ujlog.edu.ci\/en\/a-propos\/qui-est-jean-lorougnon-g\/","title":{"rendered":"Qui est Jean Lorougnon Gu\u00e9d\u00e9 ?"},"content":{"rendered":"<p><strong>Jean Lorougnon Gu\u00e9d\u00e9<\/strong>\u00a0(\u00a01935 \u2013 20 juin 1998), Intellectuel et un homme politique ivoirien.<\/p>\n\n\n\n<div style=\"height:31px\" aria-hidden=\"true\" class=\"wp-block-spacer\"><\/div>\n\n\n\n<figure class=\"wp-block-image size-full is-resized\"><img fetchpriority=\"high\" decoding=\"async\" width=\"507\" height=\"720\" src=\"https:\/\/ujlog.edu.ci\/wp-content\/uploads\/2023\/12\/5c1bbc46-ca58-48ee-a871-d78802ee2537-1.jpg\" alt=\"\" class=\"wp-image-4778\" style=\"width:840px;height:auto\" srcset=\"https:\/\/ujlog.edu.ci\/wp-content\/uploads\/2023\/12\/5c1bbc46-ca58-48ee-a871-d78802ee2537-1.jpg 507w, https:\/\/ujlog.edu.ci\/wp-content\/uploads\/2023\/12\/5c1bbc46-ca58-48ee-a871-d78802ee2537-1-211x300.jpg 211w\" sizes=\"(max-width: 507px) 100vw, 507px\" \/><\/figure>\n\n\n\n<p class=\"has-text-align-center\"><strong>Prof Jean Lorougnon Gu\u00e9d\u00e9<\/strong><\/p>\n\n\n\n<div style=\"height:34px\" aria-hidden=\"true\" class=\"wp-block-spacer\"><\/div>\n\n\n\n<h3 class=\"wp-block-heading\"><em><strong>Carri\u00e8re Universitaire<\/strong><\/em><\/h3>\n\n\n\n<p>Jean Lorougnon Gu\u00e9d\u00e9 acc\u00e8de au rang de Docteur es-Sciences Biologiques, avec mention tr\u00e8s Honorable et \u00ab f\u00e9licitations \u00e9crites du jury \u00bb, le 1er f\u00e9vrier 1970, en pr\u00e9sence des Pr\u00e9sidents de l\u2019Assembl\u00e9e Nationale, du Conseil Economique et Social et de la Cour Supr\u00eame. Il termine sa carri\u00e8re universitaire comme professeur de biologie v\u00e9g\u00e9tale \u00e0 la Facult\u00e9 des sciences de l\u2019Universit\u00e9 d\u2019Abidjan.<\/p>\n\n\n\n<h3 class=\"wp-block-heading\"><em><strong>Carri\u00e8re politique<\/strong><\/em><\/h3>\n\n\n\n<p>Le 5 janvier 1970, il est nomm\u00e9 Ministre de l\u2019\u00c9ducation Nationale par le Pr\u00e9sident&nbsp;F\u00e9lix Houphou\u00ebt-Boigny.<\/p>\n\n\n\n<p>Un an plus tard, il devient le premier des Ministres de la Recherche Scientifique de C\u00f4te d\u2019Ivoire. Un poste qu\u2019il occupera jusqu\u2019en f\u00e9vrier 1981.<\/p>\n\n\n\n<h3 class=\"wp-block-heading\"><strong><em>Publication<\/em><\/strong><\/h3>\n\n\n\n<p>Le Professeur Jean Lorougnon Gu\u00e9d\u00e9 a publi\u00e9 et contribu\u00e9 \u00e0 diverses publications scientifiques :<\/p>\n\n\n\n<ul class=\"wp-block-list\">\n<li><a href=\"http:\/\/fr.wikipedia.org\/wiki\/1968\">1968<\/a>&nbsp;:&nbsp;<em>\u00ab&nbsp;Mapania rhynchocarpa&nbsp;\u00bb, nouvelle esp\u00e8ce ouest-africaine: notes cyp\u00e9rologiques XIV<\/em>&nbsp;(Mus\u00e9um National d\u2019Histoire Naturelle, Paris)&nbsp;;<\/li>\n\n\n\n<li><a href=\"http:\/\/fr.wikipedia.org\/wiki\/1972\">1972<\/a>&nbsp;:&nbsp;<em>Les Cyp\u00e9rac\u00e9es foresti\u00e8res de C\u00f4te d\u2019Ivoire, Description mat\u00e9rielle<\/em>&nbsp;(ORSTOM, Paris)&nbsp;;<\/li>\n\n\n\n<li><a href=\"http:\/\/fr.wikipedia.org\/wiki\/1982\">1982<\/a>&nbsp;:&nbsp;<em>Les Anyi-Ndenye et le pouvoir aux dix-huiti\u00e8me et dix-neuvi\u00e8me si\u00e8cles, Description&nbsp;<strong>mat\u00e9rielle<\/strong><\/em>&nbsp;(CEDA, Abidjan, Paris)&nbsp;;<\/li>\n\n\n\n<li><a href=\"http:\/\/fr.wikipedia.org\/wiki\/1985\">1985<\/a>&nbsp;:&nbsp;<em>Le Vocabulaire de botanique syst\u00e9matique, Description mat\u00e9rielle<\/em>&nbsp;(<a href=\"http:\/\/fr.wikipedia.org\/wiki\/NEA\">NEA<\/a>, Abidjan, Dakar, Lom\u00e9).<\/li>\n<\/ul>","protected":false},"excerpt":{"rendered":"<p>Jean Lorougnon Gu\u00e9d\u00e9\u00a0(\u00a01935 \u2013 20 juin 1998), Intellectuel et un homme politique ivoirien. Prof Jean Lorougnon Gu\u00e9d\u00e9 Carri\u00e8re Universitaire Jean Lorougnon Gu\u00e9d\u00e9 acc\u00e8de au rang de Docteur es-Sciences Biologiques, avec mention tr\u00e8s Honorable et \u00ab f\u00e9licitations \u00e9crites du jury \u00bb, &hellip; <\/p>","protected":false},"author":2,"featured_media":0,"parent":64,"menu_order":0,"comment_status":"closed","ping_status":"closed","template":"","meta":{"_uag_custom_page_level_css":"","_monsterinsights_skip_tracking":false,"_monsterinsights_sitenote_active":false,"_monsterinsights_sitenote_note":"","_monsterinsights_sitenote_category":0,"_themeisle_gutenberg_block_has_review":false,"footnotes":""},"class_list":["post-4774","page","type-page","status-publish","hentry"],"yoast_head":"<!-- This site is optimized with the Yoast SEO plugin v27.6 - https:\/\/yoast.com\/product\/yoast-seo-wordpress\/ -->\n<title>Qui est Jean Lorougnon Gu\u00e9d\u00e9 ? - Universit\u00e9 Jean Lorougnon Gu\u00e9d\u00e9<\/title>\n<meta name=\"robots\" content=\"index, follow, max-snippet:-1, max-image-preview:large, max-video-preview:-1\" \/>\n<link rel=\"canonical\" href=\"https:\/\/ujlog.edu.ci\/en\/a-propos\/qui-est-jean-lorougnon-g\/\" \/>\n<meta property=\"og:locale\" content=\"en_US\" \/>\n<meta property=\"og:type\" content=\"article\" \/>\n<meta property=\"og:title\" content=\"Qui est Jean Lorougnon Gu\u00e9d\u00e9 ? - Universit\u00e9 Jean Lorougnon Gu\u00e9d\u00e9\" \/>\n<meta property=\"og:description\" content=\"Jean Lorougnon Gu\u00e9d\u00e9\u00a0(\u00a01935 \u2013 20 juin 1998), Intellectuel et un homme politique ivoirien. Prof Jean Lorougnon Gu\u00e9d\u00e9 Carri\u00e8re Universitaire Jean Lorougnon Gu\u00e9d\u00e9 acc\u00e8de au rang de Docteur es-Sciences Biologiques, avec mention tr\u00e8s Honorable et \u00ab f\u00e9licitations \u00e9crites du jury \u00bb, &hellip;\" \/>\n<meta property=\"og:url\" content=\"https:\/\/ujlog.edu.ci\/en\/a-propos\/qui-est-jean-lorougnon-g\/\" \/>\n<meta property=\"og:site_name\" content=\"Universit\u00e9 Jean Lorougnon Gu\u00e9d\u00e9\" \/>\n<meta property=\"article:modified_time\" content=\"2023-12-04T09:51:06+00:00\" \/>\n<meta property=\"og:image\" content=\"https:\/\/ujlog.edu.ci\/wp-content\/uploads\/2023\/12\/5c1bbc46-ca58-48ee-a871-d78802ee2537-1.jpg\" \/>\n<meta name=\"twitter:card\" content=\"summary_large_image\" \/>\n<meta name=\"twitter:label1\" content=\"Est. reading time\" \/>\n\t<meta name=\"twitter:data1\" content=\"2 minutes\" \/>\n<script type=\"application\/ld+json\" class=\"yoast-schema-graph\">{\"@context\":\"https:\\\/\\\/schema.org\",\"@graph\":[{\"@type\":\"WebPage\",\"@id\":\"https:\\\/\\\/ujlog.edu.ci\\\/a-propos\\\/qui-est-jean-lorougnon-g\\\/\",\"url\":\"https:\\\/\\\/ujlog.edu.ci\\\/a-propos\\\/qui-est-jean-lorougnon-g\\\/\",\"name\":\"Qui est Jean Lorougnon Gu\u00e9d\u00e9 ? - Universit\u00e9 Jean Lorougnon Gu\u00e9d\u00e9\",\"isPartOf\":{\"@id\":\"https:\\\/\\\/ujlog.edu.ci\\\/#website\"},\"primaryImageOfPage\":{\"@id\":\"https:\\\/\\\/ujlog.edu.ci\\\/a-propos\\\/qui-est-jean-lorougnon-g\\\/#primaryimage\"},\"image\":{\"@id\":\"https:\\\/\\\/ujlog.edu.ci\\\/a-propos\\\/qui-est-jean-lorougnon-g\\\/#primaryimage\"},\"thumbnailUrl\":\"https:\\\/\\\/ujlog.edu.ci\\\/wp-content\\\/uploads\\\/2023\\\/12\\\/5c1bbc46-ca58-48ee-a871-d78802ee2537-1.jpg\",\"datePublished\":\"2023-12-04T09:34:56+00:00\",\"dateModified\":\"2023-12-04T09:51:06+00:00\",\"breadcrumb\":{\"@id\":\"https:\\\/\\\/ujlog.edu.ci\\\/a-propos\\\/qui-est-jean-lorougnon-g\\\/#breadcrumb\"},\"inLanguage\":\"en-US\",\"potentialAction\":[{\"@type\":\"ReadAction\",\"target\":[\"https:\\\/\\\/ujlog.edu.ci\\\/a-propos\\\/qui-est-jean-lorougnon-g\\\/\"]}]},{\"@type\":\"ImageObject\",\"inLanguage\":\"en-US\",\"@id\":\"https:\\\/\\\/ujlog.edu.ci\\\/a-propos\\\/qui-est-jean-lorougnon-g\\\/#primaryimage\",\"url\":\"https:\\\/\\\/ujlog.edu.ci\\\/wp-content\\\/uploads\\\/2023\\\/12\\\/5c1bbc46-ca58-48ee-a871-d78802ee2537-1.jpg\",\"contentUrl\":\"https:\\\/\\\/ujlog.edu.ci\\\/wp-content\\\/uploads\\\/2023\\\/12\\\/5c1bbc46-ca58-48ee-a871-d78802ee2537-1.jpg\"},{\"@type\":\"BreadcrumbList\",\"@id\":\"https:\\\/\\\/ujlog.edu.ci\\\/a-propos\\\/qui-est-jean-lorougnon-g\\\/#breadcrumb\",\"itemListElement\":[{\"@type\":\"ListItem\",\"position\":1,\"name\":\"Accueil\",\"item\":\"https:\\\/\\\/ujlog.edu.ci\\\/\"},{\"@type\":\"ListItem\",\"position\":2,\"name\":\"A PROPOS\",\"item\":\"https:\\\/\\\/ujlog.edu.ci\\\/a-propos\\\/\"},{\"@type\":\"ListItem\",\"position\":3,\"name\":\"Qui est Jean Lorougnon Gu\u00e9d\u00e9 ?\"}]},{\"@type\":\"WebSite\",\"@id\":\"https:\\\/\\\/ujlog.edu.ci\\\/#website\",\"url\":\"https:\\\/\\\/ujlog.edu.ci\\\/\",\"name\":\"Universit\u00e9 Jean Lorougnon Gu\u00e9d\u00e9\",\"description\":\"Universit\u00e9 Jean Lorougnon Gu\u00e9d\u00e9\",\"potentialAction\":[{\"@type\":\"SearchAction\",\"target\":{\"@type\":\"EntryPoint\",\"urlTemplate\":\"https:\\\/\\\/ujlog.edu.ci\\\/?s={search_term_string}\"},\"query-input\":{\"@type\":\"PropertyValueSpecification\",\"valueRequired\":true,\"valueName\":\"search_term_string\"}}],\"inLanguage\":\"en-US\"}]}<\/script>\n<!-- \/ Yoast SEO plugin. -->","yoast_head_json":{"title":"Qui est Jean Lorougnon Gu\u00e9d\u00e9 ? - Universit\u00e9 Jean Lorougnon Gu\u00e9d\u00e9","robots":{"index":"index","follow":"follow","max-snippet":"max-snippet:-1","max-image-preview":"max-image-preview:large","max-video-preview":"max-video-preview:-1"},"canonical":"https:\/\/ujlog.edu.ci\/en\/a-propos\/qui-est-jean-lorougnon-g\/","og_locale":"en_US","og_type":"article","og_title":"Qui est Jean Lorougnon Gu\u00e9d\u00e9 ? - Universit\u00e9 Jean Lorougnon Gu\u00e9d\u00e9","og_description":"Jean Lorougnon Gu\u00e9d\u00e9\u00a0(\u00a01935 \u2013 20 juin 1998), Intellectuel et un homme politique ivoirien. Prof Jean Lorougnon Gu\u00e9d\u00e9 Carri\u00e8re Universitaire Jean Lorougnon Gu\u00e9d\u00e9 acc\u00e8de au rang de Docteur es-Sciences Biologiques, avec mention tr\u00e8s Honorable et \u00ab f\u00e9licitations \u00e9crites du jury \u00bb, &hellip;","og_url":"https:\/\/ujlog.edu.ci\/en\/a-propos\/qui-est-jean-lorougnon-g\/","og_site_name":"Universit\u00e9 Jean Lorougnon Gu\u00e9d\u00e9","article_modified_time":"2023-12-04T09:51:06+00:00","og_image":[{"url":"https:\/\/ujlog.edu.ci\/wp-content\/uploads\/2023\/12\/5c1bbc46-ca58-48ee-a871-d78802ee2537-1.jpg","type":"","width":"","height":""}],"twitter_card":"summary_large_image","twitter_misc":{"Est. reading time":"2 minutes"},"schema":{"@context":"https:\/\/schema.org","@graph":[{"@type":"WebPage","@id":"https:\/\/ujlog.edu.ci\/a-propos\/qui-est-jean-lorougnon-g\/","url":"https:\/\/ujlog.edu.ci\/a-propos\/qui-est-jean-lorougnon-g\/","name":"Qui est Jean Lorougnon Gu\u00e9d\u00e9 ? - Universit\u00e9 Jean Lorougnon Gu\u00e9d\u00e9","isPartOf":{"@id":"https:\/\/ujlog.edu.ci\/#website"},"primaryImageOfPage":{"@id":"https:\/\/ujlog.edu.ci\/a-propos\/qui-est-jean-lorougnon-g\/#primaryimage"},"image":{"@id":"https:\/\/ujlog.edu.ci\/a-propos\/qui-est-jean-lorougnon-g\/#primaryimage"},"thumbnailUrl":"https:\/\/ujlog.edu.ci\/wp-content\/uploads\/2023\/12\/5c1bbc46-ca58-48ee-a871-d78802ee2537-1.jpg","datePublished":"2023-12-04T09:34:56+00:00","dateModified":"2023-12-04T09:51:06+00:00","breadcrumb":{"@id":"https:\/\/ujlog.edu.ci\/a-propos\/qui-est-jean-lorougnon-g\/#breadcrumb"},"inLanguage":"en-US","potentialAction":[{"@type":"ReadAction","target":["https:\/\/ujlog.edu.ci\/a-propos\/qui-est-jean-lorougnon-g\/"]}]},{"@type":"ImageObject","inLanguage":"en-US","@id":"https:\/\/ujlog.edu.ci\/a-propos\/qui-est-jean-lorougnon-g\/#primaryimage","url":"https:\/\/ujlog.edu.ci\/wp-content\/uploads\/2023\/12\/5c1bbc46-ca58-48ee-a871-d78802ee2537-1.jpg","contentUrl":"https:\/\/ujlog.edu.ci\/wp-content\/uploads\/2023\/12\/5c1bbc46-ca58-48ee-a871-d78802ee2537-1.jpg"},{"@type":"BreadcrumbList","@id":"https:\/\/ujlog.edu.ci\/a-propos\/qui-est-jean-lorougnon-g\/#breadcrumb","itemListElement":[{"@type":"ListItem","position":1,"name":"Accueil","item":"https:\/\/ujlog.edu.ci\/"},{"@type":"ListItem","position":2,"name":"A PROPOS","item":"https:\/\/ujlog.edu.ci\/a-propos\/"},{"@type":"ListItem","position":3,"name":"Qui est Jean Lorougnon Gu\u00e9d\u00e9 ?"}]},{"@type":"WebSite","@id":"https:\/\/ujlog.edu.ci\/#website","url":"https:\/\/ujlog.edu.ci\/","name":"Universit\u00e9 Jean Lorougnon Gu\u00e9d\u00e9","description":"Universit\u00e9 Jean Lorougnon Gu\u00e9d\u00e9","potentialAction":[{"@type":"SearchAction","target":{"@type":"EntryPoint","urlTemplate":"https:\/\/ujlog.edu.ci\/?s={search_term_string}"},"query-input":{"@type":"PropertyValueSpecification","valueRequired":true,"valueName":"search_term_string"}}],"inLanguage":"en-US"}]}},"uagb_featured_image_src":{"full":false,"thumbnail":false,"medium":false,"medium_large":false,"large":false,"1536x1536":false,"2048x2048":false,"trp-custom-language-flag":false,"course_thumbnail":false,"woocommerce_thumbnail":false,"woocommerce_single":false,"woocommerce_gallery_thumbnail":false},"uagb_author_info":{"display_name":"service communication","author_link":"https:\/\/ujlog.edu.ci\/en\/author\/service-communication\/"},"uagb_comment_info":0,"uagb_excerpt":"Jean Lorougnon Gu\u00e9d\u00e9\u00a0(\u00a01935 \u2013 20 juin 1998), Intellectuel et un homme politique ivoirien. Prof Jean Lorougnon Gu\u00e9d\u00e9 Carri\u00e8re Universitaire Jean Lorougnon Gu\u00e9d\u00e9 acc\u00e8de au rang de Docteur es-Sciences Biologiques, avec mention tr\u00e8s Honorable et \u00ab f\u00e9licitations \u00e9crites du jury \u00bb, &hellip;","_links":{"self":[{"href":"https:\/\/ujlog.edu.ci\/en\/wp-json\/wp\/v2\/pages\/4774","targetHints":{"allow":["GET"]}}],"collection":[{"href":"https:\/\/ujlog.edu.ci\/en\/wp-json\/wp\/v2\/pages"}],"about":[{"href":"https:\/\/ujlog.edu.ci\/en\/wp-json\/wp\/v2\/types\/page"}],"author":[{"embeddable":true,"href":"https:\/\/ujlog.edu.ci\/en\/wp-json\/wp\/v2\/users\/2"}],"replies":[{"embeddable":true,"href":"https:\/\/ujlog.edu.ci\/en\/wp-json\/wp\/v2\/comments?post=4774"}],"version-history":[{"count":4,"href":"https:\/\/ujlog.edu.ci\/en\/wp-json\/wp\/v2\/pages\/4774\/revisions"}],"predecessor-version":[{"id":4783,"href":"https:\/\/ujlog.edu.ci\/en\/wp-json\/wp\/v2\/pages\/4774\/revisions\/4783"}],"up":[{"embeddable":true,"href":"https:\/\/ujlog.edu.ci\/en\/wp-json\/wp\/v2\/pages\/64"}],"wp:attachment":[{"href":"https:\/\/ujlog.edu.ci\/en\/wp-json\/wp\/v2\/media?parent=4774"}],"curies":[{"name":"wp","href":"https:\/\/api.w.org\/{rel}","templated":true}]}}