{"id":4650,"date":"2023-11-08T11:51:33","date_gmt":"2023-11-08T11:51:33","guid":{"rendered":"https:\/\/ujlog.edu.ci\/?page_id=4650"},"modified":"2023-11-08T11:52:02","modified_gmt":"2023-11-08T11:52:02","slug":"mot-du-directeur-de-lefc","status":"publish","type":"page","link":"https:\/\/ujlog.edu.ci\/en\/mot-du-directeur-de-lefc\/","title":{"rendered":"MOT DU DIRECTEUR DE L&rsquo;EFC"},"content":{"rendered":"<p>Bienvenue \u00e0 l\u2019Ecole de la Formation Continue (EFC) de l\u2019Universit\u00e9 Jean LOROUGNON GUEDE (UJLoG) de Daloa!<br>Il me plait de vous accueillir sur le site web de l\u2019EFC de Daloa.&nbsp;&nbsp;Vous y trouverez plusieurs informations importantes qui vous permettrons de mieux connaitre notre institution et vous guideront lors de votre passage chez nous. En plus de ce site nous utilisons \u00e9galement les r\u00e9seaux sociaux (WhatsApp, Facebook\u2026).<\/p>\n\n\n\n<p>Nous nous mettons progressivement au num\u00e9rique qui s\u2019impose aujourd\u2019hui \u00e0 tous, il nous permettra d\u2019\u00eatre plus efficace et mieux servir nos auditeurs. En effet, conscient du contexte technologique fortement \u00e9volutif, une de notre priorit\u00e9 est de mettre l\u2019accent sur l\u2019utilisation des TIC (Technologie de l\u2019Information et de la Communication) pour mieux vous informer sur les offres de formation et les conditions d\u2019acc\u00e8s au diff\u00e9rents parcours. La deuxi\u00e8me priorit\u00e9 est l\u2019utilisation des TIC pour dispenser des cours \u00e0 distance. &nbsp;L\u2019enseignement \u00e0 distance permet de former une plus grande part de la population en \u00e2ge d\u2019\u00e9tudier, et ainsi de r\u00e9pondre aux objectifs de r\u00e9duction de la pauvret\u00e9 et des in\u00e9galit\u00e9s, tout en compensant parfois l\u2019insuffisance des capacit\u00e9s d\u2019accueil physique de nos institutions universitaires.<\/p>\n\n\n\n<p>&nbsp;La disponibilit\u00e9 \u00e0 la fois des cours en pr\u00e9sentiel et des enseignements \u00e0 distance vous permettra de mieux&nbsp;vous \u00e9panouir&nbsp;et d\u2019envisager sereinement vos projets d\u2019avenir dans un spectre d\u2019ouverture optimale.&nbsp;Ici, nous croyons qu\u2019une collaboration \u00e9troite entre l\u2019administration de l\u2019EFC et les auditeurs et un environnement inclusif r\u00e9pondent mieux aux besoins de formation et assurent la r\u00e9ussite de tous nos auditeurs. Chaque ann\u00e9e, nos auditeurs ont l\u2019occasion de s&rsquo;\u00e9panouir et de construire leur carri\u00e8re. Pour cela, nous disposons d\u2019une dynamique \u00e9quipe d\u2019administrateurs, d\u2019Enseignants-Chercheurs et de Chercheurs issus des Universit\u00e9s publiques et des Grandes Institutions de recherche du pays et de l\u2019ext\u00e9rieur qui offrent de fa\u00e7on permanente un encadrement p\u00e9dagogique de proximit\u00e9 et \u00e0 distance aux auditeurs.<\/p>\n\n\n\n<p>C\u2019est pour nous une grande fiert\u00e9 de savoir que nos auditeurs ayant termin\u00e9 leur parcours universitaire (premier ou second cycle universitaire), poursuivent leur cheminement universitaire.&nbsp;&nbsp;Cette dynamique s\u2019ins\u00e8re dans la vision de la Pr\u00e9sidente de l\u2019Universit\u00e9 Jean Lorougnon Gu\u00e9d\u00e9 (UJLoG) de Daloa, qui organise et soutient toutes les options susceptibles d\u2019am\u00e9liorer significativement les performances pouvant offrir \u00e0 UJLoG, une vitalit\u00e9 \u00e0 m\u00eame de rendre l\u2019institution universitaire plus moderne, plus comp\u00e9titive et ouverte \u00e0 tous.<br>En consultant les onglets de ce site web, vous serez en mesure de vous informer mais aussi de nous appuyer dans ce projet de grande envergure et de grande importance. Je vous invite donc \u00e0 d\u00e9couvrir les diverses facettes de notre \u00e9cole.<\/p>\n\n\n\n<p>Je souhaite \u00e0 toutes et tous une excellente ann\u00e9e universitaire !<\/p>\n\n\n\n<p>&nbsp;&nbsp;&nbsp;&nbsp;&nbsp;&nbsp;&nbsp;&nbsp;&nbsp;&nbsp;&nbsp;&nbsp;&nbsp;&nbsp;&nbsp;&nbsp;&nbsp;&nbsp;&nbsp;&nbsp;&nbsp;&nbsp;&nbsp;&nbsp;&nbsp;&nbsp;&nbsp;&nbsp;&nbsp;&nbsp;&nbsp;&nbsp;&nbsp;&nbsp;&nbsp;&nbsp;&nbsp;&nbsp;&nbsp;&nbsp;&nbsp;&nbsp;&nbsp;&nbsp;&nbsp;&nbsp;&nbsp;&nbsp;&nbsp;&nbsp;&nbsp;&nbsp;&nbsp;&nbsp;&nbsp;&nbsp;&nbsp;&nbsp;&nbsp;&nbsp;&nbsp;&nbsp;&nbsp;&nbsp;&nbsp;&nbsp;&nbsp;&nbsp;&nbsp;&nbsp; Le Directeur de l\u2019EFC<\/p>\n\n\n\n<p>&nbsp;&nbsp;&nbsp;&nbsp;&nbsp;&nbsp;&nbsp;&nbsp;&nbsp;&nbsp;&nbsp;&nbsp;&nbsp;&nbsp;&nbsp;&nbsp;&nbsp;&nbsp;&nbsp;&nbsp;&nbsp;&nbsp;&nbsp;&nbsp;&nbsp;&nbsp;&nbsp;&nbsp;&nbsp;&nbsp;&nbsp;&nbsp;&nbsp;&nbsp;&nbsp;&nbsp;&nbsp;&nbsp;&nbsp;&nbsp;&nbsp;&nbsp;&nbsp;&nbsp;&nbsp;&nbsp;&nbsp;&nbsp;&nbsp;&nbsp;&nbsp;&nbsp;&nbsp;&nbsp;&nbsp;&nbsp;&nbsp;&nbsp;&nbsp;&nbsp;&nbsp;&nbsp;&nbsp;&nbsp;&nbsp;&nbsp;&nbsp;&nbsp;&nbsp;&nbsp; Dr DIETOA Yehe Mathieu<\/p>\n\n\n\n<p>&nbsp;&nbsp;&nbsp;&nbsp;&nbsp;&nbsp;&nbsp;&nbsp;&nbsp;&nbsp;&nbsp;&nbsp;&nbsp;&nbsp;&nbsp;&nbsp;&nbsp;&nbsp;&nbsp;&nbsp;&nbsp;&nbsp;&nbsp;&nbsp;&nbsp;&nbsp;&nbsp;&nbsp;&nbsp;&nbsp;&nbsp;&nbsp;&nbsp;&nbsp;&nbsp;&nbsp;&nbsp;&nbsp;&nbsp;&nbsp;&nbsp;&nbsp;&nbsp;&nbsp;&nbsp;&nbsp;&nbsp;&nbsp;&nbsp;&nbsp;&nbsp;&nbsp;&nbsp;&nbsp;&nbsp;&nbsp;&nbsp;&nbsp;&nbsp;&nbsp;&nbsp;&nbsp;&nbsp;&nbsp;&nbsp;&nbsp;&nbsp;&nbsp;&nbsp;&nbsp; Maitre de Conf\u00e9rences<\/p>","protected":false},"excerpt":{"rendered":"<p>Bienvenue \u00e0 l\u2019Ecole de la Formation Continue (EFC) de l\u2019Universit\u00e9 Jean LOROUGNON GUEDE (UJLoG) de Daloa!Il me plait de vous accueillir sur le site web de l\u2019EFC de Daloa.&nbsp;&nbsp;Vous y trouverez plusieurs informations importantes qui vous permettrons de mieux connaitre &hellip; <\/p>","protected":false},"author":2,"featured_media":0,"parent":0,"menu_order":0,"comment_status":"closed","ping_status":"closed","template":"","meta":{"_uag_custom_page_level_css":"","_monsterinsights_skip_tracking":false,"_monsterinsights_sitenote_active":false,"_monsterinsights_sitenote_note":"","_monsterinsights_sitenote_category":0,"_themeisle_gutenberg_block_has_review":false,"footnotes":""},"class_list":["post-4650","page","type-page","status-publish","hentry"],"yoast_head":"<!-- This site is optimized with the Yoast SEO plugin v27.6 - https:\/\/yoast.com\/product\/yoast-seo-wordpress\/ -->\n<title>MOT DU DIRECTEUR DE L&#039;EFC - Universit\u00e9 Jean Lorougnon Gu\u00e9d\u00e9<\/title>\n<meta name=\"robots\" content=\"index, follow, max-snippet:-1, max-image-preview:large, max-video-preview:-1\" \/>\n<link rel=\"canonical\" href=\"https:\/\/ujlog.edu.ci\/en\/mot-du-directeur-de-lefc\/\" \/>\n<meta property=\"og:locale\" content=\"en_US\" \/>\n<meta property=\"og:type\" content=\"article\" \/>\n<meta property=\"og:title\" content=\"MOT DU DIRECTEUR DE L&#039;EFC - Universit\u00e9 Jean Lorougnon Gu\u00e9d\u00e9\" \/>\n<meta property=\"og:description\" content=\"Bienvenue \u00e0 l\u2019Ecole de la Formation Continue (EFC) de l\u2019Universit\u00e9 Jean LOROUGNON GUEDE (UJLoG) de Daloa!Il me plait de vous accueillir sur le site web de l\u2019EFC de Daloa.&nbsp;&nbsp;Vous y trouverez plusieurs informations importantes qui vous permettrons de mieux connaitre &hellip;\" \/>\n<meta property=\"og:url\" content=\"https:\/\/ujlog.edu.ci\/en\/mot-du-directeur-de-lefc\/\" \/>\n<meta property=\"og:site_name\" content=\"Universit\u00e9 Jean Lorougnon Gu\u00e9d\u00e9\" \/>\n<meta property=\"article:modified_time\" content=\"2023-11-08T11:52:02+00:00\" \/>\n<meta name=\"twitter:card\" content=\"summary_large_image\" \/>\n<meta name=\"twitter:label1\" content=\"Est. reading time\" \/>\n\t<meta name=\"twitter:data1\" content=\"3 minutes\" \/>\n<script type=\"application\/ld+json\" class=\"yoast-schema-graph\">{\"@context\":\"https:\\\/\\\/schema.org\",\"@graph\":[{\"@type\":\"WebPage\",\"@id\":\"https:\\\/\\\/ujlog.edu.ci\\\/mot-du-directeur-de-lefc\\\/\",\"url\":\"https:\\\/\\\/ujlog.edu.ci\\\/mot-du-directeur-de-lefc\\\/\",\"name\":\"MOT DU DIRECTEUR DE L'EFC - Universit\u00e9 Jean Lorougnon Gu\u00e9d\u00e9\",\"isPartOf\":{\"@id\":\"https:\\\/\\\/ujlog.edu.ci\\\/#website\"},\"datePublished\":\"2023-11-08T11:51:33+00:00\",\"dateModified\":\"2023-11-08T11:52:02+00:00\",\"breadcrumb\":{\"@id\":\"https:\\\/\\\/ujlog.edu.ci\\\/mot-du-directeur-de-lefc\\\/#breadcrumb\"},\"inLanguage\":\"en-US\",\"potentialAction\":[{\"@type\":\"ReadAction\",\"target\":[\"https:\\\/\\\/ujlog.edu.ci\\\/mot-du-directeur-de-lefc\\\/\"]}]},{\"@type\":\"BreadcrumbList\",\"@id\":\"https:\\\/\\\/ujlog.edu.ci\\\/mot-du-directeur-de-lefc\\\/#breadcrumb\",\"itemListElement\":[{\"@type\":\"ListItem\",\"position\":1,\"name\":\"Accueil\",\"item\":\"https:\\\/\\\/ujlog.edu.ci\\\/\"},{\"@type\":\"ListItem\",\"position\":2,\"name\":\"MOT DU DIRECTEUR DE L&rsquo;EFC\"}]},{\"@type\":\"WebSite\",\"@id\":\"https:\\\/\\\/ujlog.edu.ci\\\/#website\",\"url\":\"https:\\\/\\\/ujlog.edu.ci\\\/\",\"name\":\"Universit\u00e9 Jean Lorougnon Gu\u00e9d\u00e9\",\"description\":\"Universit\u00e9 Jean Lorougnon Gu\u00e9d\u00e9\",\"potentialAction\":[{\"@type\":\"SearchAction\",\"target\":{\"@type\":\"EntryPoint\",\"urlTemplate\":\"https:\\\/\\\/ujlog.edu.ci\\\/?s={search_term_string}\"},\"query-input\":{\"@type\":\"PropertyValueSpecification\",\"valueRequired\":true,\"valueName\":\"search_term_string\"}}],\"inLanguage\":\"en-US\"}]}<\/script>\n<!-- \/ Yoast SEO plugin. -->","yoast_head_json":{"title":"MOT DU DIRECTEUR DE L'EFC - Universit\u00e9 Jean Lorougnon Gu\u00e9d\u00e9","robots":{"index":"index","follow":"follow","max-snippet":"max-snippet:-1","max-image-preview":"max-image-preview:large","max-video-preview":"max-video-preview:-1"},"canonical":"https:\/\/ujlog.edu.ci\/en\/mot-du-directeur-de-lefc\/","og_locale":"en_US","og_type":"article","og_title":"MOT DU DIRECTEUR DE L'EFC - Universit\u00e9 Jean Lorougnon Gu\u00e9d\u00e9","og_description":"Bienvenue \u00e0 l\u2019Ecole de la Formation Continue (EFC) de l\u2019Universit\u00e9 Jean LOROUGNON GUEDE (UJLoG) de Daloa!Il me plait de vous accueillir sur le site web de l\u2019EFC de Daloa.&nbsp;&nbsp;Vous y trouverez plusieurs informations importantes qui vous permettrons de mieux connaitre &hellip;","og_url":"https:\/\/ujlog.edu.ci\/en\/mot-du-directeur-de-lefc\/","og_site_name":"Universit\u00e9 Jean Lorougnon Gu\u00e9d\u00e9","article_modified_time":"2023-11-08T11:52:02+00:00","twitter_card":"summary_large_image","twitter_misc":{"Est. reading time":"3 minutes"},"schema":{"@context":"https:\/\/schema.org","@graph":[{"@type":"WebPage","@id":"https:\/\/ujlog.edu.ci\/mot-du-directeur-de-lefc\/","url":"https:\/\/ujlog.edu.ci\/mot-du-directeur-de-lefc\/","name":"MOT DU DIRECTEUR DE L'EFC - Universit\u00e9 Jean Lorougnon Gu\u00e9d\u00e9","isPartOf":{"@id":"https:\/\/ujlog.edu.ci\/#website"},"datePublished":"2023-11-08T11:51:33+00:00","dateModified":"2023-11-08T11:52:02+00:00","breadcrumb":{"@id":"https:\/\/ujlog.edu.ci\/mot-du-directeur-de-lefc\/#breadcrumb"},"inLanguage":"en-US","potentialAction":[{"@type":"ReadAction","target":["https:\/\/ujlog.edu.ci\/mot-du-directeur-de-lefc\/"]}]},{"@type":"BreadcrumbList","@id":"https:\/\/ujlog.edu.ci\/mot-du-directeur-de-lefc\/#breadcrumb","itemListElement":[{"@type":"ListItem","position":1,"name":"Accueil","item":"https:\/\/ujlog.edu.ci\/"},{"@type":"ListItem","position":2,"name":"MOT DU DIRECTEUR DE L&rsquo;EFC"}]},{"@type":"WebSite","@id":"https:\/\/ujlog.edu.ci\/#website","url":"https:\/\/ujlog.edu.ci\/","name":"Universit\u00e9 Jean Lorougnon Gu\u00e9d\u00e9","description":"Universit\u00e9 Jean Lorougnon Gu\u00e9d\u00e9","potentialAction":[{"@type":"SearchAction","target":{"@type":"EntryPoint","urlTemplate":"https:\/\/ujlog.edu.ci\/?s={search_term_string}"},"query-input":{"@type":"PropertyValueSpecification","valueRequired":true,"valueName":"search_term_string"}}],"inLanguage":"en-US"}]}},"uagb_featured_image_src":{"full":false,"thumbnail":false,"medium":false,"medium_large":false,"large":false,"1536x1536":false,"2048x2048":false,"trp-custom-language-flag":false,"course_thumbnail":false,"woocommerce_thumbnail":false,"woocommerce_single":false,"woocommerce_gallery_thumbnail":false},"uagb_author_info":{"display_name":"service communication","author_link":"https:\/\/ujlog.edu.ci\/en\/author\/service-communication\/"},"uagb_comment_info":0,"uagb_excerpt":"Bienvenue \u00e0 l\u2019Ecole de la Formation Continue (EFC) de l\u2019Universit\u00e9 Jean LOROUGNON GUEDE (UJLoG) de Daloa!Il me plait de vous accueillir sur le site web de l\u2019EFC de Daloa.&nbsp;&nbsp;Vous y trouverez plusieurs informations importantes qui vous permettrons de mieux connaitre &hellip;","_links":{"self":[{"href":"https:\/\/ujlog.edu.ci\/en\/wp-json\/wp\/v2\/pages\/4650","targetHints":{"allow":["GET"]}}],"collection":[{"href":"https:\/\/ujlog.edu.ci\/en\/wp-json\/wp\/v2\/pages"}],"about":[{"href":"https:\/\/ujlog.edu.ci\/en\/wp-json\/wp\/v2\/types\/page"}],"author":[{"embeddable":true,"href":"https:\/\/ujlog.edu.ci\/en\/wp-json\/wp\/v2\/users\/2"}],"replies":[{"embeddable":true,"href":"https:\/\/ujlog.edu.ci\/en\/wp-json\/wp\/v2\/comments?post=4650"}],"version-history":[{"count":2,"href":"https:\/\/ujlog.edu.ci\/en\/wp-json\/wp\/v2\/pages\/4650\/revisions"}],"predecessor-version":[{"id":4654,"href":"https:\/\/ujlog.edu.ci\/en\/wp-json\/wp\/v2\/pages\/4650\/revisions\/4654"}],"wp:attachment":[{"href":"https:\/\/ujlog.edu.ci\/en\/wp-json\/wp\/v2\/media?parent=4650"}],"curies":[{"name":"wp","href":"https:\/\/api.w.org\/{rel}","templated":true}]}}