{"id":2934,"date":"2021-07-16T10:44:35","date_gmt":"2021-07-16T10:44:35","guid":{"rendered":"https:\/\/ujlog.ci\/?page_id=2934"},"modified":"2023-12-12T13:03:31","modified_gmt":"2023-12-12T13:03:31","slug":"conseil-de-luniversite","status":"publish","type":"page","link":"https:\/\/ujlog.edu.ci\/en\/a-propos\/organisations\/conseil-de-luniversite\/","title":{"rendered":"Conseil de l&rsquo;Universit\u00e9"},"content":{"rendered":"<figure class=\"wp-block-image size-large\"><img fetchpriority=\"high\" decoding=\"async\" width=\"1024\" height=\"565\" src=\"https:\/\/ujlog.edu.ci\/wp-content\/uploads\/2023\/07\/conseil-unv-1024x565.jpg\" alt=\"\" class=\"wp-image-4381\" srcset=\"https:\/\/ujlog.edu.ci\/wp-content\/uploads\/2023\/07\/conseil-unv-1024x565.jpg 1024w, https:\/\/ujlog.edu.ci\/wp-content\/uploads\/2023\/07\/conseil-unv-300x166.jpg 300w, https:\/\/ujlog.edu.ci\/wp-content\/uploads\/2023\/07\/conseil-unv-768x424.jpg 768w, https:\/\/ujlog.edu.ci\/wp-content\/uploads\/2023\/07\/conseil-unv-1536x848.jpg 1536w, https:\/\/ujlog.edu.ci\/wp-content\/uploads\/2023\/07\/conseil-unv-2048x1131.jpg 2048w, https:\/\/ujlog.edu.ci\/wp-content\/uploads\/2023\/07\/conseil-unv-600x331.jpg 600w\" sizes=\"(max-width: 1024px) 100vw, 1024px\" \/><\/figure>\n\n\n<blockquote>\n<h3><strong>Conseil de l&rsquo;Universit\u00e9<\/strong><\/h3>\n<\/blockquote>\n\n\n<div class=\"wp-block-columns is-layout-flex wp-container-core-columns-is-layout-9d6595d7 wp-block-columns-is-layout-flex\">\n<div class=\"wp-block-column is-layout-flow wp-block-column-is-layout-flow\" style=\"flex-basis:66.66%\">\n<blockquote>\n<p><strong>Le Conseil de l&rsquo;Universit\u00e9 statue sur la politique de l&rsquo;Universit\u00e9 et <\/strong><br \/><strong>d\u00e9lib\u00e8re notamment sur :<\/strong><br \/>&#8211; les contenus des contrats pluriannuels ; <br \/>&#8211; l&rsquo;organisation g\u00e9n\u00e9rale des \u00e9tudes, ainsi que sur les programmes de<br \/>recherche, de production et de coop\u00e9ration internationale ; <br \/>&#8211; la cr\u00e9ation ou la suppression des structures de Formation et de<br \/>Recherche qu\u2019il propose \u00e0 l\u2019agr\u00e9ment de la Conf\u00e9rence des<br \/>Etablissements d&rsquo;Enseignement Sup\u00e9rieur ; <br \/>&#8211; la cr\u00e9ation, la suppression ou la modification de programmes de<br \/>formation qu&rsquo;il propose \u00e0 l&rsquo;agr\u00e9ment de la Conf\u00e9rence des<br \/>Etablissements d&rsquo;Enseignement Sup\u00e9rieur ; <br \/>&#8211; le projet de budget qu&rsquo;il propose au Conseil de Gestion ;<br \/>&#8211; le montant des frais d&rsquo;inscription et des autres recettes qu&rsquo;il propose au <br \/>Conseil de Gestion ;<br \/>&#8211; la r\u00e9partition des ressources allou\u00e9es \u00e0 l&rsquo;Universit\u00e9.<\/p>\n<\/blockquote>\n<p>Il autorise le Pr\u00e9sident \u00e0 engager toute action en justice et \u00e0 signer des accords et<br \/>des conventions.<\/p>\n<p>Il adopte le R\u00e8glement Int\u00e9rieur de l&rsquo;Universit\u00e9 et approuve ceux des Conseils des<br \/>Unit\u00e9s de Formation et de Recherche, des Ecoles et des Centres de Recherches.<\/p>\n<p>Il exerce, en premier ressort, le pouvoir disciplinaire \u00e0 l&rsquo;\u00e9gard des responsables<br \/>administratifs, techniques, p\u00e9dagogiques, des enseignants, des chercheurs et des<br \/>\u00e9tudiants.<\/p>\n<\/div>\n<\/div>\n\n\n\n<div style=\"height:28px\" aria-hidden=\"true\" class=\"wp-block-spacer\"><\/div>\n\n\n\n<div class=\"wp-block-columns is-layout-flex wp-container-core-columns-is-layout-9d6595d7 wp-block-columns-is-layout-flex\">\n<div class=\"wp-block-column is-layout-flow wp-block-column-is-layout-flow\">\n<figure class=\"wp-block-image size-full\"><img decoding=\"async\" width=\"585\" height=\"417\" src=\"https:\/\/ujlog.edu.ci\/wp-content\/uploads\/2023\/07\/359809005_716478700491870_1412585862548105991_n-1.jpg\" alt=\"\" class=\"wp-image-4376\" srcset=\"https:\/\/ujlog.edu.ci\/wp-content\/uploads\/2023\/07\/359809005_716478700491870_1412585862548105991_n-1.jpg 585w, https:\/\/ujlog.edu.ci\/wp-content\/uploads\/2023\/07\/359809005_716478700491870_1412585862548105991_n-1-300x214.jpg 300w\" sizes=\"(max-width: 585px) 100vw, 585px\" \/><\/figure>\n<\/div>\n\n\n\n<div class=\"wp-block-column is-layout-flow wp-block-column-is-layout-flow\">\n<figure class=\"wp-block-image size-large is-resized\"><img decoding=\"async\" width=\"1024\" height=\"535\" src=\"https:\/\/ujlog.edu.ci\/wp-content\/uploads\/2023\/07\/360078859_716478403825233_3692207576301908257_n-1-1024x535.jpg\" alt=\"\" class=\"wp-image-4374\" style=\"width:571px;height:auto\" srcset=\"https:\/\/ujlog.edu.ci\/wp-content\/uploads\/2023\/07\/360078859_716478403825233_3692207576301908257_n-1-1024x535.jpg 1024w, https:\/\/ujlog.edu.ci\/wp-content\/uploads\/2023\/07\/360078859_716478403825233_3692207576301908257_n-1-300x157.jpg 300w, https:\/\/ujlog.edu.ci\/wp-content\/uploads\/2023\/07\/360078859_716478403825233_3692207576301908257_n-1-768x401.jpg 768w, https:\/\/ujlog.edu.ci\/wp-content\/uploads\/2023\/07\/360078859_716478403825233_3692207576301908257_n-1-1536x803.jpg 1536w, https:\/\/ujlog.edu.ci\/wp-content\/uploads\/2023\/07\/360078859_716478403825233_3692207576301908257_n-1-600x313.jpg 600w, https:\/\/ujlog.edu.ci\/wp-content\/uploads\/2023\/07\/360078859_716478403825233_3692207576301908257_n-1.jpg 2048w\" sizes=\"(max-width: 1024px) 100vw, 1024px\" \/><\/figure>\n<\/div>\n<\/div>\n\n\n\n<div class=\"wp-block-columns is-layout-flex wp-container-core-columns-is-layout-9d6595d7 wp-block-columns-is-layout-flex\">\n<div class=\"wp-block-column is-layout-flow wp-block-column-is-layout-flow\" style=\"flex-basis:66.66%\">\n<blockquote>\n<p><strong>Pour son fonctionnement, le Conseil de l&rsquo;Universit\u00e9 est dot\u00e9 :<\/strong><br \/>&#8211; d&rsquo;un Conseil Scientifique ;<br \/>&#8211; d&rsquo;un Conseil P\u00e9dagogique ;<br \/>&#8211; d\u2019un Conseil de Discipline. <br \/>Les missions, la composition, l&rsquo;organisation et le fonctionnement de ces Conseils<br \/>sont d\u00e9finis par le R\u00e8glement Int\u00e9rieur de l&rsquo;Universit\u00e9. Leurs membres sont nomm\u00e9s<br \/>par le Pr\u00e9sident de l&rsquo;Universit\u00e9, sur proposition du Conseil de l&rsquo;Universit\u00e9.<\/p>\n<\/blockquote>\n<\/div>\n<\/div>\n\n\n\n<div style=\"height:30px\" aria-hidden=\"true\" class=\"wp-block-spacer\"><\/div>\n\n\n<blockquote>\n<p><strong>Le Conseil de l&rsquo;Universit\u00e9 comprend<\/strong> :<br \/>&#8211; 40 % de membres statutaires ;<br \/>&#8211; 45 % de membres \u00e9lus ;<br \/>&#8211; 15% de membres d\u00e9sign\u00e9s.<\/p>\n<\/blockquote>\n<p>Les membres statutaires sont : <br \/>&#8211; le Pr\u00e9sident de l&rsquo;Universit\u00e9, Pr\u00e9sident du Conseil ;<br \/>&#8211; les Vice-pr\u00e9sidents ;<br \/>&#8211; le Secr\u00e9taire G\u00e9n\u00e9ral ;<br \/>&#8211; le Secr\u00e9taire G\u00e9n\u00e9ral Adjoint ;<br \/>&#8211; les Directeurs des Unit\u00e9s de Formation et de Recherche, des Ecoles et <br \/>des Centres de Recherche.<\/p>\n<p>Les membres \u00e9lus comprennent : <\/p>\n<p>&#8211; 75 % de repr\u00e9sentants des enseignants et des chercheurs ;<br \/>&#8211; 20 % de repr\u00e9sentants des personnels administratifs et techniques ;<br \/>&#8211; 5 % de repr\u00e9sentants des \u00e9tudiants. <br \/>Les membres d\u00e9sign\u00e9s sont des personnalit\u00e9s dites ext\u00e9rieures \u00e0 l&rsquo;Universit\u00e9. Ils <br \/>sont d\u00e9sign\u00e9s par le Ministre charg\u00e9 de l&rsquo;Enseignement Sup\u00e9rieur, sur proposition<br \/>du Pr\u00e9sident de l&rsquo;Universit\u00e9.<\/p>\n<p>Le nombre des membres du Conseil de l&rsquo;Universit\u00e9 est calcul\u00e9 conform\u00e9ment au<br \/>pourcentage d\u00e9fini pour chaque cat\u00e9gorie, arrondi au nombre entier sup\u00e9rieur<br \/>lorsque la d\u00e9cimale est sup\u00e9rieure ou \u00e9gale \u00e0 0,5 ou au nombre entier inf\u00e9rieur<br \/>lorsque la d\u00e9cimale est strictement inf\u00e9rieure \u00e0 0,5. <\/p>\n<p>La proportion d&rsquo;enseignants et de chercheurs des diff\u00e9rents coll\u00e8ges, membres \u00e9lus<br \/>au Conseil de l&rsquo;Universit\u00e9, est fix\u00e9e par le R\u00e8glement Int\u00e9rieur de l&rsquo;Universit\u00e9.<\/p>\n\n\n<div style=\"height:60px\" aria-hidden=\"true\" class=\"wp-block-spacer\"><\/div>\n\n\n<p>Le Conseil de l&rsquo;Universit\u00e9 se r\u00e9unit en session ordinaire deux fois par<br \/>semestre, et en session extraordinaire autant de fois que les circonstances l&rsquo;exigent,<br \/>sur convocation de son pr\u00e9sident ou sur proposition des deux tiers de ses membres.<\/p>\n<p>Le secr\u00e9tariat du Conseil est assur\u00e9 par le Secr\u00e9taire G\u00e9n\u00e9ral de l&rsquo;Universit\u00e9.<\/p>\n<p>Les d\u00e9cisions du Conseil de l&rsquo;Universit\u00e9 sont prises \u00e0 la majorit\u00e9 simple des<br \/>membres pr\u00e9sents.<br \/>En cas de partage des voix, celle du Pr\u00e9sident est pr\u00e9pond\u00e9rante.<\/p>\n<p>L&rsquo;organisation et le fonctionnement du Conseil de l&rsquo;Universit\u00e9 sont fix\u00e9s par le<br \/>R\u00e8glement Int\u00e9rieur de l&rsquo;Universit\u00e9.<\/p>","protected":false},"excerpt":{"rendered":"<p>Conseil de l&rsquo;Universit\u00e9 Le Conseil de l&rsquo;Universit\u00e9 statue sur la politique de l&rsquo;Universit\u00e9 et d\u00e9lib\u00e8re notamment sur :&#8211; les contenus des contrats pluriannuels ; &#8211; l&rsquo;organisation g\u00e9n\u00e9rale des \u00e9tudes, ainsi que sur les programmes derecherche, de production et de coop\u00e9ration &hellip; <\/p>","protected":false},"author":2,"featured_media":0,"parent":80,"menu_order":0,"comment_status":"closed","ping_status":"closed","template":"","meta":{"_uag_custom_page_level_css":"","_monsterinsights_skip_tracking":false,"_monsterinsights_sitenote_active":false,"_monsterinsights_sitenote_note":"","_monsterinsights_sitenote_category":0,"_themeisle_gutenberg_block_has_review":false,"footnotes":""},"class_list":["post-2934","page","type-page","status-publish","hentry"],"yoast_head":"<!-- This site is optimized with the Yoast SEO plugin v27.6 - https:\/\/yoast.com\/product\/yoast-seo-wordpress\/ -->\n<title>Conseil de l&#039;Universit\u00e9 - Universit\u00e9 Jean Lorougnon Gu\u00e9d\u00e9<\/title>\n<meta name=\"robots\" content=\"index, follow, max-snippet:-1, max-image-preview:large, max-video-preview:-1\" \/>\n<link rel=\"canonical\" href=\"https:\/\/ujlog.edu.ci\/en\/a-propos\/organisations\/conseil-de-luniversite\/\" \/>\n<meta property=\"og:locale\" content=\"en_US\" \/>\n<meta property=\"og:type\" content=\"article\" \/>\n<meta property=\"og:title\" content=\"Conseil de l&#039;Universit\u00e9 - Universit\u00e9 Jean Lorougnon Gu\u00e9d\u00e9\" \/>\n<meta property=\"og:description\" content=\"Conseil de l&rsquo;Universit\u00e9 Le Conseil de l&rsquo;Universit\u00e9 statue sur la politique de l&rsquo;Universit\u00e9 et d\u00e9lib\u00e8re notamment sur :&#8211; les contenus des contrats pluriannuels ; &#8211; l&rsquo;organisation g\u00e9n\u00e9rale des \u00e9tudes, ainsi que sur les programmes derecherche, de production et de coop\u00e9ration &hellip;\" \/>\n<meta property=\"og:url\" content=\"https:\/\/ujlog.edu.ci\/en\/a-propos\/organisations\/conseil-de-luniversite\/\" \/>\n<meta property=\"og:site_name\" content=\"Universit\u00e9 Jean Lorougnon Gu\u00e9d\u00e9\" \/>\n<meta property=\"article:modified_time\" content=\"2023-12-12T13:03:31+00:00\" \/>\n<meta property=\"og:image\" content=\"https:\/\/ujlog.edu.ci\/wp-content\/uploads\/2023\/07\/conseil-unv-1024x565.jpg\" \/>\n<meta name=\"twitter:card\" content=\"summary_large_image\" \/>\n<meta name=\"twitter:label1\" content=\"Est. reading time\" \/>\n\t<meta name=\"twitter:data1\" content=\"3 minutes\" \/>\n<script type=\"application\/ld+json\" class=\"yoast-schema-graph\">{\"@context\":\"https:\\\/\\\/schema.org\",\"@graph\":[{\"@type\":\"WebPage\",\"@id\":\"https:\\\/\\\/ujlog.edu.ci\\\/a-propos\\\/organisations\\\/conseil-de-luniversite\\\/\",\"url\":\"https:\\\/\\\/ujlog.edu.ci\\\/a-propos\\\/organisations\\\/conseil-de-luniversite\\\/\",\"name\":\"Conseil de l'Universit\u00e9 - Universit\u00e9 Jean Lorougnon Gu\u00e9d\u00e9\",\"isPartOf\":{\"@id\":\"https:\\\/\\\/ujlog.edu.ci\\\/#website\"},\"primaryImageOfPage\":{\"@id\":\"https:\\\/\\\/ujlog.edu.ci\\\/a-propos\\\/organisations\\\/conseil-de-luniversite\\\/#primaryimage\"},\"image\":{\"@id\":\"https:\\\/\\\/ujlog.edu.ci\\\/a-propos\\\/organisations\\\/conseil-de-luniversite\\\/#primaryimage\"},\"thumbnailUrl\":\"https:\\\/\\\/ujlog.edu.ci\\\/wp-content\\\/uploads\\\/2023\\\/07\\\/conseil-unv-1024x565.jpg\",\"datePublished\":\"2021-07-16T10:44:35+00:00\",\"dateModified\":\"2023-12-12T13:03:31+00:00\",\"breadcrumb\":{\"@id\":\"https:\\\/\\\/ujlog.edu.ci\\\/a-propos\\\/organisations\\\/conseil-de-luniversite\\\/#breadcrumb\"},\"inLanguage\":\"en-US\",\"potentialAction\":[{\"@type\":\"ReadAction\",\"target\":[\"https:\\\/\\\/ujlog.edu.ci\\\/a-propos\\\/organisations\\\/conseil-de-luniversite\\\/\"]}]},{\"@type\":\"ImageObject\",\"inLanguage\":\"en-US\",\"@id\":\"https:\\\/\\\/ujlog.edu.ci\\\/a-propos\\\/organisations\\\/conseil-de-luniversite\\\/#primaryimage\",\"url\":\"https:\\\/\\\/ujlog.edu.ci\\\/wp-content\\\/uploads\\\/2023\\\/07\\\/conseil-unv-1024x565.jpg\",\"contentUrl\":\"https:\\\/\\\/ujlog.edu.ci\\\/wp-content\\\/uploads\\\/2023\\\/07\\\/conseil-unv-1024x565.jpg\"},{\"@type\":\"BreadcrumbList\",\"@id\":\"https:\\\/\\\/ujlog.edu.ci\\\/a-propos\\\/organisations\\\/conseil-de-luniversite\\\/#breadcrumb\",\"itemListElement\":[{\"@type\":\"ListItem\",\"position\":1,\"name\":\"Accueil\",\"item\":\"https:\\\/\\\/ujlog.edu.ci\\\/\"},{\"@type\":\"ListItem\",\"position\":2,\"name\":\"A PROPOS\",\"item\":\"https:\\\/\\\/ujlog.edu.ci\\\/a-propos\\\/\"},{\"@type\":\"ListItem\",\"position\":3,\"name\":\"Organigramme\",\"item\":\"https:\\\/\\\/ujlog.edu.ci\\\/a-propos\\\/organisations\\\/\"},{\"@type\":\"ListItem\",\"position\":4,\"name\":\"Conseil de l&rsquo;Universit\u00e9\"}]},{\"@type\":\"WebSite\",\"@id\":\"https:\\\/\\\/ujlog.edu.ci\\\/#website\",\"url\":\"https:\\\/\\\/ujlog.edu.ci\\\/\",\"name\":\"Universit\u00e9 Jean Lorougnon Gu\u00e9d\u00e9\",\"description\":\"Universit\u00e9 Jean Lorougnon Gu\u00e9d\u00e9\",\"potentialAction\":[{\"@type\":\"SearchAction\",\"target\":{\"@type\":\"EntryPoint\",\"urlTemplate\":\"https:\\\/\\\/ujlog.edu.ci\\\/?s={search_term_string}\"},\"query-input\":{\"@type\":\"PropertyValueSpecification\",\"valueRequired\":true,\"valueName\":\"search_term_string\"}}],\"inLanguage\":\"en-US\"}]}<\/script>\n<!-- \/ Yoast SEO plugin. -->","yoast_head_json":{"title":"Conseil de l'Universit\u00e9 - Universit\u00e9 Jean Lorougnon Gu\u00e9d\u00e9","robots":{"index":"index","follow":"follow","max-snippet":"max-snippet:-1","max-image-preview":"max-image-preview:large","max-video-preview":"max-video-preview:-1"},"canonical":"https:\/\/ujlog.edu.ci\/en\/a-propos\/organisations\/conseil-de-luniversite\/","og_locale":"en_US","og_type":"article","og_title":"Conseil de l'Universit\u00e9 - Universit\u00e9 Jean Lorougnon Gu\u00e9d\u00e9","og_description":"Conseil de l&rsquo;Universit\u00e9 Le Conseil de l&rsquo;Universit\u00e9 statue sur la politique de l&rsquo;Universit\u00e9 et d\u00e9lib\u00e8re notamment sur :&#8211; les contenus des contrats pluriannuels ; &#8211; l&rsquo;organisation g\u00e9n\u00e9rale des \u00e9tudes, ainsi que sur les programmes derecherche, de production et de coop\u00e9ration &hellip;","og_url":"https:\/\/ujlog.edu.ci\/en\/a-propos\/organisations\/conseil-de-luniversite\/","og_site_name":"Universit\u00e9 Jean Lorougnon Gu\u00e9d\u00e9","article_modified_time":"2023-12-12T13:03:31+00:00","og_image":[{"url":"https:\/\/ujlog.edu.ci\/wp-content\/uploads\/2023\/07\/conseil-unv-1024x565.jpg","type":"","width":"","height":""}],"twitter_card":"summary_large_image","twitter_misc":{"Est. reading time":"3 minutes"},"schema":{"@context":"https:\/\/schema.org","@graph":[{"@type":"WebPage","@id":"https:\/\/ujlog.edu.ci\/a-propos\/organisations\/conseil-de-luniversite\/","url":"https:\/\/ujlog.edu.ci\/a-propos\/organisations\/conseil-de-luniversite\/","name":"Conseil de l'Universit\u00e9 - Universit\u00e9 Jean Lorougnon Gu\u00e9d\u00e9","isPartOf":{"@id":"https:\/\/ujlog.edu.ci\/#website"},"primaryImageOfPage":{"@id":"https:\/\/ujlog.edu.ci\/a-propos\/organisations\/conseil-de-luniversite\/#primaryimage"},"image":{"@id":"https:\/\/ujlog.edu.ci\/a-propos\/organisations\/conseil-de-luniversite\/#primaryimage"},"thumbnailUrl":"https:\/\/ujlog.edu.ci\/wp-content\/uploads\/2023\/07\/conseil-unv-1024x565.jpg","datePublished":"2021-07-16T10:44:35+00:00","dateModified":"2023-12-12T13:03:31+00:00","breadcrumb":{"@id":"https:\/\/ujlog.edu.ci\/a-propos\/organisations\/conseil-de-luniversite\/#breadcrumb"},"inLanguage":"en-US","potentialAction":[{"@type":"ReadAction","target":["https:\/\/ujlog.edu.ci\/a-propos\/organisations\/conseil-de-luniversite\/"]}]},{"@type":"ImageObject","inLanguage":"en-US","@id":"https:\/\/ujlog.edu.ci\/a-propos\/organisations\/conseil-de-luniversite\/#primaryimage","url":"https:\/\/ujlog.edu.ci\/wp-content\/uploads\/2023\/07\/conseil-unv-1024x565.jpg","contentUrl":"https:\/\/ujlog.edu.ci\/wp-content\/uploads\/2023\/07\/conseil-unv-1024x565.jpg"},{"@type":"BreadcrumbList","@id":"https:\/\/ujlog.edu.ci\/a-propos\/organisations\/conseil-de-luniversite\/#breadcrumb","itemListElement":[{"@type":"ListItem","position":1,"name":"Accueil","item":"https:\/\/ujlog.edu.ci\/"},{"@type":"ListItem","position":2,"name":"A PROPOS","item":"https:\/\/ujlog.edu.ci\/a-propos\/"},{"@type":"ListItem","position":3,"name":"Organigramme","item":"https:\/\/ujlog.edu.ci\/a-propos\/organisations\/"},{"@type":"ListItem","position":4,"name":"Conseil de l&rsquo;Universit\u00e9"}]},{"@type":"WebSite","@id":"https:\/\/ujlog.edu.ci\/#website","url":"https:\/\/ujlog.edu.ci\/","name":"Universit\u00e9 Jean Lorougnon Gu\u00e9d\u00e9","description":"Universit\u00e9 Jean Lorougnon Gu\u00e9d\u00e9","potentialAction":[{"@type":"SearchAction","target":{"@type":"EntryPoint","urlTemplate":"https:\/\/ujlog.edu.ci\/?s={search_term_string}"},"query-input":{"@type":"PropertyValueSpecification","valueRequired":true,"valueName":"search_term_string"}}],"inLanguage":"en-US"}]}},"uagb_featured_image_src":{"full":false,"thumbnail":false,"medium":false,"medium_large":false,"large":false,"1536x1536":false,"2048x2048":false,"trp-custom-language-flag":false,"course_thumbnail":false,"woocommerce_thumbnail":false,"woocommerce_single":false,"woocommerce_gallery_thumbnail":false},"uagb_author_info":{"display_name":"service communication","author_link":"https:\/\/ujlog.edu.ci\/en\/author\/service-communication\/"},"uagb_comment_info":0,"uagb_excerpt":"Conseil de l&rsquo;Universit\u00e9 Le Conseil de l&rsquo;Universit\u00e9 statue sur la politique de l&rsquo;Universit\u00e9 et d\u00e9lib\u00e8re notamment sur :&#8211; les contenus des contrats pluriannuels ; &#8211; l&rsquo;organisation g\u00e9n\u00e9rale des \u00e9tudes, ainsi que sur les programmes derecherche, de production et de coop\u00e9ration &hellip;","_links":{"self":[{"href":"https:\/\/ujlog.edu.ci\/en\/wp-json\/wp\/v2\/pages\/2934","targetHints":{"allow":["GET"]}}],"collection":[{"href":"https:\/\/ujlog.edu.ci\/en\/wp-json\/wp\/v2\/pages"}],"about":[{"href":"https:\/\/ujlog.edu.ci\/en\/wp-json\/wp\/v2\/types\/page"}],"author":[{"embeddable":true,"href":"https:\/\/ujlog.edu.ci\/en\/wp-json\/wp\/v2\/users\/2"}],"replies":[{"embeddable":true,"href":"https:\/\/ujlog.edu.ci\/en\/wp-json\/wp\/v2\/comments?post=2934"}],"version-history":[{"count":8,"href":"https:\/\/ujlog.edu.ci\/en\/wp-json\/wp\/v2\/pages\/2934\/revisions"}],"predecessor-version":[{"id":5008,"href":"https:\/\/ujlog.edu.ci\/en\/wp-json\/wp\/v2\/pages\/2934\/revisions\/5008"}],"up":[{"embeddable":true,"href":"https:\/\/ujlog.edu.ci\/en\/wp-json\/wp\/v2\/pages\/80"}],"wp:attachment":[{"href":"https:\/\/ujlog.edu.ci\/en\/wp-json\/wp\/v2\/media?parent=2934"}],"curies":[{"name":"wp","href":"https:\/\/api.w.org\/{rel}","templated":true}]}}