{"id":2834,"date":"2021-07-15T14:27:26","date_gmt":"2021-07-15T14:27:26","guid":{"rendered":"https:\/\/ujlog.ci\/?page_id=2834"},"modified":"2024-11-22T17:22:29","modified_gmt":"2024-11-22T17:22:29","slug":"conventions","status":"publish","type":"page","link":"https:\/\/ujlog.edu.ci\/en\/a-propos\/partenariatetaccords\/conventions\/","title":{"rendered":"Accords &#038; Partenariats"},"content":{"rendered":"<p class=\"has-text-align-center has-white-color has-black-background-color has-text-color has-background has-link-color wp-elements-1b02442a75f2fa2c09dcff5cb3c534fb\"><strong>Projet d\u2019Emploi des Jeunes en Agribusiness (Enable Youth C\u00f4te d\u2019Ivoire)<\/strong><\/p>\n\n\n\n<div class=\"wp-block-columns is-layout-flex wp-container-core-columns-is-layout-9d6595d7 wp-block-columns-is-layout-flex\">\n<div class=\"wp-block-column is-layout-flow wp-block-column-is-layout-flow\">\n<div data-wp-interactive=\"core\/file\" class=\"wp-block-file\"><object data-wp-bind--hidden=\"!state.hasPdfPreview\" hidden class=\"wp-block-file__embed\" data=\"https:\/\/ujlog.edu.ci\/wp-content\/uploads\/2024\/11\/CIES-DALOA_ARRETE-N\u00b0000570-MINEDDTE-ANDE-DU-13-OCTOBRE-2024-PORTANT-APPROBATION-EIESS-DALOA.pdf\" type=\"application\/pdf\" style=\"width:100%;height:600px\" aria-label=\"Embed of CIES DALOA_ARRETE N\u00b0000570 MINEDDTE ANDE DU 13 OCTOBRE 2024 PORTANT APPROBATION ( EIESS) DALOA.\"><\/object><a id=\"wp-block-file--media-69d77a11-667e-431b-b6cd-88c7428be686\" href=\"https:\/\/ujlog.edu.ci\/wp-content\/uploads\/2024\/11\/CIES-DALOA_ARRETE-N\u00b0000570-MINEDDTE-ANDE-DU-13-OCTOBRE-2024-PORTANT-APPROBATION-EIESS-DALOA.pdf\">CIES DALOA_ARRETE N\u00b0000570 MINEDDTE ANDE DU 13 OCTOBRE 2024 PORTANT APPROBATION ( EIESS) DALOA<\/a><a href=\"https:\/\/ujlog.edu.ci\/wp-content\/uploads\/2024\/11\/CIES-DALOA_ARRETE-N\u00b0000570-MINEDDTE-ANDE-DU-13-OCTOBRE-2024-PORTANT-APPROBATION-EIESS-DALOA.pdf\" class=\"wp-block-file__button wp-element-button\" download aria-describedby=\"wp-block-file--media-69d77a11-667e-431b-b6cd-88c7428be686\">T\u00e9l\u00e9charger<\/a><\/div>\n<\/div>\n\n\n\n<div class=\"wp-block-column is-layout-flow wp-block-column-is-layout-flow\">\n<div data-wp-interactive=\"core\/file\" class=\"wp-block-file\"><object data-wp-bind--hidden=\"!state.hasPdfPreview\" hidden class=\"wp-block-file__embed\" data=\"https:\/\/ujlog.edu.ci\/wp-content\/uploads\/2024\/11\/Rapport-Final-EY-Daloa.pdf\" type=\"application\/pdf\" style=\"width:100%;height:600px\" aria-label=\"Embed of Rapport Final EY Daloa.\"><\/object><a id=\"wp-block-file--media-bb6f8892-db96-421a-8956-2d9ce9ede4ee\" href=\"https:\/\/ujlog.edu.ci\/wp-content\/uploads\/2024\/11\/Rapport-Final-EY-Daloa.pdf\">Rapport Final EY Daloa<\/a><a href=\"https:\/\/ujlog.edu.ci\/wp-content\/uploads\/2024\/11\/Rapport-Final-EY-Daloa.pdf\" class=\"wp-block-file__button wp-element-button\" download aria-describedby=\"wp-block-file--media-bb6f8892-db96-421a-8956-2d9ce9ede4ee\">T\u00e9l\u00e9charger<\/a><\/div>\n<\/div>\n<\/div>\n\n\n\n<figure id=\"accords-conventions-ujlog\" class=\"wp-block-table is-style-stripes\"><table class=\"has-black-color has-luminous-vivid-orange-background-color has-text-color has-background has-link-color has-fixed-layout\"><thead><tr><th>N\u00b0<\/th><th><strong>Intitul\u00e9 de l\u2019accord<\/strong><\/th><th><strong>Structure partenaire<\/strong><\/th><th><strong>Pays<\/strong><\/th><\/tr><\/thead><tbody><tr><td>1<\/td><td>ACCORD CADRE POUR LA COOPERATION DANS LE DOMAINE CULTUREL<\/td><td>INSTITUT EURO-MEDITERRANEEN DE SCIENCE ET TECHNOLOGIE), PALERMO, Italie (IEMEST)<\/td><td>Italie<\/td><\/tr><tr><td>2<\/td><td>ACCORD CADRE de COOPERATION en mati\u00e8re de recherche et de recherche de financement<\/td><td>Institut de Recherche et D\u00e9veloppement (IRD), FRANCE &nbsp;<\/td><td>France<\/td><\/tr><tr><td>3<\/td><td>ACCORD CADRE POUR LA COOPERATION universitaire<\/td><td>Universit\u00e9 de Palerme (UNIPA), Italie<\/td><td>Italie<\/td><\/tr><tr><td>4<\/td><td>Convention de financement<\/td><td>Centre national de recherche scientifique (CNRS), France<\/td><td>France<\/td><\/tr><tr><td>5<\/td><td>Convention cadre de recherche et d&rsquo;enseignement sup\u00e9rieur<\/td><td>Agence Panafricaine Intergouvernementale Eau et Assainissement pour l&rsquo;Afrique (EAA)<\/td><td>Panafricain<\/td><\/tr><tr><td>6<\/td><td>Convention de partenariat a la formation<\/td><td>LA LIBRAIRIE DE France GROUPE<\/td><td>RCI<\/td><\/tr><tr><td>7<\/td><td>CONVENTION DE PARTENARIAT pour d\u00e9velopper des relations acad\u00e9miques, culturelles et scientifiques<\/td><td>L&rsquo;UNIVERSITE INTERNATIONALE AL- MOUSTAPHA DE COTE D&rsquo;IVOIRE<\/td><td>RCI<\/td><\/tr><tr><td>8<\/td><td>PROTOCOLE D&rsquo;ACCORD EN MATIERE DE RECHERCHE APPLIQUEE ET-D&rsquo;APPUI AU DEVELOPPEMENT DES FILIERES AGRICOLES EN COTE D\u2019IVOIRE<\/td><td>FONDS INTERPROFESSIONNEL POUR LA RECHERCHE ET LE CONSEIL AGRICOLES (F I R C A)<\/td><td>RCI<\/td><\/tr><tr><td>9<\/td><td>ACCORD DE COOPERATION acad\u00e9mique et de recherche<\/td><td>ENTREPRISE IVOIRO-CANADIENNE D&rsquo;AGRICULTURE VERTE (EICAV)<\/td><td>Canada<\/td><\/tr><tr><td>10<\/td><td>ACCORD DE COOPERATION acad\u00e9mique et de recherche<\/td><td>Office national de l&rsquo;eau potable (ONEP)<\/td><td>RCI<\/td><\/tr><tr><td>11<\/td><td>CONVENTION DE COLLABORATION POUR DES RECHERCHES SCIENTIFIQUES SUR LA DIVERSITE BIOLOGIQUE DANS LES FORETS CLASSEES DE C\u00d4TE D&rsquo;IVOIRE<\/td><td>Soci\u00e9t\u00e9 de D\u00e9veloppement des For\u00eats (SODEFOR)<\/td><td>RCI<\/td><\/tr><tr><td>12<\/td><td>ACCORD-CADRE DE COOPERATION acad\u00e9mique et de recherche<\/td><td>Universit\u00e9 de Man<\/td><td>RCI<\/td><\/tr><tr><td>13<\/td><td>CONVENTION CADRE DE COLLABORATION acad\u00e9mique<\/td><td>UNIVERSITE POLYVALENTE DU MAGHREB EN COTE DIVOIRE (&lsquo;UPMACI)<\/td><td>RCI<\/td><\/tr><tr><td>14<\/td><td>Accord-cadre de coop\u00e9ration p\u00e9dagogique et technique<\/td><td>Universit\u00e9 F\u00e9lix HOUPHOUET-BOIGNY (UFHB)<\/td><td>RCI<\/td><\/tr><tr><td>15<\/td><td>CONVENTION CADRE DE COOP\u00c9RATION acad\u00e9mique et scientifique<\/td><td>L&rsquo;UNIVERSITE MOHAMMED PREMIER &#8211; OUJDA &#8211; MAROC (UMP)<\/td><td>Maroc<\/td><\/tr><tr><td>16<\/td><td>Convention de coop\u00e9ration culturelle et universitaire<\/td><td>l&rsquo;Ente R\u00e9gionale per il diritto ag.II Studi Universitari di Palermo (ERSU)<\/td><td>Italie<\/td><\/tr><tr><td>17<\/td><td>AGREEMENT OF scientific research COOPERATION<\/td><td>Trees and Timber Institute National Research Council (CNR \u2013 IVALSA)<\/td><td>Italie<\/td><\/tr><tr><td>18<\/td><td>ACCORD-CADRE DE COOPERATION UJLoG \/ OIPR POUR LA MISE EN OEUVRE DE PROJETS DE RECHERCHE DANS LES PARCS NATIONAUX ET RESERVES NATURELLES DE COTE D&rsquo;IVOIRE<\/td><td>Office Ivoirien des Parcs et R\u00e9serves (OIPR)<\/td><td>RCI<\/td><\/tr><tr><td>19<\/td><td>ACCORD CADRE DE COOPERATION Acad\u00e9mique et de recherche<\/td><td>Universit\u00e9 Ouaga I Pr Joseph KI-ZERBO (Ouagadougou, Burkina Faso)<\/td><td>Burkina Faso<\/td><\/tr><tr><td>20<\/td><td>ACCORD CADRE de coop\u00e9ration Culturel, acad\u00e9mique et de recherche<\/td><td>Universit\u00e9 de Poitiers (France)<\/td><td>France<\/td><\/tr><tr><td>21<\/td><td>ACCORD CADRE de COOPERATION ACADEMIQUE<\/td><td>universit\u00e9 adama sanogo<\/td><td>RCI<\/td><\/tr><tr><td>22<\/td><td>MEMORANDUM D&rsquo;ACCORD de coop\u00e9ration en mati\u00e8re de recherche<\/td><td>Centre International de Recherche en Agroforesterie (ICRAF)<\/td><td>Kenya<\/td><\/tr><tr><td>23<\/td><td>Accord de coop\u00e9ration acad\u00e9mique<\/td><td>L&rsquo;Universit\u00e9 Sultan Moulay Slimane (Maroc)<\/td><td>Maroc<\/td><\/tr><tr><td>24<\/td><td>Convention cadre de partenariat acad\u00e9mique et de recherche m\u00e9t\u00e9orologique<\/td><td>Soci\u00e9t\u00e9 d&rsquo;Exploitation et de D\u00e9veloppement A\u00e9roportuaire, A\u00e9ronautique et M\u00e9t\u00e9orologique (SODEXAM)<\/td><td>RCI<\/td><\/tr><tr><td>25<\/td><td>Convention cadre de coop\u00e9ration acad\u00e9mique et de recherche<\/td><td>UNIVERSITE DE BRETAGNE OCCIDENTALE (UBO)<\/td><td>France<\/td><\/tr><tr><td>26<\/td><td>ACCORD-CADRE DE COOPERATION acad\u00e9mique<\/td><td>Cebu Technological University<\/td><td>&nbsp;<\/td><\/tr><tr><td>27<\/td><td>ACCORD-CADRE DE COOPERATION acad\u00e9mique<\/td><td>Ecole Sup\u00e9rieure Priv\u00e9e d&rsquo;Ing\u00e9nieurs de Monastir (ESPRIMS), Tunisie<\/td><td>Tunisie<\/td><\/tr><tr><td>28<\/td><td>Accord-cadre de coop\u00e9ration acad\u00e9mique<\/td><td>Universit\u00e9 Musulmane Africaine<\/td><td>RCI<\/td><\/tr><tr><td>29<\/td><td>Accord-cadre de coop\u00e9ration acad\u00e9mique<\/td><td>The Superior Pedagogical Institute<\/td><td>RDC<\/td><\/tr><tr><td>30<\/td><td>CULTURAL COOPERATION FRAMEWORK AGREEMENT<\/td><td>CENTRO STUDI RICERCHE SOCIALI \u00ab\u00a0GIUSEPPINA ARNAO\u00a0\u00bb PALERMO, ITALY<\/td><td>Italie<\/td><\/tr><tr><td>31<\/td><td>convention cadre de coop\u00e9ration interuniversitaire<\/td><td>universit\u00e9 peleforo gon coulibaly<\/td><td>RCI<\/td><\/tr><tr><td>32<\/td><td>accord de coop\u00e9ration<\/td><td>COCONUT<\/td><td>&nbsp;<\/td><\/tr><tr><td>33<\/td><td>accord de coop\u00e9ration scientifique et technique<\/td><td>institut pasteur de c\u00f4te d\u2019ivoire<\/td><td>RCI<\/td><\/tr><tr><td>34<\/td><td>accord de partenariat pour le projet de mise en \u0153uvre des olympiades universitaires<\/td><td>conseil africain et malgache pour l\u2019enseignement sup\u00e9rieur<\/td><td>Burkina<\/td><\/tr><tr><td>35<\/td><td>contrat de prestations de services<\/td><td>societe cemoi c\u00f4te d\u2019ivoire<\/td><td>RCI<\/td><\/tr><tr><td>36<\/td><td>accord-cadre de coop\u00e9ration<\/td><td>institut national de n\u00e9goce et d\u00e9veloppement agricole (I2NDA)<\/td><td>RCI<\/td><\/tr><tr><td>37<\/td><td>convention stage \u00e9cole<\/td><td>soci\u00e9t\u00e9 SIFCA<\/td><td>RCI<\/td><\/tr><tr><td>38<\/td><td>accord cadre de partenariat<\/td><td>Agence Nationale d\u2019Appui au D\u00e9veloppement Rural (ANADER)<\/td><td>RCI<\/td><\/tr><tr><td>39<\/td><td>accord cadre de cooperation<\/td><td>Centre de Recherche Scientifique de Conakry-Rogbane (CERESCOR)<\/td><td>Guin\u00e9e<\/td><\/tr><tr><td>40<\/td><td>CONVENTION DE COOPERATION<\/td><td>Ente Regionale per il diritto agli Studi Universitari di Palermo (ERSU)<\/td><td>Italie<\/td><\/tr><tr><td>41<\/td><td>accord-cadre de coop\u00e9ration<\/td><td>Ecole Normale Sup\u00e9rieure d\u2019Abidjan (ENS)<\/td><td>RCI<\/td><\/tr><tr><td>42<\/td><td>accord-cadre de coop\u00e9ration<\/td><td>Universit\u00e9 Nangui Abrogoua (UNA)<\/td><td>RCI<\/td><\/tr><tr><td>43<\/td><td>accord-cadre de partenariat<\/td><td>Association Pisciculture&nbsp; et D\u00e9veloppement Rural en Afrique tropicale humide C\u00f4te d\u2019Ivoire (APDRACI)<\/td><td>RCI<\/td><\/tr><tr><td>44<\/td><td>convention de reversement<\/td><td>Centre de coop\u00e9ration Internationale en Recherche Agronomique pour le D\u00e9veloppement (CIRAD)<\/td><td>&nbsp;<\/td><\/tr><tr><td>45<\/td><td>accord-cadre de coop\u00e9ration<\/td><td>Universit\u00e9 Alassane Ouattara<\/td><td>RCI<\/td><\/tr><tr><td>46<\/td><td>accord cadre de partenariat<\/td><td>Centre de Recherches Oc\u00e9anologiques (CRO)<\/td><td>RCI<\/td><\/tr><tr><td>47<\/td><td>convention cadre de partenariat<\/td><td>Endeavour Mining-Soci\u00e9t\u00e9 des Mines d\u2019Ity (ENDEAVOUR MINING-SMI)<\/td><td>RCI<\/td><\/tr><tr><td>48<\/td><td>protocole d\u2019accord<\/td><td>SOCIETE NICOLAS SROUJI ETABLISSEMENT-COTE D\u2019ivoire (NSE-CI)<\/td><td>RCI<\/td><\/tr><tr><td>49<\/td><td>accord de collaboration<\/td><td>Universit\u00e9 Priv\u00e9 N\u2019TAYE (UPN)<\/td><td>RCI<\/td><\/tr><tr><td>50<\/td><td>accord-cadre<\/td><td>Alliance pour Refonder la Gouvernance en Afrique (ARGA)<\/td><td>SENEGAL<\/td><\/tr><tr><td>51<\/td><td>convention stage \u00e9cole<\/td><td>Soci\u00e9t\u00e9 Africaine de Plantations d\u2019H\u00e9v\u00e9as (SAPH)<\/td><td>RCI<\/td><\/tr><tr><td>52<\/td><td>convention relative \u00e0 la cr\u00e9ation d\u2019un espace num\u00e9rique au rez-de-chauss\u00e9e d\u2019un b\u00e2timent de travaux dirig\u00e9s de l\u2019UJLoG<\/td><td>l\u2019Universit\u00e9 Virtuelle de C\u00f4te d\u2019Ivoire (UVCI) et l\u2019Agence Universitaire de la Francophonie<\/td><td>RCI<\/td><\/tr><tr><td>53<\/td><td>accord de collaboration<\/td><td>Institut International d\u2019Ing\u00e9nierie de l\u2019Eau et de l\u2019Environnement (Institut 2iE)<\/td><td>&nbsp;<\/td><\/tr><tr><td>54<\/td><td>contrat de collaboration et d\u2019accord de subvention<\/td><td>Association Bondy Innovation (Bond\u2019innov)<\/td><td>&nbsp;<\/td><\/tr><tr><td>55<\/td><td>accord-cadre de partenariat<\/td><td>Centre National de Recherche Agronomique<\/td><td>RCI<\/td><\/tr><tr><td>56<\/td><td>accord-cadre de coop\u00e9ration<\/td><td>Centre Suisse de Recherche Scientifique en C\u00f4te d\u2019Ivoire (CSRS)<\/td><td>RCI<\/td><\/tr><tr><td>57<\/td><td>Accord-cadre de partenariat<\/td><td>Universit\u00e9 de rouen normandie<\/td><td>France<\/td><\/tr><tr><td>58<\/td><td>CONVENTION DE COLLABORATION STAGES DE MASTERES<\/td><td>Ecole Sup\u00e9rieure Priv\u00e9e d&rsquo;ing\u00e9nieur de Monastir (ESPRIMS&rsquo;)<\/td><td>TUNISE<\/td><\/tr><tr><td>59<\/td><td>Accord cadre de collaboration<\/td><td>Universit\u00e9 Adama SANOGO<\/td><td>RCI<\/td><\/tr><tr><td>60<\/td><td>Convention cadre de partenariat<\/td><td>&nbsp;Laboratoire Environnement te Agroalimentaire<\/td><td>C\u00f4te d\u2019ivoire<\/td><\/tr><tr><td>61<\/td><td>Accord de partenariat<\/td><td>Soci\u00e9t\u00e9 coop\u00e9rative simplifi\u00e9e entreprise coop\u00e9rative agricole de yocolo<\/td><td>Cote d\u2019Ivoire<\/td><\/tr><tr><td>62<\/td><td>Programme d\u2019aide \u00e0 l\u2019embauche<\/td><td>Agence emplois jeune<\/td><td>Cote d\u2019Ivoire<\/td><\/tr><tr><td>63<\/td><td>Accord de partenariat<\/td><td>Institut Universitaire fred et poppee<\/td><td>Cote d\u2019Ivoire<\/td><\/tr><tr><td>64<\/td><td>Convention d\u2019accueil ponctuel d\u2019une personnalit\u00e9 ext\u00e9rieure au sein de l\u2019Universit\u00e9<\/td><td>Universit\u00e9 de Marseille<\/td><td>France<\/td><\/tr><tr><td>65<\/td><td>Memorandum of understanding<\/td><td>Consiglio Nazionale delle Ricerche<\/td><td>Italy<\/td><\/tr><tr><td>66<\/td><td>Accord de coop\u00e9ration<\/td><td>universita Degli studi di Plermo<\/td><td>Italie<\/td><\/tr><tr><td>67<\/td><td>Accord cadre de partenariat<\/td><td>organisation green land for Africa<\/td><td>Cote d\u2019ivoire<\/td><\/tr><tr><td>68<\/td><td>Accord cadre de partenariat<\/td><td>APDRA&nbsp; pisciculture paysanne Massy<\/td><td>France<\/td><\/tr><tr><td>69<\/td><td>Convention cadre de partenariat<\/td><td>Philafrica Manioc<\/td><td>Cote d\u2019Ivoire<\/td><\/tr><tr><td>70<\/td><td>Accord-cadre de coop\u00e9ration<\/td><td>Institut National Polytechnique Felix Houphouet Boigny<\/td><td>Cote d\u2019Ivoire<\/td><\/tr><tr><td>71<\/td><td>Accord-cadre de coop\u00e9ration universitaire internationale<\/td><td>Universit\u00e9 de Rouen<\/td><td>France<\/td><\/tr><tr><td>72<\/td><td>Convention cadre de partenariat<\/td><td>Soci\u00e9t\u00e9 KASSA GOLD SARL<\/td><td>C\u00f4te d\u2019ivoire<\/td><\/tr><tr><td>73<\/td><td>Convention sp\u00e9cifique<\/td><td>Universit\u00e9 Alassane Ouattara<\/td><td>Cote d\u2019ivoire<\/td><\/tr><tr><td>74<\/td><td>Accord cadre de partenariat<\/td><td>Institut National pour l\u2019Agroforesterie<\/td><td>Cote d\u2019ivoire<\/td><\/tr><tr><td>75<\/td><td>Accord de convention<\/td><td>Universit\u00e9 centrale chaare-tsedek<\/td><td>Cote d\u2019ivoire<\/td><\/tr><tr><td>76<\/td><td>Convention de partenariat acad\u00e9mique et scientifique<\/td><td>Lyc\u00e9e technique de Yopougon<\/td><td>Cote d\u2019Ivoire<\/td><\/tr><tr><td>77<\/td><td>Accord de partenariat<\/td><td>Association des femmes juristes de Cote d\u2019Ivoire<\/td><td>Cote d\u2019Ivoire<\/td><\/tr><tr><td>78<\/td><td>Convention de collaboration et de reversement de fonds<\/td><td>Institut de recherche pour le d\u00e9veloppement<\/td><td>France<\/td><\/tr><tr><td>79<\/td><td>Convention<\/td><td>Minist\u00e8re f\u00e9d\u00e9rale des affaires \u00e9trang\u00e8res<\/td><td>Allemagne<\/td><\/tr><tr><td>80<\/td><td>Avenant au protocole d\u2019accord<\/td><td>Universit\u00e9 de Palerme<\/td><td>Italie<\/td><\/tr><tr><td>81<\/td><td>Accord cadre de partenariat<\/td><td>Coop\u00e9rative CPR CANAAN &nbsp;<\/td><td>Cote d\u2019ivoire<\/td><\/tr><tr><td>82<\/td><td>Avenant N<sup>0<\/sup> 1 au contrat<\/td><td>Fonds Interprofessionnel pour la Recherche et le Conseil Agricoles<\/td><td>Cote d\u2019Ivoire<\/td><\/tr><tr><td>83<\/td><td>Avenant N<sup>0<\/sup> 1 au contrat<\/td><td>Fonds Interprofessionnel pour la Recherche et le Conseil Agricoles<\/td><td>Cote d\u2019Ivoire<\/td><\/tr><tr><td>84<\/td><td>Accord de partenariat<\/td><td>Cbinet d\u2019Expertion Agricoles<\/td><td>Cote d\u2019Ivoire<\/td><\/tr><tr><td>85<\/td><td>Avenant au protocole d\u2019accord<\/td><td>Entr\u00e9prise coop\u00e9ratives des producteurs agricole<\/td><td>Cote d\u2019Ivoire<\/td><\/tr><tr><td>86<\/td><td>Accord cadre de partenariat<\/td><td>Entr\u00e9prise coop\u00e9ratives des producteurs agricole<\/td><td>Cote d\u2019Ivoire<\/td><\/tr><tr><td>87<\/td><td>Avenant au protocole d\u2019accord<\/td><td>Universit\u00e9 F\u00e9lix Houphouet Boigny<\/td><td>Cote d\u2019ivoire<\/td><\/tr><tr><td>88<\/td><td>Avenant au protocole d\u2019accord<\/td><td>Coop\u00e9rative CPR CANAAN &nbsp;<\/td><td>Cote d\u2019Ivoire<\/td><\/tr><tr><td>89<\/td><td>Accord de partenariat<\/td><td>Initiatives pour le d\u00e9veloppement de l\u2019agriculture en Afrique (INIDAA)<\/td><td>Cote d\u2019Ivoire<\/td><\/tr><tr><td>90<\/td><td>Avenant au protocole d\u2019accord<\/td><td>Initiatives pour le d\u00e9veloppement de l\u2019agriculture en Afrique (INIDAA)<\/td><td>Cote d\u2019Ivoire<\/td><\/tr><tr><td>91<\/td><td>Convention<\/td><td>Union Economique et Mon\u00e9taire Ouest Africaine (UEMOA)<\/td><td>Burkina Faso<\/td><\/tr><tr><td>92<\/td><td>Centre National de Recherche Agronomique<\/td><td>Entr\u00e9prise coop\u00e9ratives des producteurs agricole<\/td><td>Cote d\u2019Ivoire<\/td><\/tr><tr><td>93<\/td><td>Programme d\u2019aide \u00e0 l\u2019embauche<\/td><td>Agence Emploi Jeunes<\/td><td>Cote d\u2019ivoire<\/td><\/tr><tr><td>94<\/td><td>Accord de coop\u00e9ration<\/td><td>Universit\u00e9 de San P\u00e9dro<\/td><td>Cote d\u2019Ivoire<\/td><\/tr><tr><td>95<\/td><td>Contrat d\u2019accueil temporaire d\u2019une personnalit\u00e9 ext\u00e9rieure au sein de l\u2019Universit\u00e9<\/td><td>Universit\u00e9 de Bordeaux<\/td><td>France<\/td><\/tr><tr><td>96<\/td><td>convention de stage<\/td><td>Institut pasteur de Cote d\u2019Ivoire<\/td><td>Cote d\u2019Ivoire<\/td><\/tr><\/tbody><\/table><figcaption class=\"wp-element-caption\">Accords et Conventions de l&rsquo;Universit\u00e9 Jean Lorougnon Gu\u00e9d\u00e9<\/figcaption><\/figure>","protected":false},"excerpt":{"rendered":"<p>Projet d\u2019Emploi des Jeunes en Agribusiness (Enable Youth C\u00f4te d\u2019Ivoire) N\u00b0 Intitul\u00e9 de l\u2019accord Structure partenaire Pays 1 ACCORD CADRE POUR LA COOPERATION DANS LE DOMAINE CULTUREL INSTITUT EURO-MEDITERRANEEN DE SCIENCE ET TECHNOLOGIE), PALERMO, Italie (IEMEST) Italie 2 ACCORD CADRE &hellip; <\/p>","protected":false},"author":2,"featured_media":0,"parent":2828,"menu_order":0,"comment_status":"closed","ping_status":"closed","template":"","meta":{"_uag_custom_page_level_css":"","_monsterinsights_skip_tracking":false,"_monsterinsights_sitenote_active":false,"_monsterinsights_sitenote_note":"","_monsterinsights_sitenote_category":0,"_themeisle_gutenberg_block_has_review":false,"footnotes":""},"class_list":["post-2834","page","type-page","status-publish","hentry"],"yoast_head":"<!-- This site is optimized with the Yoast SEO plugin v27.6 - https:\/\/yoast.com\/product\/yoast-seo-wordpress\/ -->\n<title>Accords &amp; Partenariats - Universit\u00e9 Jean Lorougnon Gu\u00e9d\u00e9<\/title>\n<meta name=\"robots\" content=\"index, follow, max-snippet:-1, max-image-preview:large, max-video-preview:-1\" \/>\n<link rel=\"canonical\" href=\"https:\/\/ujlog.edu.ci\/en\/a-propos\/partenariatetaccords\/conventions\/\" \/>\n<meta property=\"og:locale\" content=\"en_US\" \/>\n<meta property=\"og:type\" content=\"article\" \/>\n<meta property=\"og:title\" content=\"Accords &amp; Partenariats - Universit\u00e9 Jean Lorougnon Gu\u00e9d\u00e9\" \/>\n<meta property=\"og:description\" content=\"Projet d\u2019Emploi des Jeunes en Agribusiness (Enable Youth C\u00f4te d\u2019Ivoire) N\u00b0 Intitul\u00e9 de l\u2019accord Structure partenaire Pays 1 ACCORD CADRE POUR LA COOPERATION DANS LE DOMAINE CULTUREL INSTITUT EURO-MEDITERRANEEN DE SCIENCE ET TECHNOLOGIE), PALERMO, Italie (IEMEST) Italie 2 ACCORD CADRE &hellip;\" \/>\n<meta property=\"og:url\" content=\"https:\/\/ujlog.edu.ci\/en\/a-propos\/partenariatetaccords\/conventions\/\" \/>\n<meta property=\"og:site_name\" content=\"Universit\u00e9 Jean Lorougnon Gu\u00e9d\u00e9\" \/>\n<meta property=\"article:modified_time\" content=\"2024-11-22T17:22:29+00:00\" \/>\n<meta name=\"twitter:card\" content=\"summary_large_image\" \/>\n<meta name=\"twitter:label1\" content=\"Est. reading time\" \/>\n\t<meta name=\"twitter:data1\" content=\"7 minutes\" \/>\n<script type=\"application\/ld+json\" class=\"yoast-schema-graph\">{\"@context\":\"https:\\\/\\\/schema.org\",\"@graph\":[{\"@type\":\"WebPage\",\"@id\":\"https:\\\/\\\/ujlog.edu.ci\\\/a-propos\\\/partenariatetaccords\\\/conventions\\\/\",\"url\":\"https:\\\/\\\/ujlog.edu.ci\\\/a-propos\\\/partenariatetaccords\\\/conventions\\\/\",\"name\":\"Accords & Partenariats - Universit\u00e9 Jean Lorougnon Gu\u00e9d\u00e9\",\"isPartOf\":{\"@id\":\"https:\\\/\\\/ujlog.edu.ci\\\/#website\"},\"datePublished\":\"2021-07-15T14:27:26+00:00\",\"dateModified\":\"2024-11-22T17:22:29+00:00\",\"breadcrumb\":{\"@id\":\"https:\\\/\\\/ujlog.edu.ci\\\/a-propos\\\/partenariatetaccords\\\/conventions\\\/#breadcrumb\"},\"inLanguage\":\"en-US\",\"potentialAction\":[{\"@type\":\"ReadAction\",\"target\":[\"https:\\\/\\\/ujlog.edu.ci\\\/a-propos\\\/partenariatetaccords\\\/conventions\\\/\"]}]},{\"@type\":\"BreadcrumbList\",\"@id\":\"https:\\\/\\\/ujlog.edu.ci\\\/a-propos\\\/partenariatetaccords\\\/conventions\\\/#breadcrumb\",\"itemListElement\":[{\"@type\":\"ListItem\",\"position\":1,\"name\":\"Accueil\",\"item\":\"https:\\\/\\\/ujlog.edu.ci\\\/\"},{\"@type\":\"ListItem\",\"position\":2,\"name\":\"A PROPOS\",\"item\":\"https:\\\/\\\/ujlog.edu.ci\\\/a-propos\\\/\"},{\"@type\":\"ListItem\",\"position\":3,\"name\":\"Partenariats et Accords\",\"item\":\"https:\\\/\\\/ujlog.edu.ci\\\/a-propos\\\/partenariatetaccords\\\/\"},{\"@type\":\"ListItem\",\"position\":4,\"name\":\"Accords &#038; Partenariats\"}]},{\"@type\":\"WebSite\",\"@id\":\"https:\\\/\\\/ujlog.edu.ci\\\/#website\",\"url\":\"https:\\\/\\\/ujlog.edu.ci\\\/\",\"name\":\"Universit\u00e9 Jean Lorougnon Gu\u00e9d\u00e9\",\"description\":\"Universit\u00e9 Jean Lorougnon Gu\u00e9d\u00e9\",\"potentialAction\":[{\"@type\":\"SearchAction\",\"target\":{\"@type\":\"EntryPoint\",\"urlTemplate\":\"https:\\\/\\\/ujlog.edu.ci\\\/?s={search_term_string}\"},\"query-input\":{\"@type\":\"PropertyValueSpecification\",\"valueRequired\":true,\"valueName\":\"search_term_string\"}}],\"inLanguage\":\"en-US\"}]}<\/script>\n<!-- \/ Yoast SEO plugin. -->","yoast_head_json":{"title":"Accords & Partenariats - Universit\u00e9 Jean Lorougnon Gu\u00e9d\u00e9","robots":{"index":"index","follow":"follow","max-snippet":"max-snippet:-1","max-image-preview":"max-image-preview:large","max-video-preview":"max-video-preview:-1"},"canonical":"https:\/\/ujlog.edu.ci\/en\/a-propos\/partenariatetaccords\/conventions\/","og_locale":"en_US","og_type":"article","og_title":"Accords & Partenariats - Universit\u00e9 Jean Lorougnon Gu\u00e9d\u00e9","og_description":"Projet d\u2019Emploi des Jeunes en Agribusiness (Enable Youth C\u00f4te d\u2019Ivoire) N\u00b0 Intitul\u00e9 de l\u2019accord Structure partenaire Pays 1 ACCORD CADRE POUR LA COOPERATION DANS LE DOMAINE CULTUREL INSTITUT EURO-MEDITERRANEEN DE SCIENCE ET TECHNOLOGIE), PALERMO, Italie (IEMEST) Italie 2 ACCORD CADRE &hellip;","og_url":"https:\/\/ujlog.edu.ci\/en\/a-propos\/partenariatetaccords\/conventions\/","og_site_name":"Universit\u00e9 Jean Lorougnon Gu\u00e9d\u00e9","article_modified_time":"2024-11-22T17:22:29+00:00","twitter_card":"summary_large_image","twitter_misc":{"Est. reading time":"7 minutes"},"schema":{"@context":"https:\/\/schema.org","@graph":[{"@type":"WebPage","@id":"https:\/\/ujlog.edu.ci\/a-propos\/partenariatetaccords\/conventions\/","url":"https:\/\/ujlog.edu.ci\/a-propos\/partenariatetaccords\/conventions\/","name":"Accords & Partenariats - Universit\u00e9 Jean Lorougnon Gu\u00e9d\u00e9","isPartOf":{"@id":"https:\/\/ujlog.edu.ci\/#website"},"datePublished":"2021-07-15T14:27:26+00:00","dateModified":"2024-11-22T17:22:29+00:00","breadcrumb":{"@id":"https:\/\/ujlog.edu.ci\/a-propos\/partenariatetaccords\/conventions\/#breadcrumb"},"inLanguage":"en-US","potentialAction":[{"@type":"ReadAction","target":["https:\/\/ujlog.edu.ci\/a-propos\/partenariatetaccords\/conventions\/"]}]},{"@type":"BreadcrumbList","@id":"https:\/\/ujlog.edu.ci\/a-propos\/partenariatetaccords\/conventions\/#breadcrumb","itemListElement":[{"@type":"ListItem","position":1,"name":"Accueil","item":"https:\/\/ujlog.edu.ci\/"},{"@type":"ListItem","position":2,"name":"A PROPOS","item":"https:\/\/ujlog.edu.ci\/a-propos\/"},{"@type":"ListItem","position":3,"name":"Partenariats et Accords","item":"https:\/\/ujlog.edu.ci\/a-propos\/partenariatetaccords\/"},{"@type":"ListItem","position":4,"name":"Accords &#038; Partenariats"}]},{"@type":"WebSite","@id":"https:\/\/ujlog.edu.ci\/#website","url":"https:\/\/ujlog.edu.ci\/","name":"Universit\u00e9 Jean Lorougnon Gu\u00e9d\u00e9","description":"Universit\u00e9 Jean Lorougnon Gu\u00e9d\u00e9","potentialAction":[{"@type":"SearchAction","target":{"@type":"EntryPoint","urlTemplate":"https:\/\/ujlog.edu.ci\/?s={search_term_string}"},"query-input":{"@type":"PropertyValueSpecification","valueRequired":true,"valueName":"search_term_string"}}],"inLanguage":"en-US"}]}},"uagb_featured_image_src":{"full":false,"thumbnail":false,"medium":false,"medium_large":false,"large":false,"1536x1536":false,"2048x2048":false,"trp-custom-language-flag":false,"course_thumbnail":false,"woocommerce_thumbnail":false,"woocommerce_single":false,"woocommerce_gallery_thumbnail":false},"uagb_author_info":{"display_name":"service communication","author_link":"https:\/\/ujlog.edu.ci\/en\/author\/service-communication\/"},"uagb_comment_info":0,"uagb_excerpt":"Projet d\u2019Emploi des Jeunes en Agribusiness (Enable Youth C\u00f4te d\u2019Ivoire) N\u00b0 Intitul\u00e9 de l\u2019accord Structure partenaire Pays 1 ACCORD CADRE POUR LA COOPERATION DANS LE DOMAINE CULTUREL INSTITUT EURO-MEDITERRANEEN DE SCIENCE ET TECHNOLOGIE), PALERMO, Italie (IEMEST) Italie 2 ACCORD CADRE &hellip;","_links":{"self":[{"href":"https:\/\/ujlog.edu.ci\/en\/wp-json\/wp\/v2\/pages\/2834","targetHints":{"allow":["GET"]}}],"collection":[{"href":"https:\/\/ujlog.edu.ci\/en\/wp-json\/wp\/v2\/pages"}],"about":[{"href":"https:\/\/ujlog.edu.ci\/en\/wp-json\/wp\/v2\/types\/page"}],"author":[{"embeddable":true,"href":"https:\/\/ujlog.edu.ci\/en\/wp-json\/wp\/v2\/users\/2"}],"replies":[{"embeddable":true,"href":"https:\/\/ujlog.edu.ci\/en\/wp-json\/wp\/v2\/comments?post=2834"}],"version-history":[{"count":17,"href":"https:\/\/ujlog.edu.ci\/en\/wp-json\/wp\/v2\/pages\/2834\/revisions"}],"predecessor-version":[{"id":5826,"href":"https:\/\/ujlog.edu.ci\/en\/wp-json\/wp\/v2\/pages\/2834\/revisions\/5826"}],"up":[{"embeddable":true,"href":"https:\/\/ujlog.edu.ci\/en\/wp-json\/wp\/v2\/pages\/2828"}],"wp:attachment":[{"href":"https:\/\/ujlog.edu.ci\/en\/wp-json\/wp\/v2\/media?parent=2834"}],"curies":[{"name":"wp","href":"https:\/\/api.w.org\/{rel}","templated":true}]}}