{"id":152,"date":"2021-07-10T19:03:32","date_gmt":"2021-07-10T19:03:32","guid":{"rendered":"https:\/\/ujlog.ci\/?page_id=152"},"modified":"2021-09-17T12:20:12","modified_gmt":"2021-09-17T12:20:12","slug":"info-bibliotheque","status":"publish","type":"page","link":"https:\/\/ujlog.edu.ci\/en\/vie-universitaire\/bibliotheque\/info-bibliotheque\/","title":{"rendered":"Info Biblioth\u00e8que"},"content":{"rendered":"<blockquote>\n<h1>Don de livres<\/h1>\n<\/blockquote>\n\n\n<div class=\"wp-block-columns is-layout-flex wp-container-core-columns-is-layout-9d6595d7 wp-block-columns-is-layout-flex\">\n<div class=\"wp-block-column is-layout-flow wp-block-column-is-layout-flow\">\n<figure class=\"wp-block-image size-full\"><img fetchpriority=\"high\" decoding=\"async\" width=\"593\" height=\"395\" src=\"https:\/\/ujlog.ci\/wp-content\/uploads\/2021\/09\/241846006_234812951928594_4094166247898002291_n.jpg\" alt=\"\" class=\"wp-image-3483\" srcset=\"https:\/\/ujlog.edu.ci\/wp-content\/uploads\/2021\/09\/241846006_234812951928594_4094166247898002291_n.jpg 593w, https:\/\/ujlog.edu.ci\/wp-content\/uploads\/2021\/09\/241846006_234812951928594_4094166247898002291_n-300x200.jpg 300w\" sizes=\"(max-width: 593px) 100vw, 593px\" \/><\/figure>\n<\/div>\n\n\n\n<div class=\"wp-block-column is-layout-flow wp-block-column-is-layout-flow\">\n<figure class=\"wp-block-image size-full\"><img decoding=\"async\" width=\"370\" height=\"594\" src=\"https:\/\/ujlog.ci\/wp-content\/uploads\/2021\/09\/241818863_234812905261932_2929493955601405659_n.jpg\" alt=\"\" class=\"wp-image-3484\" srcset=\"https:\/\/ujlog.edu.ci\/wp-content\/uploads\/2021\/09\/241818863_234812905261932_2929493955601405659_n.jpg 370w, https:\/\/ujlog.edu.ci\/wp-content\/uploads\/2021\/09\/241818863_234812905261932_2929493955601405659_n-187x300.jpg 187w\" sizes=\"(max-width: 370px) 100vw, 370px\" \/><\/figure>\n<\/div>\n<\/div>\n\n\n\n<p><strong>\u00ab La paix est possible. Commencez par vous \u00bb<\/strong><\/p>\n\n\n\n<p> C\u2019est l\u2019essence m\u00eame du message que veut v\u00e9hiculer le c\u00e9l\u00e8bre auteur Prem Rawat (am\u00e9ricain et indien) dans son livre \u00ab Apprendre \u00e0 s\u2019\u00e9couter \u00bb, aux \u00c9ditions Seuil. Samedi 11 septembre, l\u2019Universit\u00e9 Jean Lorougnon Gu\u00e9d\u00e9 (UJLoG) de Daloa a eu l\u2019honneur de recevoir, symboliquement, cinq desdites \u0153uvres.Le don a \u00e9t\u00e9 fait par Mme DIALLO Viviane, cadre \u00e0 l\u2019\u00e9ducation nationale et b\u00e9n\u00e9vole \u00e0 l\u2019Association Initiative Pour la Paix (AIPP), partenaire de l\u2019Organisation Paix et Solidarit\u00e9 en France.R\u00e9ceptionnant le lot de livres, M. KOUAM\u00c9 Koffi, Chef du service de la documentation, de l\u2019information scientifique et technique a remerci\u00e9 la donatrice au nom de Mme la pr\u00e9sidente de l\u2019UJLoG, Pr TIDOU Abiba Sanogo \u00c9pse KON\u00c9. Il a promis en faire bon usage.Au passage, le message que v\u00e9hicule ce livre est en parfaite harmonie avec celui de Mme la pr\u00e9sidente de l\u2019UJLoG : le changement de mentalit\u00e9&#8230;<\/p>\n\n\n\n<div style=\"height:58px\" aria-hidden=\"true\" class=\"wp-block-spacer\"><\/div>\n\n\n<div class=\"kvgmc6g5 cxmmr5t8 oygrvhab hcukyx3x c1et5uql ii04i59q\">\n<blockquote>\n<h1 dir=\"auto\">Don de documents acad\u00e9miques \u00e0 l\u2019UJLoG<\/h1>\n<\/blockquote>\n<\/div>\n\n\n<div class=\"wp-block-columns is-layout-flex wp-container-core-columns-is-layout-9d6595d7 wp-block-columns-is-layout-flex\">\n<div class=\"wp-block-column is-layout-flow wp-block-column-is-layout-flow\">\n<figure class=\"wp-block-image size-full\"><img decoding=\"async\" width=\"593\" height=\"395\" src=\"https:\/\/ujlog.ci\/wp-content\/uploads\/2021\/09\/240822792_224270089649547_4592785225276554386_n.jpg\" alt=\"\" class=\"wp-image-3486\" srcset=\"https:\/\/ujlog.edu.ci\/wp-content\/uploads\/2021\/09\/240822792_224270089649547_4592785225276554386_n.jpg 593w, https:\/\/ujlog.edu.ci\/wp-content\/uploads\/2021\/09\/240822792_224270089649547_4592785225276554386_n-300x200.jpg 300w\" sizes=\"(max-width: 593px) 100vw, 593px\" \/><\/figure>\n<\/div>\n\n\n\n<div class=\"wp-block-column is-layout-flow wp-block-column-is-layout-flow\">\n<figure class=\"wp-block-image size-full\"><img loading=\"lazy\" decoding=\"async\" width=\"593\" height=\"395\" src=\"https:\/\/ujlog.ci\/wp-content\/uploads\/2021\/09\/240658219_224270079649548_1106562074496868413_n.jpg\" alt=\"\" class=\"wp-image-3487\" srcset=\"https:\/\/ujlog.edu.ci\/wp-content\/uploads\/2021\/09\/240658219_224270079649548_1106562074496868413_n.jpg 593w, https:\/\/ujlog.edu.ci\/wp-content\/uploads\/2021\/09\/240658219_224270079649548_1106562074496868413_n-300x200.jpg 300w\" sizes=\"(max-width: 593px) 100vw, 593px\" \/><\/figure>\n<\/div>\n<\/div>\n\n\n\n<p>Ce vendredi 27 ao\u00fbt 2021, Martine DJANGON\u00c9 BI, \u00e9pouse de feu l\u2019Ambassadeur SEM. Phillipe DJANGON\u00c9 BI, s\u2019est rendu dans les locaux de l\u2019Universit\u00e9 Jean Lorougnon Gu\u00e9d\u00e9 (UJLoG) pour effectuer une action sociale d\u2019une grande ampleur. En effet, accompagn\u00e9e de membres de sa famille dont deux de ses enfants, elle a offert trois importants lots de livres et de m\u00e9moires de son d\u00e9funt \u00e9poux \u00e0 l\u2019institution. Recevant ces documents, KOUAM\u00c9 Koffi, Chef de la Biblioth\u00e8que a, au nom de ses patrons au premier rang la pr\u00e9sidente de l\u2019UJLoG, Pr TIDOU Abiba Sanogo Epse KONE, remerci\u00e9 les donateurs. M. KOUAM\u00c9 a ajout\u00e9 que ce sont des gestes que Mme la pr\u00e9sidente appr\u00e9cie fortement. <\/p>\n\n\n\n<div class=\"wp-block-columns is-layout-flex wp-container-core-columns-is-layout-9d6595d7 wp-block-columns-is-layout-flex\">\n<div class=\"wp-block-column is-layout-flow wp-block-column-is-layout-flow\">\n<figure class=\"wp-block-image size-full\"><img loading=\"lazy\" decoding=\"async\" width=\"593\" height=\"395\" src=\"https:\/\/ujlog.ci\/wp-content\/uploads\/2021\/09\/240140420_224270119649544_6772379638717997326_n.jpg\" alt=\"\" class=\"wp-image-3489\" srcset=\"https:\/\/ujlog.edu.ci\/wp-content\/uploads\/2021\/09\/240140420_224270119649544_6772379638717997326_n.jpg 593w, https:\/\/ujlog.edu.ci\/wp-content\/uploads\/2021\/09\/240140420_224270119649544_6772379638717997326_n-300x200.jpg 300w\" sizes=\"(max-width: 593px) 100vw, 593px\" \/><\/figure>\n<\/div>\n\n\n\n<div class=\"wp-block-column is-layout-flow wp-block-column-is-layout-flow\">\n<p>Il a promis que l\u2019UJLoG prendra grand soin des livres et des m\u00e9moires de l\u2019illustre disparu. Au passage, cet acte intervient \u00e0 l\u2019occasion de la lev\u00e9e de deuil de feu SEM. Phillipe DJANGON\u00c9 BI. Il a \u00e9t\u00e9 enseignant \u00e0 l\u2019Universit\u00e9 F\u00e9lix Houphou\u00ebt-Boigny de Cocody et par ailleurs Ambassadeur de la C\u00f4te d\u2019Ivoire aux Nations Unies de 2000 \u00e0 2006. Puis Ambassadeur de la C\u00f4te d\u2019Ivoire en Grande-Bretagne de 2006 \u00e0 2010.<\/p>\n<\/div>\n<\/div>","protected":false},"excerpt":{"rendered":"<p>Don de livres \u00ab La paix est possible. Commencez par vous \u00bb C\u2019est l\u2019essence m\u00eame du message que veut v\u00e9hiculer le c\u00e9l\u00e8bre auteur Prem Rawat (am\u00e9ricain et indien) dans son livre \u00ab Apprendre \u00e0 s\u2019\u00e9couter \u00bb, aux \u00c9ditions Seuil. Samedi &hellip; <\/p>","protected":false},"author":2,"featured_media":0,"parent":128,"menu_order":3,"comment_status":"closed","ping_status":"closed","template":"","meta":{"_uag_custom_page_level_css":"","_monsterinsights_skip_tracking":false,"_monsterinsights_sitenote_active":false,"_monsterinsights_sitenote_note":"","_monsterinsights_sitenote_category":0,"_themeisle_gutenberg_block_has_review":false,"footnotes":""},"class_list":["post-152","page","type-page","status-publish","hentry"],"yoast_head":"<!-- This site is optimized with the Yoast SEO plugin v27.6 - https:\/\/yoast.com\/product\/yoast-seo-wordpress\/ -->\n<title>Info Biblioth\u00e8que - Universit\u00e9 Jean Lorougnon Gu\u00e9d\u00e9<\/title>\n<meta name=\"robots\" content=\"index, follow, max-snippet:-1, max-image-preview:large, max-video-preview:-1\" \/>\n<link rel=\"canonical\" href=\"https:\/\/ujlog.edu.ci\/en\/vie-universitaire\/bibliotheque\/info-bibliotheque\/\" \/>\n<meta property=\"og:locale\" content=\"en_US\" \/>\n<meta property=\"og:type\" content=\"article\" \/>\n<meta property=\"og:title\" content=\"Info Biblioth\u00e8que - Universit\u00e9 Jean Lorougnon Gu\u00e9d\u00e9\" \/>\n<meta property=\"og:description\" content=\"Don de livres \u00ab La paix est possible. Commencez par vous \u00bb C\u2019est l\u2019essence m\u00eame du message que veut v\u00e9hiculer le c\u00e9l\u00e8bre auteur Prem Rawat (am\u00e9ricain et indien) dans son livre \u00ab Apprendre \u00e0 s\u2019\u00e9couter \u00bb, aux \u00c9ditions Seuil. Samedi &hellip;\" \/>\n<meta property=\"og:url\" content=\"https:\/\/ujlog.edu.ci\/en\/vie-universitaire\/bibliotheque\/info-bibliotheque\/\" \/>\n<meta property=\"og:site_name\" content=\"Universit\u00e9 Jean Lorougnon Gu\u00e9d\u00e9\" \/>\n<meta property=\"article:modified_time\" content=\"2021-09-17T12:20:12+00:00\" \/>\n<meta property=\"og:image\" content=\"https:\/\/ujlog.ci\/wp-content\/uploads\/2021\/09\/241846006_234812951928594_4094166247898002291_n.jpg\" \/>\n<meta name=\"twitter:card\" content=\"summary_large_image\" \/>\n<meta name=\"twitter:label1\" content=\"Est. reading time\" \/>\n\t<meta name=\"twitter:data1\" content=\"2 minutes\" \/>\n<script type=\"application\/ld+json\" class=\"yoast-schema-graph\">{\"@context\":\"https:\\\/\\\/schema.org\",\"@graph\":[{\"@type\":\"WebPage\",\"@id\":\"https:\\\/\\\/ujlog.edu.ci\\\/vie-universitaire\\\/bibliotheque\\\/info-bibliotheque\\\/\",\"url\":\"https:\\\/\\\/ujlog.edu.ci\\\/vie-universitaire\\\/bibliotheque\\\/info-bibliotheque\\\/\",\"name\":\"Info Biblioth\u00e8que - Universit\u00e9 Jean Lorougnon Gu\u00e9d\u00e9\",\"isPartOf\":{\"@id\":\"https:\\\/\\\/ujlog.edu.ci\\\/#website\"},\"primaryImageOfPage\":{\"@id\":\"https:\\\/\\\/ujlog.edu.ci\\\/vie-universitaire\\\/bibliotheque\\\/info-bibliotheque\\\/#primaryimage\"},\"image\":{\"@id\":\"https:\\\/\\\/ujlog.edu.ci\\\/vie-universitaire\\\/bibliotheque\\\/info-bibliotheque\\\/#primaryimage\"},\"thumbnailUrl\":\"https:\\\/\\\/ujlog.ci\\\/wp-content\\\/uploads\\\/2021\\\/09\\\/241846006_234812951928594_4094166247898002291_n.jpg\",\"datePublished\":\"2021-07-10T19:03:32+00:00\",\"dateModified\":\"2021-09-17T12:20:12+00:00\",\"breadcrumb\":{\"@id\":\"https:\\\/\\\/ujlog.edu.ci\\\/vie-universitaire\\\/bibliotheque\\\/info-bibliotheque\\\/#breadcrumb\"},\"inLanguage\":\"en-US\",\"potentialAction\":[{\"@type\":\"ReadAction\",\"target\":[\"https:\\\/\\\/ujlog.edu.ci\\\/vie-universitaire\\\/bibliotheque\\\/info-bibliotheque\\\/\"]}]},{\"@type\":\"ImageObject\",\"inLanguage\":\"en-US\",\"@id\":\"https:\\\/\\\/ujlog.edu.ci\\\/vie-universitaire\\\/bibliotheque\\\/info-bibliotheque\\\/#primaryimage\",\"url\":\"https:\\\/\\\/ujlog.ci\\\/wp-content\\\/uploads\\\/2021\\\/09\\\/241846006_234812951928594_4094166247898002291_n.jpg\",\"contentUrl\":\"https:\\\/\\\/ujlog.ci\\\/wp-content\\\/uploads\\\/2021\\\/09\\\/241846006_234812951928594_4094166247898002291_n.jpg\"},{\"@type\":\"BreadcrumbList\",\"@id\":\"https:\\\/\\\/ujlog.edu.ci\\\/vie-universitaire\\\/bibliotheque\\\/info-bibliotheque\\\/#breadcrumb\",\"itemListElement\":[{\"@type\":\"ListItem\",\"position\":1,\"name\":\"Accueil\",\"item\":\"https:\\\/\\\/ujlog.edu.ci\\\/\"},{\"@type\":\"ListItem\",\"position\":2,\"name\":\"PEDA &#8211; VIE UNIV.\",\"item\":\"https:\\\/\\\/ujlog.edu.ci\\\/vie-universitaire\\\/\"},{\"@type\":\"ListItem\",\"position\":3,\"name\":\"Bibliotheque\",\"item\":\"https:\\\/\\\/ujlog.edu.ci\\\/vie-universitaire\\\/bibliotheque\\\/\"},{\"@type\":\"ListItem\",\"position\":4,\"name\":\"Info Biblioth\u00e8que\"}]},{\"@type\":\"WebSite\",\"@id\":\"https:\\\/\\\/ujlog.edu.ci\\\/#website\",\"url\":\"https:\\\/\\\/ujlog.edu.ci\\\/\",\"name\":\"Universit\u00e9 Jean Lorougnon Gu\u00e9d\u00e9\",\"description\":\"Universit\u00e9 Jean Lorougnon Gu\u00e9d\u00e9\",\"potentialAction\":[{\"@type\":\"SearchAction\",\"target\":{\"@type\":\"EntryPoint\",\"urlTemplate\":\"https:\\\/\\\/ujlog.edu.ci\\\/?s={search_term_string}\"},\"query-input\":{\"@type\":\"PropertyValueSpecification\",\"valueRequired\":true,\"valueName\":\"search_term_string\"}}],\"inLanguage\":\"en-US\"}]}<\/script>\n<!-- \/ Yoast SEO plugin. -->","yoast_head_json":{"title":"Info Biblioth\u00e8que - Universit\u00e9 Jean Lorougnon Gu\u00e9d\u00e9","robots":{"index":"index","follow":"follow","max-snippet":"max-snippet:-1","max-image-preview":"max-image-preview:large","max-video-preview":"max-video-preview:-1"},"canonical":"https:\/\/ujlog.edu.ci\/en\/vie-universitaire\/bibliotheque\/info-bibliotheque\/","og_locale":"en_US","og_type":"article","og_title":"Info Biblioth\u00e8que - Universit\u00e9 Jean Lorougnon Gu\u00e9d\u00e9","og_description":"Don de livres \u00ab La paix est possible. Commencez par vous \u00bb C\u2019est l\u2019essence m\u00eame du message que veut v\u00e9hiculer le c\u00e9l\u00e8bre auteur Prem Rawat (am\u00e9ricain et indien) dans son livre \u00ab Apprendre \u00e0 s\u2019\u00e9couter \u00bb, aux \u00c9ditions Seuil. Samedi &hellip;","og_url":"https:\/\/ujlog.edu.ci\/en\/vie-universitaire\/bibliotheque\/info-bibliotheque\/","og_site_name":"Universit\u00e9 Jean Lorougnon Gu\u00e9d\u00e9","article_modified_time":"2021-09-17T12:20:12+00:00","og_image":[{"url":"https:\/\/ujlog.ci\/wp-content\/uploads\/2021\/09\/241846006_234812951928594_4094166247898002291_n.jpg","type":"","width":"","height":""}],"twitter_card":"summary_large_image","twitter_misc":{"Est. reading time":"2 minutes"},"schema":{"@context":"https:\/\/schema.org","@graph":[{"@type":"WebPage","@id":"https:\/\/ujlog.edu.ci\/vie-universitaire\/bibliotheque\/info-bibliotheque\/","url":"https:\/\/ujlog.edu.ci\/vie-universitaire\/bibliotheque\/info-bibliotheque\/","name":"Info Biblioth\u00e8que - Universit\u00e9 Jean Lorougnon Gu\u00e9d\u00e9","isPartOf":{"@id":"https:\/\/ujlog.edu.ci\/#website"},"primaryImageOfPage":{"@id":"https:\/\/ujlog.edu.ci\/vie-universitaire\/bibliotheque\/info-bibliotheque\/#primaryimage"},"image":{"@id":"https:\/\/ujlog.edu.ci\/vie-universitaire\/bibliotheque\/info-bibliotheque\/#primaryimage"},"thumbnailUrl":"https:\/\/ujlog.ci\/wp-content\/uploads\/2021\/09\/241846006_234812951928594_4094166247898002291_n.jpg","datePublished":"2021-07-10T19:03:32+00:00","dateModified":"2021-09-17T12:20:12+00:00","breadcrumb":{"@id":"https:\/\/ujlog.edu.ci\/vie-universitaire\/bibliotheque\/info-bibliotheque\/#breadcrumb"},"inLanguage":"en-US","potentialAction":[{"@type":"ReadAction","target":["https:\/\/ujlog.edu.ci\/vie-universitaire\/bibliotheque\/info-bibliotheque\/"]}]},{"@type":"ImageObject","inLanguage":"en-US","@id":"https:\/\/ujlog.edu.ci\/vie-universitaire\/bibliotheque\/info-bibliotheque\/#primaryimage","url":"https:\/\/ujlog.ci\/wp-content\/uploads\/2021\/09\/241846006_234812951928594_4094166247898002291_n.jpg","contentUrl":"https:\/\/ujlog.ci\/wp-content\/uploads\/2021\/09\/241846006_234812951928594_4094166247898002291_n.jpg"},{"@type":"BreadcrumbList","@id":"https:\/\/ujlog.edu.ci\/vie-universitaire\/bibliotheque\/info-bibliotheque\/#breadcrumb","itemListElement":[{"@type":"ListItem","position":1,"name":"Accueil","item":"https:\/\/ujlog.edu.ci\/"},{"@type":"ListItem","position":2,"name":"PEDA &#8211; VIE UNIV.","item":"https:\/\/ujlog.edu.ci\/vie-universitaire\/"},{"@type":"ListItem","position":3,"name":"Bibliotheque","item":"https:\/\/ujlog.edu.ci\/vie-universitaire\/bibliotheque\/"},{"@type":"ListItem","position":4,"name":"Info Biblioth\u00e8que"}]},{"@type":"WebSite","@id":"https:\/\/ujlog.edu.ci\/#website","url":"https:\/\/ujlog.edu.ci\/","name":"Universit\u00e9 Jean Lorougnon Gu\u00e9d\u00e9","description":"Universit\u00e9 Jean Lorougnon Gu\u00e9d\u00e9","potentialAction":[{"@type":"SearchAction","target":{"@type":"EntryPoint","urlTemplate":"https:\/\/ujlog.edu.ci\/?s={search_term_string}"},"query-input":{"@type":"PropertyValueSpecification","valueRequired":true,"valueName":"search_term_string"}}],"inLanguage":"en-US"}]}},"uagb_featured_image_src":{"full":false,"thumbnail":false,"medium":false,"medium_large":false,"large":false,"1536x1536":false,"2048x2048":false,"trp-custom-language-flag":false,"course_thumbnail":false,"woocommerce_thumbnail":false,"woocommerce_single":false,"woocommerce_gallery_thumbnail":false},"uagb_author_info":{"display_name":"service communication","author_link":"https:\/\/ujlog.edu.ci\/en\/author\/service-communication\/"},"uagb_comment_info":0,"uagb_excerpt":"Don de livres \u00ab La paix est possible. Commencez par vous \u00bb C\u2019est l\u2019essence m\u00eame du message que veut v\u00e9hiculer le c\u00e9l\u00e8bre auteur Prem Rawat (am\u00e9ricain et indien) dans son livre \u00ab Apprendre \u00e0 s\u2019\u00e9couter \u00bb, aux \u00c9ditions Seuil. Samedi &hellip;","_links":{"self":[{"href":"https:\/\/ujlog.edu.ci\/en\/wp-json\/wp\/v2\/pages\/152","targetHints":{"allow":["GET"]}}],"collection":[{"href":"https:\/\/ujlog.edu.ci\/en\/wp-json\/wp\/v2\/pages"}],"about":[{"href":"https:\/\/ujlog.edu.ci\/en\/wp-json\/wp\/v2\/types\/page"}],"author":[{"embeddable":true,"href":"https:\/\/ujlog.edu.ci\/en\/wp-json\/wp\/v2\/users\/2"}],"replies":[{"embeddable":true,"href":"https:\/\/ujlog.edu.ci\/en\/wp-json\/wp\/v2\/comments?post=152"}],"version-history":[{"count":2,"href":"https:\/\/ujlog.edu.ci\/en\/wp-json\/wp\/v2\/pages\/152\/revisions"}],"predecessor-version":[{"id":3490,"href":"https:\/\/ujlog.edu.ci\/en\/wp-json\/wp\/v2\/pages\/152\/revisions\/3490"}],"up":[{"embeddable":true,"href":"https:\/\/ujlog.edu.ci\/en\/wp-json\/wp\/v2\/pages\/128"}],"wp:attachment":[{"href":"https:\/\/ujlog.edu.ci\/en\/wp-json\/wp\/v2\/media?parent=152"}],"curies":[{"name":"wp","href":"https:\/\/api.w.org\/{rel}","templated":true}]}}