{"id":150,"date":"2021-07-10T19:03:07","date_gmt":"2021-07-10T19:03:07","guid":{"rendered":"https:\/\/ujlog.ci\/?page_id=150"},"modified":"2021-07-29T09:48:23","modified_gmt":"2021-07-29T09:48:23","slug":"these-ujlog","status":"publish","type":"page","link":"https:\/\/ujlog.edu.ci\/en\/vie-universitaire\/bibliotheque\/these-ujlog\/","title":{"rendered":"Th\u00e8ses UJLOG"},"content":{"rendered":"<p>Dans le milieu\u00a0universitaire, une th\u00e8se est un\u00a0m\u00e9moire\u00a0r\u00e9sumant un travail de\u00a0recherche universitaire, soutenu devant un jury par un\u00a0\u00e9tudiant\u00a0afin d&rsquo;obtenir un dipl\u00f4me ou un\u00a0grade universitaire. La plus r\u00e9pandue est la\u00a0th\u00e8se de doctorat.<\/p>\n\n\n<p style=\"text-align: left;\"><a href=\"https:\/\/dicames.online\/jspui\/handle\/20.500.12177\/3655\" target=\"_blank\" rel=\"noopener\">T\u00e9l\u00e9charger les th\u00e8ses UJLoG\u00a0<\/a><\/p>","protected":false},"excerpt":{"rendered":"<p>Dans le milieu\u00a0universitaire, une th\u00e8se est un\u00a0m\u00e9moire\u00a0r\u00e9sumant un travail de\u00a0recherche universitaire, soutenu devant un jury par un\u00a0\u00e9tudiant\u00a0afin d&rsquo;obtenir un dipl\u00f4me ou un\u00a0grade universitaire. La plus r\u00e9pandue est la\u00a0th\u00e8se de doctorat. T\u00e9l\u00e9charger les th\u00e8ses UJLoG\u00a0<\/p>","protected":false},"author":2,"featured_media":0,"parent":128,"menu_order":2,"comment_status":"closed","ping_status":"closed","template":"","meta":{"_uag_custom_page_level_css":"","_monsterinsights_skip_tracking":false,"_monsterinsights_sitenote_active":false,"_monsterinsights_sitenote_note":"","_monsterinsights_sitenote_category":0,"_themeisle_gutenberg_block_has_review":false,"footnotes":""},"class_list":["post-150","page","type-page","status-publish","hentry"],"yoast_head":"<!-- This site is optimized with the Yoast SEO plugin v27.6 - https:\/\/yoast.com\/product\/yoast-seo-wordpress\/ -->\n<title>Th\u00e8ses UJLOG - Universit\u00e9 Jean Lorougnon Gu\u00e9d\u00e9<\/title>\n<meta name=\"robots\" content=\"index, follow, max-snippet:-1, max-image-preview:large, max-video-preview:-1\" \/>\n<link rel=\"canonical\" href=\"https:\/\/ujlog.edu.ci\/en\/vie-universitaire\/bibliotheque\/these-ujlog\/\" \/>\n<meta property=\"og:locale\" content=\"en_US\" \/>\n<meta property=\"og:type\" content=\"article\" \/>\n<meta property=\"og:title\" content=\"Th\u00e8ses UJLOG - Universit\u00e9 Jean Lorougnon Gu\u00e9d\u00e9\" \/>\n<meta property=\"og:description\" content=\"Dans le milieu\u00a0universitaire, une th\u00e8se est un\u00a0m\u00e9moire\u00a0r\u00e9sumant un travail de\u00a0recherche universitaire, soutenu devant un jury par un\u00a0\u00e9tudiant\u00a0afin d&rsquo;obtenir un dipl\u00f4me ou un\u00a0grade universitaire. La plus r\u00e9pandue est la\u00a0th\u00e8se de doctorat. T\u00e9l\u00e9charger les th\u00e8ses UJLoG\u00a0\" \/>\n<meta property=\"og:url\" content=\"https:\/\/ujlog.edu.ci\/en\/vie-universitaire\/bibliotheque\/these-ujlog\/\" \/>\n<meta property=\"og:site_name\" content=\"Universit\u00e9 Jean Lorougnon Gu\u00e9d\u00e9\" \/>\n<meta property=\"article:modified_time\" content=\"2021-07-29T09:48:23+00:00\" \/>\n<meta name=\"twitter:card\" content=\"summary_large_image\" \/>\n<script type=\"application\/ld+json\" class=\"yoast-schema-graph\">{\"@context\":\"https:\\\/\\\/schema.org\",\"@graph\":[{\"@type\":\"WebPage\",\"@id\":\"https:\\\/\\\/ujlog.edu.ci\\\/vie-universitaire\\\/bibliotheque\\\/these-ujlog\\\/\",\"url\":\"https:\\\/\\\/ujlog.edu.ci\\\/vie-universitaire\\\/bibliotheque\\\/these-ujlog\\\/\",\"name\":\"Th\u00e8ses UJLOG - Universit\u00e9 Jean Lorougnon Gu\u00e9d\u00e9\",\"isPartOf\":{\"@id\":\"https:\\\/\\\/ujlog.edu.ci\\\/#website\"},\"datePublished\":\"2021-07-10T19:03:07+00:00\",\"dateModified\":\"2021-07-29T09:48:23+00:00\",\"breadcrumb\":{\"@id\":\"https:\\\/\\\/ujlog.edu.ci\\\/vie-universitaire\\\/bibliotheque\\\/these-ujlog\\\/#breadcrumb\"},\"inLanguage\":\"en-US\",\"potentialAction\":[{\"@type\":\"ReadAction\",\"target\":[\"https:\\\/\\\/ujlog.edu.ci\\\/vie-universitaire\\\/bibliotheque\\\/these-ujlog\\\/\"]}]},{\"@type\":\"BreadcrumbList\",\"@id\":\"https:\\\/\\\/ujlog.edu.ci\\\/vie-universitaire\\\/bibliotheque\\\/these-ujlog\\\/#breadcrumb\",\"itemListElement\":[{\"@type\":\"ListItem\",\"position\":1,\"name\":\"Accueil\",\"item\":\"https:\\\/\\\/ujlog.edu.ci\\\/\"},{\"@type\":\"ListItem\",\"position\":2,\"name\":\"PEDA &#8211; VIE UNIV.\",\"item\":\"https:\\\/\\\/ujlog.edu.ci\\\/vie-universitaire\\\/\"},{\"@type\":\"ListItem\",\"position\":3,\"name\":\"Bibliotheque\",\"item\":\"https:\\\/\\\/ujlog.edu.ci\\\/vie-universitaire\\\/bibliotheque\\\/\"},{\"@type\":\"ListItem\",\"position\":4,\"name\":\"Th\u00e8ses UJLOG\"}]},{\"@type\":\"WebSite\",\"@id\":\"https:\\\/\\\/ujlog.edu.ci\\\/#website\",\"url\":\"https:\\\/\\\/ujlog.edu.ci\\\/\",\"name\":\"Universit\u00e9 Jean Lorougnon Gu\u00e9d\u00e9\",\"description\":\"Universit\u00e9 Jean Lorougnon Gu\u00e9d\u00e9\",\"potentialAction\":[{\"@type\":\"SearchAction\",\"target\":{\"@type\":\"EntryPoint\",\"urlTemplate\":\"https:\\\/\\\/ujlog.edu.ci\\\/?s={search_term_string}\"},\"query-input\":{\"@type\":\"PropertyValueSpecification\",\"valueRequired\":true,\"valueName\":\"search_term_string\"}}],\"inLanguage\":\"en-US\"}]}<\/script>\n<!-- \/ Yoast SEO plugin. -->","yoast_head_json":{"title":"Th\u00e8ses UJLOG - Universit\u00e9 Jean Lorougnon Gu\u00e9d\u00e9","robots":{"index":"index","follow":"follow","max-snippet":"max-snippet:-1","max-image-preview":"max-image-preview:large","max-video-preview":"max-video-preview:-1"},"canonical":"https:\/\/ujlog.edu.ci\/en\/vie-universitaire\/bibliotheque\/these-ujlog\/","og_locale":"en_US","og_type":"article","og_title":"Th\u00e8ses UJLOG - Universit\u00e9 Jean Lorougnon Gu\u00e9d\u00e9","og_description":"Dans le milieu\u00a0universitaire, une th\u00e8se est un\u00a0m\u00e9moire\u00a0r\u00e9sumant un travail de\u00a0recherche universitaire, soutenu devant un jury par un\u00a0\u00e9tudiant\u00a0afin d&rsquo;obtenir un dipl\u00f4me ou un\u00a0grade universitaire. La plus r\u00e9pandue est la\u00a0th\u00e8se de doctorat. T\u00e9l\u00e9charger les th\u00e8ses UJLoG\u00a0","og_url":"https:\/\/ujlog.edu.ci\/en\/vie-universitaire\/bibliotheque\/these-ujlog\/","og_site_name":"Universit\u00e9 Jean Lorougnon Gu\u00e9d\u00e9","article_modified_time":"2021-07-29T09:48:23+00:00","twitter_card":"summary_large_image","schema":{"@context":"https:\/\/schema.org","@graph":[{"@type":"WebPage","@id":"https:\/\/ujlog.edu.ci\/vie-universitaire\/bibliotheque\/these-ujlog\/","url":"https:\/\/ujlog.edu.ci\/vie-universitaire\/bibliotheque\/these-ujlog\/","name":"Th\u00e8ses UJLOG - Universit\u00e9 Jean Lorougnon Gu\u00e9d\u00e9","isPartOf":{"@id":"https:\/\/ujlog.edu.ci\/#website"},"datePublished":"2021-07-10T19:03:07+00:00","dateModified":"2021-07-29T09:48:23+00:00","breadcrumb":{"@id":"https:\/\/ujlog.edu.ci\/vie-universitaire\/bibliotheque\/these-ujlog\/#breadcrumb"},"inLanguage":"en-US","potentialAction":[{"@type":"ReadAction","target":["https:\/\/ujlog.edu.ci\/vie-universitaire\/bibliotheque\/these-ujlog\/"]}]},{"@type":"BreadcrumbList","@id":"https:\/\/ujlog.edu.ci\/vie-universitaire\/bibliotheque\/these-ujlog\/#breadcrumb","itemListElement":[{"@type":"ListItem","position":1,"name":"Accueil","item":"https:\/\/ujlog.edu.ci\/"},{"@type":"ListItem","position":2,"name":"PEDA &#8211; VIE UNIV.","item":"https:\/\/ujlog.edu.ci\/vie-universitaire\/"},{"@type":"ListItem","position":3,"name":"Bibliotheque","item":"https:\/\/ujlog.edu.ci\/vie-universitaire\/bibliotheque\/"},{"@type":"ListItem","position":4,"name":"Th\u00e8ses UJLOG"}]},{"@type":"WebSite","@id":"https:\/\/ujlog.edu.ci\/#website","url":"https:\/\/ujlog.edu.ci\/","name":"Universit\u00e9 Jean Lorougnon Gu\u00e9d\u00e9","description":"Universit\u00e9 Jean Lorougnon Gu\u00e9d\u00e9","potentialAction":[{"@type":"SearchAction","target":{"@type":"EntryPoint","urlTemplate":"https:\/\/ujlog.edu.ci\/?s={search_term_string}"},"query-input":{"@type":"PropertyValueSpecification","valueRequired":true,"valueName":"search_term_string"}}],"inLanguage":"en-US"}]}},"uagb_featured_image_src":{"full":false,"thumbnail":false,"medium":false,"medium_large":false,"large":false,"1536x1536":false,"2048x2048":false,"trp-custom-language-flag":false,"course_thumbnail":false,"woocommerce_thumbnail":false,"woocommerce_single":false,"woocommerce_gallery_thumbnail":false},"uagb_author_info":{"display_name":"service communication","author_link":"https:\/\/ujlog.edu.ci\/en\/author\/service-communication\/"},"uagb_comment_info":0,"uagb_excerpt":"Dans le milieu\u00a0universitaire, une th\u00e8se est un\u00a0m\u00e9moire\u00a0r\u00e9sumant un travail de\u00a0recherche universitaire, soutenu devant un jury par un\u00a0\u00e9tudiant\u00a0afin d&rsquo;obtenir un dipl\u00f4me ou un\u00a0grade universitaire. La plus r\u00e9pandue est la\u00a0th\u00e8se de doctorat. T\u00e9l\u00e9charger les th\u00e8ses UJLoG\u00a0","_links":{"self":[{"href":"https:\/\/ujlog.edu.ci\/en\/wp-json\/wp\/v2\/pages\/150","targetHints":{"allow":["GET"]}}],"collection":[{"href":"https:\/\/ujlog.edu.ci\/en\/wp-json\/wp\/v2\/pages"}],"about":[{"href":"https:\/\/ujlog.edu.ci\/en\/wp-json\/wp\/v2\/types\/page"}],"author":[{"embeddable":true,"href":"https:\/\/ujlog.edu.ci\/en\/wp-json\/wp\/v2\/users\/2"}],"replies":[{"embeddable":true,"href":"https:\/\/ujlog.edu.ci\/en\/wp-json\/wp\/v2\/comments?post=150"}],"version-history":[{"count":3,"href":"https:\/\/ujlog.edu.ci\/en\/wp-json\/wp\/v2\/pages\/150\/revisions"}],"predecessor-version":[{"id":3303,"href":"https:\/\/ujlog.edu.ci\/en\/wp-json\/wp\/v2\/pages\/150\/revisions\/3303"}],"up":[{"embeddable":true,"href":"https:\/\/ujlog.edu.ci\/en\/wp-json\/wp\/v2\/pages\/128"}],"wp:attachment":[{"href":"https:\/\/ujlog.edu.ci\/en\/wp-json\/wp\/v2\/media?parent=150"}],"curies":[{"name":"wp","href":"https:\/\/api.w.org\/{rel}","templated":true}]}}