{"id":148,"date":"2021-07-10T19:02:25","date_gmt":"2021-07-10T19:02:25","guid":{"rendered":"https:\/\/ujlog.ci\/?page_id=148"},"modified":"2024-01-09T10:16:04","modified_gmt":"2024-01-09T10:16:04","slug":"ressources-documentaires-et-inscriptions","status":"publish","type":"page","link":"https:\/\/ujlog.edu.ci\/en\/vie-universitaire\/bibliotheque\/ressources-documentaires-et-inscriptions\/","title":{"rendered":"Inscriptions et ressources documentaires"},"content":{"rendered":"<ul>\n<li><strong><u>INSCRIPTION<\/u><\/strong><\/li>\n<li><strong>Modalit\u00e9s<\/strong><\/li>\n<\/ul>\n<p>L\u2019inscription n\u00e9cessite une (01) photo d\u2019identit\u00e9 couleur, la photocopie de la carte d\u2019\u00e9tudiant ou le R\u00e9c\u00e9piss\u00e9 jaune ou Carte Nationale d\u2019Identit\u00e9\u00a0 (CNI), une adresse mail valide et le paiement d\u2019un droit d\u2019inscription.<\/p>\n<p>L\u2019inscription est \u00e0 deux (2) \u00e9tapes\u00a0:<\/p>\n<ol>\n<li>Renseignement d\u2019un formulaire physique avec la fourniture des \u00e9l\u00e9ments susmentionn\u00e9s\u00a0;<\/li>\n<li>Renseignement d\u2019un formulaire en ligne envoy\u00e9 dans les bo\u00eetes mail.<\/li>\n<\/ol>","protected":false},"excerpt":{"rendered":"<p>INSCRIPTION Modalit\u00e9s L\u2019inscription n\u00e9cessite une (01) photo d\u2019identit\u00e9 couleur, la photocopie de la carte d\u2019\u00e9tudiant ou le R\u00e9c\u00e9piss\u00e9 jaune ou Carte Nationale d\u2019Identit\u00e9\u00a0 (CNI), une adresse mail valide et le paiement d\u2019un droit d\u2019inscription. L\u2019inscription est \u00e0 deux (2) \u00e9tapes\u00a0: &hellip; <\/p>","protected":false},"author":2,"featured_media":0,"parent":128,"menu_order":1,"comment_status":"closed","ping_status":"closed","template":"","meta":{"_uag_custom_page_level_css":"","_monsterinsights_skip_tracking":false,"_monsterinsights_sitenote_active":false,"_monsterinsights_sitenote_note":"","_monsterinsights_sitenote_category":0,"_themeisle_gutenberg_block_has_review":false,"footnotes":""},"class_list":["post-148","page","type-page","status-publish","hentry"],"yoast_head":"<!-- This site is optimized with the Yoast SEO plugin v27.6 - https:\/\/yoast.com\/product\/yoast-seo-wordpress\/ -->\n<title>Inscriptions et ressources documentaires - Universit\u00e9 Jean Lorougnon Gu\u00e9d\u00e9<\/title>\n<meta name=\"robots\" content=\"index, follow, max-snippet:-1, max-image-preview:large, max-video-preview:-1\" \/>\n<link rel=\"canonical\" href=\"https:\/\/ujlog.edu.ci\/en\/vie-universitaire\/bibliotheque\/ressources-documentaires-et-inscriptions\/\" \/>\n<meta property=\"og:locale\" content=\"en_US\" \/>\n<meta property=\"og:type\" content=\"article\" \/>\n<meta property=\"og:title\" content=\"Inscriptions et ressources documentaires - Universit\u00e9 Jean Lorougnon Gu\u00e9d\u00e9\" \/>\n<meta property=\"og:description\" content=\"INSCRIPTION Modalit\u00e9s L\u2019inscription n\u00e9cessite une (01) photo d\u2019identit\u00e9 couleur, la photocopie de la carte d\u2019\u00e9tudiant ou le R\u00e9c\u00e9piss\u00e9 jaune ou Carte Nationale d\u2019Identit\u00e9\u00a0 (CNI), une adresse mail valide et le paiement d\u2019un droit d\u2019inscription. L\u2019inscription est \u00e0 deux (2) \u00e9tapes\u00a0: &hellip;\" \/>\n<meta property=\"og:url\" content=\"https:\/\/ujlog.edu.ci\/en\/vie-universitaire\/bibliotheque\/ressources-documentaires-et-inscriptions\/\" \/>\n<meta property=\"og:site_name\" content=\"Universit\u00e9 Jean Lorougnon Gu\u00e9d\u00e9\" \/>\n<meta property=\"article:modified_time\" content=\"2024-01-09T10:16:04+00:00\" \/>\n<meta name=\"twitter:card\" content=\"summary_large_image\" \/>\n<meta name=\"twitter:label1\" content=\"Est. reading time\" \/>\n\t<meta name=\"twitter:data1\" content=\"1 minute\" \/>\n<script type=\"application\/ld+json\" class=\"yoast-schema-graph\">{\"@context\":\"https:\\\/\\\/schema.org\",\"@graph\":[{\"@type\":\"WebPage\",\"@id\":\"https:\\\/\\\/ujlog.edu.ci\\\/vie-universitaire\\\/bibliotheque\\\/ressources-documentaires-et-inscriptions\\\/\",\"url\":\"https:\\\/\\\/ujlog.edu.ci\\\/vie-universitaire\\\/bibliotheque\\\/ressources-documentaires-et-inscriptions\\\/\",\"name\":\"Inscriptions et ressources documentaires - Universit\u00e9 Jean Lorougnon Gu\u00e9d\u00e9\",\"isPartOf\":{\"@id\":\"https:\\\/\\\/ujlog.edu.ci\\\/#website\"},\"datePublished\":\"2021-07-10T19:02:25+00:00\",\"dateModified\":\"2024-01-09T10:16:04+00:00\",\"breadcrumb\":{\"@id\":\"https:\\\/\\\/ujlog.edu.ci\\\/vie-universitaire\\\/bibliotheque\\\/ressources-documentaires-et-inscriptions\\\/#breadcrumb\"},\"inLanguage\":\"en-US\",\"potentialAction\":[{\"@type\":\"ReadAction\",\"target\":[\"https:\\\/\\\/ujlog.edu.ci\\\/vie-universitaire\\\/bibliotheque\\\/ressources-documentaires-et-inscriptions\\\/\"]}]},{\"@type\":\"BreadcrumbList\",\"@id\":\"https:\\\/\\\/ujlog.edu.ci\\\/vie-universitaire\\\/bibliotheque\\\/ressources-documentaires-et-inscriptions\\\/#breadcrumb\",\"itemListElement\":[{\"@type\":\"ListItem\",\"position\":1,\"name\":\"Accueil\",\"item\":\"https:\\\/\\\/ujlog.edu.ci\\\/\"},{\"@type\":\"ListItem\",\"position\":2,\"name\":\"PEDA &#8211; VIE UNIV.\",\"item\":\"https:\\\/\\\/ujlog.edu.ci\\\/vie-universitaire\\\/\"},{\"@type\":\"ListItem\",\"position\":3,\"name\":\"Bibliotheque\",\"item\":\"https:\\\/\\\/ujlog.edu.ci\\\/vie-universitaire\\\/bibliotheque\\\/\"},{\"@type\":\"ListItem\",\"position\":4,\"name\":\"Inscriptions et ressources documentaires\"}]},{\"@type\":\"WebSite\",\"@id\":\"https:\\\/\\\/ujlog.edu.ci\\\/#website\",\"url\":\"https:\\\/\\\/ujlog.edu.ci\\\/\",\"name\":\"Universit\u00e9 Jean Lorougnon Gu\u00e9d\u00e9\",\"description\":\"Universit\u00e9 Jean Lorougnon Gu\u00e9d\u00e9\",\"potentialAction\":[{\"@type\":\"SearchAction\",\"target\":{\"@type\":\"EntryPoint\",\"urlTemplate\":\"https:\\\/\\\/ujlog.edu.ci\\\/?s={search_term_string}\"},\"query-input\":{\"@type\":\"PropertyValueSpecification\",\"valueRequired\":true,\"valueName\":\"search_term_string\"}}],\"inLanguage\":\"en-US\"}]}<\/script>\n<!-- \/ Yoast SEO plugin. -->","yoast_head_json":{"title":"Inscriptions et ressources documentaires - Universit\u00e9 Jean Lorougnon Gu\u00e9d\u00e9","robots":{"index":"index","follow":"follow","max-snippet":"max-snippet:-1","max-image-preview":"max-image-preview:large","max-video-preview":"max-video-preview:-1"},"canonical":"https:\/\/ujlog.edu.ci\/en\/vie-universitaire\/bibliotheque\/ressources-documentaires-et-inscriptions\/","og_locale":"en_US","og_type":"article","og_title":"Inscriptions et ressources documentaires - Universit\u00e9 Jean Lorougnon Gu\u00e9d\u00e9","og_description":"INSCRIPTION Modalit\u00e9s L\u2019inscription n\u00e9cessite une (01) photo d\u2019identit\u00e9 couleur, la photocopie de la carte d\u2019\u00e9tudiant ou le R\u00e9c\u00e9piss\u00e9 jaune ou Carte Nationale d\u2019Identit\u00e9\u00a0 (CNI), une adresse mail valide et le paiement d\u2019un droit d\u2019inscription. L\u2019inscription est \u00e0 deux (2) \u00e9tapes\u00a0: &hellip;","og_url":"https:\/\/ujlog.edu.ci\/en\/vie-universitaire\/bibliotheque\/ressources-documentaires-et-inscriptions\/","og_site_name":"Universit\u00e9 Jean Lorougnon Gu\u00e9d\u00e9","article_modified_time":"2024-01-09T10:16:04+00:00","twitter_card":"summary_large_image","twitter_misc":{"Est. reading time":"1 minute"},"schema":{"@context":"https:\/\/schema.org","@graph":[{"@type":"WebPage","@id":"https:\/\/ujlog.edu.ci\/vie-universitaire\/bibliotheque\/ressources-documentaires-et-inscriptions\/","url":"https:\/\/ujlog.edu.ci\/vie-universitaire\/bibliotheque\/ressources-documentaires-et-inscriptions\/","name":"Inscriptions et ressources documentaires - Universit\u00e9 Jean Lorougnon Gu\u00e9d\u00e9","isPartOf":{"@id":"https:\/\/ujlog.edu.ci\/#website"},"datePublished":"2021-07-10T19:02:25+00:00","dateModified":"2024-01-09T10:16:04+00:00","breadcrumb":{"@id":"https:\/\/ujlog.edu.ci\/vie-universitaire\/bibliotheque\/ressources-documentaires-et-inscriptions\/#breadcrumb"},"inLanguage":"en-US","potentialAction":[{"@type":"ReadAction","target":["https:\/\/ujlog.edu.ci\/vie-universitaire\/bibliotheque\/ressources-documentaires-et-inscriptions\/"]}]},{"@type":"BreadcrumbList","@id":"https:\/\/ujlog.edu.ci\/vie-universitaire\/bibliotheque\/ressources-documentaires-et-inscriptions\/#breadcrumb","itemListElement":[{"@type":"ListItem","position":1,"name":"Accueil","item":"https:\/\/ujlog.edu.ci\/"},{"@type":"ListItem","position":2,"name":"PEDA &#8211; VIE UNIV.","item":"https:\/\/ujlog.edu.ci\/vie-universitaire\/"},{"@type":"ListItem","position":3,"name":"Bibliotheque","item":"https:\/\/ujlog.edu.ci\/vie-universitaire\/bibliotheque\/"},{"@type":"ListItem","position":4,"name":"Inscriptions et ressources documentaires"}]},{"@type":"WebSite","@id":"https:\/\/ujlog.edu.ci\/#website","url":"https:\/\/ujlog.edu.ci\/","name":"Universit\u00e9 Jean Lorougnon Gu\u00e9d\u00e9","description":"Universit\u00e9 Jean Lorougnon Gu\u00e9d\u00e9","potentialAction":[{"@type":"SearchAction","target":{"@type":"EntryPoint","urlTemplate":"https:\/\/ujlog.edu.ci\/?s={search_term_string}"},"query-input":{"@type":"PropertyValueSpecification","valueRequired":true,"valueName":"search_term_string"}}],"inLanguage":"en-US"}]}},"uagb_featured_image_src":{"full":false,"thumbnail":false,"medium":false,"medium_large":false,"large":false,"1536x1536":false,"2048x2048":false,"trp-custom-language-flag":false,"course_thumbnail":false,"woocommerce_thumbnail":false,"woocommerce_single":false,"woocommerce_gallery_thumbnail":false},"uagb_author_info":{"display_name":"service communication","author_link":"https:\/\/ujlog.edu.ci\/en\/author\/service-communication\/"},"uagb_comment_info":0,"uagb_excerpt":"INSCRIPTION Modalit\u00e9s L\u2019inscription n\u00e9cessite une (01) photo d\u2019identit\u00e9 couleur, la photocopie de la carte d\u2019\u00e9tudiant ou le R\u00e9c\u00e9piss\u00e9 jaune ou Carte Nationale d\u2019Identit\u00e9\u00a0 (CNI), une adresse mail valide et le paiement d\u2019un droit d\u2019inscription. L\u2019inscription est \u00e0 deux (2) \u00e9tapes\u00a0: &hellip;","_links":{"self":[{"href":"https:\/\/ujlog.edu.ci\/en\/wp-json\/wp\/v2\/pages\/148","targetHints":{"allow":["GET"]}}],"collection":[{"href":"https:\/\/ujlog.edu.ci\/en\/wp-json\/wp\/v2\/pages"}],"about":[{"href":"https:\/\/ujlog.edu.ci\/en\/wp-json\/wp\/v2\/types\/page"}],"author":[{"embeddable":true,"href":"https:\/\/ujlog.edu.ci\/en\/wp-json\/wp\/v2\/users\/2"}],"replies":[{"embeddable":true,"href":"https:\/\/ujlog.edu.ci\/en\/wp-json\/wp\/v2\/comments?post=148"}],"version-history":[{"count":5,"href":"https:\/\/ujlog.edu.ci\/en\/wp-json\/wp\/v2\/pages\/148\/revisions"}],"predecessor-version":[{"id":5193,"href":"https:\/\/ujlog.edu.ci\/en\/wp-json\/wp\/v2\/pages\/148\/revisions\/5193"}],"up":[{"embeddable":true,"href":"https:\/\/ujlog.edu.ci\/en\/wp-json\/wp\/v2\/pages\/128"}],"wp:attachment":[{"href":"https:\/\/ujlog.edu.ci\/en\/wp-json\/wp\/v2\/media?parent=148"}],"curies":[{"name":"wp","href":"https:\/\/api.w.org\/{rel}","templated":true}]}}