{"id":146,"date":"2021-07-10T19:01:33","date_gmt":"2021-07-10T19:01:33","guid":{"rendered":"https:\/\/ujlog.ci\/?page_id=146"},"modified":"2021-07-26T13:29:37","modified_gmt":"2021-07-26T13:29:37","slug":"presentation","status":"publish","type":"page","link":"https:\/\/ujlog.edu.ci\/en\/vie-universitaire\/bibliotheque\/presentation\/","title":{"rendered":"Pr\u00e9sentation"},"content":{"rendered":"<div class=\"wp-block-image\"><figure class=\"aligncenter size-large is-resized\"><img fetchpriority=\"high\" decoding=\"async\" src=\"https:\/\/ujlog.ci\/wp-content\/uploads\/2021\/07\/DSC_0058-1024x683.jpg\" alt=\"\" class=\"wp-image-3212\" width=\"510\" height=\"340\" srcset=\"https:\/\/ujlog.edu.ci\/wp-content\/uploads\/2021\/07\/DSC_0058-1024x683.jpg 1024w, https:\/\/ujlog.edu.ci\/wp-content\/uploads\/2021\/07\/DSC_0058-scaled-600x400.jpg 600w, https:\/\/ujlog.edu.ci\/wp-content\/uploads\/2021\/07\/DSC_0058-300x200.jpg 300w, https:\/\/ujlog.edu.ci\/wp-content\/uploads\/2021\/07\/DSC_0058-768x512.jpg 768w, https:\/\/ujlog.edu.ci\/wp-content\/uploads\/2021\/07\/DSC_0058-1536x1024.jpg 1536w, https:\/\/ujlog.edu.ci\/wp-content\/uploads\/2021\/07\/DSC_0058-2048x1365.jpg 2048w\" sizes=\"(max-width: 510px) 100vw, 510px\" \/><figcaption><strong>KOUAME KOFFI<\/strong> : Chef de Service de la Documentation, de l&rsquo;Information Scientifique et Technique<\/figcaption><\/figure><\/div>\n\n\n<ol>\n<li><strong>Missions et Objectifs<\/strong><\/li>\n<\/ol>\n<p>Le Service de la Documentation et de l\u2019Information Scientifique et Technique est charg\u00e9 de la conduite de la politique documentaire de l\u2019Universit\u00e9. Il assure \u00e0 cet effet:<\/p>\n<ul>\n<li>la coordination des biblioth\u00e8ques et des centres de documentation;<\/li>\n<li>l\u2019organisation de la formation du personnel des biblioth\u00e8ques et des centres documentaires;<\/li>\n<li>l\u2019acc\u00e8s \u00e0 la documentation n\u00e9cessaire aux activit\u00e9s p\u00e9dagogiques et scientifiques des enseignants-chercheurs, des chercheurs et des \u00e9tudiants;<\/li>\n<li>la veille scientifique en s\u2019appuyant sur diff\u00e9rentes ressources telles que les revues scientifiques, les ouvrages, les bases de donn\u00e9es bibliographiques et les sites Internet ;<\/li>\n<li>la diffusion de l&rsquo;information scientifique et technique aupr\u00e8s de la communaut\u00e9 universitaire et de la soci\u00e9t\u00e9.<\/li>\n<\/ul>\n\n<ol start=\"2\">\n<li><strong>Personnel<\/strong><\/li>\n<\/ol>\n<p>Le personnel de la biblioth\u00e8que est compos\u00e9 de\u00a0:<\/p>\n<ul>\n<li>Un (1) conservateur principal de Biblioth\u00e8que, Chef du service\u00a0;<\/li>\n<li>Une (1) Assistante-Conservateur des Sciences de l\u2019information documentaire\u00a0;<\/li>\n<li>Un (1) Biblioth\u00e9caire\u00a0;<\/li>\n<li>Un (1) Archiviste\u00a0;<\/li>\n<li>Quatre (4) aide-biblioth\u00e9caires\u00a0; et<\/li>\n<li>Une (1) Secr\u00e9taire.<\/li>\n<\/ul>\n\n\n<div class=\"wp-block-columns is-layout-flex wp-container-core-columns-is-layout-9d6595d7 wp-block-columns-is-layout-flex\">\n<div class=\"wp-block-column is-layout-flow wp-block-column-is-layout-flow\">\n<figure class=\"wp-block-image size-large\"><img decoding=\"async\" width=\"1024\" height=\"683\" src=\"https:\/\/ujlog.ci\/wp-content\/uploads\/2021\/07\/DSC_0068-1-1024x683.jpg\" alt=\"\" class=\"wp-image-3215\" srcset=\"https:\/\/ujlog.edu.ci\/wp-content\/uploads\/2021\/07\/DSC_0068-1-1024x683.jpg 1024w, https:\/\/ujlog.edu.ci\/wp-content\/uploads\/2021\/07\/DSC_0068-1-scaled-600x400.jpg 600w, https:\/\/ujlog.edu.ci\/wp-content\/uploads\/2021\/07\/DSC_0068-1-300x200.jpg 300w, https:\/\/ujlog.edu.ci\/wp-content\/uploads\/2021\/07\/DSC_0068-1-768x512.jpg 768w, https:\/\/ujlog.edu.ci\/wp-content\/uploads\/2021\/07\/DSC_0068-1-1536x1024.jpg 1536w, https:\/\/ujlog.edu.ci\/wp-content\/uploads\/2021\/07\/DSC_0068-1-2048x1365.jpg 2048w\" sizes=\"(max-width: 1024px) 100vw, 1024px\" \/><\/figure>\n<\/div>\n\n\n\n<div class=\"wp-block-column is-layout-flow wp-block-column-is-layout-flow\">\n<figure class=\"wp-block-image size-large\"><img decoding=\"async\" width=\"1024\" height=\"683\" src=\"https:\/\/ujlog.ci\/wp-content\/uploads\/2021\/07\/DSC_0072-1024x683.jpg\" alt=\"\" class=\"wp-image-3216\" srcset=\"https:\/\/ujlog.edu.ci\/wp-content\/uploads\/2021\/07\/DSC_0072-1024x683.jpg 1024w, https:\/\/ujlog.edu.ci\/wp-content\/uploads\/2021\/07\/DSC_0072-scaled-600x400.jpg 600w, https:\/\/ujlog.edu.ci\/wp-content\/uploads\/2021\/07\/DSC_0072-300x200.jpg 300w, https:\/\/ujlog.edu.ci\/wp-content\/uploads\/2021\/07\/DSC_0072-768x512.jpg 768w, https:\/\/ujlog.edu.ci\/wp-content\/uploads\/2021\/07\/DSC_0072-1536x1024.jpg 1536w, https:\/\/ujlog.edu.ci\/wp-content\/uploads\/2021\/07\/DSC_0072-2048x1365.jpg 2048w\" sizes=\"(max-width: 1024px) 100vw, 1024px\" \/><\/figure>\n<\/div>\n\n\n\n<div class=\"wp-block-column is-layout-flow wp-block-column-is-layout-flow\">\n<figure class=\"wp-block-image size-large\"><img loading=\"lazy\" decoding=\"async\" width=\"1024\" height=\"683\" src=\"https:\/\/ujlog.ci\/wp-content\/uploads\/2021\/07\/DSC_0066-1-1024x683.jpg\" alt=\"\" class=\"wp-image-3217\" srcset=\"https:\/\/ujlog.edu.ci\/wp-content\/uploads\/2021\/07\/DSC_0066-1-1024x683.jpg 1024w, https:\/\/ujlog.edu.ci\/wp-content\/uploads\/2021\/07\/DSC_0066-1-scaled-600x400.jpg 600w, https:\/\/ujlog.edu.ci\/wp-content\/uploads\/2021\/07\/DSC_0066-1-300x200.jpg 300w, https:\/\/ujlog.edu.ci\/wp-content\/uploads\/2021\/07\/DSC_0066-1-768x512.jpg 768w, https:\/\/ujlog.edu.ci\/wp-content\/uploads\/2021\/07\/DSC_0066-1-1536x1024.jpg 1536w, https:\/\/ujlog.edu.ci\/wp-content\/uploads\/2021\/07\/DSC_0066-1-2048x1365.jpg 2048w\" sizes=\"(max-width: 1024px) 100vw, 1024px\" \/><\/figure>\n<\/div>\n<\/div>","protected":false},"excerpt":{"rendered":"<p>Missions et Objectifs Le Service de la Documentation et de l\u2019Information Scientifique et Technique est charg\u00e9 de la conduite de la politique documentaire de l\u2019Universit\u00e9. Il assure \u00e0 cet effet: la coordination des biblioth\u00e8ques et des centres de documentation; l\u2019organisation &hellip; <\/p>","protected":false},"author":2,"featured_media":0,"parent":128,"menu_order":0,"comment_status":"closed","ping_status":"closed","template":"","meta":{"_uag_custom_page_level_css":"","_monsterinsights_skip_tracking":false,"_monsterinsights_sitenote_active":false,"_monsterinsights_sitenote_note":"","_monsterinsights_sitenote_category":0,"_themeisle_gutenberg_block_has_review":false,"footnotes":""},"class_list":["post-146","page","type-page","status-publish","hentry"],"yoast_head":"<!-- This site is optimized with the Yoast SEO plugin v27.6 - https:\/\/yoast.com\/product\/yoast-seo-wordpress\/ -->\n<title>Pr\u00e9sentation - Universit\u00e9 Jean Lorougnon Gu\u00e9d\u00e9<\/title>\n<meta name=\"robots\" content=\"index, follow, max-snippet:-1, max-image-preview:large, max-video-preview:-1\" \/>\n<link rel=\"canonical\" href=\"https:\/\/ujlog.edu.ci\/en\/vie-universitaire\/bibliotheque\/presentation\/\" \/>\n<meta property=\"og:locale\" content=\"en_US\" \/>\n<meta property=\"og:type\" content=\"article\" \/>\n<meta property=\"og:title\" content=\"Pr\u00e9sentation - Universit\u00e9 Jean Lorougnon Gu\u00e9d\u00e9\" \/>\n<meta property=\"og:description\" content=\"Missions et Objectifs Le Service de la Documentation et de l\u2019Information Scientifique et Technique est charg\u00e9 de la conduite de la politique documentaire de l\u2019Universit\u00e9. Il assure \u00e0 cet effet: la coordination des biblioth\u00e8ques et des centres de documentation; l\u2019organisation &hellip;\" \/>\n<meta property=\"og:url\" content=\"https:\/\/ujlog.edu.ci\/en\/vie-universitaire\/bibliotheque\/presentation\/\" \/>\n<meta property=\"og:site_name\" content=\"Universit\u00e9 Jean Lorougnon Gu\u00e9d\u00e9\" \/>\n<meta property=\"article:modified_time\" content=\"2021-07-26T13:29:37+00:00\" \/>\n<meta property=\"og:image\" content=\"https:\/\/ujlog.ci\/wp-content\/uploads\/2021\/07\/DSC_0058-1024x683.jpg\" \/>\n<meta name=\"twitter:card\" content=\"summary_large_image\" \/>\n<meta name=\"twitter:label1\" content=\"Est. reading time\" \/>\n\t<meta name=\"twitter:data1\" content=\"1 minute\" \/>\n<script type=\"application\/ld+json\" class=\"yoast-schema-graph\">{\"@context\":\"https:\\\/\\\/schema.org\",\"@graph\":[{\"@type\":\"WebPage\",\"@id\":\"https:\\\/\\\/ujlog.edu.ci\\\/vie-universitaire\\\/bibliotheque\\\/presentation\\\/\",\"url\":\"https:\\\/\\\/ujlog.edu.ci\\\/vie-universitaire\\\/bibliotheque\\\/presentation\\\/\",\"name\":\"Pr\u00e9sentation - Universit\u00e9 Jean Lorougnon Gu\u00e9d\u00e9\",\"isPartOf\":{\"@id\":\"https:\\\/\\\/ujlog.edu.ci\\\/#website\"},\"primaryImageOfPage\":{\"@id\":\"https:\\\/\\\/ujlog.edu.ci\\\/vie-universitaire\\\/bibliotheque\\\/presentation\\\/#primaryimage\"},\"image\":{\"@id\":\"https:\\\/\\\/ujlog.edu.ci\\\/vie-universitaire\\\/bibliotheque\\\/presentation\\\/#primaryimage\"},\"thumbnailUrl\":\"https:\\\/\\\/ujlog.ci\\\/wp-content\\\/uploads\\\/2021\\\/07\\\/DSC_0058-1024x683.jpg\",\"datePublished\":\"2021-07-10T19:01:33+00:00\",\"dateModified\":\"2021-07-26T13:29:37+00:00\",\"breadcrumb\":{\"@id\":\"https:\\\/\\\/ujlog.edu.ci\\\/vie-universitaire\\\/bibliotheque\\\/presentation\\\/#breadcrumb\"},\"inLanguage\":\"en-US\",\"potentialAction\":[{\"@type\":\"ReadAction\",\"target\":[\"https:\\\/\\\/ujlog.edu.ci\\\/vie-universitaire\\\/bibliotheque\\\/presentation\\\/\"]}]},{\"@type\":\"ImageObject\",\"inLanguage\":\"en-US\",\"@id\":\"https:\\\/\\\/ujlog.edu.ci\\\/vie-universitaire\\\/bibliotheque\\\/presentation\\\/#primaryimage\",\"url\":\"https:\\\/\\\/ujlog.ci\\\/wp-content\\\/uploads\\\/2021\\\/07\\\/DSC_0058-1024x683.jpg\",\"contentUrl\":\"https:\\\/\\\/ujlog.ci\\\/wp-content\\\/uploads\\\/2021\\\/07\\\/DSC_0058-1024x683.jpg\"},{\"@type\":\"BreadcrumbList\",\"@id\":\"https:\\\/\\\/ujlog.edu.ci\\\/vie-universitaire\\\/bibliotheque\\\/presentation\\\/#breadcrumb\",\"itemListElement\":[{\"@type\":\"ListItem\",\"position\":1,\"name\":\"Accueil\",\"item\":\"https:\\\/\\\/ujlog.edu.ci\\\/\"},{\"@type\":\"ListItem\",\"position\":2,\"name\":\"PEDA &#8211; VIE UNIV.\",\"item\":\"https:\\\/\\\/ujlog.edu.ci\\\/vie-universitaire\\\/\"},{\"@type\":\"ListItem\",\"position\":3,\"name\":\"Bibliotheque\",\"item\":\"https:\\\/\\\/ujlog.edu.ci\\\/vie-universitaire\\\/bibliotheque\\\/\"},{\"@type\":\"ListItem\",\"position\":4,\"name\":\"Pr\u00e9sentation\"}]},{\"@type\":\"WebSite\",\"@id\":\"https:\\\/\\\/ujlog.edu.ci\\\/#website\",\"url\":\"https:\\\/\\\/ujlog.edu.ci\\\/\",\"name\":\"Universit\u00e9 Jean Lorougnon Gu\u00e9d\u00e9\",\"description\":\"Universit\u00e9 Jean Lorougnon Gu\u00e9d\u00e9\",\"potentialAction\":[{\"@type\":\"SearchAction\",\"target\":{\"@type\":\"EntryPoint\",\"urlTemplate\":\"https:\\\/\\\/ujlog.edu.ci\\\/?s={search_term_string}\"},\"query-input\":{\"@type\":\"PropertyValueSpecification\",\"valueRequired\":true,\"valueName\":\"search_term_string\"}}],\"inLanguage\":\"en-US\"}]}<\/script>\n<!-- \/ Yoast SEO plugin. -->","yoast_head_json":{"title":"Pr\u00e9sentation - Universit\u00e9 Jean Lorougnon Gu\u00e9d\u00e9","robots":{"index":"index","follow":"follow","max-snippet":"max-snippet:-1","max-image-preview":"max-image-preview:large","max-video-preview":"max-video-preview:-1"},"canonical":"https:\/\/ujlog.edu.ci\/en\/vie-universitaire\/bibliotheque\/presentation\/","og_locale":"en_US","og_type":"article","og_title":"Pr\u00e9sentation - Universit\u00e9 Jean Lorougnon Gu\u00e9d\u00e9","og_description":"Missions et Objectifs Le Service de la Documentation et de l\u2019Information Scientifique et Technique est charg\u00e9 de la conduite de la politique documentaire de l\u2019Universit\u00e9. Il assure \u00e0 cet effet: la coordination des biblioth\u00e8ques et des centres de documentation; l\u2019organisation &hellip;","og_url":"https:\/\/ujlog.edu.ci\/en\/vie-universitaire\/bibliotheque\/presentation\/","og_site_name":"Universit\u00e9 Jean Lorougnon Gu\u00e9d\u00e9","article_modified_time":"2021-07-26T13:29:37+00:00","og_image":[{"url":"https:\/\/ujlog.ci\/wp-content\/uploads\/2021\/07\/DSC_0058-1024x683.jpg","type":"","width":"","height":""}],"twitter_card":"summary_large_image","twitter_misc":{"Est. reading time":"1 minute"},"schema":{"@context":"https:\/\/schema.org","@graph":[{"@type":"WebPage","@id":"https:\/\/ujlog.edu.ci\/vie-universitaire\/bibliotheque\/presentation\/","url":"https:\/\/ujlog.edu.ci\/vie-universitaire\/bibliotheque\/presentation\/","name":"Pr\u00e9sentation - Universit\u00e9 Jean Lorougnon Gu\u00e9d\u00e9","isPartOf":{"@id":"https:\/\/ujlog.edu.ci\/#website"},"primaryImageOfPage":{"@id":"https:\/\/ujlog.edu.ci\/vie-universitaire\/bibliotheque\/presentation\/#primaryimage"},"image":{"@id":"https:\/\/ujlog.edu.ci\/vie-universitaire\/bibliotheque\/presentation\/#primaryimage"},"thumbnailUrl":"https:\/\/ujlog.ci\/wp-content\/uploads\/2021\/07\/DSC_0058-1024x683.jpg","datePublished":"2021-07-10T19:01:33+00:00","dateModified":"2021-07-26T13:29:37+00:00","breadcrumb":{"@id":"https:\/\/ujlog.edu.ci\/vie-universitaire\/bibliotheque\/presentation\/#breadcrumb"},"inLanguage":"en-US","potentialAction":[{"@type":"ReadAction","target":["https:\/\/ujlog.edu.ci\/vie-universitaire\/bibliotheque\/presentation\/"]}]},{"@type":"ImageObject","inLanguage":"en-US","@id":"https:\/\/ujlog.edu.ci\/vie-universitaire\/bibliotheque\/presentation\/#primaryimage","url":"https:\/\/ujlog.ci\/wp-content\/uploads\/2021\/07\/DSC_0058-1024x683.jpg","contentUrl":"https:\/\/ujlog.ci\/wp-content\/uploads\/2021\/07\/DSC_0058-1024x683.jpg"},{"@type":"BreadcrumbList","@id":"https:\/\/ujlog.edu.ci\/vie-universitaire\/bibliotheque\/presentation\/#breadcrumb","itemListElement":[{"@type":"ListItem","position":1,"name":"Accueil","item":"https:\/\/ujlog.edu.ci\/"},{"@type":"ListItem","position":2,"name":"PEDA &#8211; VIE UNIV.","item":"https:\/\/ujlog.edu.ci\/vie-universitaire\/"},{"@type":"ListItem","position":3,"name":"Bibliotheque","item":"https:\/\/ujlog.edu.ci\/vie-universitaire\/bibliotheque\/"},{"@type":"ListItem","position":4,"name":"Pr\u00e9sentation"}]},{"@type":"WebSite","@id":"https:\/\/ujlog.edu.ci\/#website","url":"https:\/\/ujlog.edu.ci\/","name":"Universit\u00e9 Jean Lorougnon Gu\u00e9d\u00e9","description":"Universit\u00e9 Jean Lorougnon Gu\u00e9d\u00e9","potentialAction":[{"@type":"SearchAction","target":{"@type":"EntryPoint","urlTemplate":"https:\/\/ujlog.edu.ci\/?s={search_term_string}"},"query-input":{"@type":"PropertyValueSpecification","valueRequired":true,"valueName":"search_term_string"}}],"inLanguage":"en-US"}]}},"uagb_featured_image_src":{"full":false,"thumbnail":false,"medium":false,"medium_large":false,"large":false,"1536x1536":false,"2048x2048":false,"trp-custom-language-flag":false,"course_thumbnail":false,"woocommerce_thumbnail":false,"woocommerce_single":false,"woocommerce_gallery_thumbnail":false},"uagb_author_info":{"display_name":"service communication","author_link":"https:\/\/ujlog.edu.ci\/en\/author\/service-communication\/"},"uagb_comment_info":0,"uagb_excerpt":"Missions et Objectifs Le Service de la Documentation et de l\u2019Information Scientifique et Technique est charg\u00e9 de la conduite de la politique documentaire de l\u2019Universit\u00e9. Il assure \u00e0 cet effet: la coordination des biblioth\u00e8ques et des centres de documentation; l\u2019organisation &hellip;","_links":{"self":[{"href":"https:\/\/ujlog.edu.ci\/en\/wp-json\/wp\/v2\/pages\/146","targetHints":{"allow":["GET"]}}],"collection":[{"href":"https:\/\/ujlog.edu.ci\/en\/wp-json\/wp\/v2\/pages"}],"about":[{"href":"https:\/\/ujlog.edu.ci\/en\/wp-json\/wp\/v2\/types\/page"}],"author":[{"embeddable":true,"href":"https:\/\/ujlog.edu.ci\/en\/wp-json\/wp\/v2\/users\/2"}],"replies":[{"embeddable":true,"href":"https:\/\/ujlog.edu.ci\/en\/wp-json\/wp\/v2\/comments?post=146"}],"version-history":[{"count":3,"href":"https:\/\/ujlog.edu.ci\/en\/wp-json\/wp\/v2\/pages\/146\/revisions"}],"predecessor-version":[{"id":3219,"href":"https:\/\/ujlog.edu.ci\/en\/wp-json\/wp\/v2\/pages\/146\/revisions\/3219"}],"up":[{"embeddable":true,"href":"https:\/\/ujlog.edu.ci\/en\/wp-json\/wp\/v2\/pages\/128"}],"wp:attachment":[{"href":"https:\/\/ujlog.edu.ci\/en\/wp-json\/wp\/v2\/media?parent=146"}],"curies":[{"name":"wp","href":"https:\/\/api.w.org\/{rel}","templated":true}]}}