{"id":125,"date":"2021-07-10T18:50:14","date_gmt":"2021-07-10T18:50:14","guid":{"rendered":"https:\/\/ujlog.ci\/?page_id=125"},"modified":"2023-10-25T09:44:36","modified_gmt":"2023-10-25T09:44:36","slug":"science-sociales-et-humaines","status":"publish","type":"page","link":"https:\/\/ujlog.edu.ci\/en\/ufr-efc\/ufr\/science-sociales-et-humaines\/","title":{"rendered":"Sciences Sociales et Humaines"},"content":{"rendered":"<h2>Fili\u00e8res :<\/h2>\n<ul>\n<li>&#8211; Civilisations-soci\u00e9t\u00e9s-environnement ;<\/li>\n<li>&#8211; G\u00e9ographie de la population et du d\u00e9veloppement rural ;<\/li>\n<li>&#8211; G\u00e9ographie physique, de l&rsquo;environnement et des eaux, Sociologie du d\u00e9veloppement rural ;<\/li>\n<li>&#8211; Anthropologie du d\u00e9veloppement communautaire.<\/li>\n<\/ul>\n<p>Mobilit\u00e9, Migrations et Mutations Sociales, Variations Climatiques et Enjeux Environnementaux<br \/>Histoire, Humanit\u00e9 et Probl\u00e8mes Sociaux Contemporains<br \/>Gouvernance et D\u00e9veloppement Local<br \/>Agriculture, Genre et S\u00e9curit\u00e9 Alimentaire<\/p>\n<p>Enjeux Fonciers et Gestion des Conflits<\/p>\n\n\n<div class=\"wp-block-columns is-layout-flex wp-container-core-columns-is-layout-9d6595d7 wp-block-columns-is-layout-flex\">\n<div class=\"wp-block-column is-layout-flow wp-block-column-is-layout-flow\" style=\"flex-basis:33.33%\">\n<figure class=\"wp-block-image size-large\"><img fetchpriority=\"high\" decoding=\"async\" width=\"1024\" height=\"605\" src=\"https:\/\/ujlog.net\/wp-content\/uploads\/2021\/11\/usine-de-transfo-2-1024x605.jpg\" alt=\"\" class=\"wp-image-3592\" srcset=\"https:\/\/ujlog.edu.ci\/wp-content\/uploads\/2021\/11\/usine-de-transfo-2-1024x605.jpg 1024w, https:\/\/ujlog.edu.ci\/wp-content\/uploads\/2021\/11\/usine-de-transfo-2-300x177.jpg 300w, https:\/\/ujlog.edu.ci\/wp-content\/uploads\/2021\/11\/usine-de-transfo-2-768x454.jpg 768w, https:\/\/ujlog.edu.ci\/wp-content\/uploads\/2021\/11\/usine-de-transfo-2-600x355.jpg 600w, https:\/\/ujlog.edu.ci\/wp-content\/uploads\/2021\/11\/usine-de-transfo-2.jpg 1200w\" sizes=\"(max-width: 1024px) 100vw, 1024px\" \/><\/figure>\n<\/div>\n\n\n\n<div class=\"wp-block-column is-layout-flow wp-block-column-is-layout-flow\" style=\"flex-basis:66.66%\">\n<h3>D\u00e9bouch\u00e9s:<\/h3>\n<p>Concepteur et gestionnaire de base de donn\u00e9es en Sciences Sociales ; Emploi dans le domaine d&rsquo;Impact Environnemental et Social (EIES) ; Suivi et \u00e9valuation des projets humanitaires et de d\u00e9veloppement ;<br \/>Emplois du secteur \u00e9ducation&#8211;formation.<\/p>\n<\/div>\n<\/div>","protected":false},"excerpt":{"rendered":"<p>Fili\u00e8res : &#8211; Civilisations-soci\u00e9t\u00e9s-environnement ; &#8211; G\u00e9ographie de la population et du d\u00e9veloppement rural ; &#8211; G\u00e9ographie physique, de l&rsquo;environnement et des eaux, Sociologie du d\u00e9veloppement rural ; &#8211; Anthropologie du d\u00e9veloppement communautaire. Mobilit\u00e9, Migrations et Mutations Sociales, Variations Climatiques &hellip; <\/p>","protected":false},"author":2,"featured_media":0,"parent":111,"menu_order":2,"comment_status":"closed","ping_status":"closed","template":"","meta":{"_uag_custom_page_level_css":"","_monsterinsights_skip_tracking":false,"_monsterinsights_sitenote_active":false,"_monsterinsights_sitenote_note":"","_monsterinsights_sitenote_category":0,"_themeisle_gutenberg_block_has_review":false,"footnotes":""},"class_list":["post-125","page","type-page","status-publish","hentry"],"yoast_head":"<!-- This site is optimized with the Yoast SEO plugin v27.6 - https:\/\/yoast.com\/product\/yoast-seo-wordpress\/ -->\n<title>Sciences Sociales et Humaines - Universit\u00e9 Jean Lorougnon Gu\u00e9d\u00e9<\/title>\n<meta name=\"robots\" content=\"index, follow, max-snippet:-1, max-image-preview:large, max-video-preview:-1\" \/>\n<link rel=\"canonical\" href=\"https:\/\/ujlog.edu.ci\/en\/ufr-efc\/ufr\/science-sociales-et-humaines\/\" \/>\n<meta property=\"og:locale\" content=\"en_US\" \/>\n<meta property=\"og:type\" content=\"article\" \/>\n<meta property=\"og:title\" content=\"Sciences Sociales et Humaines - Universit\u00e9 Jean Lorougnon Gu\u00e9d\u00e9\" \/>\n<meta property=\"og:description\" content=\"Fili\u00e8res : &#8211; Civilisations-soci\u00e9t\u00e9s-environnement ; &#8211; G\u00e9ographie de la population et du d\u00e9veloppement rural ; &#8211; G\u00e9ographie physique, de l&rsquo;environnement et des eaux, Sociologie du d\u00e9veloppement rural ; &#8211; Anthropologie du d\u00e9veloppement communautaire. Mobilit\u00e9, Migrations et Mutations Sociales, Variations Climatiques &hellip;\" \/>\n<meta property=\"og:url\" content=\"https:\/\/ujlog.edu.ci\/en\/ufr-efc\/ufr\/science-sociales-et-humaines\/\" \/>\n<meta property=\"og:site_name\" content=\"Universit\u00e9 Jean Lorougnon Gu\u00e9d\u00e9\" \/>\n<meta property=\"article:modified_time\" content=\"2023-10-25T09:44:36+00:00\" \/>\n<meta property=\"og:image\" content=\"https:\/\/ujlog.net\/wp-content\/uploads\/2021\/11\/usine-de-transfo-2-1024x605.jpg\" \/>\n<meta name=\"twitter:card\" content=\"summary_large_image\" \/>\n<meta name=\"twitter:label1\" content=\"Est. reading time\" \/>\n\t<meta name=\"twitter:data1\" content=\"1 minute\" \/>\n<script type=\"application\/ld+json\" class=\"yoast-schema-graph\">{\"@context\":\"https:\\\/\\\/schema.org\",\"@graph\":[{\"@type\":\"WebPage\",\"@id\":\"https:\\\/\\\/ujlog.edu.ci\\\/ufr-efc\\\/ufr\\\/science-sociales-et-humaines\\\/\",\"url\":\"https:\\\/\\\/ujlog.edu.ci\\\/ufr-efc\\\/ufr\\\/science-sociales-et-humaines\\\/\",\"name\":\"Sciences Sociales et Humaines - Universit\u00e9 Jean Lorougnon Gu\u00e9d\u00e9\",\"isPartOf\":{\"@id\":\"https:\\\/\\\/ujlog.edu.ci\\\/#website\"},\"primaryImageOfPage\":{\"@id\":\"https:\\\/\\\/ujlog.edu.ci\\\/ufr-efc\\\/ufr\\\/science-sociales-et-humaines\\\/#primaryimage\"},\"image\":{\"@id\":\"https:\\\/\\\/ujlog.edu.ci\\\/ufr-efc\\\/ufr\\\/science-sociales-et-humaines\\\/#primaryimage\"},\"thumbnailUrl\":\"https:\\\/\\\/ujlog.net\\\/wp-content\\\/uploads\\\/2021\\\/11\\\/usine-de-transfo-2-1024x605.jpg\",\"datePublished\":\"2021-07-10T18:50:14+00:00\",\"dateModified\":\"2023-10-25T09:44:36+00:00\",\"breadcrumb\":{\"@id\":\"https:\\\/\\\/ujlog.edu.ci\\\/ufr-efc\\\/ufr\\\/science-sociales-et-humaines\\\/#breadcrumb\"},\"inLanguage\":\"en-US\",\"potentialAction\":[{\"@type\":\"ReadAction\",\"target\":[\"https:\\\/\\\/ujlog.edu.ci\\\/ufr-efc\\\/ufr\\\/science-sociales-et-humaines\\\/\"]}]},{\"@type\":\"ImageObject\",\"inLanguage\":\"en-US\",\"@id\":\"https:\\\/\\\/ujlog.edu.ci\\\/ufr-efc\\\/ufr\\\/science-sociales-et-humaines\\\/#primaryimage\",\"url\":\"https:\\\/\\\/ujlog.net\\\/wp-content\\\/uploads\\\/2021\\\/11\\\/usine-de-transfo-2-1024x605.jpg\",\"contentUrl\":\"https:\\\/\\\/ujlog.net\\\/wp-content\\\/uploads\\\/2021\\\/11\\\/usine-de-transfo-2-1024x605.jpg\"},{\"@type\":\"BreadcrumbList\",\"@id\":\"https:\\\/\\\/ujlog.edu.ci\\\/ufr-efc\\\/ufr\\\/science-sociales-et-humaines\\\/#breadcrumb\",\"itemListElement\":[{\"@type\":\"ListItem\",\"position\":1,\"name\":\"Accueil\",\"item\":\"https:\\\/\\\/ujlog.edu.ci\\\/\"},{\"@type\":\"ListItem\",\"position\":2,\"name\":\"VIE ACADEMIQUE\",\"item\":\"https:\\\/\\\/ujlog.edu.ci\\\/ufr-efc\\\/\"},{\"@type\":\"ListItem\",\"position\":3,\"name\":\"UFR\",\"item\":\"https:\\\/\\\/ujlog.edu.ci\\\/ufr-efc\\\/ufr\\\/\"},{\"@type\":\"ListItem\",\"position\":4,\"name\":\"Sciences Sociales et Humaines\"}]},{\"@type\":\"WebSite\",\"@id\":\"https:\\\/\\\/ujlog.edu.ci\\\/#website\",\"url\":\"https:\\\/\\\/ujlog.edu.ci\\\/\",\"name\":\"Universit\u00e9 Jean Lorougnon Gu\u00e9d\u00e9\",\"description\":\"Universit\u00e9 Jean Lorougnon Gu\u00e9d\u00e9\",\"potentialAction\":[{\"@type\":\"SearchAction\",\"target\":{\"@type\":\"EntryPoint\",\"urlTemplate\":\"https:\\\/\\\/ujlog.edu.ci\\\/?s={search_term_string}\"},\"query-input\":{\"@type\":\"PropertyValueSpecification\",\"valueRequired\":true,\"valueName\":\"search_term_string\"}}],\"inLanguage\":\"en-US\"}]}<\/script>\n<!-- \/ Yoast SEO plugin. -->","yoast_head_json":{"title":"Sciences Sociales et Humaines - Universit\u00e9 Jean Lorougnon Gu\u00e9d\u00e9","robots":{"index":"index","follow":"follow","max-snippet":"max-snippet:-1","max-image-preview":"max-image-preview:large","max-video-preview":"max-video-preview:-1"},"canonical":"https:\/\/ujlog.edu.ci\/en\/ufr-efc\/ufr\/science-sociales-et-humaines\/","og_locale":"en_US","og_type":"article","og_title":"Sciences Sociales et Humaines - Universit\u00e9 Jean Lorougnon Gu\u00e9d\u00e9","og_description":"Fili\u00e8res : &#8211; Civilisations-soci\u00e9t\u00e9s-environnement ; &#8211; G\u00e9ographie de la population et du d\u00e9veloppement rural ; &#8211; G\u00e9ographie physique, de l&rsquo;environnement et des eaux, Sociologie du d\u00e9veloppement rural ; &#8211; Anthropologie du d\u00e9veloppement communautaire. Mobilit\u00e9, Migrations et Mutations Sociales, Variations Climatiques &hellip;","og_url":"https:\/\/ujlog.edu.ci\/en\/ufr-efc\/ufr\/science-sociales-et-humaines\/","og_site_name":"Universit\u00e9 Jean Lorougnon Gu\u00e9d\u00e9","article_modified_time":"2023-10-25T09:44:36+00:00","og_image":[{"url":"https:\/\/ujlog.net\/wp-content\/uploads\/2021\/11\/usine-de-transfo-2-1024x605.jpg","type":"","width":"","height":""}],"twitter_card":"summary_large_image","twitter_misc":{"Est. reading time":"1 minute"},"schema":{"@context":"https:\/\/schema.org","@graph":[{"@type":"WebPage","@id":"https:\/\/ujlog.edu.ci\/ufr-efc\/ufr\/science-sociales-et-humaines\/","url":"https:\/\/ujlog.edu.ci\/ufr-efc\/ufr\/science-sociales-et-humaines\/","name":"Sciences Sociales et Humaines - Universit\u00e9 Jean Lorougnon Gu\u00e9d\u00e9","isPartOf":{"@id":"https:\/\/ujlog.edu.ci\/#website"},"primaryImageOfPage":{"@id":"https:\/\/ujlog.edu.ci\/ufr-efc\/ufr\/science-sociales-et-humaines\/#primaryimage"},"image":{"@id":"https:\/\/ujlog.edu.ci\/ufr-efc\/ufr\/science-sociales-et-humaines\/#primaryimage"},"thumbnailUrl":"https:\/\/ujlog.net\/wp-content\/uploads\/2021\/11\/usine-de-transfo-2-1024x605.jpg","datePublished":"2021-07-10T18:50:14+00:00","dateModified":"2023-10-25T09:44:36+00:00","breadcrumb":{"@id":"https:\/\/ujlog.edu.ci\/ufr-efc\/ufr\/science-sociales-et-humaines\/#breadcrumb"},"inLanguage":"en-US","potentialAction":[{"@type":"ReadAction","target":["https:\/\/ujlog.edu.ci\/ufr-efc\/ufr\/science-sociales-et-humaines\/"]}]},{"@type":"ImageObject","inLanguage":"en-US","@id":"https:\/\/ujlog.edu.ci\/ufr-efc\/ufr\/science-sociales-et-humaines\/#primaryimage","url":"https:\/\/ujlog.net\/wp-content\/uploads\/2021\/11\/usine-de-transfo-2-1024x605.jpg","contentUrl":"https:\/\/ujlog.net\/wp-content\/uploads\/2021\/11\/usine-de-transfo-2-1024x605.jpg"},{"@type":"BreadcrumbList","@id":"https:\/\/ujlog.edu.ci\/ufr-efc\/ufr\/science-sociales-et-humaines\/#breadcrumb","itemListElement":[{"@type":"ListItem","position":1,"name":"Accueil","item":"https:\/\/ujlog.edu.ci\/"},{"@type":"ListItem","position":2,"name":"VIE ACADEMIQUE","item":"https:\/\/ujlog.edu.ci\/ufr-efc\/"},{"@type":"ListItem","position":3,"name":"UFR","item":"https:\/\/ujlog.edu.ci\/ufr-efc\/ufr\/"},{"@type":"ListItem","position":4,"name":"Sciences Sociales et Humaines"}]},{"@type":"WebSite","@id":"https:\/\/ujlog.edu.ci\/#website","url":"https:\/\/ujlog.edu.ci\/","name":"Universit\u00e9 Jean Lorougnon Gu\u00e9d\u00e9","description":"Universit\u00e9 Jean Lorougnon Gu\u00e9d\u00e9","potentialAction":[{"@type":"SearchAction","target":{"@type":"EntryPoint","urlTemplate":"https:\/\/ujlog.edu.ci\/?s={search_term_string}"},"query-input":{"@type":"PropertyValueSpecification","valueRequired":true,"valueName":"search_term_string"}}],"inLanguage":"en-US"}]}},"uagb_featured_image_src":{"full":false,"thumbnail":false,"medium":false,"medium_large":false,"large":false,"1536x1536":false,"2048x2048":false,"trp-custom-language-flag":false,"course_thumbnail":false,"woocommerce_thumbnail":false,"woocommerce_single":false,"woocommerce_gallery_thumbnail":false},"uagb_author_info":{"display_name":"service communication","author_link":"https:\/\/ujlog.edu.ci\/en\/author\/service-communication\/"},"uagb_comment_info":0,"uagb_excerpt":"Fili\u00e8res : &#8211; Civilisations-soci\u00e9t\u00e9s-environnement ; &#8211; G\u00e9ographie de la population et du d\u00e9veloppement rural ; &#8211; G\u00e9ographie physique, de l&rsquo;environnement et des eaux, Sociologie du d\u00e9veloppement rural ; &#8211; Anthropologie du d\u00e9veloppement communautaire. Mobilit\u00e9, Migrations et Mutations Sociales, Variations Climatiques &hellip;","_links":{"self":[{"href":"https:\/\/ujlog.edu.ci\/en\/wp-json\/wp\/v2\/pages\/125","targetHints":{"allow":["GET"]}}],"collection":[{"href":"https:\/\/ujlog.edu.ci\/en\/wp-json\/wp\/v2\/pages"}],"about":[{"href":"https:\/\/ujlog.edu.ci\/en\/wp-json\/wp\/v2\/types\/page"}],"author":[{"embeddable":true,"href":"https:\/\/ujlog.edu.ci\/en\/wp-json\/wp\/v2\/users\/2"}],"replies":[{"embeddable":true,"href":"https:\/\/ujlog.edu.ci\/en\/wp-json\/wp\/v2\/comments?post=125"}],"version-history":[{"count":8,"href":"https:\/\/ujlog.edu.ci\/en\/wp-json\/wp\/v2\/pages\/125\/revisions"}],"predecessor-version":[{"id":4645,"href":"https:\/\/ujlog.edu.ci\/en\/wp-json\/wp\/v2\/pages\/125\/revisions\/4645"}],"up":[{"embeddable":true,"href":"https:\/\/ujlog.edu.ci\/en\/wp-json\/wp\/v2\/pages\/111"}],"wp:attachment":[{"href":"https:\/\/ujlog.edu.ci\/en\/wp-json\/wp\/v2\/media?parent=125"}],"curies":[{"name":"wp","href":"https:\/\/api.w.org\/{rel}","templated":true}]}}