{"id":123,"date":"2021-07-10T18:49:35","date_gmt":"2021-07-10T18:49:35","guid":{"rendered":"https:\/\/ujlog.ci\/?page_id=123"},"modified":"2023-11-30T04:39:27","modified_gmt":"2023-11-30T04:39:27","slug":"science-juridique","status":"publish","type":"page","link":"https:\/\/ujlog.edu.ci\/en\/ufr-efc\/ufr\/science-juridique\/","title":{"rendered":"Sciences Juridiques"},"content":{"rendered":"<h2>Tronc commun Sciences Juridiques (L1- L2)<\/h2>\n\n\n<div class=\"wp-block-columns is-layout-flex wp-container-core-columns-is-layout-9d6595d7 wp-block-columns-is-layout-flex\">\n<div class=\"wp-block-column is-layout-flow wp-block-column-is-layout-flow\">\n<figure class=\"wp-block-image size-large\"><img fetchpriority=\"high\" decoding=\"async\" width=\"1024\" height=\"719\" src=\"https:\/\/ujlog.edu.ci\/wp-content\/uploads\/2023\/11\/png-justice-1024x719.png\" alt=\"\" class=\"wp-image-4745\" srcset=\"https:\/\/ujlog.edu.ci\/wp-content\/uploads\/2023\/11\/png-justice-1024x719.png 1024w, https:\/\/ujlog.edu.ci\/wp-content\/uploads\/2023\/11\/png-justice-300x211.png 300w, https:\/\/ujlog.edu.ci\/wp-content\/uploads\/2023\/11\/png-justice-768x539.png 768w, https:\/\/ujlog.edu.ci\/wp-content\/uploads\/2023\/11\/png-justice-1536x1078.png 1536w, https:\/\/ujlog.edu.ci\/wp-content\/uploads\/2023\/11\/png-justice-2048x1437.png 2048w, https:\/\/ujlog.edu.ci\/wp-content\/uploads\/2023\/11\/png-justice-600x421.png 600w\" sizes=\"(max-width: 1024px) 100vw, 1024px\" \/><\/figure>\n<\/div>\n\n\n\n<div class=\"wp-block-column is-layout-flow wp-block-column-is-layout-flow\">\n<p class=\"has-white-color has-vivid-red-background-color has-text-color has-background\"><strong>I-Pr\u00e9sentation de l\u2019UFR<\/strong><\/p>\n\n\n\n<p>L&rsquo;UFR des Sciences Juridiques fait partie des derni\u00e8res ouvertes au sein de l&rsquo;Universit\u00e9 Jean Lorougnon GUEDE. Elle est compos\u00e9e de deux parcours de formation que sont le droit priv\u00e9 et le droit public. Elle forme actuellement jusqu&rsquo;au Master,<\/p>\n<\/div>\n<\/div>\n\n\n\n<p>(Master Recherche Droit Priv\u00e9 et Master Recherche Droit Public) et deux Masters Professionnels (Master Professionnel Droit de l&rsquo;Environnement et du D\u00e9veloppement Durable et Master Professionnel Droit des Affaires).<\/p>\n\n\n<p><strong>CONDITIONS D&rsquo;ACCES ET FORMATION <\/strong><\/p>\n<p>Les conditions d&rsquo;inscription \u00e0 l&rsquo;UFR des Sciences Juridiques sont fix\u00e9es par la commission d\u2019orientation du Minist\u00e8re de l&rsquo;Enseignement Sup\u00e9rieur. La formation porte sur des mati\u00e8res de droit public (notamment le droit constitutionnel, le droit administratif, le droit des relations internationales, le droit international public, etc.) et de droit civil (notamment le droit civil, le droit p\u00e9nal, le droit foncier, le droit de l&rsquo;environnement, le droit des affaires, etc.). L&rsquo;UFR compte actuellement plus de 1000 \u00e9tudiants encadr\u00e9s principalement par une dizaine d&rsquo;enseignants permanents avec le soutien de certains vacataires.<\/p>\n\n\n<p class=\"has-white-color has-vivid-red-background-color has-text-color has-background has-link-color wp-elements-c04fbecb6c77b24afda2326afca4ddd6\"><strong>II- D\u00e9bouch\u00e9s<\/strong><\/p>\n\n\n<p><strong>Les professions juridiques lib\u00e9rales: <\/strong><\/p>\n<p><strong>&#8211; Avocat ; <\/strong><\/p>\n<p>&#8211; Notaire ;<\/p>\n<p>&#8211; Commissaires de justice ;<\/p>\n<p>&#8211; Conseil juridique ;<\/p>\n<p>&#8211; Agents d&rsquo;affaires judiciaires ;<\/p>\n<p>Etc.<\/p>\n<p>\u00a0<\/p>\n<p><strong>Le secteur priv\u00e9 ou public : <\/strong><\/p>\n<p>&#8211; Les \u00e9tablissements bancaires ;<\/p>\n<p>&#8211; Les soci\u00e9t\u00e9s d&rsquo;assurance ;<\/p>\n<p>&#8211; Les compagnies de transport;<\/p>\n<p>&#8211; Les soci\u00e9t\u00e9s coop\u00e9ratives;<\/p>\n<p>&#8211; Les entreprises mini\u00e8res et p\u00e9troli\u00e8res;<\/p>\n<p>&#8211; Les services publics locaux (mairies, conseils, etc.);<\/p>\n<p>&#8211; Les entreprises artisanales ou agricoles ;<\/p>\n<p>&#8211; Les cabinets immobiliers, etc.l\u2019uni-versit\u00e9 de Palerme (UNIPA) de l\u2019Italie sur la th\u00e9matique : \u00ab droit international et migrations \u00bb<\/p>","protected":false},"excerpt":{"rendered":"<p>Tronc commun Sciences Juridiques (L1- L2) I-Pr\u00e9sentation de l\u2019UFR L&rsquo;UFR des Sciences Juridiques fait partie des derni\u00e8res ouvertes au sein de l&rsquo;Universit\u00e9 Jean Lorougnon GUEDE. Elle est compos\u00e9e de deux parcours de formation que sont le droit priv\u00e9 et le &hellip; <\/p>","protected":false},"author":2,"featured_media":0,"parent":111,"menu_order":4,"comment_status":"closed","ping_status":"closed","template":"","meta":{"_uag_custom_page_level_css":"","_monsterinsights_skip_tracking":false,"_monsterinsights_sitenote_active":false,"_monsterinsights_sitenote_note":"","_monsterinsights_sitenote_category":0,"_themeisle_gutenberg_block_has_review":false,"footnotes":""},"class_list":["post-123","page","type-page","status-publish","hentry"],"yoast_head":"<!-- This site is optimized with the Yoast SEO plugin v27.6 - https:\/\/yoast.com\/product\/yoast-seo-wordpress\/ -->\n<title>Sciences Juridiques - Universit\u00e9 Jean Lorougnon Gu\u00e9d\u00e9<\/title>\n<meta name=\"robots\" content=\"index, follow, max-snippet:-1, max-image-preview:large, max-video-preview:-1\" \/>\n<link rel=\"canonical\" href=\"https:\/\/ujlog.edu.ci\/en\/ufr-efc\/ufr\/science-juridique\/\" \/>\n<meta property=\"og:locale\" content=\"en_US\" \/>\n<meta property=\"og:type\" content=\"article\" \/>\n<meta property=\"og:title\" content=\"Sciences Juridiques - Universit\u00e9 Jean Lorougnon Gu\u00e9d\u00e9\" \/>\n<meta property=\"og:description\" content=\"Tronc commun Sciences Juridiques (L1- L2) I-Pr\u00e9sentation de l\u2019UFR L&rsquo;UFR des Sciences Juridiques fait partie des derni\u00e8res ouvertes au sein de l&rsquo;Universit\u00e9 Jean Lorougnon GUEDE. Elle est compos\u00e9e de deux parcours de formation que sont le droit priv\u00e9 et le &hellip;\" \/>\n<meta property=\"og:url\" content=\"https:\/\/ujlog.edu.ci\/en\/ufr-efc\/ufr\/science-juridique\/\" \/>\n<meta property=\"og:site_name\" content=\"Universit\u00e9 Jean Lorougnon Gu\u00e9d\u00e9\" \/>\n<meta property=\"article:modified_time\" content=\"2023-11-30T04:39:27+00:00\" \/>\n<meta property=\"og:image\" content=\"https:\/\/ujlog.edu.ci\/wp-content\/uploads\/2023\/11\/png-justice-1024x719.png\" \/>\n<meta name=\"twitter:card\" content=\"summary_large_image\" \/>\n<meta name=\"twitter:label1\" content=\"Est. reading time\" \/>\n\t<meta name=\"twitter:data1\" content=\"2 minutes\" \/>\n<script type=\"application\/ld+json\" class=\"yoast-schema-graph\">{\"@context\":\"https:\\\/\\\/schema.org\",\"@graph\":[{\"@type\":\"WebPage\",\"@id\":\"https:\\\/\\\/ujlog.edu.ci\\\/ufr-efc\\\/ufr\\\/science-juridique\\\/\",\"url\":\"https:\\\/\\\/ujlog.edu.ci\\\/ufr-efc\\\/ufr\\\/science-juridique\\\/\",\"name\":\"Sciences Juridiques - Universit\u00e9 Jean Lorougnon Gu\u00e9d\u00e9\",\"isPartOf\":{\"@id\":\"https:\\\/\\\/ujlog.edu.ci\\\/#website\"},\"primaryImageOfPage\":{\"@id\":\"https:\\\/\\\/ujlog.edu.ci\\\/ufr-efc\\\/ufr\\\/science-juridique\\\/#primaryimage\"},\"image\":{\"@id\":\"https:\\\/\\\/ujlog.edu.ci\\\/ufr-efc\\\/ufr\\\/science-juridique\\\/#primaryimage\"},\"thumbnailUrl\":\"https:\\\/\\\/ujlog.edu.ci\\\/wp-content\\\/uploads\\\/2023\\\/11\\\/png-justice-1024x719.png\",\"datePublished\":\"2021-07-10T18:49:35+00:00\",\"dateModified\":\"2023-11-30T04:39:27+00:00\",\"breadcrumb\":{\"@id\":\"https:\\\/\\\/ujlog.edu.ci\\\/ufr-efc\\\/ufr\\\/science-juridique\\\/#breadcrumb\"},\"inLanguage\":\"en-US\",\"potentialAction\":[{\"@type\":\"ReadAction\",\"target\":[\"https:\\\/\\\/ujlog.edu.ci\\\/ufr-efc\\\/ufr\\\/science-juridique\\\/\"]}]},{\"@type\":\"ImageObject\",\"inLanguage\":\"en-US\",\"@id\":\"https:\\\/\\\/ujlog.edu.ci\\\/ufr-efc\\\/ufr\\\/science-juridique\\\/#primaryimage\",\"url\":\"https:\\\/\\\/ujlog.edu.ci\\\/wp-content\\\/uploads\\\/2023\\\/11\\\/png-justice-1024x719.png\",\"contentUrl\":\"https:\\\/\\\/ujlog.edu.ci\\\/wp-content\\\/uploads\\\/2023\\\/11\\\/png-justice-1024x719.png\"},{\"@type\":\"BreadcrumbList\",\"@id\":\"https:\\\/\\\/ujlog.edu.ci\\\/ufr-efc\\\/ufr\\\/science-juridique\\\/#breadcrumb\",\"itemListElement\":[{\"@type\":\"ListItem\",\"position\":1,\"name\":\"Accueil\",\"item\":\"https:\\\/\\\/ujlog.edu.ci\\\/\"},{\"@type\":\"ListItem\",\"position\":2,\"name\":\"VIE ACADEMIQUE\",\"item\":\"https:\\\/\\\/ujlog.edu.ci\\\/ufr-efc\\\/\"},{\"@type\":\"ListItem\",\"position\":3,\"name\":\"UFR\",\"item\":\"https:\\\/\\\/ujlog.edu.ci\\\/ufr-efc\\\/ufr\\\/\"},{\"@type\":\"ListItem\",\"position\":4,\"name\":\"Sciences Juridiques\"}]},{\"@type\":\"WebSite\",\"@id\":\"https:\\\/\\\/ujlog.edu.ci\\\/#website\",\"url\":\"https:\\\/\\\/ujlog.edu.ci\\\/\",\"name\":\"Universit\u00e9 Jean Lorougnon Gu\u00e9d\u00e9\",\"description\":\"Universit\u00e9 Jean Lorougnon Gu\u00e9d\u00e9\",\"potentialAction\":[{\"@type\":\"SearchAction\",\"target\":{\"@type\":\"EntryPoint\",\"urlTemplate\":\"https:\\\/\\\/ujlog.edu.ci\\\/?s={search_term_string}\"},\"query-input\":{\"@type\":\"PropertyValueSpecification\",\"valueRequired\":true,\"valueName\":\"search_term_string\"}}],\"inLanguage\":\"en-US\"}]}<\/script>\n<!-- \/ Yoast SEO plugin. -->","yoast_head_json":{"title":"Sciences Juridiques - Universit\u00e9 Jean Lorougnon Gu\u00e9d\u00e9","robots":{"index":"index","follow":"follow","max-snippet":"max-snippet:-1","max-image-preview":"max-image-preview:large","max-video-preview":"max-video-preview:-1"},"canonical":"https:\/\/ujlog.edu.ci\/en\/ufr-efc\/ufr\/science-juridique\/","og_locale":"en_US","og_type":"article","og_title":"Sciences Juridiques - Universit\u00e9 Jean Lorougnon Gu\u00e9d\u00e9","og_description":"Tronc commun Sciences Juridiques (L1- L2) I-Pr\u00e9sentation de l\u2019UFR L&rsquo;UFR des Sciences Juridiques fait partie des derni\u00e8res ouvertes au sein de l&rsquo;Universit\u00e9 Jean Lorougnon GUEDE. Elle est compos\u00e9e de deux parcours de formation que sont le droit priv\u00e9 et le &hellip;","og_url":"https:\/\/ujlog.edu.ci\/en\/ufr-efc\/ufr\/science-juridique\/","og_site_name":"Universit\u00e9 Jean Lorougnon Gu\u00e9d\u00e9","article_modified_time":"2023-11-30T04:39:27+00:00","og_image":[{"url":"https:\/\/ujlog.edu.ci\/wp-content\/uploads\/2023\/11\/png-justice-1024x719.png","type":"","width":"","height":""}],"twitter_card":"summary_large_image","twitter_misc":{"Est. reading time":"2 minutes"},"schema":{"@context":"https:\/\/schema.org","@graph":[{"@type":"WebPage","@id":"https:\/\/ujlog.edu.ci\/ufr-efc\/ufr\/science-juridique\/","url":"https:\/\/ujlog.edu.ci\/ufr-efc\/ufr\/science-juridique\/","name":"Sciences Juridiques - Universit\u00e9 Jean Lorougnon Gu\u00e9d\u00e9","isPartOf":{"@id":"https:\/\/ujlog.edu.ci\/#website"},"primaryImageOfPage":{"@id":"https:\/\/ujlog.edu.ci\/ufr-efc\/ufr\/science-juridique\/#primaryimage"},"image":{"@id":"https:\/\/ujlog.edu.ci\/ufr-efc\/ufr\/science-juridique\/#primaryimage"},"thumbnailUrl":"https:\/\/ujlog.edu.ci\/wp-content\/uploads\/2023\/11\/png-justice-1024x719.png","datePublished":"2021-07-10T18:49:35+00:00","dateModified":"2023-11-30T04:39:27+00:00","breadcrumb":{"@id":"https:\/\/ujlog.edu.ci\/ufr-efc\/ufr\/science-juridique\/#breadcrumb"},"inLanguage":"en-US","potentialAction":[{"@type":"ReadAction","target":["https:\/\/ujlog.edu.ci\/ufr-efc\/ufr\/science-juridique\/"]}]},{"@type":"ImageObject","inLanguage":"en-US","@id":"https:\/\/ujlog.edu.ci\/ufr-efc\/ufr\/science-juridique\/#primaryimage","url":"https:\/\/ujlog.edu.ci\/wp-content\/uploads\/2023\/11\/png-justice-1024x719.png","contentUrl":"https:\/\/ujlog.edu.ci\/wp-content\/uploads\/2023\/11\/png-justice-1024x719.png"},{"@type":"BreadcrumbList","@id":"https:\/\/ujlog.edu.ci\/ufr-efc\/ufr\/science-juridique\/#breadcrumb","itemListElement":[{"@type":"ListItem","position":1,"name":"Accueil","item":"https:\/\/ujlog.edu.ci\/"},{"@type":"ListItem","position":2,"name":"VIE ACADEMIQUE","item":"https:\/\/ujlog.edu.ci\/ufr-efc\/"},{"@type":"ListItem","position":3,"name":"UFR","item":"https:\/\/ujlog.edu.ci\/ufr-efc\/ufr\/"},{"@type":"ListItem","position":4,"name":"Sciences Juridiques"}]},{"@type":"WebSite","@id":"https:\/\/ujlog.edu.ci\/#website","url":"https:\/\/ujlog.edu.ci\/","name":"Universit\u00e9 Jean Lorougnon Gu\u00e9d\u00e9","description":"Universit\u00e9 Jean Lorougnon Gu\u00e9d\u00e9","potentialAction":[{"@type":"SearchAction","target":{"@type":"EntryPoint","urlTemplate":"https:\/\/ujlog.edu.ci\/?s={search_term_string}"},"query-input":{"@type":"PropertyValueSpecification","valueRequired":true,"valueName":"search_term_string"}}],"inLanguage":"en-US"}]}},"uagb_featured_image_src":{"full":false,"thumbnail":false,"medium":false,"medium_large":false,"large":false,"1536x1536":false,"2048x2048":false,"trp-custom-language-flag":false,"course_thumbnail":false,"woocommerce_thumbnail":false,"woocommerce_single":false,"woocommerce_gallery_thumbnail":false},"uagb_author_info":{"display_name":"service communication","author_link":"https:\/\/ujlog.edu.ci\/en\/author\/service-communication\/"},"uagb_comment_info":0,"uagb_excerpt":"Tronc commun Sciences Juridiques (L1- L2) I-Pr\u00e9sentation de l\u2019UFR L&rsquo;UFR des Sciences Juridiques fait partie des derni\u00e8res ouvertes au sein de l&rsquo;Universit\u00e9 Jean Lorougnon GUEDE. Elle est compos\u00e9e de deux parcours de formation que sont le droit priv\u00e9 et le &hellip;","_links":{"self":[{"href":"https:\/\/ujlog.edu.ci\/en\/wp-json\/wp\/v2\/pages\/123","targetHints":{"allow":["GET"]}}],"collection":[{"href":"https:\/\/ujlog.edu.ci\/en\/wp-json\/wp\/v2\/pages"}],"about":[{"href":"https:\/\/ujlog.edu.ci\/en\/wp-json\/wp\/v2\/types\/page"}],"author":[{"embeddable":true,"href":"https:\/\/ujlog.edu.ci\/en\/wp-json\/wp\/v2\/users\/2"}],"replies":[{"embeddable":true,"href":"https:\/\/ujlog.edu.ci\/en\/wp-json\/wp\/v2\/comments?post=123"}],"version-history":[{"count":6,"href":"https:\/\/ujlog.edu.ci\/en\/wp-json\/wp\/v2\/pages\/123\/revisions"}],"predecessor-version":[{"id":4750,"href":"https:\/\/ujlog.edu.ci\/en\/wp-json\/wp\/v2\/pages\/123\/revisions\/4750"}],"up":[{"embeddable":true,"href":"https:\/\/ujlog.edu.ci\/en\/wp-json\/wp\/v2\/pages\/111"}],"wp:attachment":[{"href":"https:\/\/ujlog.edu.ci\/en\/wp-json\/wp\/v2\/media?parent=123"}],"curies":[{"name":"wp","href":"https:\/\/api.w.org\/{rel}","templated":true}]}}