{"id":121,"date":"2021-07-10T18:48:54","date_gmt":"2021-07-10T18:48:54","guid":{"rendered":"https:\/\/ujlog.ci\/?page_id=121"},"modified":"2023-10-25T09:47:38","modified_gmt":"2023-10-25T09:47:38","slug":"sciences-economiques-et-gestions","status":"publish","type":"page","link":"https:\/\/ujlog.edu.ci\/en\/ufr-efc\/ufr\/sciences-economiques-et-gestions\/","title":{"rendered":"Sciences Economiques et de Gestion"},"content":{"rendered":"<h2>Tronc commun Economie-Gestion<br \/>Fili\u00e8res<\/h2>\n<ul>\n<li>&#8211; \u00c9conomie g\u00e9n\u00e9rale, \u00c9conomie agricole ;<\/li>\n<li>&#8211; Management des organisations ;<\/li>\n<li>&#8211; \u00c9conomie verte, \u00c9conomie circulaire, Intelligence artificielle ;<\/li>\n<\/ul>\n<h3>Gestion D\u00e9bouch\u00e9s :<\/h3>\n<p>Banques et \u00e9tablissements financiers, Soci\u00e9t\u00e9s coop\u00e9ratives, Secteurs des mines, du p\u00e9trole et des travaux publics\u202f; artisanat et agriculture, Gestionnaires et conseillers de d\u00e9veloppement rural, secteur \u00e9ducation-formation, auto-emplois, secteur priv\u00e9s&#8230;<\/p>\n\n\n<div class=\"wp-block-columns is-layout-flex wp-container-core-columns-is-layout-9d6595d7 wp-block-columns-is-layout-flex\">\n<div class=\"wp-block-column is-layout-flow wp-block-column-is-layout-flow\">\n<figure class=\"wp-block-image size-full is-resized\"><img fetchpriority=\"high\" decoding=\"async\" width=\"1000\" height=\"450\" src=\"https:\/\/ujlog.net\/wp-content\/uploads\/2022\/12\/WhatsApp-Image-2022-12-06-at-14.02.28.jpeg\" alt=\"\" class=\"wp-image-4057\" style=\"aspect-ratio:2.2222222222222223;width:618px;height:auto\" srcset=\"https:\/\/ujlog.edu.ci\/wp-content\/uploads\/2022\/12\/WhatsApp-Image-2022-12-06-at-14.02.28.jpeg 1000w, https:\/\/ujlog.edu.ci\/wp-content\/uploads\/2022\/12\/WhatsApp-Image-2022-12-06-at-14.02.28-300x135.jpeg 300w, https:\/\/ujlog.edu.ci\/wp-content\/uploads\/2022\/12\/WhatsApp-Image-2022-12-06-at-14.02.28-768x346.jpeg 768w, https:\/\/ujlog.edu.ci\/wp-content\/uploads\/2022\/12\/WhatsApp-Image-2022-12-06-at-14.02.28-600x270.jpeg 600w\" sizes=\"(max-width: 1000px) 100vw, 1000px\" \/><\/figure>\n<\/div>\n\n\n\n<div class=\"wp-block-column is-layout-flow wp-block-column-is-layout-flow\">\n<figure class=\"wp-block-image size-large\"><img decoding=\"async\" width=\"1024\" height=\"683\" src=\"https:\/\/ujlog.net\/wp-content\/uploads\/2021\/08\/Atelier-1024x683.jpg\" alt=\"\" class=\"wp-image-3383\" srcset=\"https:\/\/ujlog.edu.ci\/wp-content\/uploads\/2021\/08\/Atelier-1024x683.jpg 1024w, https:\/\/ujlog.edu.ci\/wp-content\/uploads\/2021\/08\/Atelier-300x200.jpg 300w, https:\/\/ujlog.edu.ci\/wp-content\/uploads\/2021\/08\/Atelier-768x512.jpg 768w, https:\/\/ujlog.edu.ci\/wp-content\/uploads\/2021\/08\/Atelier-1536x1024.jpg 1536w, https:\/\/ujlog.edu.ci\/wp-content\/uploads\/2021\/08\/Atelier-2048x1365.jpg 2048w, https:\/\/ujlog.edu.ci\/wp-content\/uploads\/2021\/08\/Atelier-1320x880.jpg 1320w, https:\/\/ujlog.edu.ci\/wp-content\/uploads\/2021\/08\/Atelier-600x400.jpg 600w\" sizes=\"(max-width: 1024px) 100vw, 1024px\" \/><\/figure>\n<\/div>\n<\/div>\n\n\n<p>Responsable du Master de l&rsquo;UNIPA en \u00e9change avec les Etudiants de Master d&rsquo;UJLoG \u00e0 UJLoG<\/p>\n\n\n<figure class=\"wp-block-image size-full is-resized\"><img decoding=\"async\" width=\"220\" height=\"210\" src=\"https:\/\/ujlog.net\/wp-content\/uploads\/2023\/09\/Schema_du_developpement_durable.svg_.png\" alt=\"\" class=\"wp-image-4480\" style=\"width:494px;height:471px\"\/><\/figure>","protected":false},"excerpt":{"rendered":"<p>Tronc commun Economie-GestionFili\u00e8res &#8211; \u00c9conomie g\u00e9n\u00e9rale, \u00c9conomie agricole ; &#8211; Management des organisations ; &#8211; \u00c9conomie verte, \u00c9conomie circulaire, Intelligence artificielle ; Gestion D\u00e9bouch\u00e9s : Banques et \u00e9tablissements financiers, Soci\u00e9t\u00e9s coop\u00e9ratives, Secteurs des mines, du p\u00e9trole et des travaux publics\u202f; &hellip; <\/p>","protected":false},"author":2,"featured_media":0,"parent":111,"menu_order":3,"comment_status":"closed","ping_status":"closed","template":"","meta":{"_uag_custom_page_level_css":"","_monsterinsights_skip_tracking":false,"_monsterinsights_sitenote_active":false,"_monsterinsights_sitenote_note":"","_monsterinsights_sitenote_category":0,"_themeisle_gutenberg_block_has_review":false,"footnotes":""},"class_list":["post-121","page","type-page","status-publish","hentry"],"yoast_head":"<!-- This site is optimized with the Yoast SEO plugin v27.6 - https:\/\/yoast.com\/product\/yoast-seo-wordpress\/ -->\n<title>Sciences Economiques et de Gestion - Universit\u00e9 Jean Lorougnon Gu\u00e9d\u00e9<\/title>\n<meta name=\"robots\" content=\"index, follow, max-snippet:-1, max-image-preview:large, max-video-preview:-1\" \/>\n<link rel=\"canonical\" href=\"https:\/\/ujlog.edu.ci\/en\/ufr-efc\/ufr\/sciences-economiques-et-gestions\/\" \/>\n<meta property=\"og:locale\" content=\"en_US\" \/>\n<meta property=\"og:type\" content=\"article\" \/>\n<meta property=\"og:title\" content=\"Sciences Economiques et de Gestion - Universit\u00e9 Jean Lorougnon Gu\u00e9d\u00e9\" \/>\n<meta property=\"og:description\" content=\"Tronc commun Economie-GestionFili\u00e8res &#8211; \u00c9conomie g\u00e9n\u00e9rale, \u00c9conomie agricole ; &#8211; Management des organisations ; &#8211; \u00c9conomie verte, \u00c9conomie circulaire, Intelligence artificielle ; Gestion D\u00e9bouch\u00e9s : Banques et \u00e9tablissements financiers, Soci\u00e9t\u00e9s coop\u00e9ratives, Secteurs des mines, du p\u00e9trole et des travaux publics\u202f; &hellip;\" \/>\n<meta property=\"og:url\" content=\"https:\/\/ujlog.edu.ci\/en\/ufr-efc\/ufr\/sciences-economiques-et-gestions\/\" \/>\n<meta property=\"og:site_name\" content=\"Universit\u00e9 Jean Lorougnon Gu\u00e9d\u00e9\" \/>\n<meta property=\"article:modified_time\" content=\"2023-10-25T09:47:38+00:00\" \/>\n<meta property=\"og:image\" content=\"https:\/\/ujlog.net\/wp-content\/uploads\/2022\/12\/WhatsApp-Image-2022-12-06-at-14.02.28.jpeg\" \/>\n<meta name=\"twitter:card\" content=\"summary_large_image\" \/>\n<meta name=\"twitter:label1\" content=\"Est. reading time\" \/>\n\t<meta name=\"twitter:data1\" content=\"1 minute\" \/>\n<script type=\"application\/ld+json\" class=\"yoast-schema-graph\">{\"@context\":\"https:\\\/\\\/schema.org\",\"@graph\":[{\"@type\":\"WebPage\",\"@id\":\"https:\\\/\\\/ujlog.edu.ci\\\/ufr-efc\\\/ufr\\\/sciences-economiques-et-gestions\\\/\",\"url\":\"https:\\\/\\\/ujlog.edu.ci\\\/ufr-efc\\\/ufr\\\/sciences-economiques-et-gestions\\\/\",\"name\":\"Sciences Economiques et de Gestion - Universit\u00e9 Jean Lorougnon Gu\u00e9d\u00e9\",\"isPartOf\":{\"@id\":\"https:\\\/\\\/ujlog.edu.ci\\\/#website\"},\"primaryImageOfPage\":{\"@id\":\"https:\\\/\\\/ujlog.edu.ci\\\/ufr-efc\\\/ufr\\\/sciences-economiques-et-gestions\\\/#primaryimage\"},\"image\":{\"@id\":\"https:\\\/\\\/ujlog.edu.ci\\\/ufr-efc\\\/ufr\\\/sciences-economiques-et-gestions\\\/#primaryimage\"},\"thumbnailUrl\":\"https:\\\/\\\/ujlog.net\\\/wp-content\\\/uploads\\\/2022\\\/12\\\/WhatsApp-Image-2022-12-06-at-14.02.28.jpeg\",\"datePublished\":\"2021-07-10T18:48:54+00:00\",\"dateModified\":\"2023-10-25T09:47:38+00:00\",\"breadcrumb\":{\"@id\":\"https:\\\/\\\/ujlog.edu.ci\\\/ufr-efc\\\/ufr\\\/sciences-economiques-et-gestions\\\/#breadcrumb\"},\"inLanguage\":\"en-US\",\"potentialAction\":[{\"@type\":\"ReadAction\",\"target\":[\"https:\\\/\\\/ujlog.edu.ci\\\/ufr-efc\\\/ufr\\\/sciences-economiques-et-gestions\\\/\"]}]},{\"@type\":\"ImageObject\",\"inLanguage\":\"en-US\",\"@id\":\"https:\\\/\\\/ujlog.edu.ci\\\/ufr-efc\\\/ufr\\\/sciences-economiques-et-gestions\\\/#primaryimage\",\"url\":\"https:\\\/\\\/ujlog.net\\\/wp-content\\\/uploads\\\/2022\\\/12\\\/WhatsApp-Image-2022-12-06-at-14.02.28.jpeg\",\"contentUrl\":\"https:\\\/\\\/ujlog.net\\\/wp-content\\\/uploads\\\/2022\\\/12\\\/WhatsApp-Image-2022-12-06-at-14.02.28.jpeg\"},{\"@type\":\"BreadcrumbList\",\"@id\":\"https:\\\/\\\/ujlog.edu.ci\\\/ufr-efc\\\/ufr\\\/sciences-economiques-et-gestions\\\/#breadcrumb\",\"itemListElement\":[{\"@type\":\"ListItem\",\"position\":1,\"name\":\"Accueil\",\"item\":\"https:\\\/\\\/ujlog.edu.ci\\\/\"},{\"@type\":\"ListItem\",\"position\":2,\"name\":\"VIE ACADEMIQUE\",\"item\":\"https:\\\/\\\/ujlog.edu.ci\\\/ufr-efc\\\/\"},{\"@type\":\"ListItem\",\"position\":3,\"name\":\"UFR\",\"item\":\"https:\\\/\\\/ujlog.edu.ci\\\/ufr-efc\\\/ufr\\\/\"},{\"@type\":\"ListItem\",\"position\":4,\"name\":\"Sciences Economiques et de Gestion\"}]},{\"@type\":\"WebSite\",\"@id\":\"https:\\\/\\\/ujlog.edu.ci\\\/#website\",\"url\":\"https:\\\/\\\/ujlog.edu.ci\\\/\",\"name\":\"Universit\u00e9 Jean Lorougnon Gu\u00e9d\u00e9\",\"description\":\"Universit\u00e9 Jean Lorougnon Gu\u00e9d\u00e9\",\"potentialAction\":[{\"@type\":\"SearchAction\",\"target\":{\"@type\":\"EntryPoint\",\"urlTemplate\":\"https:\\\/\\\/ujlog.edu.ci\\\/?s={search_term_string}\"},\"query-input\":{\"@type\":\"PropertyValueSpecification\",\"valueRequired\":true,\"valueName\":\"search_term_string\"}}],\"inLanguage\":\"en-US\"}]}<\/script>\n<!-- \/ Yoast SEO plugin. -->","yoast_head_json":{"title":"Sciences Economiques et de Gestion - Universit\u00e9 Jean Lorougnon Gu\u00e9d\u00e9","robots":{"index":"index","follow":"follow","max-snippet":"max-snippet:-1","max-image-preview":"max-image-preview:large","max-video-preview":"max-video-preview:-1"},"canonical":"https:\/\/ujlog.edu.ci\/en\/ufr-efc\/ufr\/sciences-economiques-et-gestions\/","og_locale":"en_US","og_type":"article","og_title":"Sciences Economiques et de Gestion - Universit\u00e9 Jean Lorougnon Gu\u00e9d\u00e9","og_description":"Tronc commun Economie-GestionFili\u00e8res &#8211; \u00c9conomie g\u00e9n\u00e9rale, \u00c9conomie agricole ; &#8211; Management des organisations ; &#8211; \u00c9conomie verte, \u00c9conomie circulaire, Intelligence artificielle ; Gestion D\u00e9bouch\u00e9s : Banques et \u00e9tablissements financiers, Soci\u00e9t\u00e9s coop\u00e9ratives, Secteurs des mines, du p\u00e9trole et des travaux publics\u202f; &hellip;","og_url":"https:\/\/ujlog.edu.ci\/en\/ufr-efc\/ufr\/sciences-economiques-et-gestions\/","og_site_name":"Universit\u00e9 Jean Lorougnon Gu\u00e9d\u00e9","article_modified_time":"2023-10-25T09:47:38+00:00","og_image":[{"url":"https:\/\/ujlog.net\/wp-content\/uploads\/2022\/12\/WhatsApp-Image-2022-12-06-at-14.02.28.jpeg","type":"","width":"","height":""}],"twitter_card":"summary_large_image","twitter_misc":{"Est. reading time":"1 minute"},"schema":{"@context":"https:\/\/schema.org","@graph":[{"@type":"WebPage","@id":"https:\/\/ujlog.edu.ci\/ufr-efc\/ufr\/sciences-economiques-et-gestions\/","url":"https:\/\/ujlog.edu.ci\/ufr-efc\/ufr\/sciences-economiques-et-gestions\/","name":"Sciences Economiques et de Gestion - Universit\u00e9 Jean Lorougnon Gu\u00e9d\u00e9","isPartOf":{"@id":"https:\/\/ujlog.edu.ci\/#website"},"primaryImageOfPage":{"@id":"https:\/\/ujlog.edu.ci\/ufr-efc\/ufr\/sciences-economiques-et-gestions\/#primaryimage"},"image":{"@id":"https:\/\/ujlog.edu.ci\/ufr-efc\/ufr\/sciences-economiques-et-gestions\/#primaryimage"},"thumbnailUrl":"https:\/\/ujlog.net\/wp-content\/uploads\/2022\/12\/WhatsApp-Image-2022-12-06-at-14.02.28.jpeg","datePublished":"2021-07-10T18:48:54+00:00","dateModified":"2023-10-25T09:47:38+00:00","breadcrumb":{"@id":"https:\/\/ujlog.edu.ci\/ufr-efc\/ufr\/sciences-economiques-et-gestions\/#breadcrumb"},"inLanguage":"en-US","potentialAction":[{"@type":"ReadAction","target":["https:\/\/ujlog.edu.ci\/ufr-efc\/ufr\/sciences-economiques-et-gestions\/"]}]},{"@type":"ImageObject","inLanguage":"en-US","@id":"https:\/\/ujlog.edu.ci\/ufr-efc\/ufr\/sciences-economiques-et-gestions\/#primaryimage","url":"https:\/\/ujlog.net\/wp-content\/uploads\/2022\/12\/WhatsApp-Image-2022-12-06-at-14.02.28.jpeg","contentUrl":"https:\/\/ujlog.net\/wp-content\/uploads\/2022\/12\/WhatsApp-Image-2022-12-06-at-14.02.28.jpeg"},{"@type":"BreadcrumbList","@id":"https:\/\/ujlog.edu.ci\/ufr-efc\/ufr\/sciences-economiques-et-gestions\/#breadcrumb","itemListElement":[{"@type":"ListItem","position":1,"name":"Accueil","item":"https:\/\/ujlog.edu.ci\/"},{"@type":"ListItem","position":2,"name":"VIE ACADEMIQUE","item":"https:\/\/ujlog.edu.ci\/ufr-efc\/"},{"@type":"ListItem","position":3,"name":"UFR","item":"https:\/\/ujlog.edu.ci\/ufr-efc\/ufr\/"},{"@type":"ListItem","position":4,"name":"Sciences Economiques et de Gestion"}]},{"@type":"WebSite","@id":"https:\/\/ujlog.edu.ci\/#website","url":"https:\/\/ujlog.edu.ci\/","name":"Universit\u00e9 Jean Lorougnon Gu\u00e9d\u00e9","description":"Universit\u00e9 Jean Lorougnon Gu\u00e9d\u00e9","potentialAction":[{"@type":"SearchAction","target":{"@type":"EntryPoint","urlTemplate":"https:\/\/ujlog.edu.ci\/?s={search_term_string}"},"query-input":{"@type":"PropertyValueSpecification","valueRequired":true,"valueName":"search_term_string"}}],"inLanguage":"en-US"}]}},"uagb_featured_image_src":{"full":false,"thumbnail":false,"medium":false,"medium_large":false,"large":false,"1536x1536":false,"2048x2048":false,"trp-custom-language-flag":false,"course_thumbnail":false,"woocommerce_thumbnail":false,"woocommerce_single":false,"woocommerce_gallery_thumbnail":false},"uagb_author_info":{"display_name":"service communication","author_link":"https:\/\/ujlog.edu.ci\/en\/author\/service-communication\/"},"uagb_comment_info":0,"uagb_excerpt":"Tronc commun Economie-GestionFili\u00e8res &#8211; \u00c9conomie g\u00e9n\u00e9rale, \u00c9conomie agricole ; &#8211; Management des organisations ; &#8211; \u00c9conomie verte, \u00c9conomie circulaire, Intelligence artificielle ; Gestion D\u00e9bouch\u00e9s : Banques et \u00e9tablissements financiers, Soci\u00e9t\u00e9s coop\u00e9ratives, Secteurs des mines, du p\u00e9trole et des travaux publics\u202f; &hellip;","_links":{"self":[{"href":"https:\/\/ujlog.edu.ci\/en\/wp-json\/wp\/v2\/pages\/121","targetHints":{"allow":["GET"]}}],"collection":[{"href":"https:\/\/ujlog.edu.ci\/en\/wp-json\/wp\/v2\/pages"}],"about":[{"href":"https:\/\/ujlog.edu.ci\/en\/wp-json\/wp\/v2\/types\/page"}],"author":[{"embeddable":true,"href":"https:\/\/ujlog.edu.ci\/en\/wp-json\/wp\/v2\/users\/2"}],"replies":[{"embeddable":true,"href":"https:\/\/ujlog.edu.ci\/en\/wp-json\/wp\/v2\/comments?post=121"}],"version-history":[{"count":9,"href":"https:\/\/ujlog.edu.ci\/en\/wp-json\/wp\/v2\/pages\/121\/revisions"}],"predecessor-version":[{"id":4618,"href":"https:\/\/ujlog.edu.ci\/en\/wp-json\/wp\/v2\/pages\/121\/revisions\/4618"}],"up":[{"embeddable":true,"href":"https:\/\/ujlog.edu.ci\/en\/wp-json\/wp\/v2\/pages\/111"}],"wp:attachment":[{"href":"https:\/\/ujlog.edu.ci\/en\/wp-json\/wp\/v2\/media?parent=121"}],"curies":[{"name":"wp","href":"https:\/\/api.w.org\/{rel}","templated":true}]}}