{"id":115,"date":"2021-07-10T18:45:18","date_gmt":"2021-07-10T18:45:18","guid":{"rendered":"https:\/\/ujlog.ci\/?page_id=115"},"modified":"2025-07-25T17:03:22","modified_gmt":"2025-07-25T17:03:22","slug":"ecole-doctorale","status":"publish","type":"page","link":"https:\/\/ujlog.edu.ci\/en\/ufr-efc\/ecole-doctorale\/","title":{"rendered":"Formation Doctorale"},"content":{"rendered":"<div class=\"wp-block-columns is-layout-flex wp-container-core-columns-is-layout-9d6595d7 wp-block-columns-is-layout-flex\">\n<div class=\"wp-block-column is-layout-flow wp-block-column-is-layout-flow\">\n<div data-wp-interactive=\"core\/file\" class=\"wp-block-file\"><object data-wp-bind--hidden=\"!state.hasPdfPreview\" hidden class=\"wp-block-file__embed\" data=\"https:\/\/ujlog.edu.ci\/wp-content\/uploads\/2025\/07\/Fiche-inscription-These.pdf\" type=\"application\/pdf\" style=\"width:100%;height:600px\" aria-label=\"Embed of Fiche inscription Th\u00e8se.\"><\/object><a id=\"wp-block-file--media-f7c73b81-2c0c-4bf5-99b8-9deb5a895469\" href=\"https:\/\/ujlog.edu.ci\/wp-content\/uploads\/2025\/07\/Fiche-inscription-These.pdf\">Fiche inscription Th\u00e8se<\/a><a href=\"https:\/\/ujlog.edu.ci\/wp-content\/uploads\/2025\/07\/Fiche-inscription-These.pdf\" class=\"wp-block-file__button wp-element-button\" download aria-describedby=\"wp-block-file--media-f7c73b81-2c0c-4bf5-99b8-9deb5a895469\">T\u00e9l\u00e9charger<\/a><\/div>\n<\/div>\n\n\n\n<div class=\"wp-block-column is-layout-flow wp-block-column-is-layout-flow\">\n<div data-wp-interactive=\"core\/file\" class=\"wp-block-file\"><object data-wp-bind--hidden=\"!state.hasPdfPreview\" hidden class=\"wp-block-file__embed\" data=\"https:\/\/ujlog.edu.ci\/wp-content\/uploads\/2025\/07\/Formulaire_Demande-derogation-annee-these.pdf\" type=\"application\/pdf\" style=\"width:100%;height:600px\" aria-label=\"Embed of Formulaire_Demande-derogation ann\u00e9e th\u00e8se.\"><\/object><a id=\"wp-block-file--media-472332f1-9afe-4800-bb8b-30cd7fbd69e2\" href=\"https:\/\/ujlog.edu.ci\/wp-content\/uploads\/2025\/07\/Formulaire_Demande-derogation-annee-these.pdf\">Formulaire_Demande-derogation ann\u00e9e th\u00e8se<\/a><a href=\"https:\/\/ujlog.edu.ci\/wp-content\/uploads\/2025\/07\/Formulaire_Demande-derogation-annee-these.pdf\" class=\"wp-block-file__button wp-element-button\" download aria-describedby=\"wp-block-file--media-472332f1-9afe-4800-bb8b-30cd7fbd69e2\">T\u00e9l\u00e9charger<\/a><\/div>\n<\/div>\n<\/div>\n\n\n<blockquote>\n<h2><strong>Pr\u00e9ambule<\/strong><\/h2>\n<\/blockquote>\n\n\n<div class=\"wp-block-columns is-layout-flex wp-container-core-columns-is-layout-9d6595d7 wp-block-columns-is-layout-flex\">\n<div class=\"wp-block-column is-layout-flow wp-block-column-is-layout-flow\" style=\"flex-basis:33.33%\">\n<figure class=\"wp-block-image size-full\"><img fetchpriority=\"high\" decoding=\"async\" width=\"620\" height=\"349\" src=\"https:\/\/ujlog.ci\/wp-content\/uploads\/2021\/07\/formation-doctorale.jpg\" alt=\"\" class=\"wp-image-3182\" srcset=\"https:\/\/ujlog.edu.ci\/wp-content\/uploads\/2021\/07\/formation-doctorale.jpg 620w, https:\/\/ujlog.edu.ci\/wp-content\/uploads\/2021\/07\/formation-doctorale-600x338.jpg 600w, https:\/\/ujlog.edu.ci\/wp-content\/uploads\/2021\/07\/formation-doctorale-300x169.jpg 300w\" sizes=\"(max-width: 620px) 100vw, 620px\" \/><\/figure>\n<\/div>\n\n\n\n<div class=\"wp-block-column is-layout-flow wp-block-column-is-layout-flow\" style=\"flex-basis:66.66%\">\n<p>La pr\u00e9paration d\u2019une th\u00e8se de doctorat associe une formation acad\u00e9mique de 3\u00e8me cycle \u00e0 une exp\u00e9rience de recherche. Elle est sanctionn\u00e9e, apr\u00e8s la soutenance de la th\u00e8se, par le grade de Docteur. L\u2019essentiel de l\u2019activit\u00e9 doctorale consiste en un travail de recherche sur un sujet \u00e0 caract\u00e8re th\u00e9orique, exp\u00e9rimental, appliqu\u00e9, de synth\u00e8se, etc., qui expose des probl\u00e9matiques innovantes et rev\u00eat un aspect formateur.<\/p>\n<\/div>\n<\/div>\n\n\n<p>Ce travail s\u2019effectue sous le contr\u00f4le et la responsabilit\u00e9 d\u2019un Directeur de th\u00e8se et \u00e9ventuellement, d\u2019un Co-directeur, au sein d\u2019une Unit\u00e9 de Formation et de Recherche (UFR) de l\u2019Universit\u00e9 ou dans une institution de recherche affili\u00e9e \u00e0 l\u2019Universit\u00e9. Il d\u00e9bouche sur la soutenance d\u2019un m\u00e9moire qui en permet la validation. Le grade de Docteur garantit un haut niveau de comp\u00e9tence et d\u2019employabilit\u00e9 dans l&rsquo;ensemble du tissu socio-\u00e9conomique national et international. <br \/>La pr\u00e9paration du dipl\u00f4me de Doctorat s\u2019effectue au sein d\u2019une formation doctorale de l\u2019Universit\u00e9. <br \/>Le pr\u00e9sent document est la charte de la Formation Doctorale \u00ab Agriculture et Environnement Tropical (FD AET)\u00bb de l\u2019Universit\u00e9 Jean Lorougnon Gu\u00e9d\u00e9 (UJLoG). Il d\u00e9finit les principes de fonctionnement administratif de la formation doctorale, de l\u2019encadrement de la th\u00e8se, de la r\u00e9daction, de l\u2019instruction et de la soutenance du m\u00e9moire de Th\u00e8se au sein de la Formation Doctorale afin de garantir la haute qualit\u00e9 scientifique des travaux conduits. Cette charte s&rsquo;appuie sur les arr\u00eat\u00e9s d\u2019application du syst\u00e8me Licence Master Doctorat (N\u00b0248, 249 et 250 MESRS\/DGES), sur la charte du R\u00e9seau pour l\u2019Excellence de l\u2019Enseignement Sup\u00e9rieur en Afrique de l\u2019Ouest (REESAO), sur les proc\u00e9dures relatives \u00e0 l\u2019inscription administrative et \u00e0 la soutenance de th\u00e8se des Universit\u00e9s Publiques de C\u00f4te d\u2019Ivoire et sur les missions des Ecoles Doctorales et du coll\u00e8ge des Ecoles Doctorales auxquelles l\u2019Universit\u00e9 Jean Lorougnon Gu\u00e9d\u00e9 adh\u00e8re, dans le respect des diff\u00e9rentes disciplines. <br \/>La th\u00e8se de Doctorat de l\u2019Universit\u00e9 Jean Lorougnon Gu\u00e9d\u00e9 est une \u00ab Th\u00e8se Unique \u00bb. L\u2019UJLoG s\u2019engage \u00e0 agir pour que les principes fix\u00e9s par la charte soient respect\u00e9s lors de la pr\u00e9paration de la th\u00e8se. En cas de doctorat en cotutelle ou en partenariat avec un organisme extra-universitaire, le partenaire doit avoir connaissance de cette charte et accepter de s\u2019y conformer.<\/p>\n\n\n<p><a href=\"https:\/\/ujlog.ci\/wp-content\/uploads\/2021\/07\/Charte-Formation-doctorale_1.pdf\" target=\"_blank\" rel=\"noreferrer noopener\" title=\"https:\/\/ujlog.ci\/wp-content\/uploads\/2021\/07\/Charte-Formation-doctorale_1.pdf\">CHARTE DE LA FORMATION DOCTORALE<\/a><\/p>\n\n\n\n<p><\/p>","protected":false},"excerpt":{"rendered":"<p>Pr\u00e9ambule La pr\u00e9paration d\u2019une th\u00e8se de doctorat associe une formation acad\u00e9mique de 3\u00e8me cycle \u00e0 une exp\u00e9rience de recherche. Elle est sanctionn\u00e9e, apr\u00e8s la soutenance de la th\u00e8se, par le grade de Docteur. L\u2019essentiel de l\u2019activit\u00e9 doctorale consiste en un &hellip; <\/p>","protected":false},"author":2,"featured_media":0,"parent":66,"menu_order":2,"comment_status":"closed","ping_status":"closed","template":"","meta":{"_uag_custom_page_level_css":"","_monsterinsights_skip_tracking":false,"_monsterinsights_sitenote_active":false,"_monsterinsights_sitenote_note":"","_monsterinsights_sitenote_category":0,"_themeisle_gutenberg_block_has_review":false,"footnotes":""},"class_list":["post-115","page","type-page","status-publish","hentry"],"yoast_head":"<!-- This site is optimized with the Yoast SEO plugin v27.6 - https:\/\/yoast.com\/product\/yoast-seo-wordpress\/ -->\n<title>Formation Doctorale - Universit\u00e9 Jean Lorougnon Gu\u00e9d\u00e9<\/title>\n<meta name=\"robots\" content=\"index, follow, max-snippet:-1, max-image-preview:large, max-video-preview:-1\" \/>\n<link rel=\"canonical\" href=\"https:\/\/ujlog.edu.ci\/en\/ufr-efc\/ecole-doctorale\/\" \/>\n<meta property=\"og:locale\" content=\"en_US\" \/>\n<meta property=\"og:type\" content=\"article\" \/>\n<meta property=\"og:title\" content=\"Formation Doctorale - Universit\u00e9 Jean Lorougnon Gu\u00e9d\u00e9\" \/>\n<meta property=\"og:description\" content=\"Pr\u00e9ambule La pr\u00e9paration d\u2019une th\u00e8se de doctorat associe une formation acad\u00e9mique de 3\u00e8me cycle \u00e0 une exp\u00e9rience de recherche. Elle est sanctionn\u00e9e, apr\u00e8s la soutenance de la th\u00e8se, par le grade de Docteur. L\u2019essentiel de l\u2019activit\u00e9 doctorale consiste en un &hellip;\" \/>\n<meta property=\"og:url\" content=\"https:\/\/ujlog.edu.ci\/en\/ufr-efc\/ecole-doctorale\/\" \/>\n<meta property=\"og:site_name\" content=\"Universit\u00e9 Jean Lorougnon Gu\u00e9d\u00e9\" \/>\n<meta property=\"article:modified_time\" content=\"2025-07-25T17:03:22+00:00\" \/>\n<meta property=\"og:image\" content=\"https:\/\/ujlog.ci\/wp-content\/uploads\/2021\/07\/formation-doctorale.jpg\" \/>\n<meta name=\"twitter:card\" content=\"summary_large_image\" \/>\n<meta name=\"twitter:label1\" content=\"Est. reading time\" \/>\n\t<meta name=\"twitter:data1\" content=\"3 minutes\" \/>\n<script type=\"application\/ld+json\" class=\"yoast-schema-graph\">{\"@context\":\"https:\\\/\\\/schema.org\",\"@graph\":[{\"@type\":\"WebPage\",\"@id\":\"https:\\\/\\\/ujlog.edu.ci\\\/ufr-efc\\\/ecole-doctorale\\\/\",\"url\":\"https:\\\/\\\/ujlog.edu.ci\\\/ufr-efc\\\/ecole-doctorale\\\/\",\"name\":\"Formation Doctorale - Universit\u00e9 Jean Lorougnon Gu\u00e9d\u00e9\",\"isPartOf\":{\"@id\":\"https:\\\/\\\/ujlog.edu.ci\\\/#website\"},\"primaryImageOfPage\":{\"@id\":\"https:\\\/\\\/ujlog.edu.ci\\\/ufr-efc\\\/ecole-doctorale\\\/#primaryimage\"},\"image\":{\"@id\":\"https:\\\/\\\/ujlog.edu.ci\\\/ufr-efc\\\/ecole-doctorale\\\/#primaryimage\"},\"thumbnailUrl\":\"https:\\\/\\\/ujlog.ci\\\/wp-content\\\/uploads\\\/2021\\\/07\\\/formation-doctorale.jpg\",\"datePublished\":\"2021-07-10T18:45:18+00:00\",\"dateModified\":\"2025-07-25T17:03:22+00:00\",\"breadcrumb\":{\"@id\":\"https:\\\/\\\/ujlog.edu.ci\\\/ufr-efc\\\/ecole-doctorale\\\/#breadcrumb\"},\"inLanguage\":\"en-US\",\"potentialAction\":[{\"@type\":\"ReadAction\",\"target\":[\"https:\\\/\\\/ujlog.edu.ci\\\/ufr-efc\\\/ecole-doctorale\\\/\"]}]},{\"@type\":\"ImageObject\",\"inLanguage\":\"en-US\",\"@id\":\"https:\\\/\\\/ujlog.edu.ci\\\/ufr-efc\\\/ecole-doctorale\\\/#primaryimage\",\"url\":\"https:\\\/\\\/ujlog.ci\\\/wp-content\\\/uploads\\\/2021\\\/07\\\/formation-doctorale.jpg\",\"contentUrl\":\"https:\\\/\\\/ujlog.ci\\\/wp-content\\\/uploads\\\/2021\\\/07\\\/formation-doctorale.jpg\"},{\"@type\":\"BreadcrumbList\",\"@id\":\"https:\\\/\\\/ujlog.edu.ci\\\/ufr-efc\\\/ecole-doctorale\\\/#breadcrumb\",\"itemListElement\":[{\"@type\":\"ListItem\",\"position\":1,\"name\":\"Accueil\",\"item\":\"https:\\\/\\\/ujlog.edu.ci\\\/\"},{\"@type\":\"ListItem\",\"position\":2,\"name\":\"VIE ACADEMIQUE\",\"item\":\"https:\\\/\\\/ujlog.edu.ci\\\/ufr-efc\\\/\"},{\"@type\":\"ListItem\",\"position\":3,\"name\":\"Formation Doctorale\"}]},{\"@type\":\"WebSite\",\"@id\":\"https:\\\/\\\/ujlog.edu.ci\\\/#website\",\"url\":\"https:\\\/\\\/ujlog.edu.ci\\\/\",\"name\":\"Universit\u00e9 Jean Lorougnon Gu\u00e9d\u00e9\",\"description\":\"Universit\u00e9 Jean Lorougnon Gu\u00e9d\u00e9\",\"potentialAction\":[{\"@type\":\"SearchAction\",\"target\":{\"@type\":\"EntryPoint\",\"urlTemplate\":\"https:\\\/\\\/ujlog.edu.ci\\\/?s={search_term_string}\"},\"query-input\":{\"@type\":\"PropertyValueSpecification\",\"valueRequired\":true,\"valueName\":\"search_term_string\"}}],\"inLanguage\":\"en-US\"}]}<\/script>\n<!-- \/ Yoast SEO plugin. -->","yoast_head_json":{"title":"Formation Doctorale - Universit\u00e9 Jean Lorougnon Gu\u00e9d\u00e9","robots":{"index":"index","follow":"follow","max-snippet":"max-snippet:-1","max-image-preview":"max-image-preview:large","max-video-preview":"max-video-preview:-1"},"canonical":"https:\/\/ujlog.edu.ci\/en\/ufr-efc\/ecole-doctorale\/","og_locale":"en_US","og_type":"article","og_title":"Formation Doctorale - Universit\u00e9 Jean Lorougnon Gu\u00e9d\u00e9","og_description":"Pr\u00e9ambule La pr\u00e9paration d\u2019une th\u00e8se de doctorat associe une formation acad\u00e9mique de 3\u00e8me cycle \u00e0 une exp\u00e9rience de recherche. Elle est sanctionn\u00e9e, apr\u00e8s la soutenance de la th\u00e8se, par le grade de Docteur. L\u2019essentiel de l\u2019activit\u00e9 doctorale consiste en un &hellip;","og_url":"https:\/\/ujlog.edu.ci\/en\/ufr-efc\/ecole-doctorale\/","og_site_name":"Universit\u00e9 Jean Lorougnon Gu\u00e9d\u00e9","article_modified_time":"2025-07-25T17:03:22+00:00","og_image":[{"url":"https:\/\/ujlog.ci\/wp-content\/uploads\/2021\/07\/formation-doctorale.jpg","type":"","width":"","height":""}],"twitter_card":"summary_large_image","twitter_misc":{"Est. reading time":"3 minutes"},"schema":{"@context":"https:\/\/schema.org","@graph":[{"@type":"WebPage","@id":"https:\/\/ujlog.edu.ci\/ufr-efc\/ecole-doctorale\/","url":"https:\/\/ujlog.edu.ci\/ufr-efc\/ecole-doctorale\/","name":"Formation Doctorale - Universit\u00e9 Jean Lorougnon Gu\u00e9d\u00e9","isPartOf":{"@id":"https:\/\/ujlog.edu.ci\/#website"},"primaryImageOfPage":{"@id":"https:\/\/ujlog.edu.ci\/ufr-efc\/ecole-doctorale\/#primaryimage"},"image":{"@id":"https:\/\/ujlog.edu.ci\/ufr-efc\/ecole-doctorale\/#primaryimage"},"thumbnailUrl":"https:\/\/ujlog.ci\/wp-content\/uploads\/2021\/07\/formation-doctorale.jpg","datePublished":"2021-07-10T18:45:18+00:00","dateModified":"2025-07-25T17:03:22+00:00","breadcrumb":{"@id":"https:\/\/ujlog.edu.ci\/ufr-efc\/ecole-doctorale\/#breadcrumb"},"inLanguage":"en-US","potentialAction":[{"@type":"ReadAction","target":["https:\/\/ujlog.edu.ci\/ufr-efc\/ecole-doctorale\/"]}]},{"@type":"ImageObject","inLanguage":"en-US","@id":"https:\/\/ujlog.edu.ci\/ufr-efc\/ecole-doctorale\/#primaryimage","url":"https:\/\/ujlog.ci\/wp-content\/uploads\/2021\/07\/formation-doctorale.jpg","contentUrl":"https:\/\/ujlog.ci\/wp-content\/uploads\/2021\/07\/formation-doctorale.jpg"},{"@type":"BreadcrumbList","@id":"https:\/\/ujlog.edu.ci\/ufr-efc\/ecole-doctorale\/#breadcrumb","itemListElement":[{"@type":"ListItem","position":1,"name":"Accueil","item":"https:\/\/ujlog.edu.ci\/"},{"@type":"ListItem","position":2,"name":"VIE ACADEMIQUE","item":"https:\/\/ujlog.edu.ci\/ufr-efc\/"},{"@type":"ListItem","position":3,"name":"Formation Doctorale"}]},{"@type":"WebSite","@id":"https:\/\/ujlog.edu.ci\/#website","url":"https:\/\/ujlog.edu.ci\/","name":"Universit\u00e9 Jean Lorougnon Gu\u00e9d\u00e9","description":"Universit\u00e9 Jean Lorougnon Gu\u00e9d\u00e9","potentialAction":[{"@type":"SearchAction","target":{"@type":"EntryPoint","urlTemplate":"https:\/\/ujlog.edu.ci\/?s={search_term_string}"},"query-input":{"@type":"PropertyValueSpecification","valueRequired":true,"valueName":"search_term_string"}}],"inLanguage":"en-US"}]}},"uagb_featured_image_src":{"full":false,"thumbnail":false,"medium":false,"medium_large":false,"large":false,"1536x1536":false,"2048x2048":false,"trp-custom-language-flag":false,"course_thumbnail":false,"woocommerce_thumbnail":false,"woocommerce_single":false,"woocommerce_gallery_thumbnail":false},"uagb_author_info":{"display_name":"service communication","author_link":"https:\/\/ujlog.edu.ci\/en\/author\/service-communication\/"},"uagb_comment_info":0,"uagb_excerpt":"Pr\u00e9ambule La pr\u00e9paration d\u2019une th\u00e8se de doctorat associe une formation acad\u00e9mique de 3\u00e8me cycle \u00e0 une exp\u00e9rience de recherche. Elle est sanctionn\u00e9e, apr\u00e8s la soutenance de la th\u00e8se, par le grade de Docteur. L\u2019essentiel de l\u2019activit\u00e9 doctorale consiste en un &hellip;","_links":{"self":[{"href":"https:\/\/ujlog.edu.ci\/en\/wp-json\/wp\/v2\/pages\/115","targetHints":{"allow":["GET"]}}],"collection":[{"href":"https:\/\/ujlog.edu.ci\/en\/wp-json\/wp\/v2\/pages"}],"about":[{"href":"https:\/\/ujlog.edu.ci\/en\/wp-json\/wp\/v2\/types\/page"}],"author":[{"embeddable":true,"href":"https:\/\/ujlog.edu.ci\/en\/wp-json\/wp\/v2\/users\/2"}],"replies":[{"embeddable":true,"href":"https:\/\/ujlog.edu.ci\/en\/wp-json\/wp\/v2\/comments?post=115"}],"version-history":[{"count":6,"href":"https:\/\/ujlog.edu.ci\/en\/wp-json\/wp\/v2\/pages\/115\/revisions"}],"predecessor-version":[{"id":6134,"href":"https:\/\/ujlog.edu.ci\/en\/wp-json\/wp\/v2\/pages\/115\/revisions\/6134"}],"up":[{"embeddable":true,"href":"https:\/\/ujlog.edu.ci\/en\/wp-json\/wp\/v2\/pages\/66"}],"wp:attachment":[{"href":"https:\/\/ujlog.edu.ci\/en\/wp-json\/wp\/v2\/media?parent=115"}],"curies":[{"name":"wp","href":"https:\/\/api.w.org\/{rel}","templated":true}]}}