{"id":113,"date":"2021-07-10T18:44:07","date_gmt":"2021-07-10T18:44:07","guid":{"rendered":"https:\/\/ujlog.ci\/?page_id=113"},"modified":"2024-01-11T15:34:43","modified_gmt":"2024-01-11T15:34:43","slug":"centre-de-formation-continue","status":"publish","type":"page","link":"https:\/\/ujlog.edu.ci\/en\/ufr-efc\/centre-de-formation-continue\/","title":{"rendered":"Centre de Formation Continue"},"content":{"rendered":"<blockquote>\n<h2>L&rsquo;Ecole de Formation Continue (EFC) est un centre de l\u2019Universit\u00e9 Jean Lorougnon Gu\u00e9d\u00e9 de Daloa<\/h2>\n<\/blockquote>\n\n\n<div class=\"wp-block-columns is-layout-flex wp-container-core-columns-is-layout-9d6595d7 wp-block-columns-is-layout-flex\">\n<div class=\"wp-block-column is-layout-flow wp-block-column-is-layout-flow\">\n<figure class=\"wp-block-image size-full\"><img decoding=\"async\" width=\"180\" height=\"139\" src=\"https:\/\/ujlog.edu.ci\/wp-content\/uploads\/2023\/11\/Image2.png\" alt=\"\" class=\"wp-image-4648\"\/><\/figure>\n<\/div>\n\n\n\n<div class=\"wp-block-column is-layout-flow wp-block-column-is-layout-flow\">\n<div class=\"wp-block-buttons is-horizontal is-content-justification-left is-layout-flex wp-container-core-buttons-is-layout-7e5fce0a wp-block-buttons-is-layout-flex\" style=\"font-style:normal;font-weight:500\">\n<div class=\"wp-block-button has-custom-width wp-block-button__width-100 has-custom-font-size is-style-fill\" style=\"font-size:20px\"><a class=\"wp-block-button__link has-vivid-red-background-color has-background wp-element-button\" href=\"https:\/\/ujlog.edu.ci\/en\/mot-du-directeur-de-lefc\/\" style=\"border-radius:20px\" target=\"_blank\" rel=\"noreferrer noopener\">MOT DU DIRECTEUR<\/a><\/div>\n<\/div>\n<\/div>\n<\/div>\n\n\n\n<p>Mission du Centre de Formation Continue<\/p>\n\n\n\n<p>Cr\u00e9\u00e9e en 2014 soit deux ans apr\u00e8s la r\u00e9habilitation des universit\u00e9s ivoiriennes, l\u2019Ecole de Formation Continue du l\u2019Universit\u00e9 Jean Lorougnon Gu\u00e9d\u00e9 est une \u00e9cole qui forme aux dipl\u00f4mes de Licence et Master.<\/p>\n\n\n\n<p>Les formations en pr\u00e9sentielle et en ligne sont destin\u00e9es aux travailleurs et autres titulaires du Baccalaur\u00e9at toutes s\u00e9ries. En pr\u00e9sentielle les cours ont lieu pendant les cong\u00e9s et vacances scolaires \u00e0 l\u2019Universit\u00e9 Jean Lorougnon Gu\u00e9d\u00e9 \u2013 Daloa.<\/p>\n\n\n\n<figure class=\"wp-block-image size-large\"><img fetchpriority=\"high\" decoding=\"async\" width=\"1024\" height=\"461\" src=\"https:\/\/ujlog.edu.ci\/wp-content\/uploads\/2023\/11\/Image1-1024x461.jpg\" alt=\"\" class=\"wp-image-4647\" srcset=\"https:\/\/ujlog.edu.ci\/wp-content\/uploads\/2023\/11\/Image1-1024x461.jpg 1024w, https:\/\/ujlog.edu.ci\/wp-content\/uploads\/2023\/11\/Image1-300x135.jpg 300w, https:\/\/ujlog.edu.ci\/wp-content\/uploads\/2023\/11\/Image1-768x346.jpg 768w, https:\/\/ujlog.edu.ci\/wp-content\/uploads\/2023\/11\/Image1-600x270.jpg 600w, https:\/\/ujlog.edu.ci\/wp-content\/uploads\/2023\/11\/Image1.jpg 1386w\" sizes=\"(max-width: 1024px) 100vw, 1024px\" \/><\/figure>\n\n\n\n<p>La mission principale de l\u2019\u00e9cole est d\u2019offrir \u00e0 ces travailleurs des secteurs publics et priv\u00e9s l\u2019opportunit\u00e9 de poursuivre des \u00e9tudes universitaires.<\/p>\n\n\n\n<p>Nos formations concernent les fili\u00e8res&nbsp;: Allemand, Espagnol, Anglais, Histoire G\u00e9ographie, lettres modernes, Math\u00e9matiques, Physiques-Chimie, SVT, Philosophie, Droit, Sciences Economiques et de Gestion, Agroforesterie, Environnement Sociologie Anthropologie\u2026&nbsp;<\/p>\n\n\n\n<div class=\"wp-block-columns is-layout-flex wp-container-core-columns-is-layout-9d6595d7 wp-block-columns-is-layout-flex\">\n<div class=\"wp-block-column is-layout-flow wp-block-column-is-layout-flow\">\n<h2>Disciplines\u00a0<\/h2>\n<p><strong>&#8211; SVT, Agro, environnement<\/strong><\/p>\n<p><strong>&#8211; Sciences Physiques<\/strong><\/p>\n<p><strong>&#8211; Math\u00e9matiques<\/strong><\/p>\n<p><strong>&#8211; Lettres Modernes<\/strong><\/p>\n<p><strong>&#8211; Histoire G\u00e9ographie<\/strong><\/p>\n<p><strong>&#8211; Anglais\/Espagnol\/ALL.<\/strong><\/p>\n<p><strong>&#8211; Philosophie <\/strong><\/p>\n<\/div>\n\n\n\n<div class=\"wp-block-column is-layout-flow wp-block-column-is-layout-flow\">\n<h2>Les cours en ligne\u00a0:<\/h2>\n<p><strong>&#8211; Qualit\u00e9 Hygi\u00e8ne S\u00e9curit\u00e9 et Environnement (QHSE),<\/strong><\/p>\n<p><strong>&#8211; Droit, <\/strong><\/p>\n<p><strong>&#8211; Sciences Economiques et Gestion<\/strong><\/p>\n<p><strong>&#8211; Sociologie, Anthropologie <\/strong><\/p>\n<p><strong>&#8211; Sciences de l\u2019\u00e9ducation\u00a0<\/strong><\/p>\n<p><strong>&#8211; MERIT<\/strong><\/p>\n<p><strong>&#8211;<\/strong> Agriculture\u2026\u2026\u2026\u2026<\/p>\n<\/div>\n<\/div>\n\n\n\n<div style=\"height:29px\" aria-hidden=\"true\" class=\"wp-block-spacer\"><\/div>\n\n\n\n<div class=\"wp-block-columns is-layout-flex wp-container-core-columns-is-layout-9d6595d7 wp-block-columns-is-layout-flex\">\n<div class=\"wp-block-column is-layout-flow wp-block-column-is-layout-flow\">\n<h2><u>1er cycle : <\/u><\/h2>\n<p><strong>Licence 1, 2, 3 : 300.000F \/ an<\/strong><\/p>\n<p><strong>Inscription : 150.000F <\/strong><\/p>\n<p><strong>D\u00e9but cong\u00e9s Toussaint : 75.000F<\/strong><\/p>\n<p><strong>D\u00e9but cong\u00e9s Noel : 75.000F<\/strong><\/p>\n<\/div>\n\n\n\n<div class=\"wp-block-column is-layout-flow wp-block-column-is-layout-flow\">\n<\/p>\n<\/div>\n\n\n\n<div class=\"wp-block-column is-layout-flow wp-block-column-is-layout-flow\">\n<p><strong>Equivalences DEUG, BTS, LICENCE et autres dipl\u00f4mes\u00a0: de septembre- juin \u00e0 l\u2019Universit\u00e9 J.L.G de Daloa.<\/strong><\/p>\n<p><strong>Inscriptions : avril \u00e0 mi-juillet<\/strong><\/p>\n<p><strong>Rentr\u00e9e :1<sup>er<\/sup> ao\u00fbt de l\u2019ann\u00e9e en cours<\/strong><\/p>\n<p><strong>Pi\u00e8ces \u00e0 fournir\u00a0: appelez le contact ci-dessous.<\/strong><\/p>\n<\/div>\n<\/div>\n\n\n\n<div style=\"height:35px\" aria-hidden=\"true\" class=\"wp-block-spacer\"><\/div>\n\n\n<h2><strong>Veuillez nous contactez pour toutes informations<\/strong><\/h2>\n<p><strong>Email : info@efc-ujlog.net\u00a0 \/\u00a0 <\/strong><strong>Facebook : EFC-UJLoG Daloa \/\u00a0 <\/strong><strong>www.efc-ujlog.net\u00a0 \/ <\/strong><strong>Cell : 07-49-02-22-00\u00a0 <\/strong><\/p>","protected":false},"excerpt":{"rendered":"<p>L&rsquo;Ecole de Formation Continue (EFC) est un centre de l\u2019Universit\u00e9 Jean Lorougnon Gu\u00e9d\u00e9 de Daloa Mission du Centre de Formation Continue Cr\u00e9\u00e9e en 2014 soit deux ans apr\u00e8s la r\u00e9habilitation des universit\u00e9s ivoiriennes, l\u2019Ecole de Formation Continue du l\u2019Universit\u00e9 Jean &hellip; <\/p>","protected":false},"author":2,"featured_media":0,"parent":66,"menu_order":1,"comment_status":"closed","ping_status":"closed","template":"","meta":{"_uag_custom_page_level_css":"","_monsterinsights_skip_tracking":false,"_monsterinsights_sitenote_active":false,"_monsterinsights_sitenote_note":"","_monsterinsights_sitenote_category":0,"_themeisle_gutenberg_block_has_review":false,"footnotes":""},"class_list":["post-113","page","type-page","status-publish","hentry"],"yoast_head":"<!-- This site is optimized with the Yoast SEO plugin v27.6 - https:\/\/yoast.com\/product\/yoast-seo-wordpress\/ -->\n<title>Centre de Formation Continue - Universit\u00e9 Jean Lorougnon Gu\u00e9d\u00e9<\/title>\n<meta name=\"robots\" content=\"index, follow, max-snippet:-1, max-image-preview:large, max-video-preview:-1\" \/>\n<link rel=\"canonical\" href=\"https:\/\/ujlog.edu.ci\/en\/ufr-efc\/centre-de-formation-continue\/\" \/>\n<meta property=\"og:locale\" content=\"en_US\" \/>\n<meta property=\"og:type\" content=\"article\" \/>\n<meta property=\"og:title\" content=\"Centre de Formation Continue - Universit\u00e9 Jean Lorougnon Gu\u00e9d\u00e9\" \/>\n<meta property=\"og:description\" content=\"L&rsquo;Ecole de Formation Continue (EFC) est un centre de l\u2019Universit\u00e9 Jean Lorougnon Gu\u00e9d\u00e9 de Daloa Mission du Centre de Formation Continue Cr\u00e9\u00e9e en 2014 soit deux ans apr\u00e8s la r\u00e9habilitation des universit\u00e9s ivoiriennes, l\u2019Ecole de Formation Continue du l\u2019Universit\u00e9 Jean &hellip;\" \/>\n<meta property=\"og:url\" content=\"https:\/\/ujlog.edu.ci\/en\/ufr-efc\/centre-de-formation-continue\/\" \/>\n<meta property=\"og:site_name\" content=\"Universit\u00e9 Jean Lorougnon Gu\u00e9d\u00e9\" \/>\n<meta property=\"article:modified_time\" content=\"2024-01-11T15:34:43+00:00\" \/>\n<meta property=\"og:image\" content=\"https:\/\/ujlog.edu.ci\/wp-content\/uploads\/2023\/11\/Image2.png\" \/>\n<meta name=\"twitter:card\" content=\"summary_large_image\" \/>\n<meta name=\"twitter:label1\" content=\"Est. reading time\" \/>\n\t<meta name=\"twitter:data1\" content=\"2 minutes\" \/>\n<script type=\"application\/ld+json\" class=\"yoast-schema-graph\">{\"@context\":\"https:\\\/\\\/schema.org\",\"@graph\":[{\"@type\":\"WebPage\",\"@id\":\"https:\\\/\\\/ujlog.edu.ci\\\/ufr-efc\\\/centre-de-formation-continue\\\/\",\"url\":\"https:\\\/\\\/ujlog.edu.ci\\\/ufr-efc\\\/centre-de-formation-continue\\\/\",\"name\":\"Centre de Formation Continue - Universit\u00e9 Jean Lorougnon Gu\u00e9d\u00e9\",\"isPartOf\":{\"@id\":\"https:\\\/\\\/ujlog.edu.ci\\\/#website\"},\"primaryImageOfPage\":{\"@id\":\"https:\\\/\\\/ujlog.edu.ci\\\/ufr-efc\\\/centre-de-formation-continue\\\/#primaryimage\"},\"image\":{\"@id\":\"https:\\\/\\\/ujlog.edu.ci\\\/ufr-efc\\\/centre-de-formation-continue\\\/#primaryimage\"},\"thumbnailUrl\":\"https:\\\/\\\/ujlog.edu.ci\\\/wp-content\\\/uploads\\\/2023\\\/11\\\/Image2.png\",\"datePublished\":\"2021-07-10T18:44:07+00:00\",\"dateModified\":\"2024-01-11T15:34:43+00:00\",\"breadcrumb\":{\"@id\":\"https:\\\/\\\/ujlog.edu.ci\\\/ufr-efc\\\/centre-de-formation-continue\\\/#breadcrumb\"},\"inLanguage\":\"en-US\",\"potentialAction\":[{\"@type\":\"ReadAction\",\"target\":[\"https:\\\/\\\/ujlog.edu.ci\\\/ufr-efc\\\/centre-de-formation-continue\\\/\"]}]},{\"@type\":\"ImageObject\",\"inLanguage\":\"en-US\",\"@id\":\"https:\\\/\\\/ujlog.edu.ci\\\/ufr-efc\\\/centre-de-formation-continue\\\/#primaryimage\",\"url\":\"https:\\\/\\\/ujlog.edu.ci\\\/wp-content\\\/uploads\\\/2023\\\/11\\\/Image2.png\",\"contentUrl\":\"https:\\\/\\\/ujlog.edu.ci\\\/wp-content\\\/uploads\\\/2023\\\/11\\\/Image2.png\"},{\"@type\":\"BreadcrumbList\",\"@id\":\"https:\\\/\\\/ujlog.edu.ci\\\/ufr-efc\\\/centre-de-formation-continue\\\/#breadcrumb\",\"itemListElement\":[{\"@type\":\"ListItem\",\"position\":1,\"name\":\"Accueil\",\"item\":\"https:\\\/\\\/ujlog.edu.ci\\\/\"},{\"@type\":\"ListItem\",\"position\":2,\"name\":\"VIE ACADEMIQUE\",\"item\":\"https:\\\/\\\/ujlog.edu.ci\\\/ufr-efc\\\/\"},{\"@type\":\"ListItem\",\"position\":3,\"name\":\"Centre de Formation Continue\"}]},{\"@type\":\"WebSite\",\"@id\":\"https:\\\/\\\/ujlog.edu.ci\\\/#website\",\"url\":\"https:\\\/\\\/ujlog.edu.ci\\\/\",\"name\":\"Universit\u00e9 Jean Lorougnon Gu\u00e9d\u00e9\",\"description\":\"Universit\u00e9 Jean Lorougnon Gu\u00e9d\u00e9\",\"potentialAction\":[{\"@type\":\"SearchAction\",\"target\":{\"@type\":\"EntryPoint\",\"urlTemplate\":\"https:\\\/\\\/ujlog.edu.ci\\\/?s={search_term_string}\"},\"query-input\":{\"@type\":\"PropertyValueSpecification\",\"valueRequired\":true,\"valueName\":\"search_term_string\"}}],\"inLanguage\":\"en-US\"}]}<\/script>\n<!-- \/ Yoast SEO plugin. -->","yoast_head_json":{"title":"Centre de Formation Continue - Universit\u00e9 Jean Lorougnon Gu\u00e9d\u00e9","robots":{"index":"index","follow":"follow","max-snippet":"max-snippet:-1","max-image-preview":"max-image-preview:large","max-video-preview":"max-video-preview:-1"},"canonical":"https:\/\/ujlog.edu.ci\/en\/ufr-efc\/centre-de-formation-continue\/","og_locale":"en_US","og_type":"article","og_title":"Centre de Formation Continue - Universit\u00e9 Jean Lorougnon Gu\u00e9d\u00e9","og_description":"L&rsquo;Ecole de Formation Continue (EFC) est un centre de l\u2019Universit\u00e9 Jean Lorougnon Gu\u00e9d\u00e9 de Daloa Mission du Centre de Formation Continue Cr\u00e9\u00e9e en 2014 soit deux ans apr\u00e8s la r\u00e9habilitation des universit\u00e9s ivoiriennes, l\u2019Ecole de Formation Continue du l\u2019Universit\u00e9 Jean &hellip;","og_url":"https:\/\/ujlog.edu.ci\/en\/ufr-efc\/centre-de-formation-continue\/","og_site_name":"Universit\u00e9 Jean Lorougnon Gu\u00e9d\u00e9","article_modified_time":"2024-01-11T15:34:43+00:00","og_image":[{"url":"https:\/\/ujlog.edu.ci\/wp-content\/uploads\/2023\/11\/Image2.png","type":"","width":"","height":""}],"twitter_card":"summary_large_image","twitter_misc":{"Est. reading time":"2 minutes"},"schema":{"@context":"https:\/\/schema.org","@graph":[{"@type":"WebPage","@id":"https:\/\/ujlog.edu.ci\/ufr-efc\/centre-de-formation-continue\/","url":"https:\/\/ujlog.edu.ci\/ufr-efc\/centre-de-formation-continue\/","name":"Centre de Formation Continue - Universit\u00e9 Jean Lorougnon Gu\u00e9d\u00e9","isPartOf":{"@id":"https:\/\/ujlog.edu.ci\/#website"},"primaryImageOfPage":{"@id":"https:\/\/ujlog.edu.ci\/ufr-efc\/centre-de-formation-continue\/#primaryimage"},"image":{"@id":"https:\/\/ujlog.edu.ci\/ufr-efc\/centre-de-formation-continue\/#primaryimage"},"thumbnailUrl":"https:\/\/ujlog.edu.ci\/wp-content\/uploads\/2023\/11\/Image2.png","datePublished":"2021-07-10T18:44:07+00:00","dateModified":"2024-01-11T15:34:43+00:00","breadcrumb":{"@id":"https:\/\/ujlog.edu.ci\/ufr-efc\/centre-de-formation-continue\/#breadcrumb"},"inLanguage":"en-US","potentialAction":[{"@type":"ReadAction","target":["https:\/\/ujlog.edu.ci\/ufr-efc\/centre-de-formation-continue\/"]}]},{"@type":"ImageObject","inLanguage":"en-US","@id":"https:\/\/ujlog.edu.ci\/ufr-efc\/centre-de-formation-continue\/#primaryimage","url":"https:\/\/ujlog.edu.ci\/wp-content\/uploads\/2023\/11\/Image2.png","contentUrl":"https:\/\/ujlog.edu.ci\/wp-content\/uploads\/2023\/11\/Image2.png"},{"@type":"BreadcrumbList","@id":"https:\/\/ujlog.edu.ci\/ufr-efc\/centre-de-formation-continue\/#breadcrumb","itemListElement":[{"@type":"ListItem","position":1,"name":"Accueil","item":"https:\/\/ujlog.edu.ci\/"},{"@type":"ListItem","position":2,"name":"VIE ACADEMIQUE","item":"https:\/\/ujlog.edu.ci\/ufr-efc\/"},{"@type":"ListItem","position":3,"name":"Centre de Formation Continue"}]},{"@type":"WebSite","@id":"https:\/\/ujlog.edu.ci\/#website","url":"https:\/\/ujlog.edu.ci\/","name":"Universit\u00e9 Jean Lorougnon Gu\u00e9d\u00e9","description":"Universit\u00e9 Jean Lorougnon Gu\u00e9d\u00e9","potentialAction":[{"@type":"SearchAction","target":{"@type":"EntryPoint","urlTemplate":"https:\/\/ujlog.edu.ci\/?s={search_term_string}"},"query-input":{"@type":"PropertyValueSpecification","valueRequired":true,"valueName":"search_term_string"}}],"inLanguage":"en-US"}]}},"uagb_featured_image_src":{"full":false,"thumbnail":false,"medium":false,"medium_large":false,"large":false,"1536x1536":false,"2048x2048":false,"trp-custom-language-flag":false,"course_thumbnail":false,"woocommerce_thumbnail":false,"woocommerce_single":false,"woocommerce_gallery_thumbnail":false},"uagb_author_info":{"display_name":"service communication","author_link":"https:\/\/ujlog.edu.ci\/en\/author\/service-communication\/"},"uagb_comment_info":0,"uagb_excerpt":"L&rsquo;Ecole de Formation Continue (EFC) est un centre de l\u2019Universit\u00e9 Jean Lorougnon Gu\u00e9d\u00e9 de Daloa Mission du Centre de Formation Continue Cr\u00e9\u00e9e en 2014 soit deux ans apr\u00e8s la r\u00e9habilitation des universit\u00e9s ivoiriennes, l\u2019Ecole de Formation Continue du l\u2019Universit\u00e9 Jean &hellip;","_links":{"self":[{"href":"https:\/\/ujlog.edu.ci\/en\/wp-json\/wp\/v2\/pages\/113","targetHints":{"allow":["GET"]}}],"collection":[{"href":"https:\/\/ujlog.edu.ci\/en\/wp-json\/wp\/v2\/pages"}],"about":[{"href":"https:\/\/ujlog.edu.ci\/en\/wp-json\/wp\/v2\/types\/page"}],"author":[{"embeddable":true,"href":"https:\/\/ujlog.edu.ci\/en\/wp-json\/wp\/v2\/users\/2"}],"replies":[{"embeddable":true,"href":"https:\/\/ujlog.edu.ci\/en\/wp-json\/wp\/v2\/comments?post=113"}],"version-history":[{"count":25,"href":"https:\/\/ujlog.edu.ci\/en\/wp-json\/wp\/v2\/pages\/113\/revisions"}],"predecessor-version":[{"id":5206,"href":"https:\/\/ujlog.edu.ci\/en\/wp-json\/wp\/v2\/pages\/113\/revisions\/5206"}],"up":[{"embeddable":true,"href":"https:\/\/ujlog.edu.ci\/en\/wp-json\/wp\/v2\/pages\/66"}],"wp:attachment":[{"href":"https:\/\/ujlog.edu.ci\/en\/wp-json\/wp\/v2\/media?parent=113"}],"curies":[{"name":"wp","href":"https:\/\/api.w.org\/{rel}","templated":true}]}}