{"id":106,"date":"2021-07-10T18:38:58","date_gmt":"2021-07-10T18:38:58","guid":{"rendered":"https:\/\/ujlog.ci\/?page_id=106"},"modified":"2023-12-12T08:27:18","modified_gmt":"2023-12-12T08:27:18","slug":"modalite-concernant-la-scolarite","status":"publish","type":"page","link":"https:\/\/ujlog.edu.ci\/en\/ufr-efc\/scolarite\/modalite-concernant-la-scolarite\/","title":{"rendered":"Pi\u00e8ce \u00e0 fournir pour les demandes d&rsquo;actes acad\u00e9miques"},"content":{"rendered":"<h2><strong>Pi\u00e8ce \u00e0 fournir pour les demandes d&rsquo;actes acad\u00e9miques<\/strong><\/h2>\n<blockquote>\n<ul>\n<li>\n<h4><strong>Certificat de scolarit\u00e9 ou Relev\u00e9 de notes<\/strong><\/h4>\n<\/li>\n<\/ul>\n<\/blockquote>\n<p>&#8211;\u00a0 \u00a0 \u00a0 \u00a0 \u00a0Photocopie du r\u00e9c\u00e9piss\u00e9 jaune d\u2019inscription ou de la carte d\u2019\u00e9tudiant.<\/p>\n<blockquote>\n<ul>\n<li>\n<h4><strong>Certificat d\u2019admission \u00e0 la LICENCE<\/strong><\/h4>\n<\/li>\n<\/ul>\n<\/blockquote>\n<p>&#8211;\u00a0 \u00a0 \u00a0 \u00a0 \u00a0Photocopies des r\u00e9c\u00e9piss\u00e9s jaunes d\u2019inscription ou de la carte d\u2019\u00e9tudiant.<\/p>\n<p>&#8211;\u00a0 \u00a0 \u00a0 \u00a0 \u00a0Photocopie du relev\u00e9 de notes de la Licence 1, de la Licence 2 et de la Licence 3 ou l\u2019original de l\u2019attestation provisoire de r\u00e9ussite \u00e0 la Licence.<\/p>\n<blockquote>\n<ul>\n<li>\n<h4><strong>Certificat d\u2019admission au MASTER<\/strong><\/h4>\n<\/li>\n<\/ul>\n<\/blockquote>\n<p>&#8211;\u00a0 \u00a0 \u00a0 \u00a0 Photocopies des r\u00e9c\u00e9piss\u00e9s jaunes d\u2019inscription ou de la carte d\u2019\u00e9tudiant.<\/p>\n<p>&#8211;\u00a0 \u00a0 \u00a0 \u00a0 Photocopie du relev\u00e9 de notes du Master 1 et du Master 2.<\/p>\n<p>&#8211;\u00a0 \u00a0 \u00a0 \u00a0 Photocopie de l\u2019attestation provisoire de r\u00e9ussite ou du certificat d\u2019admission \u00e0 la Licence ou l\u2019original de l\u2019attestation provisoire de r\u00e9ussite au Master.<\/p>\n<blockquote>\n<ul>\n<li>\n<h4><strong>Certificat d\u2019admission au DOCTORAT<\/strong><\/h4>\n<\/li>\n<\/ul>\n<\/blockquote>\n<p>&#8211;\u00a0 \u00a0 \u00a0 \u00a0 Deux copies imprim\u00e9es de la th\u00e8se.<\/p>\n<p>&#8211;\u00a0\u00a0\u00a0\u00a0\u00a0\u00a0\u00a0\u00a0Une demande manuscrite adress\u00e9e \u00e0 la Pr\u00e9sidente de l\u2019universit\u00e9.<\/p>\n<p>&#8211;\u00a0\u00a0\u00a0\u00a0\u00a0\u00a0\u00a0\u00a0La version num\u00e9rique au format PDF de la th\u00e8se.<\/p>\n<p>&#8211;\u00a0\u00a0\u00a0\u00a0\u00a0\u00a0\u00a0\u00a0Le quitus du Chef de Service de la Documentation et de l\u2019Information Scientifique de l\u2019Universit\u00e9.<\/p>","protected":false},"excerpt":{"rendered":"<p>Pi\u00e8ce \u00e0 fournir pour les demandes d&rsquo;actes acad\u00e9miques Certificat de scolarit\u00e9 ou Relev\u00e9 de notes &#8211;\u00a0 \u00a0 \u00a0 \u00a0 \u00a0Photocopie du r\u00e9c\u00e9piss\u00e9 jaune d\u2019inscription ou de la carte d\u2019\u00e9tudiant. Certificat d\u2019admission \u00e0 la LICENCE &#8211;\u00a0 \u00a0 \u00a0 \u00a0 \u00a0Photocopies des &hellip; <\/p>","protected":false},"author":2,"featured_media":0,"parent":90,"menu_order":2,"comment_status":"closed","ping_status":"closed","template":"","meta":{"_uag_custom_page_level_css":"","_monsterinsights_skip_tracking":false,"_monsterinsights_sitenote_active":false,"_monsterinsights_sitenote_note":"","_monsterinsights_sitenote_category":0,"_themeisle_gutenberg_block_has_review":false,"footnotes":""},"class_list":["post-106","page","type-page","status-publish","hentry"],"yoast_head":"<!-- This site is optimized with the Yoast SEO plugin v27.6 - https:\/\/yoast.com\/product\/yoast-seo-wordpress\/ -->\n<title>Pi\u00e8ce \u00e0 fournir pour les demandes d&#039;actes acad\u00e9miques - Universit\u00e9 Jean Lorougnon Gu\u00e9d\u00e9<\/title>\n<meta name=\"robots\" content=\"index, follow, max-snippet:-1, max-image-preview:large, max-video-preview:-1\" \/>\n<link rel=\"canonical\" href=\"https:\/\/ujlog.edu.ci\/en\/ufr-efc\/scolarite\/modalite-concernant-la-scolarite\/\" \/>\n<meta property=\"og:locale\" content=\"en_US\" \/>\n<meta property=\"og:type\" content=\"article\" \/>\n<meta property=\"og:title\" content=\"Pi\u00e8ce \u00e0 fournir pour les demandes d&#039;actes acad\u00e9miques - Universit\u00e9 Jean Lorougnon Gu\u00e9d\u00e9\" \/>\n<meta property=\"og:description\" content=\"Pi\u00e8ce \u00e0 fournir pour les demandes d&rsquo;actes acad\u00e9miques Certificat de scolarit\u00e9 ou Relev\u00e9 de notes &#8211;\u00a0 \u00a0 \u00a0 \u00a0 \u00a0Photocopie du r\u00e9c\u00e9piss\u00e9 jaune d\u2019inscription ou de la carte d\u2019\u00e9tudiant. Certificat d\u2019admission \u00e0 la LICENCE &#8211;\u00a0 \u00a0 \u00a0 \u00a0 \u00a0Photocopies des &hellip;\" \/>\n<meta property=\"og:url\" content=\"https:\/\/ujlog.edu.ci\/en\/ufr-efc\/scolarite\/modalite-concernant-la-scolarite\/\" \/>\n<meta property=\"og:site_name\" content=\"Universit\u00e9 Jean Lorougnon Gu\u00e9d\u00e9\" \/>\n<meta property=\"article:modified_time\" content=\"2023-12-12T08:27:18+00:00\" \/>\n<meta name=\"twitter:card\" content=\"summary_large_image\" \/>\n<meta name=\"twitter:label1\" content=\"Est. reading time\" \/>\n\t<meta name=\"twitter:data1\" content=\"1 minute\" \/>\n<script type=\"application\/ld+json\" class=\"yoast-schema-graph\">{\"@context\":\"https:\\\/\\\/schema.org\",\"@graph\":[{\"@type\":\"WebPage\",\"@id\":\"https:\\\/\\\/ujlog.edu.ci\\\/ufr-efc\\\/scolarite\\\/modalite-concernant-la-scolarite\\\/\",\"url\":\"https:\\\/\\\/ujlog.edu.ci\\\/ufr-efc\\\/scolarite\\\/modalite-concernant-la-scolarite\\\/\",\"name\":\"Pi\u00e8ce \u00e0 fournir pour les demandes d'actes acad\u00e9miques - Universit\u00e9 Jean Lorougnon Gu\u00e9d\u00e9\",\"isPartOf\":{\"@id\":\"https:\\\/\\\/ujlog.edu.ci\\\/#website\"},\"datePublished\":\"2021-07-10T18:38:58+00:00\",\"dateModified\":\"2023-12-12T08:27:18+00:00\",\"breadcrumb\":{\"@id\":\"https:\\\/\\\/ujlog.edu.ci\\\/ufr-efc\\\/scolarite\\\/modalite-concernant-la-scolarite\\\/#breadcrumb\"},\"inLanguage\":\"en-US\",\"potentialAction\":[{\"@type\":\"ReadAction\",\"target\":[\"https:\\\/\\\/ujlog.edu.ci\\\/ufr-efc\\\/scolarite\\\/modalite-concernant-la-scolarite\\\/\"]}]},{\"@type\":\"BreadcrumbList\",\"@id\":\"https:\\\/\\\/ujlog.edu.ci\\\/ufr-efc\\\/scolarite\\\/modalite-concernant-la-scolarite\\\/#breadcrumb\",\"itemListElement\":[{\"@type\":\"ListItem\",\"position\":1,\"name\":\"Accueil\",\"item\":\"https:\\\/\\\/ujlog.edu.ci\\\/\"},{\"@type\":\"ListItem\",\"position\":2,\"name\":\"VIE ACADEMIQUE\",\"item\":\"https:\\\/\\\/ujlog.edu.ci\\\/ufr-efc\\\/\"},{\"@type\":\"ListItem\",\"position\":3,\"name\":\"Scolarit\u00e9\",\"item\":\"https:\\\/\\\/ujlog.edu.ci\\\/ufr-efc\\\/scolarite\\\/\"},{\"@type\":\"ListItem\",\"position\":4,\"name\":\"Pi\u00e8ce \u00e0 fournir pour les demandes d&rsquo;actes acad\u00e9miques\"}]},{\"@type\":\"WebSite\",\"@id\":\"https:\\\/\\\/ujlog.edu.ci\\\/#website\",\"url\":\"https:\\\/\\\/ujlog.edu.ci\\\/\",\"name\":\"Universit\u00e9 Jean Lorougnon Gu\u00e9d\u00e9\",\"description\":\"Universit\u00e9 Jean Lorougnon Gu\u00e9d\u00e9\",\"potentialAction\":[{\"@type\":\"SearchAction\",\"target\":{\"@type\":\"EntryPoint\",\"urlTemplate\":\"https:\\\/\\\/ujlog.edu.ci\\\/?s={search_term_string}\"},\"query-input\":{\"@type\":\"PropertyValueSpecification\",\"valueRequired\":true,\"valueName\":\"search_term_string\"}}],\"inLanguage\":\"en-US\"}]}<\/script>\n<!-- \/ Yoast SEO plugin. -->","yoast_head_json":{"title":"Pi\u00e8ce \u00e0 fournir pour les demandes d'actes acad\u00e9miques - Universit\u00e9 Jean Lorougnon Gu\u00e9d\u00e9","robots":{"index":"index","follow":"follow","max-snippet":"max-snippet:-1","max-image-preview":"max-image-preview:large","max-video-preview":"max-video-preview:-1"},"canonical":"https:\/\/ujlog.edu.ci\/en\/ufr-efc\/scolarite\/modalite-concernant-la-scolarite\/","og_locale":"en_US","og_type":"article","og_title":"Pi\u00e8ce \u00e0 fournir pour les demandes d'actes acad\u00e9miques - Universit\u00e9 Jean Lorougnon Gu\u00e9d\u00e9","og_description":"Pi\u00e8ce \u00e0 fournir pour les demandes d&rsquo;actes acad\u00e9miques Certificat de scolarit\u00e9 ou Relev\u00e9 de notes &#8211;\u00a0 \u00a0 \u00a0 \u00a0 \u00a0Photocopie du r\u00e9c\u00e9piss\u00e9 jaune d\u2019inscription ou de la carte d\u2019\u00e9tudiant. Certificat d\u2019admission \u00e0 la LICENCE &#8211;\u00a0 \u00a0 \u00a0 \u00a0 \u00a0Photocopies des &hellip;","og_url":"https:\/\/ujlog.edu.ci\/en\/ufr-efc\/scolarite\/modalite-concernant-la-scolarite\/","og_site_name":"Universit\u00e9 Jean Lorougnon Gu\u00e9d\u00e9","article_modified_time":"2023-12-12T08:27:18+00:00","twitter_card":"summary_large_image","twitter_misc":{"Est. reading time":"1 minute"},"schema":{"@context":"https:\/\/schema.org","@graph":[{"@type":"WebPage","@id":"https:\/\/ujlog.edu.ci\/ufr-efc\/scolarite\/modalite-concernant-la-scolarite\/","url":"https:\/\/ujlog.edu.ci\/ufr-efc\/scolarite\/modalite-concernant-la-scolarite\/","name":"Pi\u00e8ce \u00e0 fournir pour les demandes d'actes acad\u00e9miques - Universit\u00e9 Jean Lorougnon Gu\u00e9d\u00e9","isPartOf":{"@id":"https:\/\/ujlog.edu.ci\/#website"},"datePublished":"2021-07-10T18:38:58+00:00","dateModified":"2023-12-12T08:27:18+00:00","breadcrumb":{"@id":"https:\/\/ujlog.edu.ci\/ufr-efc\/scolarite\/modalite-concernant-la-scolarite\/#breadcrumb"},"inLanguage":"en-US","potentialAction":[{"@type":"ReadAction","target":["https:\/\/ujlog.edu.ci\/ufr-efc\/scolarite\/modalite-concernant-la-scolarite\/"]}]},{"@type":"BreadcrumbList","@id":"https:\/\/ujlog.edu.ci\/ufr-efc\/scolarite\/modalite-concernant-la-scolarite\/#breadcrumb","itemListElement":[{"@type":"ListItem","position":1,"name":"Accueil","item":"https:\/\/ujlog.edu.ci\/"},{"@type":"ListItem","position":2,"name":"VIE ACADEMIQUE","item":"https:\/\/ujlog.edu.ci\/ufr-efc\/"},{"@type":"ListItem","position":3,"name":"Scolarit\u00e9","item":"https:\/\/ujlog.edu.ci\/ufr-efc\/scolarite\/"},{"@type":"ListItem","position":4,"name":"Pi\u00e8ce \u00e0 fournir pour les demandes d&rsquo;actes acad\u00e9miques"}]},{"@type":"WebSite","@id":"https:\/\/ujlog.edu.ci\/#website","url":"https:\/\/ujlog.edu.ci\/","name":"Universit\u00e9 Jean Lorougnon Gu\u00e9d\u00e9","description":"Universit\u00e9 Jean Lorougnon Gu\u00e9d\u00e9","potentialAction":[{"@type":"SearchAction","target":{"@type":"EntryPoint","urlTemplate":"https:\/\/ujlog.edu.ci\/?s={search_term_string}"},"query-input":{"@type":"PropertyValueSpecification","valueRequired":true,"valueName":"search_term_string"}}],"inLanguage":"en-US"}]}},"uagb_featured_image_src":{"full":false,"thumbnail":false,"medium":false,"medium_large":false,"large":false,"1536x1536":false,"2048x2048":false,"trp-custom-language-flag":false,"course_thumbnail":false,"woocommerce_thumbnail":false,"woocommerce_single":false,"woocommerce_gallery_thumbnail":false},"uagb_author_info":{"display_name":"service communication","author_link":"https:\/\/ujlog.edu.ci\/en\/author\/service-communication\/"},"uagb_comment_info":0,"uagb_excerpt":"Pi\u00e8ce \u00e0 fournir pour les demandes d&rsquo;actes acad\u00e9miques Certificat de scolarit\u00e9 ou Relev\u00e9 de notes &#8211;\u00a0 \u00a0 \u00a0 \u00a0 \u00a0Photocopie du r\u00e9c\u00e9piss\u00e9 jaune d\u2019inscription ou de la carte d\u2019\u00e9tudiant. Certificat d\u2019admission \u00e0 la LICENCE &#8211;\u00a0 \u00a0 \u00a0 \u00a0 \u00a0Photocopies des &hellip;","_links":{"self":[{"href":"https:\/\/ujlog.edu.ci\/en\/wp-json\/wp\/v2\/pages\/106","targetHints":{"allow":["GET"]}}],"collection":[{"href":"https:\/\/ujlog.edu.ci\/en\/wp-json\/wp\/v2\/pages"}],"about":[{"href":"https:\/\/ujlog.edu.ci\/en\/wp-json\/wp\/v2\/types\/page"}],"author":[{"embeddable":true,"href":"https:\/\/ujlog.edu.ci\/en\/wp-json\/wp\/v2\/users\/2"}],"replies":[{"embeddable":true,"href":"https:\/\/ujlog.edu.ci\/en\/wp-json\/wp\/v2\/comments?post=106"}],"version-history":[{"count":6,"href":"https:\/\/ujlog.edu.ci\/en\/wp-json\/wp\/v2\/pages\/106\/revisions"}],"predecessor-version":[{"id":3112,"href":"https:\/\/ujlog.edu.ci\/en\/wp-json\/wp\/v2\/pages\/106\/revisions\/3112"}],"up":[{"embeddable":true,"href":"https:\/\/ujlog.edu.ci\/en\/wp-json\/wp\/v2\/pages\/90"}],"wp:attachment":[{"href":"https:\/\/ujlog.edu.ci\/en\/wp-json\/wp\/v2\/media?parent=106"}],"curies":[{"name":"wp","href":"https:\/\/api.w.org\/{rel}","templated":true}]}}