{"id":104,"date":"2021-07-10T18:38:22","date_gmt":"2021-07-10T18:38:22","guid":{"rendered":"https:\/\/ujlog.ci\/?page_id=104"},"modified":"2025-09-09T07:51:02","modified_gmt":"2025-09-09T07:51:02","slug":"inscription-et-reinscription","status":"publish","type":"page","link":"https:\/\/ujlog.edu.ci\/en\/ufr-efc\/scolarite\/inscription-et-reinscription\/","title":{"rendered":"Inscription et R\u00e9inscription"},"content":{"rendered":"<div data-elementor-type=\"wp-page\" data-elementor-id=\"104\" class=\"elementor elementor-104\">\n\t\t\t\t\t\t<section class=\"elementor-section elementor-top-section elementor-element elementor-element-76d233a elementor-section-boxed elementor-section-height-default elementor-section-height-default\" data-id=\"76d233a\" data-element_type=\"section\" data-e-type=\"section\">\n\t\t\t\t\t\t<div class=\"elementor-container elementor-column-gap-default\">\n\t\t\t\t\t<div class=\"elementor-column elementor-col-50 elementor-top-column elementor-element elementor-element-abe5ddf\" data-id=\"abe5ddf\" data-element_type=\"column\" data-e-type=\"column\">\n\t\t\t<div class=\"elementor-widget-wrap elementor-element-populated\">\n\t\t\t\t\t\t<div class=\"elementor-element elementor-element-5864535 elementor-widget elementor-widget-image\" data-id=\"5864535\" data-element_type=\"widget\" data-e-type=\"widget\" data-widget_type=\"image.default\">\n\t\t\t\t<div class=\"elementor-widget-container\">\n\t\t\t\t\t\t\t\t\t\t\t\t<figure class=\"wp-caption\">\n\t\t\t\t\t\t\t\t\t\t\t<a href=\"https:\/\/inscription.mesrs-ci.net\/inscription\/paiement\" target=\"_blank\">\n\t\t\t\t\t\t\t<img fetchpriority=\"high\" decoding=\"async\" width=\"480\" height=\"480\" src=\"https:\/\/ujlog.edu.ci\/wp-content\/uploads\/2023\/12\/giphy-2.gif\" class=\"attachment-medium_large size-medium_large wp-image-4849\" alt=\"\" \/>\t\t\t\t\t\t\t\t<\/a>\n\t\t\t\t\t\t\t\t\t\t\t<figcaption class=\"widget-image-caption wp-caption-text\">Inscrivez vous maintenant<\/figcaption>\n\t\t\t\t\t\t\t\t\t\t<\/figure>\n\t\t\t\t\t\t\t\t\t<\/div>\n\t\t\t\t<\/div>\n\t\t\t\t\t<\/div>\n\t\t<\/div>\n\t\t\t\t<div class=\"elementor-column elementor-col-50 elementor-top-column elementor-element elementor-element-2bf8368\" data-id=\"2bf8368\" data-element_type=\"column\" data-e-type=\"column\">\n\t\t\t<div class=\"elementor-widget-wrap elementor-element-populated\">\n\t\t\t\t\t\t<div class=\"elementor-element elementor-element-700da84 elementor-button-info elementor-align-center elementor-widget elementor-widget-button\" data-id=\"700da84\" data-element_type=\"widget\" data-e-type=\"widget\" data-widget_type=\"button.default\">\n\t\t\t\t<div class=\"elementor-widget-container\">\n\t\t\t\t\t\t\t\t\t<div class=\"elementor-button-wrapper\">\n\t\t\t\t\t<a class=\"elementor-button elementor-button-link elementor-size-sm\" href=\"https:\/\/ujlog.edu.ci\/en\/finalisation-dinscription\/\" target=\"_blank\">\n\t\t\t\t\t\t<span class=\"elementor-button-content-wrapper\">\n\t\t\t\t\t\t<span class=\"elementor-button-icon\">\n\t\t\t\t<i aria-hidden=\"true\" class=\"far fa-hand-point-right\"><\/i>\t\t\t<\/span>\n\t\t\t\t\t\t\t\t\t<span class=\"elementor-button-text\">Finalistation d'inscription<\/span>\n\t\t\t\t\t<\/span>\n\t\t\t\t\t<\/a>\n\t\t\t\t<\/div>\n\t\t\t\t\t\t\t\t<\/div>\n\t\t\t\t<\/div>\n\t\t\t\t\t<\/div>\n\t\t<\/div>\n\t\t\t\t\t<\/div>\n\t\t<\/section>\n\t\t\t\t<section class=\"elementor-section elementor-top-section elementor-element elementor-element-3e2155ea elementor-section-boxed elementor-section-height-default elementor-section-height-default\" data-id=\"3e2155ea\" data-element_type=\"section\" data-e-type=\"section\">\n\t\t\t\t\t\t<div class=\"elementor-container elementor-column-gap-default\">\n\t\t\t\t\t<div class=\"elementor-column elementor-col-100 elementor-top-column elementor-element elementor-element-71a54cfc\" data-id=\"71a54cfc\" data-element_type=\"column\" data-e-type=\"column\">\n\t\t\t<div class=\"elementor-widget-wrap elementor-element-populated\">\n\t\t\t\t\t\t<div class=\"elementor-element elementor-element-18a103ff elementor-widget elementor-widget-text-editor\" data-id=\"18a103ff\" data-element_type=\"widget\" data-e-type=\"widget\" data-widget_type=\"text-editor.default\">\n\t\t\t\t<div class=\"elementor-widget-container\">\n\t\t\t\t\t\t\t\t\t<p><\/p>\n<div class=\"wp-block-columns is-layout-flex wp-container-core-columns-is-layout-9d6595d7 wp-block-columns-is-layout-flex\">\n<p><\/p>\n<div class=\"wp-block-column is-layout-flow wp-block-column-is-layout-flow\">\n<p><\/p>\n<\/div>\n<p><\/p>\n<div class=\"wp-block-column\">\u00a0<\/div>\n<p><\/p>\n<\/div>\n<p><!-- \/wp:columns --><\/p>\n<blockquote>\n<h2><strong data-rich-text-format-boundary=\"true\">Inscription ou r\u00e9inscription administrative<\/strong><\/h2>\n<\/blockquote>\n<p><!-- wp:paragraph --><\/p>\n<p>L\u2019inscription ou la r\u00e9inscription administrative est annuelle, obligatoire et personnelle. Elle donne la qualit\u00e9 ou le statut d\u2019\u00e9tudiant et permet l\u2019inscription p\u00e9dagogique. Toute personne non inscrite n\u2019est pas autoris\u00e9e \u00e0 participer aux travaux dirig\u00e9s (TD), travaux pratiques (TP) et examens. Elle s\u2019effectue selon le calendrier \u00e9tabli par la Scolarit\u00e9 Centrale de l\u2019Universit\u00e9.<\/p>\n<p>\u00a0<\/p>\n<p><!-- \/wp:paragraph --><\/p>\n<p><!-- wp:list --><\/p>\n<ul>\n<li style=\"list-style-type: none;\">\n<ul><!-- wp:list-item --><\/ul>\n<\/li>\n<\/ul>\n<ul>\n<li style=\"list-style-type: none;\">\n<ul>\n<li>Proc\u00e9dure de l\u2019inscription\u00a0<\/li>\n<\/ul>\n<\/li>\n<\/ul>\n<p><!-- \/wp:list-item --><\/p>\n<p><!-- \/wp:list --><\/p>\n<p><!-- wp:paragraph --><\/p>\n<p>L\u2019inscription concerne les bacheliers nouvellement orient\u00e9s \u00e0 l\u2019Universit\u00e9 Jean Lorougnon Gu\u00e9d\u00e9. Elle se d\u00e9roule sur la plateforme du minist\u00e8re. La proc\u00e9dure se pr\u00e9sente comme suit\u00a0:<\/p>\n<p><!-- \/wp:paragraph --><\/p>\n<p><!-- wp:list --><\/p>\n<ul>\n<li style=\"list-style-type: none;\">\n<ul><!-- wp:list-item --><\/ul>\n<\/li>\n<\/ul>\n<ul>\n<li style=\"list-style-type: none;\">\n<ul>\n<li>Paiement en ligne via les t\u00e9l\u00e9phones mobiles, un code de paiement est d\u00e9livr\u00e9 \u00e0 l\u2019int\u00e9ress\u00e9\u00a0;<\/li>\n<\/ul>\n<\/li>\n<\/ul>\n<p><!-- \/wp:list-item --><\/p>\n<p><!-- wp:list-item --><\/p>\n<ul>\n<li style=\"list-style-type: none;\">\n<ul>\n<li>Rendez-vous sur le site du minist\u00e8re muni du code de paiement, du num\u00e9ro de paiement et du matricule MESRS pour l\u2019inscription en ligne\u00a0;<\/li>\n<\/ul>\n<\/li>\n<\/ul>\n<p><!-- \/wp:list-item --><\/p>\n<p><!-- wp:list-item --><\/p>\n<ul>\n<li style=\"list-style-type: none;\">\n<ul>\n<li>Impression de la fiche d\u2019inscription en ligne\u00a0;\u00a0<\/li>\n<\/ul>\n<\/li>\n<\/ul>\n<p><!-- \/wp:list-item --><\/p>\n<p><!-- wp:list-item --><\/p>\n<ul>\n<li style=\"list-style-type: none;\">\n<ul>\n<li>Rendez-vous \u00e0 la scolarit\u00e9 de l\u2019universit\u00e9 muni de la fiche d\u2019inscription pour la validation de l\u2019inscription\u00a0;<\/li>\n<\/ul>\n<\/li>\n<\/ul>\n<p><!-- \/wp:list-item --><\/p>\n<p><!-- wp:list-item --><\/p>\n<ul>\n<li style=\"list-style-type: none;\">\n<ul>\n<li>D\u00e9livrance du r\u00e9c\u00e9piss\u00e9 jaune par la scolarit\u00e9 apr\u00e8s v\u00e9rification des documents administratifs fournis par l\u2019\u00e9tudiant.<\/li>\n<\/ul>\n<\/li>\n<\/ul>\n<p><!-- \/wp:list-item --><\/p>\n<p><!-- \/wp:list --><\/p>\n<p><!-- wp:paragraph --><\/p>\n<p>La premi\u00e8re inscription \u00e0 l\u2019Universit\u00e9 Jean Lorougnon Gu\u00e9d\u00e9 n\u00e9cessite les pi\u00e8ces suivantes\u00a0:<\/p>\n<p><!-- \/wp:paragraph --><\/p>\n<p><!-- wp:list --><\/p>\n<ul>\n<li style=\"list-style-type: none;\">\n<ul><!-- wp:list-item --><\/ul>\n<\/li>\n<\/ul>\n<ul>\n<li style=\"list-style-type: none;\">\n<ul>\n<li>une photocopie l\u00e9galis\u00e9e du Baccalaur\u00e9at ;\u00a0<\/li>\n<\/ul>\n<\/li>\n<\/ul>\n<p><!-- \/wp:list-item --><\/p>\n<p><!-- wp:list-item --><\/p>\n<ul>\n<li style=\"list-style-type: none;\">\n<ul>\n<li>un extrait d\u2019acte de naissance original de moins d\u2019un an\u00a0;<\/li>\n<\/ul>\n<\/li>\n<\/ul>\n<p><!-- \/wp:list-item --><\/p>\n<p><!-- wp:list-item --><\/p>\n<ul>\n<li style=\"list-style-type: none;\">\n<ul>\n<li>une photocopie de la pi\u00e8ce nationale d\u2019identit\u00e9 ou de l\u2019attestation d\u2019identit\u00e9\u00a0;<\/li>\n<\/ul>\n<\/li>\n<\/ul>\n<p><!-- \/wp:list-item --><\/p>\n<p><!-- wp:list-item --><\/p>\n<ul>\n<li style=\"list-style-type: none;\">\n<ul>\n<li>l\u2019imprim\u00e9 de la fiche d\u2019inscription en ligne\u00a0;<\/li>\n<\/ul>\n<\/li>\n<\/ul>\n<p><!-- \/wp:list-item --><\/p>\n<p><!-- wp:list-item --><\/p>\n<ul>\n<li style=\"list-style-type: none;\">\n<ul>\n<li>une autorisation parentale pour les \u00e9tudiants \u00e2g\u00e9s de moins de 18 ans\u00a0;<\/li>\n<\/ul>\n<\/li>\n<\/ul>\n<p><!-- \/wp:list-item --><\/p>\n<p><!-- wp:list-item --><\/p>\n<ul>\n<li style=\"list-style-type: none;\">\n<ul>\n<li>Six (6) photos d\u2019identit\u00e9.<\/li>\n<\/ul>\n<\/li>\n<\/ul>\n<p><!-- \/wp:list-item --><\/p>\n<p><!-- \/wp:list --><\/p>\n<p><!-- wp:paragraph --><\/p>\n<p><em>Les personnes ayant b\u00e9n\u00e9fici\u00e9 d\u2019une \u00e9quivalence doivent fournir en plus des \u00e9l\u00e9ments \u00e9num\u00e9r\u00e9s ci-dessus, une copie de la d\u00e9cision d\u2019\u00e9quivalence permettant leur inscription \u00e0 l\u2019Universit\u00e9 Jean Lorougnon Gu\u00e9d\u00e9.<\/em><\/p>\n<p><!-- \/wp:paragraph --><\/p>\n<p><!-- wp:list --><\/p>\n<ul>\n<li style=\"list-style-type: none;\">\n<ul><!-- wp:list-item --><\/ul>\n<\/li>\n<\/ul>\n<ul>\n<li style=\"list-style-type: none;\">\n<ul>\n<li>Proc\u00e9dure de r\u00e9inscriptions<\/li>\n<\/ul>\n<\/li>\n<\/ul>\n<p><!-- \/wp:list-item --><\/p>\n<p><!-- \/wp:list --><\/p>\n<p><!-- wp:paragraph --><\/p>\n<p>La r\u00e9inscription concerne les anciens \u00e9tudiants et se d\u00e9roule comme suit\u00a0:<\/p>\n<p><!-- \/wp:paragraph --><\/p>\n<p><!-- wp:list --><\/p>\n<ul>\n<li style=\"list-style-type: none;\">\n<ul><!-- wp:list-item --><\/ul>\n<\/li>\n<\/ul>\n<ul>\n<li style=\"list-style-type: none;\">\n<ul>\n<li>Allez sur le site<a href=\"http:\/\/ujlog.genie-ci.net\/\"><strong>http:\/\/ujlog.genie-ci.net\/<\/strong><\/a> puis cliquez sur l\u2019onglet \u00ab\u00a0<strong>CLIQUER POUR VOUS REINSCRIRE\u00a0\u00bb <\/strong>;<\/li>\n<\/ul>\n<\/li>\n<\/ul>\n<p><!-- \/wp:list-item --><\/p>\n<p><!-- wp:list-item --><\/p>\n<ul>\n<li style=\"list-style-type: none;\">\n<ul>\n<li>Renseignez les informations vous concernant\u00a0;\u00a0<\/li>\n<\/ul>\n<\/li>\n<\/ul>\n<p><!-- \/wp:list-item --><\/p>\n<p><!-- wp:list-item --><\/p>\n<ul>\n<li style=\"list-style-type: none;\">\n<ul>\n<li>Scannez votre photo couleur au format indiqu\u00e9 ;<\/li>\n<\/ul>\n<\/li>\n<\/ul>\n<p><!-- \/wp:list-item --><\/p>\n<p><!-- wp:list-item --><\/p>\n<ul>\n<li style=\"list-style-type: none;\">\n<ul>\n<li>Validez les informations et imprimez votre fiche de paiement en trois exemplaires.<\/li>\n<\/ul>\n<\/li>\n<\/ul>\n<p><!-- \/wp:list-item --><\/p>\n<p><!-- wp:list-item --><\/p>\n<ul>\n<li style=\"list-style-type: none;\">\n<ul>\n<li>Payez les frais de r\u00e9inscription soit au tr\u00e9sor soit en ligne par Mobile Money<\/li>\n<\/ul>\n<\/li>\n<\/ul>\n<p><!-- \/wp:list-item --><\/p>\n<p><!-- \/wp:list --><\/p>\n<p><!-- wp:paragraph --><\/p>\n<p>Rendez-vous \u00e0 la scolarit\u00e9 muni d\u2019une copie de votre fiche de paiement et de l\u2019original de la quittance ou une copie de votre re\u00e7u de paiement en ligne pour le retrait de votre r\u00e9c\u00e9piss\u00e9 de r\u00e9inscription.<\/p>\n<p><!-- \/wp:paragraph --><\/p>\t\t\t\t\t\t\t\t<\/div>\n\t\t\t\t<\/div>\n\t\t\t\t\t<\/div>\n\t\t<\/div>\n\t\t\t\t\t<\/div>\n\t\t<\/section>\n\t\t\t\t<\/div>","protected":false},"excerpt":{"rendered":"<p>Inscrivez vous maintenant Finalistation d&rsquo;inscription Inscription ou r\u00e9inscription administrative L\u2019inscription ou la r\u00e9inscription administrative est annuelle, obligatoire et personnelle. Elle donne la qualit\u00e9 ou le statut d\u2019\u00e9tudiant et permet l\u2019inscription p\u00e9dagogique. Toute personne non inscrite n\u2019est pas autoris\u00e9e \u00e0 participer &hellip; <\/p>","protected":false},"author":2,"featured_media":0,"parent":90,"menu_order":1,"comment_status":"closed","ping_status":"closed","template":"","meta":{"_uag_custom_page_level_css":"","_monsterinsights_skip_tracking":false,"_monsterinsights_sitenote_active":false,"_monsterinsights_sitenote_note":"","_monsterinsights_sitenote_category":0,"_themeisle_gutenberg_block_has_review":false,"footnotes":""},"class_list":["post-104","page","type-page","status-publish","hentry"],"yoast_head":"<!-- This site is optimized with the Yoast SEO plugin v27.6 - https:\/\/yoast.com\/product\/yoast-seo-wordpress\/ -->\n<title>Inscription et R\u00e9inscription - Universit\u00e9 Jean Lorougnon Gu\u00e9d\u00e9<\/title>\n<meta name=\"robots\" content=\"index, follow, max-snippet:-1, max-image-preview:large, max-video-preview:-1\" \/>\n<link rel=\"canonical\" href=\"https:\/\/ujlog.edu.ci\/en\/ufr-efc\/scolarite\/inscription-et-reinscription\/\" \/>\n<meta property=\"og:locale\" content=\"en_US\" \/>\n<meta property=\"og:type\" content=\"article\" \/>\n<meta property=\"og:title\" content=\"Inscription et R\u00e9inscription - Universit\u00e9 Jean Lorougnon Gu\u00e9d\u00e9\" \/>\n<meta property=\"og:description\" content=\"Inscrivez vous maintenant Finalistation d&rsquo;inscription Inscription ou r\u00e9inscription administrative L\u2019inscription ou la r\u00e9inscription administrative est annuelle, obligatoire et personnelle. Elle donne la qualit\u00e9 ou le statut d\u2019\u00e9tudiant et permet l\u2019inscription p\u00e9dagogique. Toute personne non inscrite n\u2019est pas autoris\u00e9e \u00e0 participer &hellip;\" \/>\n<meta property=\"og:url\" content=\"https:\/\/ujlog.edu.ci\/en\/ufr-efc\/scolarite\/inscription-et-reinscription\/\" \/>\n<meta property=\"og:site_name\" content=\"Universit\u00e9 Jean Lorougnon Gu\u00e9d\u00e9\" \/>\n<meta property=\"article:modified_time\" content=\"2025-09-09T07:51:02+00:00\" \/>\n<meta property=\"og:image\" content=\"https:\/\/ujlog.edu.ci\/wp-content\/uploads\/2023\/12\/giphy-2.gif\" \/>\n<meta name=\"twitter:card\" content=\"summary_large_image\" \/>\n<meta name=\"twitter:label1\" content=\"Est. reading time\" \/>\n\t<meta name=\"twitter:data1\" content=\"2 minutes\" \/>\n<script type=\"application\/ld+json\" class=\"yoast-schema-graph\">{\"@context\":\"https:\\\/\\\/schema.org\",\"@graph\":[{\"@type\":\"WebPage\",\"@id\":\"https:\\\/\\\/ujlog.edu.ci\\\/ufr-efc\\\/scolarite\\\/inscription-et-reinscription\\\/\",\"url\":\"https:\\\/\\\/ujlog.edu.ci\\\/ufr-efc\\\/scolarite\\\/inscription-et-reinscription\\\/\",\"name\":\"Inscription et R\u00e9inscription - Universit\u00e9 Jean Lorougnon Gu\u00e9d\u00e9\",\"isPartOf\":{\"@id\":\"https:\\\/\\\/ujlog.edu.ci\\\/#website\"},\"primaryImageOfPage\":{\"@id\":\"https:\\\/\\\/ujlog.edu.ci\\\/ufr-efc\\\/scolarite\\\/inscription-et-reinscription\\\/#primaryimage\"},\"image\":{\"@id\":\"https:\\\/\\\/ujlog.edu.ci\\\/ufr-efc\\\/scolarite\\\/inscription-et-reinscription\\\/#primaryimage\"},\"thumbnailUrl\":\"https:\\\/\\\/ujlog.edu.ci\\\/wp-content\\\/uploads\\\/2023\\\/12\\\/giphy-2.gif\",\"datePublished\":\"2021-07-10T18:38:22+00:00\",\"dateModified\":\"2025-09-09T07:51:02+00:00\",\"breadcrumb\":{\"@id\":\"https:\\\/\\\/ujlog.edu.ci\\\/ufr-efc\\\/scolarite\\\/inscription-et-reinscription\\\/#breadcrumb\"},\"inLanguage\":\"en-US\",\"potentialAction\":[{\"@type\":\"ReadAction\",\"target\":[\"https:\\\/\\\/ujlog.edu.ci\\\/ufr-efc\\\/scolarite\\\/inscription-et-reinscription\\\/\"]}]},{\"@type\":\"ImageObject\",\"inLanguage\":\"en-US\",\"@id\":\"https:\\\/\\\/ujlog.edu.ci\\\/ufr-efc\\\/scolarite\\\/inscription-et-reinscription\\\/#primaryimage\",\"url\":\"https:\\\/\\\/ujlog.edu.ci\\\/wp-content\\\/uploads\\\/2023\\\/12\\\/giphy-2.gif\",\"contentUrl\":\"https:\\\/\\\/ujlog.edu.ci\\\/wp-content\\\/uploads\\\/2023\\\/12\\\/giphy-2.gif\"},{\"@type\":\"BreadcrumbList\",\"@id\":\"https:\\\/\\\/ujlog.edu.ci\\\/ufr-efc\\\/scolarite\\\/inscription-et-reinscription\\\/#breadcrumb\",\"itemListElement\":[{\"@type\":\"ListItem\",\"position\":1,\"name\":\"Accueil\",\"item\":\"https:\\\/\\\/ujlog.edu.ci\\\/\"},{\"@type\":\"ListItem\",\"position\":2,\"name\":\"VIE ACADEMIQUE\",\"item\":\"https:\\\/\\\/ujlog.edu.ci\\\/ufr-efc\\\/\"},{\"@type\":\"ListItem\",\"position\":3,\"name\":\"Scolarit\u00e9\",\"item\":\"https:\\\/\\\/ujlog.edu.ci\\\/ufr-efc\\\/scolarite\\\/\"},{\"@type\":\"ListItem\",\"position\":4,\"name\":\"Inscription et R\u00e9inscription\"}]},{\"@type\":\"WebSite\",\"@id\":\"https:\\\/\\\/ujlog.edu.ci\\\/#website\",\"url\":\"https:\\\/\\\/ujlog.edu.ci\\\/\",\"name\":\"Universit\u00e9 Jean Lorougnon Gu\u00e9d\u00e9\",\"description\":\"Universit\u00e9 Jean Lorougnon Gu\u00e9d\u00e9\",\"potentialAction\":[{\"@type\":\"SearchAction\",\"target\":{\"@type\":\"EntryPoint\",\"urlTemplate\":\"https:\\\/\\\/ujlog.edu.ci\\\/?s={search_term_string}\"},\"query-input\":{\"@type\":\"PropertyValueSpecification\",\"valueRequired\":true,\"valueName\":\"search_term_string\"}}],\"inLanguage\":\"en-US\"}]}<\/script>\n<!-- \/ Yoast SEO plugin. -->","yoast_head_json":{"title":"Inscription et R\u00e9inscription - Universit\u00e9 Jean Lorougnon Gu\u00e9d\u00e9","robots":{"index":"index","follow":"follow","max-snippet":"max-snippet:-1","max-image-preview":"max-image-preview:large","max-video-preview":"max-video-preview:-1"},"canonical":"https:\/\/ujlog.edu.ci\/en\/ufr-efc\/scolarite\/inscription-et-reinscription\/","og_locale":"en_US","og_type":"article","og_title":"Inscription et R\u00e9inscription - Universit\u00e9 Jean Lorougnon Gu\u00e9d\u00e9","og_description":"Inscrivez vous maintenant Finalistation d&rsquo;inscription Inscription ou r\u00e9inscription administrative L\u2019inscription ou la r\u00e9inscription administrative est annuelle, obligatoire et personnelle. Elle donne la qualit\u00e9 ou le statut d\u2019\u00e9tudiant et permet l\u2019inscription p\u00e9dagogique. Toute personne non inscrite n\u2019est pas autoris\u00e9e \u00e0 participer &hellip;","og_url":"https:\/\/ujlog.edu.ci\/en\/ufr-efc\/scolarite\/inscription-et-reinscription\/","og_site_name":"Universit\u00e9 Jean Lorougnon Gu\u00e9d\u00e9","article_modified_time":"2025-09-09T07:51:02+00:00","og_image":[{"url":"https:\/\/ujlog.edu.ci\/wp-content\/uploads\/2023\/12\/giphy-2.gif","type":"","width":"","height":""}],"twitter_card":"summary_large_image","twitter_misc":{"Est. reading time":"2 minutes"},"schema":{"@context":"https:\/\/schema.org","@graph":[{"@type":"WebPage","@id":"https:\/\/ujlog.edu.ci\/ufr-efc\/scolarite\/inscription-et-reinscription\/","url":"https:\/\/ujlog.edu.ci\/ufr-efc\/scolarite\/inscription-et-reinscription\/","name":"Inscription et R\u00e9inscription - Universit\u00e9 Jean Lorougnon Gu\u00e9d\u00e9","isPartOf":{"@id":"https:\/\/ujlog.edu.ci\/#website"},"primaryImageOfPage":{"@id":"https:\/\/ujlog.edu.ci\/ufr-efc\/scolarite\/inscription-et-reinscription\/#primaryimage"},"image":{"@id":"https:\/\/ujlog.edu.ci\/ufr-efc\/scolarite\/inscription-et-reinscription\/#primaryimage"},"thumbnailUrl":"https:\/\/ujlog.edu.ci\/wp-content\/uploads\/2023\/12\/giphy-2.gif","datePublished":"2021-07-10T18:38:22+00:00","dateModified":"2025-09-09T07:51:02+00:00","breadcrumb":{"@id":"https:\/\/ujlog.edu.ci\/ufr-efc\/scolarite\/inscription-et-reinscription\/#breadcrumb"},"inLanguage":"en-US","potentialAction":[{"@type":"ReadAction","target":["https:\/\/ujlog.edu.ci\/ufr-efc\/scolarite\/inscription-et-reinscription\/"]}]},{"@type":"ImageObject","inLanguage":"en-US","@id":"https:\/\/ujlog.edu.ci\/ufr-efc\/scolarite\/inscription-et-reinscription\/#primaryimage","url":"https:\/\/ujlog.edu.ci\/wp-content\/uploads\/2023\/12\/giphy-2.gif","contentUrl":"https:\/\/ujlog.edu.ci\/wp-content\/uploads\/2023\/12\/giphy-2.gif"},{"@type":"BreadcrumbList","@id":"https:\/\/ujlog.edu.ci\/ufr-efc\/scolarite\/inscription-et-reinscription\/#breadcrumb","itemListElement":[{"@type":"ListItem","position":1,"name":"Accueil","item":"https:\/\/ujlog.edu.ci\/"},{"@type":"ListItem","position":2,"name":"VIE ACADEMIQUE","item":"https:\/\/ujlog.edu.ci\/ufr-efc\/"},{"@type":"ListItem","position":3,"name":"Scolarit\u00e9","item":"https:\/\/ujlog.edu.ci\/ufr-efc\/scolarite\/"},{"@type":"ListItem","position":4,"name":"Inscription et R\u00e9inscription"}]},{"@type":"WebSite","@id":"https:\/\/ujlog.edu.ci\/#website","url":"https:\/\/ujlog.edu.ci\/","name":"Universit\u00e9 Jean Lorougnon Gu\u00e9d\u00e9","description":"Universit\u00e9 Jean Lorougnon Gu\u00e9d\u00e9","potentialAction":[{"@type":"SearchAction","target":{"@type":"EntryPoint","urlTemplate":"https:\/\/ujlog.edu.ci\/?s={search_term_string}"},"query-input":{"@type":"PropertyValueSpecification","valueRequired":true,"valueName":"search_term_string"}}],"inLanguage":"en-US"}]}},"uagb_featured_image_src":{"full":false,"thumbnail":false,"medium":false,"medium_large":false,"large":false,"1536x1536":false,"2048x2048":false,"trp-custom-language-flag":false,"course_thumbnail":false,"woocommerce_thumbnail":false,"woocommerce_single":false,"woocommerce_gallery_thumbnail":false},"uagb_author_info":{"display_name":"service communication","author_link":"https:\/\/ujlog.edu.ci\/en\/author\/service-communication\/"},"uagb_comment_info":0,"uagb_excerpt":"Inscrivez vous maintenant Finalistation d&rsquo;inscription Inscription ou r\u00e9inscription administrative L\u2019inscription ou la r\u00e9inscription administrative est annuelle, obligatoire et personnelle. Elle donne la qualit\u00e9 ou le statut d\u2019\u00e9tudiant et permet l\u2019inscription p\u00e9dagogique. Toute personne non inscrite n\u2019est pas autoris\u00e9e \u00e0 participer &hellip;","_links":{"self":[{"href":"https:\/\/ujlog.edu.ci\/en\/wp-json\/wp\/v2\/pages\/104","targetHints":{"allow":["GET"]}}],"collection":[{"href":"https:\/\/ujlog.edu.ci\/en\/wp-json\/wp\/v2\/pages"}],"about":[{"href":"https:\/\/ujlog.edu.ci\/en\/wp-json\/wp\/v2\/types\/page"}],"author":[{"embeddable":true,"href":"https:\/\/ujlog.edu.ci\/en\/wp-json\/wp\/v2\/users\/2"}],"replies":[{"embeddable":true,"href":"https:\/\/ujlog.edu.ci\/en\/wp-json\/wp\/v2\/comments?post=104"}],"version-history":[{"count":51,"href":"https:\/\/ujlog.edu.ci\/en\/wp-json\/wp\/v2\/pages\/104\/revisions"}],"predecessor-version":[{"id":6186,"href":"https:\/\/ujlog.edu.ci\/en\/wp-json\/wp\/v2\/pages\/104\/revisions\/6186"}],"up":[{"embeddable":true,"href":"https:\/\/ujlog.edu.ci\/en\/wp-json\/wp\/v2\/pages\/90"}],"wp:attachment":[{"href":"https:\/\/ujlog.edu.ci\/en\/wp-json\/wp\/v2\/media?parent=104"}],"curies":[{"name":"wp","href":"https:\/\/api.w.org\/{rel}","templated":true}]}}