{"id":102,"date":"2021-07-10T18:37:51","date_gmt":"2021-07-10T18:37:51","guid":{"rendered":"https:\/\/ujlog.ci\/?page_id=102"},"modified":"2023-12-12T08:26:59","modified_gmt":"2023-12-12T08:26:59","slug":"conditions-dacces-aux-formations","status":"publish","type":"page","link":"https:\/\/ujlog.edu.ci\/en\/ufr-efc\/scolarite\/conditions-dacces-aux-formations\/","title":{"rendered":"Conditions d&rsquo;acc\u00e8s aux formations"},"content":{"rendered":"<blockquote>\n<h2><strong>Conditions d&rsquo;acc\u00e8s aux formations<\/strong><\/h2>\n<\/blockquote>\n\n<p>L\u2019acc\u00e8s aux formations initiales \u00e0 l\u2019Universit\u00e9 Jean Lorougnon Gu\u00e9d\u00e9 est r\u00e9serv\u00e9 aux nouveaux bacheliers uniquement orient\u00e9s par le Minist\u00e8re de l\u2019Enseignement Sup\u00e9rieur et de la Recherche Scientifique. Les \u00e9tudiants d\u2019autres universit\u00e9s d\u00e9sirant poursuivre leur formation \u00e0 l\u2019UJLoG peuvent y avoir acc\u00e8s par \u00e9quivalence.<\/p>\n<ul>\n<li>Crit\u00e8res d&rsquo;admission \u00e0 l\u2019Universit\u00e9 Jean Lorougnon Gu\u00e9d\u00e9 pour les nouveaux Bacheliers<\/li>\n<\/ul>\n\n\n<div style=\"height:17px\" aria-hidden=\"true\" class=\"wp-block-spacer\"><\/div>\n\n\n<table width=\"614\">\n<tbody>\n<tr>\n<td width=\"122\">\n<p><strong>UFR<\/strong><\/p>\n<\/td>\n<td width=\"141\">\n<p><strong>Fili\u00e8res <\/strong><\/p>\n<\/td>\n<td width=\"77\">\n<p><strong>BAC autoris\u00e9 <\/strong><\/p>\n<\/td>\n<td width=\"89\">\n<p><strong>Age maximum <\/strong><\/p>\n<\/td>\n<td width=\"185\">\n<p><strong>Mati\u00e8res sp\u00e9cifiques <\/strong><\/p>\n<\/td>\n<\/tr>\n<tr>\n<td rowspan=\"3\" width=\"122\">\n<p>\u00a0<\/p>\n<p>\u00a0<\/p>\n<p>Agroforesterie<\/p>\n<\/td>\n<td rowspan=\"3\" width=\"141\">\n<p>\u00a0<\/p>\n<p>\u00a0<\/p>\n<p>Agroforesterie \/ Environnement<\/p>\n<\/td>\n<td width=\"77\">\n<p>C<\/p>\n<\/td>\n<td width=\"89\">\n<p>23 ans<\/p>\n<\/td>\n<td width=\"185\">\n<p>Math\u00e9matiques 11<\/p>\n<p>Physique Chimie 10<\/p>\n<\/td>\n<\/tr>\n<tr>\n<td width=\"77\">\n<p>D<\/p>\n<\/td>\n<td width=\"89\">\n<p>23 ans<\/p>\n<\/td>\n<td width=\"185\">\n<p>Math\u00e9matiques 11<\/p>\n<p>Physique Chimie 11<\/p>\n<\/td>\n<\/tr>\n<tr>\n<td width=\"77\">\n<p>E<\/p>\n<\/td>\n<td width=\"89\">\n<p>23 ans<\/p>\n<\/td>\n<td width=\"185\">\n<p>Math\u00e9matiques 11<\/p>\n<p>Physique Chimie 12<\/p>\n<\/td>\n<\/tr>\n<tr>\n<td width=\"122\">\n<p>Environnement<\/p>\n<\/td>\n<td width=\"141\">\n<p>Environnement<\/p>\n<\/td>\n<td width=\"77\">\n<p>C, D, E<\/p>\n<\/td>\n<td width=\"89\">\n<p>23 ans<\/p>\n<\/td>\n<td width=\"185\">\n<p>Math\u00e9matiques 12<\/p>\n<p>Physique Chimie 12<\/p>\n<\/td>\n<\/tr>\n<tr>\n<td width=\"122\">\n<p>Sciences Economiques et de Gestion<\/p>\n<\/td>\n<td width=\"141\">\n<p>Sciences Economiques et de Gestion<\/p>\n<\/td>\n<td width=\"77\">\n<p>C, D, E<\/p>\n<\/td>\n<td width=\"89\">\n<p>23 ans<\/p>\n<\/td>\n<td width=\"185\">\n<p>Math\u00e9matiques 12<\/p>\n<p>Fran\u00e7ais 11<\/p>\n<p>Anglais 11<\/p>\n<\/td>\n<\/tr>\n<tr>\n<td width=\"122\">\n<p>Sciences Juridiques<\/p>\n<\/td>\n<td width=\"141\">\n<p>Sciences Juridiques<\/p>\n<\/td>\n<td width=\"77\">\n<p>Toute s\u00e9rie<\/p>\n<\/td>\n<td width=\"89\">\n<p>23 ans<\/p>\n<\/td>\n<td width=\"185\">\n<p>Philosophie 12<\/p>\n<p>Fran\u00e7ais 12<\/p>\n<p>Histoire -G\u00e9ographie 12<\/p>\n<\/td>\n<\/tr>\n<tr>\n<td rowspan=\"3\" width=\"122\">\n<p>\u00a0<\/p>\n<p>\u00a0<\/p>\n<p>Sciences Sociales et Humaines<\/p>\n<\/td>\n<td width=\"141\">\n<p>G\u00e9ographie<\/p>\n<\/td>\n<td width=\"77\">\n<p>Toute s\u00e9rie<\/p>\n<\/td>\n<td width=\"89\">\n<p>23 ans<\/p>\n<\/td>\n<td width=\"185\">\n<p>Histoire -G\u00e9ographie 12<\/p>\n<p>Philosophie 10<\/p>\n<p>Math\u00e9matiques 10<\/p>\n<\/td>\n<\/tr>\n<tr>\n<td width=\"141\">\n<p>Histoire<\/p>\n<\/td>\n<td width=\"77\">\n<p>Toute s\u00e9rie<\/p>\n<\/td>\n<td width=\"89\">\n<p>23 ans<\/p>\n<\/td>\n<td width=\"185\">\n<p>Histoire -G\u00e9ographie 12<\/p>\n<p>Fran\u00e7ais 10<\/p>\n<p>Philosophie 10<\/p>\n<\/td>\n<\/tr>\n<tr>\n<td width=\"141\">\n<p>Sociologie &#8211; Anthropologie<\/p>\n<\/td>\n<td width=\"77\">\n<p>Toute s\u00e9rie<\/p>\n<\/td>\n<td width=\"89\">\n<p>23 ans<\/p>\n<\/td>\n<td width=\"185\">\n<p>Fran\u00e7ais 10<\/p>\n<p>Philosophie 10<\/p>\n<p>Histoire -G\u00e9ographie 10<\/p>\n<\/td>\n<\/tr>\n<\/tbody>\n<\/table>\n\n\n<div style=\"height:17px\" aria-hidden=\"true\" class=\"wp-block-spacer\"><\/div>\n\n\n<ul>\n<li>Liste des pi\u00e8ces \u00e0 fournir pour une demande d\u2019\u00e9quivalence<\/li>\n<li>Demande manuscrite adress\u00e9e \u00e0 madame la Pr\u00e9sidente de l&rsquo;Universit\u00e9 Jean Lorougnon Gu\u00e9d\u00e9<\/li>\n<li>Photocopie l\u00e9galis\u00e9e du Baccalaur\u00e9at<\/li>\n<li>Photocopie l\u00e9galis\u00e9e du dernier dipl\u00f4me<\/li>\n<li>Photocopies l\u00e9galis\u00e9es des relev\u00e9s de notes et des dipl\u00f4mes interm\u00e9diaires<\/li>\n<li>Photocopie de la carte nationale d\u2019identit\u00e9<\/li>\n<li>Extrait de naissance original<\/li>\n<li>Frais de traitement de dossier : 6000 FCFA<\/li>\n<\/ul>\n<p><em>NB\u00a0: les relev\u00e9s de notes et les dipl\u00f4mes doivent porter les noms et les titres des signataires, ainsi que les dates de signature. Ces documents doivent provenir de la scolarit\u00e9 centrale de leurs institutions. <\/em><\/p>","protected":false},"excerpt":{"rendered":"<p>Conditions d&rsquo;acc\u00e8s aux formations L\u2019acc\u00e8s aux formations initiales \u00e0 l\u2019Universit\u00e9 Jean Lorougnon Gu\u00e9d\u00e9 est r\u00e9serv\u00e9 aux nouveaux bacheliers uniquement orient\u00e9s par le Minist\u00e8re de l\u2019Enseignement Sup\u00e9rieur et de la Recherche Scientifique. Les \u00e9tudiants d\u2019autres universit\u00e9s d\u00e9sirant poursuivre leur formation \u00e0 &hellip; <\/p>","protected":false},"author":2,"featured_media":0,"parent":90,"menu_order":0,"comment_status":"closed","ping_status":"closed","template":"","meta":{"_uag_custom_page_level_css":"","_monsterinsights_skip_tracking":false,"_monsterinsights_sitenote_active":false,"_monsterinsights_sitenote_note":"","_monsterinsights_sitenote_category":0,"_themeisle_gutenberg_block_has_review":false,"footnotes":""},"class_list":["post-102","page","type-page","status-publish","hentry"],"yoast_head":"<!-- This site is optimized with the Yoast SEO plugin v27.6 - https:\/\/yoast.com\/product\/yoast-seo-wordpress\/ -->\n<title>Conditions d&#039;acc\u00e8s aux formations - Universit\u00e9 Jean Lorougnon Gu\u00e9d\u00e9<\/title>\n<meta name=\"robots\" content=\"index, follow, max-snippet:-1, max-image-preview:large, max-video-preview:-1\" \/>\n<link rel=\"canonical\" href=\"https:\/\/ujlog.edu.ci\/en\/ufr-efc\/scolarite\/conditions-dacces-aux-formations\/\" \/>\n<meta property=\"og:locale\" content=\"en_US\" \/>\n<meta property=\"og:type\" content=\"article\" \/>\n<meta property=\"og:title\" content=\"Conditions d&#039;acc\u00e8s aux formations - Universit\u00e9 Jean Lorougnon Gu\u00e9d\u00e9\" \/>\n<meta property=\"og:description\" content=\"Conditions d&rsquo;acc\u00e8s aux formations L\u2019acc\u00e8s aux formations initiales \u00e0 l\u2019Universit\u00e9 Jean Lorougnon Gu\u00e9d\u00e9 est r\u00e9serv\u00e9 aux nouveaux bacheliers uniquement orient\u00e9s par le Minist\u00e8re de l\u2019Enseignement Sup\u00e9rieur et de la Recherche Scientifique. Les \u00e9tudiants d\u2019autres universit\u00e9s d\u00e9sirant poursuivre leur formation \u00e0 &hellip;\" \/>\n<meta property=\"og:url\" content=\"https:\/\/ujlog.edu.ci\/en\/ufr-efc\/scolarite\/conditions-dacces-aux-formations\/\" \/>\n<meta property=\"og:site_name\" content=\"Universit\u00e9 Jean Lorougnon Gu\u00e9d\u00e9\" \/>\n<meta property=\"article:modified_time\" content=\"2023-12-12T08:26:59+00:00\" \/>\n<meta name=\"twitter:card\" content=\"summary_large_image\" \/>\n<meta name=\"twitter:label1\" content=\"Est. reading time\" \/>\n\t<meta name=\"twitter:data1\" content=\"1 minute\" \/>\n<script type=\"application\/ld+json\" class=\"yoast-schema-graph\">{\"@context\":\"https:\\\/\\\/schema.org\",\"@graph\":[{\"@type\":\"WebPage\",\"@id\":\"https:\\\/\\\/ujlog.edu.ci\\\/ufr-efc\\\/scolarite\\\/conditions-dacces-aux-formations\\\/\",\"url\":\"https:\\\/\\\/ujlog.edu.ci\\\/ufr-efc\\\/scolarite\\\/conditions-dacces-aux-formations\\\/\",\"name\":\"Conditions d'acc\u00e8s aux formations - Universit\u00e9 Jean Lorougnon Gu\u00e9d\u00e9\",\"isPartOf\":{\"@id\":\"https:\\\/\\\/ujlog.edu.ci\\\/#website\"},\"datePublished\":\"2021-07-10T18:37:51+00:00\",\"dateModified\":\"2023-12-12T08:26:59+00:00\",\"breadcrumb\":{\"@id\":\"https:\\\/\\\/ujlog.edu.ci\\\/ufr-efc\\\/scolarite\\\/conditions-dacces-aux-formations\\\/#breadcrumb\"},\"inLanguage\":\"en-US\",\"potentialAction\":[{\"@type\":\"ReadAction\",\"target\":[\"https:\\\/\\\/ujlog.edu.ci\\\/ufr-efc\\\/scolarite\\\/conditions-dacces-aux-formations\\\/\"]}]},{\"@type\":\"BreadcrumbList\",\"@id\":\"https:\\\/\\\/ujlog.edu.ci\\\/ufr-efc\\\/scolarite\\\/conditions-dacces-aux-formations\\\/#breadcrumb\",\"itemListElement\":[{\"@type\":\"ListItem\",\"position\":1,\"name\":\"Accueil\",\"item\":\"https:\\\/\\\/ujlog.edu.ci\\\/\"},{\"@type\":\"ListItem\",\"position\":2,\"name\":\"VIE ACADEMIQUE\",\"item\":\"https:\\\/\\\/ujlog.edu.ci\\\/ufr-efc\\\/\"},{\"@type\":\"ListItem\",\"position\":3,\"name\":\"Scolarit\u00e9\",\"item\":\"https:\\\/\\\/ujlog.edu.ci\\\/ufr-efc\\\/scolarite\\\/\"},{\"@type\":\"ListItem\",\"position\":4,\"name\":\"Conditions d&rsquo;acc\u00e8s aux formations\"}]},{\"@type\":\"WebSite\",\"@id\":\"https:\\\/\\\/ujlog.edu.ci\\\/#website\",\"url\":\"https:\\\/\\\/ujlog.edu.ci\\\/\",\"name\":\"Universit\u00e9 Jean Lorougnon Gu\u00e9d\u00e9\",\"description\":\"Universit\u00e9 Jean Lorougnon Gu\u00e9d\u00e9\",\"potentialAction\":[{\"@type\":\"SearchAction\",\"target\":{\"@type\":\"EntryPoint\",\"urlTemplate\":\"https:\\\/\\\/ujlog.edu.ci\\\/?s={search_term_string}\"},\"query-input\":{\"@type\":\"PropertyValueSpecification\",\"valueRequired\":true,\"valueName\":\"search_term_string\"}}],\"inLanguage\":\"en-US\"}]}<\/script>\n<!-- \/ Yoast SEO plugin. -->","yoast_head_json":{"title":"Conditions d'acc\u00e8s aux formations - Universit\u00e9 Jean Lorougnon Gu\u00e9d\u00e9","robots":{"index":"index","follow":"follow","max-snippet":"max-snippet:-1","max-image-preview":"max-image-preview:large","max-video-preview":"max-video-preview:-1"},"canonical":"https:\/\/ujlog.edu.ci\/en\/ufr-efc\/scolarite\/conditions-dacces-aux-formations\/","og_locale":"en_US","og_type":"article","og_title":"Conditions d'acc\u00e8s aux formations - Universit\u00e9 Jean Lorougnon Gu\u00e9d\u00e9","og_description":"Conditions d&rsquo;acc\u00e8s aux formations L\u2019acc\u00e8s aux formations initiales \u00e0 l\u2019Universit\u00e9 Jean Lorougnon Gu\u00e9d\u00e9 est r\u00e9serv\u00e9 aux nouveaux bacheliers uniquement orient\u00e9s par le Minist\u00e8re de l\u2019Enseignement Sup\u00e9rieur et de la Recherche Scientifique. Les \u00e9tudiants d\u2019autres universit\u00e9s d\u00e9sirant poursuivre leur formation \u00e0 &hellip;","og_url":"https:\/\/ujlog.edu.ci\/en\/ufr-efc\/scolarite\/conditions-dacces-aux-formations\/","og_site_name":"Universit\u00e9 Jean Lorougnon Gu\u00e9d\u00e9","article_modified_time":"2023-12-12T08:26:59+00:00","twitter_card":"summary_large_image","twitter_misc":{"Est. reading time":"1 minute"},"schema":{"@context":"https:\/\/schema.org","@graph":[{"@type":"WebPage","@id":"https:\/\/ujlog.edu.ci\/ufr-efc\/scolarite\/conditions-dacces-aux-formations\/","url":"https:\/\/ujlog.edu.ci\/ufr-efc\/scolarite\/conditions-dacces-aux-formations\/","name":"Conditions d'acc\u00e8s aux formations - Universit\u00e9 Jean Lorougnon Gu\u00e9d\u00e9","isPartOf":{"@id":"https:\/\/ujlog.edu.ci\/#website"},"datePublished":"2021-07-10T18:37:51+00:00","dateModified":"2023-12-12T08:26:59+00:00","breadcrumb":{"@id":"https:\/\/ujlog.edu.ci\/ufr-efc\/scolarite\/conditions-dacces-aux-formations\/#breadcrumb"},"inLanguage":"en-US","potentialAction":[{"@type":"ReadAction","target":["https:\/\/ujlog.edu.ci\/ufr-efc\/scolarite\/conditions-dacces-aux-formations\/"]}]},{"@type":"BreadcrumbList","@id":"https:\/\/ujlog.edu.ci\/ufr-efc\/scolarite\/conditions-dacces-aux-formations\/#breadcrumb","itemListElement":[{"@type":"ListItem","position":1,"name":"Accueil","item":"https:\/\/ujlog.edu.ci\/"},{"@type":"ListItem","position":2,"name":"VIE ACADEMIQUE","item":"https:\/\/ujlog.edu.ci\/ufr-efc\/"},{"@type":"ListItem","position":3,"name":"Scolarit\u00e9","item":"https:\/\/ujlog.edu.ci\/ufr-efc\/scolarite\/"},{"@type":"ListItem","position":4,"name":"Conditions d&rsquo;acc\u00e8s aux formations"}]},{"@type":"WebSite","@id":"https:\/\/ujlog.edu.ci\/#website","url":"https:\/\/ujlog.edu.ci\/","name":"Universit\u00e9 Jean Lorougnon Gu\u00e9d\u00e9","description":"Universit\u00e9 Jean Lorougnon Gu\u00e9d\u00e9","potentialAction":[{"@type":"SearchAction","target":{"@type":"EntryPoint","urlTemplate":"https:\/\/ujlog.edu.ci\/?s={search_term_string}"},"query-input":{"@type":"PropertyValueSpecification","valueRequired":true,"valueName":"search_term_string"}}],"inLanguage":"en-US"}]}},"uagb_featured_image_src":{"full":false,"thumbnail":false,"medium":false,"medium_large":false,"large":false,"1536x1536":false,"2048x2048":false,"trp-custom-language-flag":false,"course_thumbnail":false,"woocommerce_thumbnail":false,"woocommerce_single":false,"woocommerce_gallery_thumbnail":false},"uagb_author_info":{"display_name":"service communication","author_link":"https:\/\/ujlog.edu.ci\/en\/author\/service-communication\/"},"uagb_comment_info":0,"uagb_excerpt":"Conditions d&rsquo;acc\u00e8s aux formations L\u2019acc\u00e8s aux formations initiales \u00e0 l\u2019Universit\u00e9 Jean Lorougnon Gu\u00e9d\u00e9 est r\u00e9serv\u00e9 aux nouveaux bacheliers uniquement orient\u00e9s par le Minist\u00e8re de l\u2019Enseignement Sup\u00e9rieur et de la Recherche Scientifique. Les \u00e9tudiants d\u2019autres universit\u00e9s d\u00e9sirant poursuivre leur formation \u00e0 &hellip;","_links":{"self":[{"href":"https:\/\/ujlog.edu.ci\/en\/wp-json\/wp\/v2\/pages\/102","targetHints":{"allow":["GET"]}}],"collection":[{"href":"https:\/\/ujlog.edu.ci\/en\/wp-json\/wp\/v2\/pages"}],"about":[{"href":"https:\/\/ujlog.edu.ci\/en\/wp-json\/wp\/v2\/types\/page"}],"author":[{"embeddable":true,"href":"https:\/\/ujlog.edu.ci\/en\/wp-json\/wp\/v2\/users\/2"}],"replies":[{"embeddable":true,"href":"https:\/\/ujlog.edu.ci\/en\/wp-json\/wp\/v2\/comments?post=102"}],"version-history":[{"count":2,"href":"https:\/\/ujlog.edu.ci\/en\/wp-json\/wp\/v2\/pages\/102\/revisions"}],"predecessor-version":[{"id":3102,"href":"https:\/\/ujlog.edu.ci\/en\/wp-json\/wp\/v2\/pages\/102\/revisions\/3102"}],"up":[{"embeddable":true,"href":"https:\/\/ujlog.edu.ci\/en\/wp-json\/wp\/v2\/pages\/90"}],"wp:attachment":[{"href":"https:\/\/ujlog.edu.ci\/en\/wp-json\/wp\/v2\/media?parent=102"}],"curies":[{"name":"wp","href":"https:\/\/api.w.org\/{rel}","templated":true}]}}